{"id":12463,"date":"2023-04-19T08:28:29","date_gmt":"2023-04-19T06:28:29","guid":{"rendered":"https:\/\/www.piratesworld.fr\/gastronomie\/chef-a-domicile-2\/"},"modified":"2024-07-30T17:20:00","modified_gmt":"2024-07-30T15:20:00","slug":"privatchef","status":"publish","type":"page","link":"https:\/\/www.piratesworld.fr\/de\/gastronomie\/privatchef\/","title":{"rendered":"Privatchef"},"content":{"rendered":"\n<div class=\"wp-block-group alignfull bg-top over-y-vi is-layout-flow wp-block-group-is-layout-flow\" style=\"margin-top:0px;margin-bottom:0px\">\n<div class=\"wp-block-cover is-style-no-margin border-radius-bottom titre-banner has-animation\" style=\"min-height:100vh;aspect-ratio:unset;\"><span aria-hidden=\"true\" class=\"wp-block-cover__background has-background-dim-30 has-background-dim wp-block-cover__gradient-background has-background-gradient\" style=\"background:linear-gradient(180deg,rgb(0,26,41) 13%,rgba(255,255,255,0) 100%)\"><\/span><img loading=\"lazy\" decoding=\"async\" width=\"1960\" height=\"1200\" class=\"wp-block-cover__image-background wp-image-4778\" alt=\"\" src=\"https:\/\/www.piratesworld.fr\/wp-content\/uploads\/default.jpg\" style=\"object-position:3% 27%\" data-object-fit=\"cover\" data-object-position=\"3% 27%\" srcset=\"https:\/\/www.piratesworld.fr\/wp-content\/uploads\/default.jpg 1960w, https:\/\/www.piratesworld.fr\/wp-content\/uploads\/default-1024x627.jpg 1024w, https:\/\/www.piratesworld.fr\/wp-content\/uploads\/default-768x470.jpg 768w, https:\/\/www.piratesworld.fr\/wp-content\/uploads\/default-1536x940.jpg 1536w, https:\/\/www.piratesworld.fr\/wp-content\/uploads\/default-512x313.jpg 512w, https:\/\/www.piratesworld.fr\/wp-content\/uploads\/default-256x157.jpg 256w\" sizes=\"auto, (max-width: 1960px) 100vw, 1960px\" \/><div class=\"wp-block-cover__inner-container is-layout-flow wp-block-cover-is-layout-flow\">\n<div class=\"wp-block-group animation--init--once animation--top is-layout-constrained wp-block-group-is-layout-constrained\">\n<h1 class=\"wp-block-heading has-text-align-left has-theme-white-color has-text-color has-proxima-nova-font-family has-h-1-font-size\" style=\"font-style:normal;font-weight:600;letter-spacing:1px\">Privatchef<\/h1>\n\n\n\n<p> &nbsp;<\/p>\n<\/div>\n<\/div><\/div>\n<\/div>\n\n\n\n<div class=\"wp-block-group alignwide has-animation is-layout-constrained wp-block-group-is-layout-constrained\" style=\"margin-top:75px;margin-bottom:75px\">\n<figure class=\"wp-block-image size-large is-resized wp-duotone-bd9415-fff-1\"><img decoding=\"async\" src=\"https:\/\/www.piratesworld.fr\/wp-content\/uploads\/restaurante-icons.svg\" alt=\"\" class=\"wp-image-4844\" style=\"width:50px\"\/><\/figure>\n\n\n\n<h2 class=\"wp-block-heading has-text-align-left has-theme-brun-fonce-color has-text-color\">Privatchef<\/h2>\n\n\n\n<div class=\"wp-block-columns rest-remarquable is-layout-flex wp-container-core-columns-is-layout-28f84493 wp-block-columns-is-layout-flex\">\n<div class=\"wp-block-column is-layout-flow wp-block-column-is-layout-flow\">\n<div class=\"wp-block-group is-nowrap is-layout-flex wp-container-core-group-is-layout-e088cbc5 wp-block-group-is-layout-flex\">\n<figure class=\"wp-block-image size-large wp-duotone-bd9415-fff-2\"><img decoding=\"async\" src=\"https:\/\/www.piratesworld.fr\/wp-content\/uploads\/location-dot-solid.svg\" alt=\"\" class=\"wp-image-6131\"\/><\/figure>\n\n\n\n<p>Pirates World<\/p>\n<\/div>\n<\/div>\n\n\n\n<div class=\"wp-block-column is-layout-flow wp-block-column-is-layout-flow\">\n<div class=\"wp-block-group is-nowrap is-layout-flex wp-container-core-group-is-layout-e088cbc5 wp-block-group-is-layout-flex\">\n<figure class=\"wp-block-image size-large wp-duotone-bd9415-fff-3\"><img decoding=\"async\" src=\"https:\/\/www.piratesworld.fr\/wp-content\/uploads\/euro-sign-solid.svg\" alt=\"\" class=\"wp-image-6150\"\/><\/figure>\n\n\n\n<p>150-230 \u20ac<\/p>\n<\/div>\n<\/div>\n<\/div>\n\n\n\n<p><strong>Genie\u00dfen Sie Ihren Aufenthalt in vollen Z\u00fcgen, indem Sie einen Privatchef anfragen. Ein luxuri\u00f6ser Service f\u00fcr einen unvergesslichen Moment!<\/strong><\/p>\n\n\n\n<p>Der Privatchef k\u00fcmmert sich um alles: Einkauf der Zutaten, Zubereitung der Mahlzeit vor Ort, Servieren der Speisen und schlie\u00dflich das Aufr\u00e4umen der K\u00fcche, bevor er sich zur\u00fcckzieht.<\/p>\n\n\n\n<p>Ihr kulinarisches Erlebnis wird durch die pers\u00f6nliche und raffinierte Note eines Privatchefs noch unvergesslicher. Stellen Sie sich vor: Sie genie\u00dfen exquisite Gerichte, die speziell f\u00fcr Sie zubereitet werden, ohne einen Finger r\u00fchren zu m\u00fcssen. Lassen Sie sich verw\u00f6hnen und genie\u00dfen Sie jeden Bissen in aller Ruhe in der Privatsph\u00e4re Ihrer Suite.\u00a0<\/p>\n\n\n\n<p>Um diesen exklusiven Service zu buchen, wenden Sie sich einfach an unseren Concierge-Service, der sich gerne um Ihre Anfrage k\u00fcmmert. G\u00f6nnen Sie sich diesen Luxus und erleben Sie einen au\u00dfergew\u00f6hnlichen gastronomischen Moment w\u00e4hrend Ihres Aufenthalts.\u00a0<\/p>\n\n\n\n<p><strong>Preise<\/strong> <strong>:<\/strong><\/p>\n\n\n\n<ul class=\"wp-block-list\">\n<li><strong>Men\u00fc mit blauem Hummer und Sommertr\u00fcffel<\/strong>: Appetith\u00e4ppchen, Vorspeise, Hauptgericht, Auswahl an gereiften K\u00e4sesorten, Dessert: 150 \u20ac<\/li>\n\n\n\n<li><strong>Aufpreis f\u00fcr Wei\u00df- oder Rotwein:<\/strong>\u00a040\u00a0\u20ac<\/li>\n\n\n\n<li><strong>Aufpreis f\u00fcr eine Flasche Champagner:<\/strong>\u00a080\u00a0\u20ac<\/li>\n\n\n\n<li><strong>Kindermen\u00fc: 1 Gericht und ein Dessert:<\/strong>\u00a030 \u20ac<\/li>\n<\/ul>\n\n\n\n<div class=\"wp-block-buttons is-layout-flex wp-block-buttons-is-layout-flex\">\n<div class=\"wp-block-button\"><a class=\"wp-block-button__link wp-element-button\" href=\"https:\/\/www.piratesworld.fr\/wp-content\/uploads\/menu-chef-prive.pdf\" target=\"_blank\" rel=\"noreferrer noopener\"><mark style=\"background-color:rgba(0, 0, 0, 0)\" class=\"has-inline-color has-theme-grey-color\">MEN\u00dc DES PRIVATCHEFS<\/mark><\/a><\/div>\n<\/div>\n\n\n\n<div class=\"wp-image-slider sp-heber has-text-align-left has-custom-margin aspect-ratio-1_1\" style=\"margin-top:50px;margin-bottom:30px;\">\n\n                        \n                                \n                    <script>\n                        'use strict';\n\n                        document.addEventListener('DOMContentLoaded', function () {\n\n                            (function() {\n                                const blockSlide = new Splide( '#slide_448', {\n                                    type : 'loop',\n                                    perPage: 3,\n                                                                        \n                                    breakpoints: {\n                                        800: {\n                                            perPage: 3,\n                                                                                    },\n                                        450: {\n                                            perPage: 1,\n                                                                                                padding: 0,\n                                                \n                                        },\n                                    },\n                                    pagination: true,\n                                    arrows: false,\n                                    gap: 'var(--wp--style--block-gap)',\n                                    i18n: {\n                                        slideLabel: '0%s \/ 0%s',\n                                    }\n                                } );\n                                \n                                blockSlide.mount();\n                            })();\n                        })\n                    <\/script>\n\n                    <div class=\"slider-container\"><div class=\"splide galeria-slider galeria-columnas-3\" id=\"slide_448\"><div class=\"splide__track\"><div class=\"splide__list\"><a href=\"https:\/\/www.piratesworld.fr\/wp-content\/uploads\/chef-a-domicile-002-111.jpg\" id=\"thumb-10630\" class=\"splide__slide image-link\" data-gallery=\"slide_448\"  data-counter=\"01\/03\" alt=\" \" class=\"image-link\"><div class=\"image-wrapper\"><img loading=\"lazy\" decoding=\"async\" width=\"1536\" height=\"864\" src=\"https:\/\/www.piratesworld.fr\/wp-content\/uploads\/chef-a-domicile-002-111-1536x864.jpg\" class=\"attachment-gallery-large size-gallery-large\" alt=\"\" srcset=\"https:\/\/www.piratesworld.fr\/wp-content\/uploads\/chef-a-domicile-002-111-1536x864.jpg 1536w, https:\/\/www.piratesworld.fr\/wp-content\/uploads\/chef-a-domicile-002-111-1024x576.jpg 1024w, https:\/\/www.piratesworld.fr\/wp-content\/uploads\/chef-a-domicile-002-111-768x432.jpg 768w, https:\/\/www.piratesworld.fr\/wp-content\/uploads\/chef-a-domicile-002-111-512x288.jpg 512w, https:\/\/www.piratesworld.fr\/wp-content\/uploads\/chef-a-domicile-002-111-256x144.jpg 256w, https:\/\/www.piratesworld.fr\/wp-content\/uploads\/chef-a-domicile-002-111.jpg 1920w\" sizes=\"auto, (max-width: 1536px) 100vw, 1536px\" \/><\/div><\/a><a href=\"https:\/\/www.piratesworld.fr\/wp-content\/uploads\/chef-a-domicile-001-141.jpg\" id=\"thumb-10629\" class=\"splide__slide image-link\" data-gallery=\"slide_448\"  data-counter=\"02\/03\" alt=\" \" class=\"image-link\"><div class=\"image-wrapper\"><img loading=\"lazy\" decoding=\"async\" width=\"1536\" height=\"864\" src=\"https:\/\/www.piratesworld.fr\/wp-content\/uploads\/chef-a-domicile-001-141-1536x864.jpg\" class=\"attachment-gallery-large size-gallery-large\" alt=\"\" srcset=\"https:\/\/www.piratesworld.fr\/wp-content\/uploads\/chef-a-domicile-001-141-1536x864.jpg 1536w, https:\/\/www.piratesworld.fr\/wp-content\/uploads\/chef-a-domicile-001-141-1024x576.jpg 1024w, https:\/\/www.piratesworld.fr\/wp-content\/uploads\/chef-a-domicile-001-141-768x432.jpg 768w, https:\/\/www.piratesworld.fr\/wp-content\/uploads\/chef-a-domicile-001-141-512x288.jpg 512w, https:\/\/www.piratesworld.fr\/wp-content\/uploads\/chef-a-domicile-001-141-256x144.jpg 256w, https:\/\/www.piratesworld.fr\/wp-content\/uploads\/chef-a-domicile-001-141.jpg 1920w\" sizes=\"auto, (max-width: 1536px) 100vw, 1536px\" \/><\/div><\/a><a href=\"https:\/\/www.piratesworld.fr\/wp-content\/uploads\/chef-a-domicile-003-131.jpg\" id=\"thumb-10631\" class=\"splide__slide image-link\" data-gallery=\"slide_448\"  data-counter=\"03\/03\" alt=\" \" class=\"image-link\"><div class=\"image-wrapper\"><img loading=\"lazy\" decoding=\"async\" width=\"1536\" height=\"864\" src=\"https:\/\/www.piratesworld.fr\/wp-content\/uploads\/chef-a-domicile-003-131-1536x864.jpg\" class=\"attachment-gallery-large size-gallery-large\" alt=\"\" srcset=\"https:\/\/www.piratesworld.fr\/wp-content\/uploads\/chef-a-domicile-003-131-1536x864.jpg 1536w, https:\/\/www.piratesworld.fr\/wp-content\/uploads\/chef-a-domicile-003-131-1024x576.jpg 1024w, https:\/\/www.piratesworld.fr\/wp-content\/uploads\/chef-a-domicile-003-131-768x432.jpg 768w, https:\/\/www.piratesworld.fr\/wp-content\/uploads\/chef-a-domicile-003-131-512x288.jpg 512w, https:\/\/www.piratesworld.fr\/wp-content\/uploads\/chef-a-domicile-003-131-256x144.jpg 256w, https:\/\/www.piratesworld.fr\/wp-content\/uploads\/chef-a-domicile-003-131.jpg 1920w\" sizes=\"auto, (max-width: 1536px) 100vw, 1536px\" \/><\/div><\/a><\/div><\/div><\/div><\/div>\n                    \n<\/div><\/div>\n","protected":false},"excerpt":{"rendered":"<p>Privatchef Pirates World 150-230 \u20ac Genie\u00dfen Sie Ihren Aufenthalt in vollen Z\u00fcgen, indem Sie einen Privatchef anfragen. Ein luxuri\u00f6ser Service f\u00fcr einen unvergesslichen Moment! Der Privatchef k\u00fcmmert sich um alles: Einkauf der Zutaten, Zubereitung der Mahlzeit vor Ort, Servieren der Speisen und schlie\u00dflich das Aufr\u00e4umen der K\u00fcche, bevor er sich zur\u00fcckzieht. Ihr kulinarisches Erlebnis wird [&hellip;]<\/p>\n","protected":false},"author":8,"featured_media":0,"parent":7665,"menu_order":10,"comment_status":"closed","ping_status":"closed","template":"","meta":{"_acf_changed":false,"inline_featured_image":false,"footnotes":""},"class_list":["post-12463","page","type-page","status-publish","hentry"],"acf":[],"featured_image_src":null,"yoast_head":"<!-- This site is optimized with the Yoast SEO plugin v26.7 - https:\/\/yoast.com\/wordpress\/plugins\/seo\/ -->\n<title>D\u00eener exp\u00e9rience pirate \u00e0 Pirates World au Cap d&#039;Agde<\/title>\n<meta name=\"description\" content=\"Profitez pleinement de votre s\u00e9jour \u00e0 Pirates World en faisant appel \u00e0 un chef \u00e0 domicile et en vivant un d\u00eener exp\u00e9rience m\u00e9morable.\" \/>\n<meta name=\"robots\" content=\"index, follow, max-snippet:-1, max-image-preview:large, max-video-preview:-1\" \/>\n<link rel=\"canonical\" href=\"https:\/\/www.piratesworld.fr\/de\/gastronomie\/privatchef\/\" \/>\n<meta property=\"og:locale\" content=\"de_DE\" \/>\n<meta property=\"og:type\" content=\"article\" \/>\n<meta property=\"og:title\" content=\"D\u00eener exp\u00e9rience pirate \u00e0 Pirates World au Cap d&#039;Agde\" \/>\n<meta property=\"og:description\" content=\"Profitez pleinement de votre s\u00e9jour \u00e0 Pirates World en faisant appel \u00e0 un chef \u00e0 domicile et en vivant un d\u00eener exp\u00e9rience m\u00e9morable.\" \/>\n<meta property=\"og:url\" content=\"https:\/\/www.piratesworld.fr\/de\/gastronomie\/privatchef\/\" \/>\n<meta property=\"og:site_name\" content=\"Pirates World\" \/>\n<meta property=\"article:modified_time\" content=\"2024-07-30T15:20:00+00:00\" \/>\n<meta property=\"og:image\" content=\"https:\/\/www.piratesworld.fr\/wp-content\/uploads\/default.jpg\" \/>\n<meta name=\"twitter:card\" content=\"summary_large_image\" \/>\n<meta name=\"twitter:label1\" content=\"Gesch\u00e4tzte Lesezeit\" \/>\n\t<meta name=\"twitter:data1\" content=\"2\u00a0Minuten\" \/>\n<script type=\"application\/ld+json\" class=\"yoast-schema-graph\">{\"@context\":\"https:\/\/schema.org\",\"@graph\":[{\"@type\":\"WebPage\",\"@id\":\"https:\/\/www.piratesworld.fr\/de\/gastronomie\/privatchef\/\",\"url\":\"https:\/\/www.piratesworld.fr\/de\/gastronomie\/privatchef\/\",\"name\":\"D\u00eener exp\u00e9rience pirate \u00e0 Pirates World au Cap d'Agde\",\"isPartOf\":{\"@id\":\"https:\/\/www.piratesworld.fr\/de\/#website\"},\"primaryImageOfPage\":{\"@id\":\"https:\/\/www.piratesworld.fr\/de\/gastronomie\/privatchef\/#primaryimage\"},\"image\":{\"@id\":\"https:\/\/www.piratesworld.fr\/de\/gastronomie\/privatchef\/#primaryimage\"},\"thumbnailUrl\":\"https:\/\/www.piratesworld.fr\/wp-content\/uploads\/default.jpg\",\"datePublished\":\"2023-04-19T06:28:29+00:00\",\"dateModified\":\"2024-07-30T15:20:00+00:00\",\"description\":\"Profitez pleinement de votre s\u00e9jour \u00e0 Pirates World en faisant appel \u00e0 un chef \u00e0 domicile et en vivant un d\u00eener exp\u00e9rience m\u00e9morable.\",\"breadcrumb\":{\"@id\":\"https:\/\/www.piratesworld.fr\/de\/gastronomie\/privatchef\/#breadcrumb\"},\"inLanguage\":\"de\",\"potentialAction\":[{\"@type\":\"ReadAction\",\"target\":[\"https:\/\/www.piratesworld.fr\/de\/gastronomie\/privatchef\/\"]}]},{\"@type\":\"ImageObject\",\"inLanguage\":\"de\",\"@id\":\"https:\/\/www.piratesworld.fr\/de\/gastronomie\/privatchef\/#primaryimage\",\"url\":\"https:\/\/www.piratesworld.fr\/wp-content\/uploads\/default.jpg\",\"contentUrl\":\"https:\/\/www.piratesworld.fr\/wp-content\/uploads\/default.jpg\"},{\"@type\":\"BreadcrumbList\",\"@id\":\"https:\/\/www.piratesworld.fr\/de\/gastronomie\/privatchef\/#breadcrumb\",\"itemListElement\":[{\"@type\":\"ListItem\",\"position\":1,\"name\":\"Accueil\",\"item\":\"https:\/\/www.piratesworld.fr\/de\/\"},{\"@type\":\"ListItem\",\"position\":2,\"name\":\"Gastronomie\",\"item\":\"https:\/\/www.piratesworld.fr\/de\/gastronomie\/\"},{\"@type\":\"ListItem\",\"position\":3,\"name\":\"Privatchef\"}]},{\"@type\":\"WebSite\",\"@id\":\"https:\/\/www.piratesworld.fr\/de\/#website\",\"url\":\"https:\/\/www.piratesworld.fr\/de\/\",\"name\":\"Pirates World\",\"description\":\"Site officiel\",\"publisher\":{\"@id\":\"https:\/\/www.piratesworld.fr\/de\/#organization\"},\"potentialAction\":[{\"@type\":\"SearchAction\",\"target\":{\"@type\":\"EntryPoint\",\"urlTemplate\":\"https:\/\/www.piratesworld.fr\/de\/?s={search_term_string}\"},\"query-input\":{\"@type\":\"PropertyValueSpecification\",\"valueRequired\":true,\"valueName\":\"search_term_string\"}}],\"inLanguage\":\"de\"},{\"@type\":\"Organization\",\"@id\":\"https:\/\/www.piratesworld.fr\/de\/#organization\",\"name\":\"Pirates World\",\"url\":\"https:\/\/www.piratesworld.fr\/de\/\",\"logo\":{\"@type\":\"ImageObject\",\"inLanguage\":\"de\",\"@id\":\"https:\/\/www.piratesworld.fr\/de\/#\/schema\/logo\/image\/\",\"url\":\"https:\/\/www.piratesworld.fr\/wp-content\/uploads\/logo-pirates-world.png\",\"contentUrl\":\"https:\/\/www.piratesworld.fr\/wp-content\/uploads\/logo-pirates-world.png\",\"width\":400,\"height\":400,\"caption\":\"Pirates World\"},\"image\":{\"@id\":\"https:\/\/www.piratesworld.fr\/de\/#\/schema\/logo\/image\/\"}}]}<\/script>\n<!-- \/ Yoast SEO plugin. -->","yoast_head_json":{"title":"D\u00eener exp\u00e9rience pirate \u00e0 Pirates World au Cap d'Agde","description":"Profitez pleinement de votre s\u00e9jour \u00e0 Pirates World en faisant appel \u00e0 un chef \u00e0 domicile et en vivant un d\u00eener exp\u00e9rience m\u00e9morable.","robots":{"index":"index","follow":"follow","max-snippet":"max-snippet:-1","max-image-preview":"max-image-preview:large","max-video-preview":"max-video-preview:-1"},"canonical":"https:\/\/www.piratesworld.fr\/de\/gastronomie\/privatchef\/","og_locale":"de_DE","og_type":"article","og_title":"D\u00eener exp\u00e9rience pirate \u00e0 Pirates World au Cap d'Agde","og_description":"Profitez pleinement de votre s\u00e9jour \u00e0 Pirates World en faisant appel \u00e0 un chef \u00e0 domicile et en vivant un d\u00eener exp\u00e9rience m\u00e9morable.","og_url":"https:\/\/www.piratesworld.fr\/de\/gastronomie\/privatchef\/","og_site_name":"Pirates World","article_modified_time":"2024-07-30T15:20:00+00:00","og_image":[{"url":"https:\/\/www.piratesworld.fr\/wp-content\/uploads\/default.jpg","type":"","width":"","height":""}],"twitter_card":"summary_large_image","twitter_misc":{"Gesch\u00e4tzte Lesezeit":"2\u00a0Minuten"},"schema":{"@context":"https:\/\/schema.org","@graph":[{"@type":"WebPage","@id":"https:\/\/www.piratesworld.fr\/de\/gastronomie\/privatchef\/","url":"https:\/\/www.piratesworld.fr\/de\/gastronomie\/privatchef\/","name":"D\u00eener exp\u00e9rience pirate \u00e0 Pirates World au Cap d'Agde","isPartOf":{"@id":"https:\/\/www.piratesworld.fr\/de\/#website"},"primaryImageOfPage":{"@id":"https:\/\/www.piratesworld.fr\/de\/gastronomie\/privatchef\/#primaryimage"},"image":{"@id":"https:\/\/www.piratesworld.fr\/de\/gastronomie\/privatchef\/#primaryimage"},"thumbnailUrl":"https:\/\/www.piratesworld.fr\/wp-content\/uploads\/default.jpg","datePublished":"2023-04-19T06:28:29+00:00","dateModified":"2024-07-30T15:20:00+00:00","description":"Profitez pleinement de votre s\u00e9jour \u00e0 Pirates World en faisant appel \u00e0 un chef \u00e0 domicile et en vivant un d\u00eener exp\u00e9rience m\u00e9morable.","breadcrumb":{"@id":"https:\/\/www.piratesworld.fr\/de\/gastronomie\/privatchef\/#breadcrumb"},"inLanguage":"de","potentialAction":[{"@type":"ReadAction","target":["https:\/\/www.piratesworld.fr\/de\/gastronomie\/privatchef\/"]}]},{"@type":"ImageObject","inLanguage":"de","@id":"https:\/\/www.piratesworld.fr\/de\/gastronomie\/privatchef\/#primaryimage","url":"https:\/\/www.piratesworld.fr\/wp-content\/uploads\/default.jpg","contentUrl":"https:\/\/www.piratesworld.fr\/wp-content\/uploads\/default.jpg"},{"@type":"BreadcrumbList","@id":"https:\/\/www.piratesworld.fr\/de\/gastronomie\/privatchef\/#breadcrumb","itemListElement":[{"@type":"ListItem","position":1,"name":"Accueil","item":"https:\/\/www.piratesworld.fr\/de\/"},{"@type":"ListItem","position":2,"name":"Gastronomie","item":"https:\/\/www.piratesworld.fr\/de\/gastronomie\/"},{"@type":"ListItem","position":3,"name":"Privatchef"}]},{"@type":"WebSite","@id":"https:\/\/www.piratesworld.fr\/de\/#website","url":"https:\/\/www.piratesworld.fr\/de\/","name":"Pirates World","description":"Site officiel","publisher":{"@id":"https:\/\/www.piratesworld.fr\/de\/#organization"},"potentialAction":[{"@type":"SearchAction","target":{"@type":"EntryPoint","urlTemplate":"https:\/\/www.piratesworld.fr\/de\/?s={search_term_string}"},"query-input":{"@type":"PropertyValueSpecification","valueRequired":true,"valueName":"search_term_string"}}],"inLanguage":"de"},{"@type":"Organization","@id":"https:\/\/www.piratesworld.fr\/de\/#organization","name":"Pirates World","url":"https:\/\/www.piratesworld.fr\/de\/","logo":{"@type":"ImageObject","inLanguage":"de","@id":"https:\/\/www.piratesworld.fr\/de\/#\/schema\/logo\/image\/","url":"https:\/\/www.piratesworld.fr\/wp-content\/uploads\/logo-pirates-world.png","contentUrl":"https:\/\/www.piratesworld.fr\/wp-content\/uploads\/logo-pirates-world.png","width":400,"height":400,"caption":"Pirates World"},"image":{"@id":"https:\/\/www.piratesworld.fr\/de\/#\/schema\/logo\/image\/"}}]}},"_links":{"self":[{"href":"https:\/\/www.piratesworld.fr\/de\/wp-json\/wp\/v2\/pages\/12463","targetHints":{"allow":["GET"]}}],"collection":[{"href":"https:\/\/www.piratesworld.fr\/de\/wp-json\/wp\/v2\/pages"}],"about":[{"href":"https:\/\/www.piratesworld.fr\/de\/wp-json\/wp\/v2\/types\/page"}],"author":[{"embeddable":true,"href":"https:\/\/www.piratesworld.fr\/de\/wp-json\/wp\/v2\/users\/8"}],"replies":[{"embeddable":true,"href":"https:\/\/www.piratesworld.fr\/de\/wp-json\/wp\/v2\/comments?post=12463"}],"version-history":[{"count":1,"href":"https:\/\/www.piratesworld.fr\/de\/wp-json\/wp\/v2\/pages\/12463\/revisions"}],"predecessor-version":[{"id":12470,"href":"https:\/\/www.piratesworld.fr\/de\/wp-json\/wp\/v2\/pages\/12463\/revisions\/12470"}],"up":[{"embeddable":true,"href":"https:\/\/www.piratesworld.fr\/de\/wp-json\/wp\/v2\/pages\/7665"}],"wp:attachment":[{"href":"https:\/\/www.piratesworld.fr\/de\/wp-json\/wp\/v2\/media?parent=12463"}],"curies":[{"name":"wp","href":"https:\/\/api.w.org\/{rel}","templated":true}]}}