{"id":7669,"date":"2023-11-07T10:21:43","date_gmt":"2023-11-07T09:21:43","guid":{"rendered":"http:\/\/www.piratesworld.fr\/devenir-proprietaire\/"},"modified":"2025-09-24T16:27:32","modified_gmt":"2025-09-24T14:27:32","slug":"eigentuemer-werden","status":"publish","type":"page","link":"https:\/\/www.piratesworld.fr\/de\/eigentuemer-werden\/","title":{"rendered":"Eigent\u00fcmer werden"},"content":{"rendered":"\n<div class=\"wp-block-group alignfull bg-top over-y-vi is-layout-flow wp-block-group-is-layout-flow\" style=\"margin-top:0px;margin-bottom:0px\">\n<div class=\"wp-block-cover is-style-no-margin border-radius-bottom titre-banner has-animation\" style=\"min-height:100vh;aspect-ratio:unset;\"><span aria-hidden=\"true\" class=\"wp-block-cover__background has-background-dim-30 has-background-dim wp-block-cover__gradient-background has-background-gradient\" style=\"background:linear-gradient(180deg,rgb(0,26,41) 13%,rgba(255,255,255,0) 100%)\"><\/span><img loading=\"lazy\" decoding=\"async\" width=\"1960\" height=\"1200\" class=\"wp-block-cover__image-background wp-image-6876\" alt=\"\" src=\"https:\/\/www.piratesworld.fr\/wp-content\/uploads\/devenir-proprietaire-top.jpg\" data-object-fit=\"cover\" srcset=\"https:\/\/www.piratesworld.fr\/wp-content\/uploads\/devenir-proprietaire-top.jpg 1960w, https:\/\/www.piratesworld.fr\/wp-content\/uploads\/devenir-proprietaire-top-1024x627.jpg 1024w, https:\/\/www.piratesworld.fr\/wp-content\/uploads\/devenir-proprietaire-top-768x470.jpg 768w, https:\/\/www.piratesworld.fr\/wp-content\/uploads\/devenir-proprietaire-top-1536x940.jpg 1536w, https:\/\/www.piratesworld.fr\/wp-content\/uploads\/devenir-proprietaire-top-512x313.jpg 512w, https:\/\/www.piratesworld.fr\/wp-content\/uploads\/devenir-proprietaire-top-256x157.jpg 256w\" sizes=\"auto, (max-width: 1960px) 100vw, 1960px\" \/><div class=\"wp-block-cover__inner-container is-layout-flow wp-block-cover-is-layout-flow\">\n<div class=\"wp-block-group is-layout-constrained wp-block-group-is-layout-constrained\">\n<div class=\"wp-block-columns are-vertically-aligned-center is-layout-flex wp-container-core-columns-is-layout-ed59929e wp-block-columns-is-layout-flex\">\n<div class=\"wp-block-column is-vertically-aligned-center is-layout-flow wp-block-column-is-layout-flow\" style=\"flex-basis:65%\">\n<div class=\"wp-block-group animation--init--once animation--top is-layout-constrained wp-block-group-is-layout-constrained\">\n<h1 class=\"wp-block-heading has-text-align-left has-theme-white-color has-text-color has-proxima-nova-font-family has-h-1-font-size\" style=\"font-style:normal;font-weight:600;letter-spacing:1px\">Eigent\u00fcmer werden<\/h1>\n<\/div>\n<\/div>\n<\/div>\n<\/div>\n<\/div><\/div>\n<\/div>\n\n\n\n<div class=\"wp-block-group alignwide animation--init--once animation--top is-layout-constrained wp-block-group-is-layout-constrained\" style=\"margin-top:75px;margin-bottom:75px\">\n<figure class=\"wp-block-image aligncenter size-large is-resized wp-duotone-bd9415-fff-1\"><img loading=\"lazy\" decoding=\"async\" width=\"512\" height=\"512\" src=\"https:\/\/www.piratesworld.fr\/wp-content\/uploads\/hebergements.svg\" alt=\"\" class=\"wp-image-4816\" style=\"width:50px\"\/><\/figure>\n\n\n\n<h2 class=\"wp-block-heading has-text-align-center has-theme-brun-fonce-color has-text-color\">Eigent\u00fcmer eines Mobilheims werden<\/h2>\n\n\n\n<p>Eigent\u00fcmer zu werden, ist eine Gelegenheit, von einem Zweitwohnsitz in der Sonne und am Meer zu profitieren!<\/p>\n\n\n\n<p>Es ist auch die Verwirklichung eines Lebensprojekts, das es Ihnen erm\u00f6glicht, \u00f6fter<\/p>\n\n\n\n<p>von April bis Mitte Oktober mit der Familie oder Freunden Urlaub zu machen.<\/p>\n\n\n\n<p>Entscheiden Sie sich f\u00fcr den Kauf eines neuen oder gebrauchten Mobilheims auf dem Campingplatz Les Sables d\u2019Or und profitieren Sie von vielen Vorteilen.<\/p>\n<\/div>\n\n\n\n<div class=\"wp-block-group animation--init--once animation--top is-layout-constrained wp-block-group-is-layout-constrained\" style=\"padding-bottom:75px\">\n<div class=\"wp-block-columns are-vertically-aligned-center is-layout-flex wp-container-core-columns-is-layout-ff9b0ad5 wp-block-columns-is-layout-flex\" style=\"padding-top:20px;padding-bottom:20px\">\n<div class=\"wp-block-column is-vertically-aligned-center is-layout-flow wp-block-column-is-layout-flow\">\n<div class=\"wp-image-slider sp-heber has-text-align-left aspect-ratio-3_2\">\n\n                        \n                                \n                    <script>\n                        'use strict';\n\n                        document.addEventListener('DOMContentLoaded', function () {\n\n                            (function() {\n                                const blockSlide = new Splide( '#slide_921', {\n                                    type : 'loop',\n                                    perPage: 1,\n                                                                        \n                                    breakpoints: {\n                                        800: {\n                                            perPage: 1,\n                                                                                    },\n                                        450: {\n                                            perPage: 1,\n                                            \n                                        },\n                                    },\n                                    pagination: true,\n                                    arrows: true,\n                                    gap: 'var(--wp--style--block-gap)',\n                                    i18n: {\n                                        slideLabel: '0%s \/ 0%s',\n                                    }\n                                } );\n                                \n                                blockSlide.mount();\n                            })();\n                        })\n                    <\/script>\n\n                    <div class=\"slider-container\"><div class=\"splide galeria-slider galeria-columnas-1\" id=\"slide_921\"><div class=\"splide__track\"><div class=\"splide__list\"><div id=\"thumb-6914\" class=\"splide__slide\" data-counter=\"01\/01\"><div class=\"image-wrapper\"><img loading=\"lazy\" decoding=\"async\" width=\"1000\" height=\"707\" src=\"https:\/\/www.piratesworld.fr\/wp-content\/uploads\/inclus-dans-votre-loyer.jpg\" class=\"attachment-gallery-large size-gallery-large\" alt=\"alt=&quot;&quot;&quot;\" srcset=\"https:\/\/www.piratesworld.fr\/wp-content\/uploads\/inclus-dans-votre-loyer.jpg 1000w, https:\/\/www.piratesworld.fr\/wp-content\/uploads\/inclus-dans-votre-loyer-768x543.jpg 768w, https:\/\/www.piratesworld.fr\/wp-content\/uploads\/inclus-dans-votre-loyer-512x362.jpg 512w, https:\/\/www.piratesworld.fr\/wp-content\/uploads\/inclus-dans-votre-loyer-256x181.jpg 256w\" sizes=\"auto, (max-width: 1000px) 100vw, 1000px\" \/><\/div><\/div><\/div><\/div><\/div><\/div>\n                    \n<\/div><\/div>\n\n\n\n<div class=\"wp-block-column is-vertically-aligned-center is-layout-flow wp-block-column-is-layout-flow\">\n<h2 class=\"wp-block-heading has-theme-brun-fonce-color has-text-color\">In Ihrer Miete enthalten<\/h2>\n\n\n\n<p>Vermietung Grundst\u00fcck, Wasser, Gas.<\/p>\n\n\n\n<p>Profitieren Sie von einem privilegierten Beziehungsservice f\u00fcr Eigent\u00fcmer mit einer pers\u00f6nlichen Betreuung.<\/p>\n\n\n\n<p>Der Zugang zum Wasserpark Pirates World, Unterhaltung und Shows im Juli\/August.<\/p>\n\n\n\n<p>Jahresmiete von 6590\u00a0\u20ac bis 8500\u00a0\u20ac je nach Grundst\u00fcck.<\/p>\n<\/div>\n<\/div>\n\n\n\n<div class=\"wp-block-columns are-vertically-aligned-center is-layout-flex wp-container-core-columns-is-layout-ff9b0ad5 wp-block-columns-is-layout-flex\" style=\"padding-top:20px;padding-bottom:20px\">\n<div class=\"wp-block-column is-vertically-aligned-center is-layout-flow wp-block-column-is-layout-flow\">\n<h2 class=\"wp-block-heading has-theme-brun-fonce-color has-text-color\">Mieten Sie Ihr Wohnmobil<\/h2>\n\n\n\n<p>Sie k\u00f6nnen Ihr Wohnmobil selbst mieten oder in Partnerschaft mit dem Campingplatz vermieten :<\/p>\n\n\n\n<ul class=\"wp-block-list\">\n<li>Bei der Vermietung durch Sie steht es Ihnen frei, Ihre Miete festzulegen. Die Kosten f\u00fcr die Untervermietung m\u00fcssen an der Rezeption des Campingplatzes von Ihren Mietern bezahlt werden (siehe Bedingungen).<\/li>\n\n\n\n<li>Mieten Sie mit leichtem Herzen! Wir \u00fcbernehmen die Verwaltung Ihres Wohnmobils und vermieten es genauso wie unsere. Inbegriffen sind das Reinigungspaket zwischen jeder Vermietung, die Verwaltung Ihrer Mieter, die technischen Reparaturen w\u00e4hrend der Vermietung (siehe Bedingungen).<\/li>\n<\/ul>\n<\/div>\n\n\n\n<div class=\"wp-block-column is-vertically-aligned-center is-layout-flow wp-block-column-is-layout-flow\">\n<div class=\"wp-image-slider sp-heber has-text-align-left aspect-ratio-3_2\">\n\n                        \n                                \n                    <script>\n                        'use strict';\n\n                        document.addEventListener('DOMContentLoaded', function () {\n\n                            (function() {\n                                const blockSlide = new Splide( '#slide_992', {\n                                    type : 'loop',\n                                    perPage: 1,\n                                                                        \n                                    breakpoints: {\n                                        800: {\n                                            perPage: 1,\n                                                                                    },\n                                        450: {\n                                            perPage: 1,\n                                            \n                                        },\n                                    },\n                                    pagination: true,\n                                    arrows: true,\n                                    gap: 'var(--wp--style--block-gap)',\n                                    i18n: {\n                                        slideLabel: '0%s \/ 0%s',\n                                    }\n                                } );\n                                \n                                blockSlide.mount();\n                            })();\n                        })\n                    <\/script>\n\n                    <div class=\"slider-container\"><div class=\"splide galeria-slider galeria-columnas-1\" id=\"slide_992\"><div class=\"splide__track\"><div class=\"splide__list\"><div id=\"thumb-6915\" class=\"splide__slide\" data-counter=\"01\/01\"><div class=\"image-wrapper\"><img loading=\"lazy\" decoding=\"async\" width=\"1000\" height=\"667\" src=\"https:\/\/www.piratesworld.fr\/wp-content\/uploads\/louez-votre-mobil-home.jpg\" class=\"attachment-gallery-large size-gallery-large\" alt=\"alt=&quot;&quot;&quot;\" srcset=\"https:\/\/www.piratesworld.fr\/wp-content\/uploads\/louez-votre-mobil-home.jpg 1000w, https:\/\/www.piratesworld.fr\/wp-content\/uploads\/louez-votre-mobil-home-768x512.jpg 768w, https:\/\/www.piratesworld.fr\/wp-content\/uploads\/louez-votre-mobil-home-512x342.jpg 512w, https:\/\/www.piratesworld.fr\/wp-content\/uploads\/louez-votre-mobil-home-256x171.jpg 256w\" sizes=\"auto, (max-width: 1000px) 100vw, 1000px\" \/><\/div><\/div><\/div><\/div><\/div><\/div>\n                    \n<\/div><\/div>\n<\/div>\n\n\n\n<div class=\"wp-block-columns are-vertically-aligned-center is-layout-flex wp-container-core-columns-is-layout-ff9b0ad5 wp-block-columns-is-layout-flex\" style=\"padding-top:20px;padding-bottom:20px\">\n<div class=\"wp-block-column is-vertically-aligned-center is-layout-flow wp-block-column-is-layout-flow\">\n<div class=\"wp-image-slider sp-heber has-text-align-left aspect-ratio-3_2\">\n\n                        \n                                \n                    <script>\n                        'use strict';\n\n                        document.addEventListener('DOMContentLoaded', function () {\n\n                            (function() {\n                                const blockSlide = new Splide( '#slide_544', {\n                                    type : 'loop',\n                                    perPage: 1,\n                                                                        \n                                    breakpoints: {\n                                        800: {\n                                            perPage: 1,\n                                                                                    },\n                                        450: {\n                                            perPage: 1,\n                                            \n                                        },\n                                    },\n                                    pagination: true,\n                                    arrows: true,\n                                    gap: 'var(--wp--style--block-gap)',\n                                    i18n: {\n                                        slideLabel: '0%s \/ 0%s',\n                                    }\n                                } );\n                                \n                                blockSlide.mount();\n                            })();\n                        })\n                    <\/script>\n\n                    <div class=\"slider-container\"><div class=\"splide galeria-slider galeria-columnas-1\" id=\"slide_544\"><div class=\"splide__track\"><div class=\"splide__list\"><div id=\"thumb-6916\" class=\"splide__slide\" data-counter=\"01\/01\"><div class=\"image-wrapper\"><img loading=\"lazy\" decoding=\"async\" width=\"1000\" height=\"563\" src=\"https:\/\/www.piratesworld.fr\/wp-content\/uploads\/les-avantages.jpg\" class=\"attachment-gallery-large size-gallery-large\" alt=\"Parc aquatique avec bateau pirate, piscine \u00e0 vagues et rivi\u00e8re\" srcset=\"https:\/\/www.piratesworld.fr\/wp-content\/uploads\/les-avantages.jpg 1000w, https:\/\/www.piratesworld.fr\/wp-content\/uploads\/les-avantages-768x432.jpg 768w, https:\/\/www.piratesworld.fr\/wp-content\/uploads\/les-avantages-512x288.jpg 512w, https:\/\/www.piratesworld.fr\/wp-content\/uploads\/les-avantages-256x144.jpg 256w\" sizes=\"auto, (max-width: 1000px) 100vw, 1000px\" \/><\/div><\/div><\/div><\/div><\/div><\/div>\n                    \n<\/div><\/div>\n\n\n\n<div class=\"wp-block-column is-vertically-aligned-center is-layout-flow wp-block-column-is-layout-flow\">\n<h2 class=\"wp-block-heading has-theme-brun-fonce-color has-text-color\"><strong>Die Vorteile<\/strong><\/h2>\n\n\n\n<ul class=\"wp-block-list\">\n<li>Keine Verpflichtung, den Campingplatz zu verlassen oder altersbedingt in ein anderes Wohnmobil umzuziehen.<\/li>\n\n\n\n<li>Ein Jahresvertrag, der jedes Jahr verl\u00e4ngert werden kann und keine zeitliche Begrenzung hat (wenn sich nach 15 Jahren nichts \u00e4ndert).<\/li>\n\n\n\n<li>Kostenloser Zugang zu allen Einrichtungen von Pirates World (Wasserpark, Kinderclubs&#8230;)<\/li>\n<\/ul>\n\n\n\n<p><strong>M\u00f6glichkeit LMNP (nicht-professionelle m\u00f6blierte Vermietung): Mehrwertsteuerr\u00fcckerstattung und Steuergewinn<\/strong><\/p>\n\n\n\n<p><strong>Kontaktieren Sie uns f\u00fcr weitere Informationen unter 04 67 94 25 34<\/strong><\/p>\n<\/div>\n<\/div>\n<\/div>\n","protected":false},"excerpt":{"rendered":"<p>Eigent\u00fcmer eines Mobilheims werden Eigent\u00fcmer zu werden, ist eine Gelegenheit, von einem Zweitwohnsitz in der Sonne und am Meer zu profitieren! Es ist auch die Verwirklichung eines Lebensprojekts, das es Ihnen erm\u00f6glicht, \u00f6fter von April bis Mitte Oktober mit der Familie oder Freunden Urlaub zu machen. Entscheiden Sie sich f\u00fcr den Kauf eines neuen oder [&hellip;]<\/p>\n","protected":false},"author":5,"featured_media":0,"parent":0,"menu_order":7,"comment_status":"closed","ping_status":"closed","template":"","meta":{"_acf_changed":false,"inline_featured_image":false,"footnotes":""},"class_list":["post-7669","page","type-page","status-publish","hentry"],"acf":[],"featured_image_src":null,"yoast_head":"<!-- This site is optimized with the Yoast SEO plugin v26.7 - https:\/\/yoast.com\/wordpress\/plugins\/seo\/ -->\n<title>Werden Sie Eigent\u00fcmer eines Wohnmobils bei Pirates World, Cap d&#039;Agde<\/title>\n<meta name=\"description\" content=\"Verwirklichen Sie das Projekt Ihres Lebens und werden Sie Eigent\u00fcmer eines Wohnmobils und eines Zweitwohnsitzes bei Pirates World in Cap d&#039;Agde.\" \/>\n<meta name=\"robots\" content=\"index, follow, max-snippet:-1, max-image-preview:large, max-video-preview:-1\" \/>\n<link rel=\"canonical\" href=\"https:\/\/www.piratesworld.fr\/de\/eigentuemer-werden\/\" \/>\n<meta property=\"og:locale\" content=\"de_DE\" \/>\n<meta property=\"og:type\" content=\"article\" \/>\n<meta property=\"og:title\" content=\"Werden Sie Eigent\u00fcmer eines Wohnmobils bei Pirates World, Cap d&#039;Agde\" \/>\n<meta property=\"og:description\" content=\"Verwirklichen Sie das Projekt Ihres Lebens und werden Sie Eigent\u00fcmer eines Wohnmobils und eines Zweitwohnsitzes bei Pirates World in Cap d&#039;Agde.\" \/>\n<meta property=\"og:url\" content=\"https:\/\/www.piratesworld.fr\/de\/eigentuemer-werden\/\" \/>\n<meta property=\"og:site_name\" content=\"Pirates World\" \/>\n<meta property=\"article:modified_time\" content=\"2025-09-24T14:27:32+00:00\" \/>\n<meta property=\"og:image\" content=\"https:\/\/www.piratesworld.fr\/wp-content\/uploads\/devenir-proprietaire-top.jpg\" \/>\n\t<meta property=\"og:image:width\" content=\"1960\" \/>\n\t<meta property=\"og:image:height\" content=\"1200\" \/>\n\t<meta property=\"og:image:type\" content=\"image\/jpeg\" \/>\n<meta name=\"twitter:card\" content=\"summary_large_image\" \/>\n<meta name=\"twitter:label1\" content=\"Gesch\u00e4tzte Lesezeit\" \/>\n\t<meta name=\"twitter:data1\" content=\"2\u00a0Minuten\" \/>\n<script type=\"application\/ld+json\" class=\"yoast-schema-graph\">{\"@context\":\"https:\/\/schema.org\",\"@graph\":[{\"@type\":\"WebPage\",\"@id\":\"https:\/\/www.piratesworld.fr\/de\/eigentuemer-werden\/\",\"url\":\"https:\/\/www.piratesworld.fr\/de\/eigentuemer-werden\/\",\"name\":\"Werden Sie Eigent\u00fcmer eines Wohnmobils bei Pirates World, Cap d'Agde\",\"isPartOf\":{\"@id\":\"https:\/\/www.piratesworld.fr\/de\/#website\"},\"primaryImageOfPage\":{\"@id\":\"https:\/\/www.piratesworld.fr\/de\/eigentuemer-werden\/#primaryimage\"},\"image\":{\"@id\":\"https:\/\/www.piratesworld.fr\/de\/eigentuemer-werden\/#primaryimage\"},\"thumbnailUrl\":\"https:\/\/www.piratesworld.fr\/wp-content\/uploads\/devenir-proprietaire-top.jpg\",\"datePublished\":\"2023-11-07T09:21:43+00:00\",\"dateModified\":\"2025-09-24T14:27:32+00:00\",\"description\":\"Verwirklichen Sie das Projekt Ihres Lebens und werden Sie Eigent\u00fcmer eines Wohnmobils und eines Zweitwohnsitzes bei Pirates World in Cap d'Agde.\",\"breadcrumb\":{\"@id\":\"https:\/\/www.piratesworld.fr\/de\/eigentuemer-werden\/#breadcrumb\"},\"inLanguage\":\"de\",\"potentialAction\":[{\"@type\":\"ReadAction\",\"target\":[\"https:\/\/www.piratesworld.fr\/de\/eigentuemer-werden\/\"]}]},{\"@type\":\"ImageObject\",\"inLanguage\":\"de\",\"@id\":\"https:\/\/www.piratesworld.fr\/de\/eigentuemer-werden\/#primaryimage\",\"url\":\"https:\/\/www.piratesworld.fr\/wp-content\/uploads\/devenir-proprietaire-top.jpg\",\"contentUrl\":\"https:\/\/www.piratesworld.fr\/wp-content\/uploads\/devenir-proprietaire-top.jpg\"},{\"@type\":\"BreadcrumbList\",\"@id\":\"https:\/\/www.piratesworld.fr\/de\/eigentuemer-werden\/#breadcrumb\",\"itemListElement\":[{\"@type\":\"ListItem\",\"position\":1,\"name\":\"Accueil\",\"item\":\"https:\/\/www.piratesworld.fr\/de\/\"},{\"@type\":\"ListItem\",\"position\":2,\"name\":\"Eigent\u00fcmer werden\"}]},{\"@type\":\"WebSite\",\"@id\":\"https:\/\/www.piratesworld.fr\/de\/#website\",\"url\":\"https:\/\/www.piratesworld.fr\/de\/\",\"name\":\"Pirates World\",\"description\":\"Site officiel\",\"publisher\":{\"@id\":\"https:\/\/www.piratesworld.fr\/de\/#organization\"},\"potentialAction\":[{\"@type\":\"SearchAction\",\"target\":{\"@type\":\"EntryPoint\",\"urlTemplate\":\"https:\/\/www.piratesworld.fr\/de\/?s={search_term_string}\"},\"query-input\":{\"@type\":\"PropertyValueSpecification\",\"valueRequired\":true,\"valueName\":\"search_term_string\"}}],\"inLanguage\":\"de\"},{\"@type\":\"Organization\",\"@id\":\"https:\/\/www.piratesworld.fr\/de\/#organization\",\"name\":\"Pirates World\",\"url\":\"https:\/\/www.piratesworld.fr\/de\/\",\"logo\":{\"@type\":\"ImageObject\",\"inLanguage\":\"de\",\"@id\":\"https:\/\/www.piratesworld.fr\/de\/#\/schema\/logo\/image\/\",\"url\":\"https:\/\/www.piratesworld.fr\/wp-content\/uploads\/logo-pirates-world.png\",\"contentUrl\":\"https:\/\/www.piratesworld.fr\/wp-content\/uploads\/logo-pirates-world.png\",\"width\":400,\"height\":400,\"caption\":\"Pirates World\"},\"image\":{\"@id\":\"https:\/\/www.piratesworld.fr\/de\/#\/schema\/logo\/image\/\"}}]}<\/script>\n<!-- \/ Yoast SEO plugin. -->","yoast_head_json":{"title":"Werden Sie Eigent\u00fcmer eines Wohnmobils bei Pirates World, Cap d'Agde","description":"Verwirklichen Sie das Projekt Ihres Lebens und werden Sie Eigent\u00fcmer eines Wohnmobils und eines Zweitwohnsitzes bei Pirates World in Cap d'Agde.","robots":{"index":"index","follow":"follow","max-snippet":"max-snippet:-1","max-image-preview":"max-image-preview:large","max-video-preview":"max-video-preview:-1"},"canonical":"https:\/\/www.piratesworld.fr\/de\/eigentuemer-werden\/","og_locale":"de_DE","og_type":"article","og_title":"Werden Sie Eigent\u00fcmer eines Wohnmobils bei Pirates World, Cap d'Agde","og_description":"Verwirklichen Sie das Projekt Ihres Lebens und werden Sie Eigent\u00fcmer eines Wohnmobils und eines Zweitwohnsitzes bei Pirates World in Cap d'Agde.","og_url":"https:\/\/www.piratesworld.fr\/de\/eigentuemer-werden\/","og_site_name":"Pirates World","article_modified_time":"2025-09-24T14:27:32+00:00","og_image":[{"width":1960,"height":1200,"url":"https:\/\/www.piratesworld.fr\/wp-content\/uploads\/devenir-proprietaire-top.jpg","type":"image\/jpeg"}],"twitter_card":"summary_large_image","twitter_misc":{"Gesch\u00e4tzte Lesezeit":"2\u00a0Minuten"},"schema":{"@context":"https:\/\/schema.org","@graph":[{"@type":"WebPage","@id":"https:\/\/www.piratesworld.fr\/de\/eigentuemer-werden\/","url":"https:\/\/www.piratesworld.fr\/de\/eigentuemer-werden\/","name":"Werden Sie Eigent\u00fcmer eines Wohnmobils bei Pirates World, Cap d'Agde","isPartOf":{"@id":"https:\/\/www.piratesworld.fr\/de\/#website"},"primaryImageOfPage":{"@id":"https:\/\/www.piratesworld.fr\/de\/eigentuemer-werden\/#primaryimage"},"image":{"@id":"https:\/\/www.piratesworld.fr\/de\/eigentuemer-werden\/#primaryimage"},"thumbnailUrl":"https:\/\/www.piratesworld.fr\/wp-content\/uploads\/devenir-proprietaire-top.jpg","datePublished":"2023-11-07T09:21:43+00:00","dateModified":"2025-09-24T14:27:32+00:00","description":"Verwirklichen Sie das Projekt Ihres Lebens und werden Sie Eigent\u00fcmer eines Wohnmobils und eines Zweitwohnsitzes bei Pirates World in Cap d'Agde.","breadcrumb":{"@id":"https:\/\/www.piratesworld.fr\/de\/eigentuemer-werden\/#breadcrumb"},"inLanguage":"de","potentialAction":[{"@type":"ReadAction","target":["https:\/\/www.piratesworld.fr\/de\/eigentuemer-werden\/"]}]},{"@type":"ImageObject","inLanguage":"de","@id":"https:\/\/www.piratesworld.fr\/de\/eigentuemer-werden\/#primaryimage","url":"https:\/\/www.piratesworld.fr\/wp-content\/uploads\/devenir-proprietaire-top.jpg","contentUrl":"https:\/\/www.piratesworld.fr\/wp-content\/uploads\/devenir-proprietaire-top.jpg"},{"@type":"BreadcrumbList","@id":"https:\/\/www.piratesworld.fr\/de\/eigentuemer-werden\/#breadcrumb","itemListElement":[{"@type":"ListItem","position":1,"name":"Accueil","item":"https:\/\/www.piratesworld.fr\/de\/"},{"@type":"ListItem","position":2,"name":"Eigent\u00fcmer werden"}]},{"@type":"WebSite","@id":"https:\/\/www.piratesworld.fr\/de\/#website","url":"https:\/\/www.piratesworld.fr\/de\/","name":"Pirates World","description":"Site officiel","publisher":{"@id":"https:\/\/www.piratesworld.fr\/de\/#organization"},"potentialAction":[{"@type":"SearchAction","target":{"@type":"EntryPoint","urlTemplate":"https:\/\/www.piratesworld.fr\/de\/?s={search_term_string}"},"query-input":{"@type":"PropertyValueSpecification","valueRequired":true,"valueName":"search_term_string"}}],"inLanguage":"de"},{"@type":"Organization","@id":"https:\/\/www.piratesworld.fr\/de\/#organization","name":"Pirates World","url":"https:\/\/www.piratesworld.fr\/de\/","logo":{"@type":"ImageObject","inLanguage":"de","@id":"https:\/\/www.piratesworld.fr\/de\/#\/schema\/logo\/image\/","url":"https:\/\/www.piratesworld.fr\/wp-content\/uploads\/logo-pirates-world.png","contentUrl":"https:\/\/www.piratesworld.fr\/wp-content\/uploads\/logo-pirates-world.png","width":400,"height":400,"caption":"Pirates World"},"image":{"@id":"https:\/\/www.piratesworld.fr\/de\/#\/schema\/logo\/image\/"}}]}},"_links":{"self":[{"href":"https:\/\/www.piratesworld.fr\/de\/wp-json\/wp\/v2\/pages\/7669","targetHints":{"allow":["GET"]}}],"collection":[{"href":"https:\/\/www.piratesworld.fr\/de\/wp-json\/wp\/v2\/pages"}],"about":[{"href":"https:\/\/www.piratesworld.fr\/de\/wp-json\/wp\/v2\/types\/page"}],"author":[{"embeddable":true,"href":"https:\/\/www.piratesworld.fr\/de\/wp-json\/wp\/v2\/users\/5"}],"replies":[{"embeddable":true,"href":"https:\/\/www.piratesworld.fr\/de\/wp-json\/wp\/v2\/comments?post=7669"}],"version-history":[{"count":3,"href":"https:\/\/www.piratesworld.fr\/de\/wp-json\/wp\/v2\/pages\/7669\/revisions"}],"predecessor-version":[{"id":14163,"href":"https:\/\/www.piratesworld.fr\/de\/wp-json\/wp\/v2\/pages\/7669\/revisions\/14163"}],"wp:attachment":[{"href":"https:\/\/www.piratesworld.fr\/de\/wp-json\/wp\/v2\/media?parent=7669"}],"curies":[{"name":"wp","href":"https:\/\/api.w.org\/{rel}","templated":true}]}}