{"id":7685,"date":"2023-06-28T11:35:38","date_gmt":"2023-06-28T09:35:38","guid":{"rendered":"http:\/\/www.piratesworld.fr\/pendant-votre-visite\/"},"modified":"2024-02-07T16:56:45","modified_gmt":"2024-02-07T15:56:45","slug":"waehrend-ihres-besuchs","status":"publish","type":"page","link":"https:\/\/www.piratesworld.fr\/de\/waehrend-ihres-besuchs\/","title":{"rendered":"W\u00e4hrend Ihres Besuchs"},"content":{"rendered":"\n<div class=\"wp-block-group alignfull bg-top over-y-vi is-layout-flow wp-block-group-is-layout-flow\" style=\"margin-top:0px;margin-bottom:0px\">\n<div class=\"wp-block-cover is-style-no-margin border-radius-bottom titre-banner has-animation\" style=\"min-height:100vh;aspect-ratio:unset;\"><span aria-hidden=\"true\" class=\"wp-block-cover__background has-background-dim-30 has-background-dim wp-block-cover__gradient-background has-background-gradient\" style=\"background:linear-gradient(180deg,rgb(0,26,41) 13%,rgba(255,255,255,0) 100%)\"><\/span><img loading=\"lazy\" decoding=\"async\" width=\"1960\" height=\"1200\" class=\"wp-block-cover__image-background wp-image-4778\" alt=\"\" src=\"https:\/\/www.piratesworld.fr\/wp-content\/uploads\/default.jpg\" style=\"object-position:3% 27%\" data-object-fit=\"cover\" data-object-position=\"3% 27%\" srcset=\"https:\/\/www.piratesworld.fr\/wp-content\/uploads\/default.jpg 1960w, https:\/\/www.piratesworld.fr\/wp-content\/uploads\/default-1024x627.jpg 1024w, https:\/\/www.piratesworld.fr\/wp-content\/uploads\/default-768x470.jpg 768w, https:\/\/www.piratesworld.fr\/wp-content\/uploads\/default-1536x940.jpg 1536w, https:\/\/www.piratesworld.fr\/wp-content\/uploads\/default-512x313.jpg 512w, https:\/\/www.piratesworld.fr\/wp-content\/uploads\/default-256x157.jpg 256w\" sizes=\"auto, (max-width: 1960px) 100vw, 1960px\" \/><div class=\"wp-block-cover__inner-container is-layout-flow wp-block-cover-is-layout-flow\">\n<div class=\"wp-block-group animation--init--once animation--top is-layout-constrained wp-block-group-is-layout-constrained\">\n<h1 class=\"wp-block-heading has-text-align-left has-theme-white-color has-text-color has-proxima-nova-font-family has-h-1-font-size\" style=\"font-style:normal;font-weight:600;letter-spacing:1px\">W\u00e4hrend Ihres Besuchs <br>bei Pirates World<\/h1>\n<\/div>\n<\/div><\/div>\n<\/div>\n\n\n\n<div class=\"wp-block-group alignwide animation--init--once animation--top is-layout-constrained wp-block-group-is-layout-constrained\" style=\"margin-top:75px;margin-bottom:75px\">\n<h2 class=\"wp-block-heading has-text-align-left has-theme-brun-fonce-color has-text-color\">Wie organisiert man <mark style=\"background-color:rgba(0, 0, 0, 0)\" class=\"has-inline-color has-theme-brun-clair-color\">den Aufenthalt?<\/mark><\/h2>\n\n\n\n<p>Kommen Sie zum ersten Mal in den Park Pirates World? M\u00f6chten Sie sichergehen, dass Sie alle Aktivit\u00e4ten durchf\u00fchren k\u00f6nnen, die zu Ihnen passen? Unser Rat ist, \u00fcber drei N\u00e4chte und drei volle Tage zu kommen, oder mehr, wenn Sie Lust haben.<\/p>\n\n\n\n<p>Genie\u00dfen Sie seine Unterkunft, den Strand, den Park, die Signature-Aktivit\u00e4ten, die t\u00e4glichen Aktivit\u00e4ten, treffen Sie unsere Maskottchen, genie\u00dfen Sie mehrere gastronomische Erlebnisse, sehen Sie mindestens 1 Abendshow und machen Sie schlie\u00dflich einen Besuch in der Umgebung, um die unbekannten Reicht\u00fcmer von Cap d&#8217;Agde (gr\u00fcner Tourismus) zu entdecken.<\/p>\n\n\n\n<div class=\"wp-block-buttons is-layout-flex wp-block-buttons-is-layout-flex\">\n<div class=\"wp-block-button btn-2\"><a class=\"wp-block-button__link wp-element-button\" href=\"https:\/\/meteofrance.com\/previsions-meteo-france\/agde\/34300\" target=\"_blank\" rel=\"noreferrer noopener\">DAS WETTER ANZEIGEN<\/a><\/div>\n<\/div>\n<\/div>\n","protected":false},"excerpt":{"rendered":"<p>Wie organisiert man den Aufenthalt? Kommen Sie zum ersten Mal in den Park Pirates World? M\u00f6chten Sie sichergehen, dass Sie alle Aktivit\u00e4ten durchf\u00fchren k\u00f6nnen, die zu Ihnen passen? Unser Rat ist, \u00fcber drei N\u00e4chte und drei volle Tage zu kommen, oder mehr, wenn Sie Lust haben. Genie\u00dfen Sie seine Unterkunft, den Strand, den Park, die [&hellip;]<\/p>\n","protected":false},"author":5,"featured_media":0,"parent":0,"menu_order":11,"comment_status":"closed","ping_status":"closed","template":"","meta":{"_acf_changed":false,"inline_featured_image":false,"footnotes":""},"class_list":["post-7685","page","type-page","status-publish","hentry"],"acf":[],"featured_image_src":null,"yoast_head":"<!-- This site is optimized with the Yoast SEO plugin v26.7 - https:\/\/yoast.com\/wordpress\/plugins\/seo\/ -->\n<title>Machen Sie das Beste aus Ihrem Aufenthalt bei Pirates World in Cap d&#039;Agde.<\/title>\n<meta name=\"description\" content=\"Entdecken Sie alle unsere organisatorischen Tipps, um Ihren Aufenthalt bei Pirates World in Cap d&#039;Agde in vollen Z\u00fcgen zu genie\u00dfen.\" \/>\n<meta name=\"robots\" content=\"index, follow, max-snippet:-1, max-image-preview:large, max-video-preview:-1\" \/>\n<link rel=\"canonical\" href=\"https:\/\/www.piratesworld.fr\/de\/waehrend-ihres-besuchs\/\" \/>\n<meta property=\"og:locale\" content=\"de_DE\" \/>\n<meta property=\"og:type\" content=\"article\" \/>\n<meta property=\"og:title\" content=\"Machen Sie das Beste aus Ihrem Aufenthalt bei Pirates World in Cap d&#039;Agde.\" \/>\n<meta property=\"og:description\" content=\"Entdecken Sie alle unsere organisatorischen Tipps, um Ihren Aufenthalt bei Pirates World in Cap d&#039;Agde in vollen Z\u00fcgen zu genie\u00dfen.\" \/>\n<meta property=\"og:url\" content=\"https:\/\/www.piratesworld.fr\/de\/waehrend-ihres-besuchs\/\" \/>\n<meta property=\"og:site_name\" content=\"Pirates World\" \/>\n<meta property=\"article:modified_time\" content=\"2024-02-07T15:56:45+00:00\" \/>\n<meta property=\"og:image\" content=\"https:\/\/www.piratesworld.fr\/wp-content\/uploads\/default.jpg\" \/>\n<meta name=\"twitter:card\" content=\"summary_large_image\" \/>\n<meta name=\"twitter:label1\" content=\"Gesch\u00e4tzte Lesezeit\" \/>\n\t<meta name=\"twitter:data1\" content=\"1\u00a0Minute\" \/>\n<script type=\"application\/ld+json\" class=\"yoast-schema-graph\">{\"@context\":\"https:\/\/schema.org\",\"@graph\":[{\"@type\":\"WebPage\",\"@id\":\"https:\/\/www.piratesworld.fr\/de\/waehrend-ihres-besuchs\/\",\"url\":\"https:\/\/www.piratesworld.fr\/de\/waehrend-ihres-besuchs\/\",\"name\":\"Machen Sie das Beste aus Ihrem Aufenthalt bei Pirates World in Cap d'Agde.\",\"isPartOf\":{\"@id\":\"https:\/\/www.piratesworld.fr\/de\/#website\"},\"primaryImageOfPage\":{\"@id\":\"https:\/\/www.piratesworld.fr\/de\/waehrend-ihres-besuchs\/#primaryimage\"},\"image\":{\"@id\":\"https:\/\/www.piratesworld.fr\/de\/waehrend-ihres-besuchs\/#primaryimage\"},\"thumbnailUrl\":\"https:\/\/www.piratesworld.fr\/wp-content\/uploads\/default.jpg\",\"datePublished\":\"2023-06-28T09:35:38+00:00\",\"dateModified\":\"2024-02-07T15:56:45+00:00\",\"description\":\"Entdecken Sie alle unsere organisatorischen Tipps, um Ihren Aufenthalt bei Pirates World in Cap d'Agde in vollen Z\u00fcgen zu genie\u00dfen.\",\"breadcrumb\":{\"@id\":\"https:\/\/www.piratesworld.fr\/de\/waehrend-ihres-besuchs\/#breadcrumb\"},\"inLanguage\":\"de\",\"potentialAction\":[{\"@type\":\"ReadAction\",\"target\":[\"https:\/\/www.piratesworld.fr\/de\/waehrend-ihres-besuchs\/\"]}]},{\"@type\":\"ImageObject\",\"inLanguage\":\"de\",\"@id\":\"https:\/\/www.piratesworld.fr\/de\/waehrend-ihres-besuchs\/#primaryimage\",\"url\":\"https:\/\/www.piratesworld.fr\/wp-content\/uploads\/default.jpg\",\"contentUrl\":\"https:\/\/www.piratesworld.fr\/wp-content\/uploads\/default.jpg\"},{\"@type\":\"BreadcrumbList\",\"@id\":\"https:\/\/www.piratesworld.fr\/de\/waehrend-ihres-besuchs\/#breadcrumb\",\"itemListElement\":[{\"@type\":\"ListItem\",\"position\":1,\"name\":\"Accueil\",\"item\":\"https:\/\/www.piratesworld.fr\/de\/\"},{\"@type\":\"ListItem\",\"position\":2,\"name\":\"W\u00e4hrend Ihres Besuchs\"}]},{\"@type\":\"WebSite\",\"@id\":\"https:\/\/www.piratesworld.fr\/de\/#website\",\"url\":\"https:\/\/www.piratesworld.fr\/de\/\",\"name\":\"Pirates World\",\"description\":\"Site officiel\",\"publisher\":{\"@id\":\"https:\/\/www.piratesworld.fr\/de\/#organization\"},\"potentialAction\":[{\"@type\":\"SearchAction\",\"target\":{\"@type\":\"EntryPoint\",\"urlTemplate\":\"https:\/\/www.piratesworld.fr\/de\/?s={search_term_string}\"},\"query-input\":{\"@type\":\"PropertyValueSpecification\",\"valueRequired\":true,\"valueName\":\"search_term_string\"}}],\"inLanguage\":\"de\"},{\"@type\":\"Organization\",\"@id\":\"https:\/\/www.piratesworld.fr\/de\/#organization\",\"name\":\"Pirates World\",\"url\":\"https:\/\/www.piratesworld.fr\/de\/\",\"logo\":{\"@type\":\"ImageObject\",\"inLanguage\":\"de\",\"@id\":\"https:\/\/www.piratesworld.fr\/de\/#\/schema\/logo\/image\/\",\"url\":\"https:\/\/www.piratesworld.fr\/wp-content\/uploads\/logo-pirates-world.png\",\"contentUrl\":\"https:\/\/www.piratesworld.fr\/wp-content\/uploads\/logo-pirates-world.png\",\"width\":400,\"height\":400,\"caption\":\"Pirates World\"},\"image\":{\"@id\":\"https:\/\/www.piratesworld.fr\/de\/#\/schema\/logo\/image\/\"}}]}<\/script>\n<!-- \/ Yoast SEO plugin. -->","yoast_head_json":{"title":"Machen Sie das Beste aus Ihrem Aufenthalt bei Pirates World in Cap d'Agde.","description":"Entdecken Sie alle unsere organisatorischen Tipps, um Ihren Aufenthalt bei Pirates World in Cap d'Agde in vollen Z\u00fcgen zu genie\u00dfen.","robots":{"index":"index","follow":"follow","max-snippet":"max-snippet:-1","max-image-preview":"max-image-preview:large","max-video-preview":"max-video-preview:-1"},"canonical":"https:\/\/www.piratesworld.fr\/de\/waehrend-ihres-besuchs\/","og_locale":"de_DE","og_type":"article","og_title":"Machen Sie das Beste aus Ihrem Aufenthalt bei Pirates World in Cap d'Agde.","og_description":"Entdecken Sie alle unsere organisatorischen Tipps, um Ihren Aufenthalt bei Pirates World in Cap d'Agde in vollen Z\u00fcgen zu genie\u00dfen.","og_url":"https:\/\/www.piratesworld.fr\/de\/waehrend-ihres-besuchs\/","og_site_name":"Pirates World","article_modified_time":"2024-02-07T15:56:45+00:00","og_image":[{"url":"https:\/\/www.piratesworld.fr\/wp-content\/uploads\/default.jpg","type":"","width":"","height":""}],"twitter_card":"summary_large_image","twitter_misc":{"Gesch\u00e4tzte Lesezeit":"1\u00a0Minute"},"schema":{"@context":"https:\/\/schema.org","@graph":[{"@type":"WebPage","@id":"https:\/\/www.piratesworld.fr\/de\/waehrend-ihres-besuchs\/","url":"https:\/\/www.piratesworld.fr\/de\/waehrend-ihres-besuchs\/","name":"Machen Sie das Beste aus Ihrem Aufenthalt bei Pirates World in Cap d'Agde.","isPartOf":{"@id":"https:\/\/www.piratesworld.fr\/de\/#website"},"primaryImageOfPage":{"@id":"https:\/\/www.piratesworld.fr\/de\/waehrend-ihres-besuchs\/#primaryimage"},"image":{"@id":"https:\/\/www.piratesworld.fr\/de\/waehrend-ihres-besuchs\/#primaryimage"},"thumbnailUrl":"https:\/\/www.piratesworld.fr\/wp-content\/uploads\/default.jpg","datePublished":"2023-06-28T09:35:38+00:00","dateModified":"2024-02-07T15:56:45+00:00","description":"Entdecken Sie alle unsere organisatorischen Tipps, um Ihren Aufenthalt bei Pirates World in Cap d'Agde in vollen Z\u00fcgen zu genie\u00dfen.","breadcrumb":{"@id":"https:\/\/www.piratesworld.fr\/de\/waehrend-ihres-besuchs\/#breadcrumb"},"inLanguage":"de","potentialAction":[{"@type":"ReadAction","target":["https:\/\/www.piratesworld.fr\/de\/waehrend-ihres-besuchs\/"]}]},{"@type":"ImageObject","inLanguage":"de","@id":"https:\/\/www.piratesworld.fr\/de\/waehrend-ihres-besuchs\/#primaryimage","url":"https:\/\/www.piratesworld.fr\/wp-content\/uploads\/default.jpg","contentUrl":"https:\/\/www.piratesworld.fr\/wp-content\/uploads\/default.jpg"},{"@type":"BreadcrumbList","@id":"https:\/\/www.piratesworld.fr\/de\/waehrend-ihres-besuchs\/#breadcrumb","itemListElement":[{"@type":"ListItem","position":1,"name":"Accueil","item":"https:\/\/www.piratesworld.fr\/de\/"},{"@type":"ListItem","position":2,"name":"W\u00e4hrend Ihres Besuchs"}]},{"@type":"WebSite","@id":"https:\/\/www.piratesworld.fr\/de\/#website","url":"https:\/\/www.piratesworld.fr\/de\/","name":"Pirates World","description":"Site officiel","publisher":{"@id":"https:\/\/www.piratesworld.fr\/de\/#organization"},"potentialAction":[{"@type":"SearchAction","target":{"@type":"EntryPoint","urlTemplate":"https:\/\/www.piratesworld.fr\/de\/?s={search_term_string}"},"query-input":{"@type":"PropertyValueSpecification","valueRequired":true,"valueName":"search_term_string"}}],"inLanguage":"de"},{"@type":"Organization","@id":"https:\/\/www.piratesworld.fr\/de\/#organization","name":"Pirates World","url":"https:\/\/www.piratesworld.fr\/de\/","logo":{"@type":"ImageObject","inLanguage":"de","@id":"https:\/\/www.piratesworld.fr\/de\/#\/schema\/logo\/image\/","url":"https:\/\/www.piratesworld.fr\/wp-content\/uploads\/logo-pirates-world.png","contentUrl":"https:\/\/www.piratesworld.fr\/wp-content\/uploads\/logo-pirates-world.png","width":400,"height":400,"caption":"Pirates World"},"image":{"@id":"https:\/\/www.piratesworld.fr\/de\/#\/schema\/logo\/image\/"}}]}},"_links":{"self":[{"href":"https:\/\/www.piratesworld.fr\/de\/wp-json\/wp\/v2\/pages\/7685","targetHints":{"allow":["GET"]}}],"collection":[{"href":"https:\/\/www.piratesworld.fr\/de\/wp-json\/wp\/v2\/pages"}],"about":[{"href":"https:\/\/www.piratesworld.fr\/de\/wp-json\/wp\/v2\/types\/page"}],"author":[{"embeddable":true,"href":"https:\/\/www.piratesworld.fr\/de\/wp-json\/wp\/v2\/users\/5"}],"replies":[{"embeddable":true,"href":"https:\/\/www.piratesworld.fr\/de\/wp-json\/wp\/v2\/comments?post=7685"}],"version-history":[{"count":2,"href":"https:\/\/www.piratesworld.fr\/de\/wp-json\/wp\/v2\/pages\/7685\/revisions"}],"predecessor-version":[{"id":7933,"href":"https:\/\/www.piratesworld.fr\/de\/wp-json\/wp\/v2\/pages\/7685\/revisions\/7933"}],"wp:attachment":[{"href":"https:\/\/www.piratesworld.fr\/de\/wp-json\/wp\/v2\/media?parent=7685"}],"curies":[{"name":"wp","href":"https:\/\/api.w.org\/{rel}","templated":true}]}}