{"id":7698,"date":"2023-05-08T15:51:09","date_gmt":"2023-05-08T13:51:09","guid":{"rendered":"http:\/\/www.piratesworld.fr\/hebergements\/"},"modified":"2024-06-21T13:21:45","modified_gmt":"2024-06-21T11:21:45","slug":"unterkuenfte","status":"publish","type":"page","link":"https:\/\/www.piratesworld.fr\/de\/unterkuenfte\/","title":{"rendered":"Unterk\u00fcnfte"},"content":{"rendered":"\n<div class=\"wp-block-group alignfull bg-top over-y-vi is-layout-flow wp-block-group-is-layout-flow\" style=\"margin-top:0px;margin-bottom:0px\">\n<div class=\"wp-block-cover is-style-no-margin border-radius-bottom titre-banner has-animation\" style=\"min-height:100vh;aspect-ratio:unset;\"><span aria-hidden=\"true\" class=\"wp-block-cover__background has-background-dim-30 has-background-dim wp-block-cover__gradient-background has-background-gradient\" style=\"background:linear-gradient(180deg,rgb(0,26,41) 13%,rgba(255,255,255,0) 100%)\"><\/span><img loading=\"lazy\" decoding=\"async\" width=\"1960\" height=\"1200\" class=\"wp-block-cover__image-background wp-image-4778\" alt=\"\" src=\"https:\/\/www.piratesworld.fr\/wp-content\/uploads\/default.jpg\" style=\"object-position:78% 53%\" data-object-fit=\"cover\" data-object-position=\"78% 53%\" srcset=\"https:\/\/www.piratesworld.fr\/wp-content\/uploads\/default.jpg 1960w, https:\/\/www.piratesworld.fr\/wp-content\/uploads\/default-1024x627.jpg 1024w, https:\/\/www.piratesworld.fr\/wp-content\/uploads\/default-768x470.jpg 768w, https:\/\/www.piratesworld.fr\/wp-content\/uploads\/default-1536x940.jpg 1536w, https:\/\/www.piratesworld.fr\/wp-content\/uploads\/default-512x313.jpg 512w, https:\/\/www.piratesworld.fr\/wp-content\/uploads\/default-256x157.jpg 256w\" sizes=\"auto, (max-width: 1960px) 100vw, 1960px\" \/><div class=\"wp-block-cover__inner-container is-layout-flow wp-block-cover-is-layout-flow\">\n<div class=\"wp-block-group is-layout-constrained wp-block-group-is-layout-constrained\">\n<div class=\"wp-block-columns are-vertically-aligned-center is-layout-flex wp-container-core-columns-is-layout-ed59929e wp-block-columns-is-layout-flex\">\n<div class=\"wp-block-column is-vertically-aligned-center is-layout-flow wp-block-column-is-layout-flow\" style=\"flex-basis:65%\">\n<div class=\"wp-block-group animation--init--once animation--top is-layout-constrained wp-block-group-is-layout-constrained\">\n<h1 class=\"wp-block-heading has-text-align-left has-theme-white-color has-text-color has-proxima-nova-font-family has-h-1-font-size\" style=\"font-style:normal;font-weight:600;letter-spacing:1px\"><strong><strong><strong>Unterk\u00fcnfte<\/strong><\/strong><\/strong> <strong><strong><br>in Pirates World<\/strong><\/strong><\/h1>\n\n\n\n<p class=\"has-h-6-font-size\">Buchen Sie so fr\u00fch wie m\u00f6glich, um eine bessere Auswahl an Daten und Preisen zu haben<\/p>\n<\/div>\n<\/div>\n\n\n\n<div class=\"wp-block-column is-vertically-aligned-center is-hidden-resp is-layout-flow wp-block-column-is-layout-flow\" style=\"flex-basis:35%\">\n<div class=\"wp-block-group carre-info has-background is-layout-constrained wp-block-group-is-layout-constrained\" style=\"background-color:#fffffff0\">\n<div class=\"wp-block-group is-nowrap is-layout-flex wp-container-core-group-is-layout-e088cbc5 wp-block-group-is-layout-flex\">\n<figure class=\"wp-block-image size-large is-resized is-style-no-margin wp-duotone-bd9415-fff-1\"><img loading=\"lazy\" decoding=\"async\" width=\"512\" height=\"512\" src=\"https:\/\/www.piratesworld.fr\/wp-content\/uploads\/bagagiste.svg\" alt=\"\" class=\"wp-image-4867\" style=\"object-fit:cover;width:25px;height:25px\"\/><\/figure>\n\n\n\n<p class=\"has-theme-brun-fonce-color has-text-color\">Camping Les Sables d\u2019Or****<\/p>\n<\/div>\n\n\n\n<div class=\"wp-block-group is-nowrap is-layout-flex wp-container-core-group-is-layout-e088cbc5 wp-block-group-is-layout-flex\">\n<figure class=\"wp-block-image size-large is-resized is-style-no-margin wp-duotone-bd9415-fff-2\"><img loading=\"lazy\" decoding=\"async\" width=\"512\" height=\"512\" src=\"https:\/\/www.piratesworld.fr\/wp-content\/uploads\/bagagiste.svg\" alt=\"\" class=\"wp-image-4867\" style=\"object-fit:cover;width:25px;height:25px\"\/><\/figure>\n\n\n\n<p class=\"has-theme-brun-fonce-color has-text-color\">Hotel Cap Pirate ****<\/p>\n<\/div>\n\n\n\n<div class=\"wp-block-group is-nowrap is-layout-flex wp-container-core-group-is-layout-e088cbc5 wp-block-group-is-layout-flex\">\n<figure class=\"wp-block-image size-large is-resized is-style-no-margin wp-duotone-bd9415-fff-3\"><img loading=\"lazy\" decoding=\"async\" width=\"512\" height=\"512\" src=\"https:\/\/www.piratesworld.fr\/wp-content\/uploads\/bagagiste.svg\" alt=\"\" class=\"wp-image-4867\" style=\"object-fit:cover;width:25px;height:25px\"\/><\/figure>\n\n\n\n<p class=\"has-theme-brun-fonce-color has-text-color\">Hotel Pirates World<\/p>\n<\/div>\n\n\n\n<div class=\"wp-block-group is-nowrap is-layout-flex wp-container-core-group-is-layout-e088cbc5 wp-block-group-is-layout-flex\">\n<figure class=\"wp-block-image size-large is-resized is-style-no-margin wp-duotone-bd9415-fff-4\"><img loading=\"lazy\" decoding=\"async\" width=\"512\" height=\"512\" src=\"https:\/\/www.piratesworld.fr\/wp-content\/uploads\/olas.svg\" alt=\"\" class=\"wp-image-4840\" style=\"object-fit:cover;width:25px;height:25px\"\/><\/figure>\n\n\n\n<p class=\"has-theme-brun-fonce-color has-text-color\">Am Meer mit dem wildesten Strand von Cap d\u2019Agde<\/p>\n<\/div>\n\n\n\n<div class=\"wp-block-group is-nowrap is-layout-flex wp-container-core-group-is-layout-e088cbc5 wp-block-group-is-layout-flex\">\n<figure class=\"wp-block-image size-large is-resized is-style-no-margin wp-duotone-bd9415-fff-5\"><img loading=\"lazy\" decoding=\"async\" width=\"512\" height=\"512\" src=\"https:\/\/www.piratesworld.fr\/wp-content\/uploads\/tobogan-icons.svg\" alt=\"\" class=\"wp-image-4845\" style=\"object-fit:cover;width:25px;height:25px\"\/><\/figure>\n\n\n\n<p class=\"has-theme-brun-fonce-color has-text-color\">Kostenloser Zugang zum Park Pirates World<\/p>\n<\/div>\n\n\n\n<div class=\"wp-block-group is-nowrap is-layout-flex wp-container-core-group-is-layout-e088cbc5 wp-block-group-is-layout-flex\">\n<figure class=\"wp-block-image size-large is-resized is-style-no-margin wp-duotone-bd9415-fff-6\"><img decoding=\"async\" src=\"https:\/\/www.piratesworld.fr\/wp-content\/uploads\/restaurante-1.svg\" alt=\"\" class=\"wp-image-4843\"\/><\/figure>\n\n\n\n<p class=\"has-theme-brun-fonce-color has-text-color\">8 restaurants + 4 bars<\/p>\n<\/div>\n\n\n\n<div class=\"wp-block-group is-nowrap is-layout-flex wp-container-core-group-is-layout-e088cbc5 wp-block-group-is-layout-flex\">\n<figure class=\"wp-block-image size-large is-resized is-style-no-margin wp-duotone-bd9415-fff-7\"><img loading=\"lazy\" decoding=\"async\" width=\"512\" height=\"512\" src=\"https:\/\/www.piratesworld.fr\/wp-content\/uploads\/animations-1.svg\" alt=\"\" class=\"wp-image-4828\" style=\"object-fit:cover;width:25px;height:25px\"\/><\/figure>\n\n\n\n<p class=\"has-theme-brun-fonce-color has-text-color\">3 Showb\u00fchnen (405 Shows\/Jahr) und bis zu 21 Aktivit\u00e4ten pro Tag<\/p>\n<\/div>\n\n\n\n<div class=\"wp-block-group is-nowrap is-layout-flex wp-container-core-group-is-layout-e088cbc5 wp-block-group-is-layout-flex\">\n<figure class=\"wp-block-image size-large is-resized is-style-no-margin wp-duotone-bd9415-fff-8\"><img decoding=\"async\" src=\"https:\/\/www.piratesworld.fr\/wp-content\/uploads\/souvenir.svg\" alt=\"\" class=\"wp-image-4824\"\/><\/figure>\n\n\n\n<p class=\"has-theme-brun-fonce-color has-text-color\">Viele Gesch\u00e4fte zur Verf\u00fcgung<\/p>\n<\/div>\n\n\n\n<div class=\"wp-block-group is-nowrap is-layout-flex wp-container-core-group-is-layout-e088cbc5 wp-block-group-is-layout-flex\">\n<figure class=\"wp-block-image size-large is-resized is-style-no-margin wp-duotone-bd9415-fff-9\"><img decoding=\"async\" src=\"https:\/\/www.piratesworld.fr\/wp-content\/uploads\/restaurante.svg\" alt=\"\" class=\"wp-image-4834\"\/><\/figure>\n\n\n\n<p class=\"has-theme-brun-fonce-color has-text-color\">Dienstleistungen von 4* bis Luxushotellerie und andere Vorteile<\/p>\n<\/div>\n<\/div>\n<\/div>\n<\/div>\n<\/div>\n<\/div><\/div>\n<\/div>\n\n\n\n<div class=\"wp-block-columns has-animation is-layout-flex wp-container-core-columns-is-layout-bc0d86c9 wp-block-columns-is-layout-flex\" style=\"margin-top:50px;margin-bottom:50px\">\n<div class=\"wp-block-column animation--init--once animation--right is-layout-flow wp-block-column-is-layout-flow\">\n<figure class=\"wp-block-image aligncenter size-large is-resized wp-duotone-bd9415-fff-10\"><img loading=\"lazy\" decoding=\"async\" width=\"512\" height=\"512\" src=\"https:\/\/www.piratesworld.fr\/wp-content\/uploads\/ou-dormir.svg\" alt=\"\" class=\"wp-image-4766\" style=\"object-fit:cover;width:50px;height:50px\"\/><\/figure>\n\n\n\n<h2 class=\"wp-block-heading has-text-align-center has-theme-bleu-fonce-color has-text-color\" style=\"margin-top:20px;margin-right:0px;margin-bottom:20px;margin-left:0px;font-style:normal;font-weight:700\">Planen Sie Ihren Aufenthalt bei uns, <strong> <\/strong><br><mark style=\"background-color:rgba(0, 0, 0, 0)\" class=\"has-inline-color has-theme-brun-clair-color\">f\u00fcr ein Rundumerlebnis<\/mark><\/h2>\n\n\n\n<p>Warum in den Unterk\u00fcnften von Pirates World \u00fcbernachten?<\/p>\n\n\n\n<p>&#8220;Eine Woche ist nicht genug!\u201c &#8220;Der Strand f\u00fcr die Eltern und der Park f\u00fcr die Kinder!&#8221; &#8220;Eine Auswahl an Aktivit\u00e4ten, die Sie tags\u00fcber und abends unternehmen k\u00f6nnen, f\u00fcr jeden Geschmack und ohnegleichen!&#8221; &#8220;Wundersch\u00f6ne Infrastruktur, darunter die 2 immersivsten Hotels der Welt!&#8221; &#8220;Ein gastronomisches Angebot, das allen Profilen vom Snack bis zum aufwendigen Restaurant gerecht wird! &#8221; &#8220;Alles zur Verf\u00fcgung!&#8221; &#8220;Dienstleistungen und Infrastruktur f\u00fcr jeden Bedarf!&#8221;<\/p>\n<\/div>\n<\/div>\n\n\n\n<div class=\"wp-block-columns alignwide are-vertically-aligned-center animation--init--once animation--right is-layout-flex wp-container-core-columns-is-layout-3e2a4ce5 wp-block-columns-is-layout-flex\" style=\"margin-top:75px;margin-bottom:75px\">\n<div class=\"wp-block-column sejourner-accueil is-layout-flow wp-block-column-is-layout-flow\">        <a href=\"https:\/\/www.piratesworld.fr\/de\/unterkuenfte\/hotel-pirate-world\/\"class=\"wp-block-custom-banner has-text-align-left\" target=\"_self\">\n        <div class=\"acf-innerblocks-container\">\n\n<div class=\"wp-block-cover sejourner-accueil-hover\"><span aria-hidden=\"true\" class=\"wp-block-cover__background has-background-dim\"><\/span><img loading=\"lazy\" decoding=\"async\" width=\"1000\" height=\"563\" class=\"wp-block-cover__image-background wp-image-5822\" alt=\"\" src=\"https:\/\/www.piratesworld.fr\/wp-content\/uploads\/hotel-pirate-world-acceuil.jpg\" data-object-fit=\"cover\" srcset=\"https:\/\/www.piratesworld.fr\/wp-content\/uploads\/hotel-pirate-world-acceuil.jpg 1000w, https:\/\/www.piratesworld.fr\/wp-content\/uploads\/hotel-pirate-world-acceuil-768x432.jpg 768w, https:\/\/www.piratesworld.fr\/wp-content\/uploads\/hotel-pirate-world-acceuil-512x288.jpg 512w, https:\/\/www.piratesworld.fr\/wp-content\/uploads\/hotel-pirate-world-acceuil-256x144.jpg 256w\" sizes=\"auto, (max-width: 1000px) 100vw, 1000px\" \/><div class=\"wp-block-cover__inner-container is-layout-flow wp-block-cover-is-layout-flow\">\n<div class=\"wp-block-group is-layout-constrained wp-block-group-is-layout-constrained\">\n<h3 class=\"wp-block-heading has-text-align-left has-large-font-size\">H\u00f4tel Pirates World<\/h3>\n\n\n\n<div class=\"wp-block-group txt-hover is-layout-constrained wp-block-group-is-layout-constrained\">\n<p>Weltweit einzigartig. Dieses Hotel l\u00e4sst Sie in den Luxus der Piraten\u00e4ra eintauchen.<\/p>\n\n\n\n<div class=\"wp-block-buttons is-hidden is-layout-flex wp-block-buttons-is-layout-flex\">\n<div class=\"wp-block-button btn-white\"><a class=\"wp-block-button__link wp-element-button\" href=\"https:\/\/www.piratesworld.fr\/de\/unterkuenfte\/hotel-pirate-world\/\">Mehr erfahren<\/a><\/div>\n\n\n\n<div class=\"wp-block-button btn-white\"><a class=\"wp-block-button__link wp-element-button\" href=\"https:\/\/www.secure-hotel-booking.com\/smart\/hotel-cap-pirate-cap-d-agde\/JKRZ-27970\/fr-FR\/\" target=\"_blank\" rel=\"noreferrer noopener\">Buchen<\/a><\/div>\n<\/div>\n<\/div>\n<\/div>\n<\/div><\/div>\n\n<\/div>\n        <\/a>\n<\/div>\n\n\n\n<div class=\"wp-block-column sejourner-accueil is-layout-flow wp-block-column-is-layout-flow\">        <a href=\"https:\/\/www.piratesworld.fr\/de\/unterkuenfte\/cap-pirate\/\"class=\"wp-block-custom-banner has-text-align-left\" target=\"_self\">\n        <div class=\"acf-innerblocks-container\">\n\n<div class=\"wp-block-cover sejourner-accueil-hover\"><span aria-hidden=\"true\" class=\"wp-block-cover__background has-background-dim\"><\/span><img loading=\"lazy\" decoding=\"async\" width=\"1000\" height=\"667\" class=\"wp-block-cover__image-background wp-image-5821\" alt=\"\" src=\"https:\/\/www.piratesworld.fr\/wp-content\/uploads\/cap-pirate-accueil.jpg\" data-object-fit=\"cover\" srcset=\"https:\/\/www.piratesworld.fr\/wp-content\/uploads\/cap-pirate-accueil.jpg 1000w, https:\/\/www.piratesworld.fr\/wp-content\/uploads\/cap-pirate-accueil-768x512.jpg 768w, https:\/\/www.piratesworld.fr\/wp-content\/uploads\/cap-pirate-accueil-512x342.jpg 512w, https:\/\/www.piratesworld.fr\/wp-content\/uploads\/cap-pirate-accueil-256x171.jpg 256w\" sizes=\"auto, (max-width: 1000px) 100vw, 1000px\" \/><div class=\"wp-block-cover__inner-container is-layout-flow wp-block-cover-is-layout-flow\">\n<div class=\"wp-block-group is-layout-constrained wp-block-group-is-layout-constrained\">\n<h3 class=\"wp-block-heading has-text-align-left has-large-font-size\">H\u00f4tel Cap Pirate****<\/h3>\n\n\n\n<div class=\"wp-block-group txt-hover is-layout-constrained wp-block-group-is-layout-constrained\">\n<p>Sie werden sich wie ein echter Pirat f\u00fchlen! Geschaffen f\u00fcr alle geschichts- und luxushungrigen Abenteurer.<\/p>\n\n\n\n<div class=\"wp-block-buttons is-hidden is-layout-flex wp-block-buttons-is-layout-flex\">\n<div class=\"wp-block-button btn-white\"><a class=\"wp-block-button__link wp-element-button\" href=\"https:\/\/www.piratesworld.fr\/de\/unterkuenfte\/cap-pirate\/\">Mehr erfahren<\/a><\/div>\n\n\n\n<div class=\"wp-block-button btn-white\"><a class=\"wp-block-button__link wp-element-button\" href=\"https:\/\/www.secure-hotel-booking.com\/smart\/hotel-cap-pirate-cap-d-agde\/JKRZ-26541\/fr-FR\/\" target=\"_blank\" rel=\"noreferrer noopener\">Buchen<\/a><\/div>\n<\/div>\n<\/div>\n<\/div>\n<\/div><\/div>\n\n<\/div>\n        <\/a>\n<\/div>\n\n\n\n<div class=\"wp-block-column sejourner-accueil is-layout-flow wp-block-column-is-layout-flow\">        <a href=\"https:\/\/www.piratesworld.fr\/de\/unterkuenfte\/les-sables-dor\/\"class=\"wp-block-custom-banner has-text-align-left\" target=\"_self\">\n        <div class=\"acf-innerblocks-container\">\n\n<div class=\"wp-block-cover is-light sejourner-accueil-hover\"><span aria-hidden=\"true\" class=\"wp-block-cover__background has-background-dim\"><\/span><img loading=\"lazy\" decoding=\"async\" width=\"1000\" height=\"667\" class=\"wp-block-cover__image-background wp-image-5823\" alt=\"\" src=\"https:\/\/www.piratesworld.fr\/wp-content\/uploads\/sables-dor-accueil.jpg\" data-object-fit=\"cover\" srcset=\"https:\/\/www.piratesworld.fr\/wp-content\/uploads\/sables-dor-accueil.jpg 1000w, https:\/\/www.piratesworld.fr\/wp-content\/uploads\/sables-dor-accueil-768x512.jpg 768w, https:\/\/www.piratesworld.fr\/wp-content\/uploads\/sables-dor-accueil-512x342.jpg 512w, https:\/\/www.piratesworld.fr\/wp-content\/uploads\/sables-dor-accueil-256x171.jpg 256w\" sizes=\"auto, (max-width: 1000px) 100vw, 1000px\" \/><div class=\"wp-block-cover__inner-container is-layout-flow wp-block-cover-is-layout-flow\">\n<div class=\"wp-block-group is-layout-constrained wp-block-group-is-layout-constrained\">\n<h3 class=\"wp-block-heading has-text-align-left has-theme-white-color has-text-color has-large-font-size\">Camping les Sables d&#8217;Or ****<\/h3>\n\n\n\n<div class=\"wp-block-group txt-hover is-layout-constrained wp-block-group-is-layout-constrained\">\n<p class=\"has-theme-white-color has-text-color\">Au\u00dfergew\u00f6hnlicher Aufenthalt im Herzen eines Pinien- und Pappelwaldes mit direktem Zugang zum Strand.<\/p>\n\n\n\n<div class=\"wp-block-buttons is-hidden is-layout-flex wp-block-buttons-is-layout-flex\">\n<div class=\"wp-block-button btn-white\"><a class=\"wp-block-button__link wp-element-button\" href=\"https:\/\/www.piratesworld.fr\/de\/unterkuenfte\/les-sables-dor\/\">Mehr erfahren<\/a><\/div>\n\n\n\n<div class=\"wp-block-button btn-white\"><a class=\"wp-block-button__link wp-element-button\" href=\"https:\/\/thelisresa.webcamp.fr\/?camping=sablesor34&amp;lang=de\" target=\"_blank\" rel=\"noreferrer noopener\">Buchen<\/a><\/div>\n<\/div>\n<\/div>\n<\/div>\n<\/div><\/div>\n\n<\/div>\n        <\/a>\n<\/div>\n<\/div>\n","protected":false},"excerpt":{"rendered":"<p>Planen Sie Ihren Aufenthalt bei uns, f\u00fcr ein Rundumerlebnis Warum in den Unterk\u00fcnften von Pirates World \u00fcbernachten? &#8220;Eine Woche ist nicht genug!\u201c &#8220;Der Strand f\u00fcr die Eltern und der Park f\u00fcr die Kinder!&#8221; &#8220;Eine Auswahl an Aktivit\u00e4ten, die Sie tags\u00fcber und abends unternehmen k\u00f6nnen, f\u00fcr jeden Geschmack und ohnegleichen!&#8221; &#8220;Wundersch\u00f6ne Infrastruktur, darunter die 2 immersivsten [&hellip;]<\/p>\n","protected":false},"author":5,"featured_media":0,"parent":0,"menu_order":13,"comment_status":"closed","ping_status":"closed","template":"","meta":{"_acf_changed":false,"inline_featured_image":false,"footnotes":""},"class_list":["post-7698","page","type-page","status-publish","hentry"],"acf":[],"featured_image_src":null,"yoast_head":"<!-- This site is optimized with the Yoast SEO plugin v26.7 - https:\/\/yoast.com\/wordpress\/plugins\/seo\/ -->\n<title>Die Unterk\u00fcnfte im Komplex Pirates World in Cap d&#039;Agde<\/title>\n<meta name=\"description\" content=\"F\u00fchlen Sie sich wie ein echter Pirat und genie\u00dfen Sie einen au\u00dfergew\u00f6hnlichen Aufenthalt im Komplex Pirates World in Cap d&#039;Agde.\" \/>\n<meta name=\"robots\" content=\"index, follow, max-snippet:-1, max-image-preview:large, max-video-preview:-1\" \/>\n<link rel=\"canonical\" href=\"https:\/\/www.piratesworld.fr\/de\/unterkuenfte\/\" \/>\n<meta property=\"og:locale\" content=\"de_DE\" \/>\n<meta property=\"og:type\" content=\"article\" \/>\n<meta property=\"og:title\" content=\"Die Unterk\u00fcnfte im Komplex Pirates World in Cap d&#039;Agde\" \/>\n<meta property=\"og:description\" content=\"F\u00fchlen Sie sich wie ein echter Pirat und genie\u00dfen Sie einen au\u00dfergew\u00f6hnlichen Aufenthalt im Komplex Pirates World in Cap d&#039;Agde.\" \/>\n<meta property=\"og:url\" content=\"https:\/\/www.piratesworld.fr\/de\/unterkuenfte\/\" \/>\n<meta property=\"og:site_name\" content=\"Pirates World\" \/>\n<meta property=\"article:modified_time\" content=\"2024-06-21T11:21:45+00:00\" \/>\n<meta property=\"og:image\" content=\"https:\/\/www.piratesworld.fr\/wp-content\/uploads\/default.jpg\" \/>\n<meta name=\"twitter:card\" content=\"summary_large_image\" \/>\n<meta name=\"twitter:label1\" content=\"Gesch\u00e4tzte Lesezeit\" \/>\n\t<meta name=\"twitter:data1\" content=\"4\u00a0Minuten\" \/>\n<script type=\"application\/ld+json\" class=\"yoast-schema-graph\">{\"@context\":\"https:\/\/schema.org\",\"@graph\":[{\"@type\":\"WebPage\",\"@id\":\"https:\/\/www.piratesworld.fr\/de\/unterkuenfte\/\",\"url\":\"https:\/\/www.piratesworld.fr\/de\/unterkuenfte\/\",\"name\":\"Die Unterk\u00fcnfte im Komplex Pirates World in Cap d'Agde\",\"isPartOf\":{\"@id\":\"https:\/\/www.piratesworld.fr\/de\/#website\"},\"primaryImageOfPage\":{\"@id\":\"https:\/\/www.piratesworld.fr\/de\/unterkuenfte\/#primaryimage\"},\"image\":{\"@id\":\"https:\/\/www.piratesworld.fr\/de\/unterkuenfte\/#primaryimage\"},\"thumbnailUrl\":\"https:\/\/www.piratesworld.fr\/wp-content\/uploads\/default.jpg\",\"datePublished\":\"2023-05-08T13:51:09+00:00\",\"dateModified\":\"2024-06-21T11:21:45+00:00\",\"description\":\"F\u00fchlen Sie sich wie ein echter Pirat und genie\u00dfen Sie einen au\u00dfergew\u00f6hnlichen Aufenthalt im Komplex Pirates World in Cap d'Agde.\",\"breadcrumb\":{\"@id\":\"https:\/\/www.piratesworld.fr\/de\/unterkuenfte\/#breadcrumb\"},\"inLanguage\":\"de\",\"potentialAction\":[{\"@type\":\"ReadAction\",\"target\":[\"https:\/\/www.piratesworld.fr\/de\/unterkuenfte\/\"]}]},{\"@type\":\"ImageObject\",\"inLanguage\":\"de\",\"@id\":\"https:\/\/www.piratesworld.fr\/de\/unterkuenfte\/#primaryimage\",\"url\":\"https:\/\/www.piratesworld.fr\/wp-content\/uploads\/default.jpg\",\"contentUrl\":\"https:\/\/www.piratesworld.fr\/wp-content\/uploads\/default.jpg\"},{\"@type\":\"BreadcrumbList\",\"@id\":\"https:\/\/www.piratesworld.fr\/de\/unterkuenfte\/#breadcrumb\",\"itemListElement\":[{\"@type\":\"ListItem\",\"position\":1,\"name\":\"Accueil\",\"item\":\"https:\/\/www.piratesworld.fr\/de\/\"},{\"@type\":\"ListItem\",\"position\":2,\"name\":\"Unterk\u00fcnfte\"}]},{\"@type\":\"WebSite\",\"@id\":\"https:\/\/www.piratesworld.fr\/de\/#website\",\"url\":\"https:\/\/www.piratesworld.fr\/de\/\",\"name\":\"Pirates World\",\"description\":\"Site officiel\",\"publisher\":{\"@id\":\"https:\/\/www.piratesworld.fr\/de\/#organization\"},\"potentialAction\":[{\"@type\":\"SearchAction\",\"target\":{\"@type\":\"EntryPoint\",\"urlTemplate\":\"https:\/\/www.piratesworld.fr\/de\/?s={search_term_string}\"},\"query-input\":{\"@type\":\"PropertyValueSpecification\",\"valueRequired\":true,\"valueName\":\"search_term_string\"}}],\"inLanguage\":\"de\"},{\"@type\":\"Organization\",\"@id\":\"https:\/\/www.piratesworld.fr\/de\/#organization\",\"name\":\"Pirates World\",\"url\":\"https:\/\/www.piratesworld.fr\/de\/\",\"logo\":{\"@type\":\"ImageObject\",\"inLanguage\":\"de\",\"@id\":\"https:\/\/www.piratesworld.fr\/de\/#\/schema\/logo\/image\/\",\"url\":\"https:\/\/www.piratesworld.fr\/wp-content\/uploads\/logo-pirates-world.png\",\"contentUrl\":\"https:\/\/www.piratesworld.fr\/wp-content\/uploads\/logo-pirates-world.png\",\"width\":400,\"height\":400,\"caption\":\"Pirates World\"},\"image\":{\"@id\":\"https:\/\/www.piratesworld.fr\/de\/#\/schema\/logo\/image\/\"}}]}<\/script>\n<!-- \/ Yoast SEO plugin. -->","yoast_head_json":{"title":"Die Unterk\u00fcnfte im Komplex Pirates World in Cap d'Agde","description":"F\u00fchlen Sie sich wie ein echter Pirat und genie\u00dfen Sie einen au\u00dfergew\u00f6hnlichen Aufenthalt im Komplex Pirates World in Cap d'Agde.","robots":{"index":"index","follow":"follow","max-snippet":"max-snippet:-1","max-image-preview":"max-image-preview:large","max-video-preview":"max-video-preview:-1"},"canonical":"https:\/\/www.piratesworld.fr\/de\/unterkuenfte\/","og_locale":"de_DE","og_type":"article","og_title":"Die Unterk\u00fcnfte im Komplex Pirates World in Cap d'Agde","og_description":"F\u00fchlen Sie sich wie ein echter Pirat und genie\u00dfen Sie einen au\u00dfergew\u00f6hnlichen Aufenthalt im Komplex Pirates World in Cap d'Agde.","og_url":"https:\/\/www.piratesworld.fr\/de\/unterkuenfte\/","og_site_name":"Pirates World","article_modified_time":"2024-06-21T11:21:45+00:00","og_image":[{"url":"https:\/\/www.piratesworld.fr\/wp-content\/uploads\/default.jpg","type":"","width":"","height":""}],"twitter_card":"summary_large_image","twitter_misc":{"Gesch\u00e4tzte Lesezeit":"4\u00a0Minuten"},"schema":{"@context":"https:\/\/schema.org","@graph":[{"@type":"WebPage","@id":"https:\/\/www.piratesworld.fr\/de\/unterkuenfte\/","url":"https:\/\/www.piratesworld.fr\/de\/unterkuenfte\/","name":"Die Unterk\u00fcnfte im Komplex Pirates World in Cap d'Agde","isPartOf":{"@id":"https:\/\/www.piratesworld.fr\/de\/#website"},"primaryImageOfPage":{"@id":"https:\/\/www.piratesworld.fr\/de\/unterkuenfte\/#primaryimage"},"image":{"@id":"https:\/\/www.piratesworld.fr\/de\/unterkuenfte\/#primaryimage"},"thumbnailUrl":"https:\/\/www.piratesworld.fr\/wp-content\/uploads\/default.jpg","datePublished":"2023-05-08T13:51:09+00:00","dateModified":"2024-06-21T11:21:45+00:00","description":"F\u00fchlen Sie sich wie ein echter Pirat und genie\u00dfen Sie einen au\u00dfergew\u00f6hnlichen Aufenthalt im Komplex Pirates World in Cap d'Agde.","breadcrumb":{"@id":"https:\/\/www.piratesworld.fr\/de\/unterkuenfte\/#breadcrumb"},"inLanguage":"de","potentialAction":[{"@type":"ReadAction","target":["https:\/\/www.piratesworld.fr\/de\/unterkuenfte\/"]}]},{"@type":"ImageObject","inLanguage":"de","@id":"https:\/\/www.piratesworld.fr\/de\/unterkuenfte\/#primaryimage","url":"https:\/\/www.piratesworld.fr\/wp-content\/uploads\/default.jpg","contentUrl":"https:\/\/www.piratesworld.fr\/wp-content\/uploads\/default.jpg"},{"@type":"BreadcrumbList","@id":"https:\/\/www.piratesworld.fr\/de\/unterkuenfte\/#breadcrumb","itemListElement":[{"@type":"ListItem","position":1,"name":"Accueil","item":"https:\/\/www.piratesworld.fr\/de\/"},{"@type":"ListItem","position":2,"name":"Unterk\u00fcnfte"}]},{"@type":"WebSite","@id":"https:\/\/www.piratesworld.fr\/de\/#website","url":"https:\/\/www.piratesworld.fr\/de\/","name":"Pirates World","description":"Site officiel","publisher":{"@id":"https:\/\/www.piratesworld.fr\/de\/#organization"},"potentialAction":[{"@type":"SearchAction","target":{"@type":"EntryPoint","urlTemplate":"https:\/\/www.piratesworld.fr\/de\/?s={search_term_string}"},"query-input":{"@type":"PropertyValueSpecification","valueRequired":true,"valueName":"search_term_string"}}],"inLanguage":"de"},{"@type":"Organization","@id":"https:\/\/www.piratesworld.fr\/de\/#organization","name":"Pirates World","url":"https:\/\/www.piratesworld.fr\/de\/","logo":{"@type":"ImageObject","inLanguage":"de","@id":"https:\/\/www.piratesworld.fr\/de\/#\/schema\/logo\/image\/","url":"https:\/\/www.piratesworld.fr\/wp-content\/uploads\/logo-pirates-world.png","contentUrl":"https:\/\/www.piratesworld.fr\/wp-content\/uploads\/logo-pirates-world.png","width":400,"height":400,"caption":"Pirates World"},"image":{"@id":"https:\/\/www.piratesworld.fr\/de\/#\/schema\/logo\/image\/"}}]}},"_links":{"self":[{"href":"https:\/\/www.piratesworld.fr\/de\/wp-json\/wp\/v2\/pages\/7698","targetHints":{"allow":["GET"]}}],"collection":[{"href":"https:\/\/www.piratesworld.fr\/de\/wp-json\/wp\/v2\/pages"}],"about":[{"href":"https:\/\/www.piratesworld.fr\/de\/wp-json\/wp\/v2\/types\/page"}],"author":[{"embeddable":true,"href":"https:\/\/www.piratesworld.fr\/de\/wp-json\/wp\/v2\/users\/5"}],"replies":[{"embeddable":true,"href":"https:\/\/www.piratesworld.fr\/de\/wp-json\/wp\/v2\/comments?post=7698"}],"version-history":[{"count":4,"href":"https:\/\/www.piratesworld.fr\/de\/wp-json\/wp\/v2\/pages\/7698\/revisions"}],"predecessor-version":[{"id":11916,"href":"https:\/\/www.piratesworld.fr\/de\/wp-json\/wp\/v2\/pages\/7698\/revisions\/11916"}],"wp:attachment":[{"href":"https:\/\/www.piratesworld.fr\/de\/wp-json\/wp\/v2\/media?parent=7698"}],"curies":[{"name":"wp","href":"https:\/\/api.w.org\/{rel}","templated":true}]}}