{"id":7711,"date":"2023-05-18T12:38:42","date_gmt":"2023-05-18T10:38:42","guid":{"rendered":"http:\/\/www.piratesworld.fr\/restauration\/bar-la-taverne-2\/"},"modified":"2024-02-07T15:49:09","modified_gmt":"2024-02-07T14:49:09","slug":"imbiss-catering-la-taverne","status":"publish","type":"page","link":"https:\/\/www.piratesworld.fr\/de\/gastronomie\/imbiss-catering-la-taverne\/","title":{"rendered":"Imbiss\/Catering La Taverne"},"content":{"rendered":"\n<div class=\"wp-block-group alignfull bg-top over-y-vi is-layout-flow wp-block-group-is-layout-flow\" style=\"margin-top:0px;margin-bottom:0px\">\n<div class=\"wp-block-cover is-style-no-margin border-radius-bottom titre-banner has-animation\" style=\"min-height:100vh;aspect-ratio:unset;\"><span aria-hidden=\"true\" class=\"wp-block-cover__background has-background-dim-30 has-background-dim wp-block-cover__gradient-background has-background-gradient\" style=\"background:linear-gradient(180deg,rgb(0,26,41) 13%,rgba(255,255,255,0) 100%)\"><\/span><img loading=\"lazy\" decoding=\"async\" width=\"1960\" height=\"1200\" class=\"wp-block-cover__image-background wp-image-4778\" alt=\"\" src=\"https:\/\/www.piratesworld.fr\/wp-content\/uploads\/default.jpg\" style=\"object-position:3% 27%\" data-object-fit=\"cover\" data-object-position=\"3% 27%\" srcset=\"https:\/\/www.piratesworld.fr\/wp-content\/uploads\/default.jpg 1960w, https:\/\/www.piratesworld.fr\/wp-content\/uploads\/default-1024x627.jpg 1024w, https:\/\/www.piratesworld.fr\/wp-content\/uploads\/default-768x470.jpg 768w, https:\/\/www.piratesworld.fr\/wp-content\/uploads\/default-1536x940.jpg 1536w, https:\/\/www.piratesworld.fr\/wp-content\/uploads\/default-512x313.jpg 512w, https:\/\/www.piratesworld.fr\/wp-content\/uploads\/default-256x157.jpg 256w\" sizes=\"auto, (max-width: 1960px) 100vw, 1960px\" \/><div class=\"wp-block-cover__inner-container is-layout-flow wp-block-cover-is-layout-flow\">\n<div class=\"wp-block-group animation--init--once animation--top is-layout-constrained wp-block-group-is-layout-constrained\">\n<h1 class=\"wp-block-heading has-text-align-left has-theme-white-color has-text-color has-proxima-nova-font-family has-h-1-font-size\" style=\"font-style:normal;font-weight:600;letter-spacing:1px\">Imbiss\/Catering <br>La Taverne<\/h1>\n<\/div>\n<\/div><\/div>\n<\/div>\n\n\n\n<div class=\"wp-block-group alignwide has-animation is-layout-constrained wp-block-group-is-layout-constrained\" style=\"margin-top:75px;margin-bottom:75px\">\n<figure class=\"wp-block-image size-large is-resized wp-duotone-bd9415-fff-1\"><img decoding=\"async\" src=\"https:\/\/www.piratesworld.fr\/wp-content\/uploads\/restaurante-icons.svg\" alt=\"\" class=\"wp-image-4844\" style=\"object-fit:cover;width:50px;height:50px\"\/><\/figure>\n\n\n\n<h2 class=\"wp-block-heading has-text-align-left has-theme-brun-fonce-color has-text-color\">Snack\/Traiteur la Taverne<\/h2>\n\n\n\n<div class=\"wp-block-columns rest-remarquable is-layout-flex wp-container-core-columns-is-layout-28f84493 wp-block-columns-is-layout-flex\">\n<div class=\"wp-block-column is-layout-flow wp-block-column-is-layout-flow\">\n<div class=\"wp-block-group is-nowrap is-layout-flex wp-container-core-group-is-layout-e088cbc5 wp-block-group-is-layout-flex\">\n<figure class=\"wp-block-image size-large wp-duotone-bd9415-fff-2\"><img decoding=\"async\" src=\"https:\/\/www.piratesworld.fr\/wp-content\/uploads\/location-dot-solid.svg\" alt=\"\" class=\"wp-image-6131\"\/><\/figure>\n\n\n\n<p>Pirates World<\/p>\n<\/div>\n<\/div>\n\n\n\n<div class=\"wp-block-column is-layout-flow wp-block-column-is-layout-flow\">\n<div class=\"wp-block-group is-nowrap is-layout-flex wp-container-core-group-is-layout-e088cbc5 wp-block-group-is-layout-flex\">\n<figure class=\"wp-block-image size-large wp-duotone-bd9415-fff-3\"><img decoding=\"async\" src=\"https:\/\/www.piratesworld.fr\/wp-content\/uploads\/euro-sign-solid.svg\" alt=\"\" class=\"wp-image-6150\"\/><\/figure>\n\n\n\n<p>5-15 \u20ac<\/p>\n<\/div>\n<\/div>\n\n\n\n<div class=\"wp-block-column is-layout-flow wp-block-column-is-layout-flow\">\n<div class=\"wp-block-group is-nowrap is-layout-flex wp-container-core-group-is-layout-e088cbc5 wp-block-group-is-layout-flex\">\n<figure class=\"wp-block-image size-full wp-duotone-bd9415-fff-4\"><img loading=\"lazy\" decoding=\"async\" width=\"512\" height=\"512\" src=\"https:\/\/www.piratesworld.fr\/wp-content\/uploads\/style.png\" alt=\"\" class=\"wp-image-6745\" srcset=\"https:\/\/www.piratesworld.fr\/wp-content\/uploads\/style.png 512w, https:\/\/www.piratesworld.fr\/wp-content\/uploads\/style-200x200.png 200w, https:\/\/www.piratesworld.fr\/wp-content\/uploads\/style-256x256.png 256w\" sizes=\"auto, (max-width: 512px) 100vw, 512px\" \/><\/figure>\n\n\n\n<p>B\u00e4ckerei\/Konditorei \u2013 Imbiss \u2013 Catering \u2013 Pizza \u2013 Eis \/ Churros \u2013 Bar \u2013 Terrasse\/Show<\/p>\n<\/div>\n<\/div>\n\n\n\n<div class=\"wp-block-column is-layout-flow wp-block-column-is-layout-flow\">\n<div class=\"wp-block-group is-nowrap is-layout-flex wp-container-core-group-is-layout-e088cbc5 wp-block-group-is-layout-flex\">\n<figure class=\"wp-block-image size-full wp-duotone-bd9415-fff-5\"><img loading=\"lazy\" decoding=\"async\" width=\"512\" height=\"512\" src=\"https:\/\/www.piratesworld.fr\/wp-content\/uploads\/repas.png\" alt=\"\" class=\"wp-image-6744\" srcset=\"https:\/\/www.piratesworld.fr\/wp-content\/uploads\/repas.png 512w, https:\/\/www.piratesworld.fr\/wp-content\/uploads\/repas-200x200.png 200w, https:\/\/www.piratesworld.fr\/wp-content\/uploads\/repas-256x256.png 256w\" sizes=\"auto, (max-width: 512px) 100vw, 512px\" \/><\/figure>\n\n\n\n<p>von 8 bis 0 Uhr<\/p>\n<\/div>\n<\/div>\n<\/div>\n\n\n\n<p>Pa\u00eblla, Rotisserie, traditioneller Imbiss, italienisches Eis, Churros usw. Alle Elemente f\u00fcr eine gute Mahlzeit sind hier zu finden.<\/p>\n\n\n\n<p>Innerhalb des Wasserparks und abends zug\u00e4nglich f\u00fcr eine Pause zu jeder Tageszeit.<\/p>\n\n\n\n<p>Genie\u00dfen Sie am Abend die B\u00fchne f\u00fcr gro\u00dfe Kabarettvorstellungen wie Zauberer, Orchester, Auftritte der Animateure, gro\u00dfe Shows f\u00fcr Gro\u00df und Klein&#8230;<\/p>\n\n\n\n<p>Aber auch unsere gro\u00dfe Tanzfl\u00e4che ist der Treffpunkt f\u00fcr unsere Tanzabende und Mini-Disco.<\/p>\n\n\n\n<div class=\"wp-block-buttons is-layout-flex wp-block-buttons-is-layout-flex\">\n<div class=\"wp-block-button\"><a class=\"wp-block-button__link wp-element-button\"><mark style=\"background-color:rgba(0, 0, 0, 0)\" class=\"has-inline-color has-theme-brun-clair-color\">SNACK-MEN\u00dc<\/mark><\/a><\/div>\n<\/div>\n\n\n\n<div class=\"wp-image-slider sp-heber has-text-align-left has-custom-margin aspect-ratio-1_1\" style=\"margin-top:50px;margin-bottom:30px;\">\n\n                        \n                                \n                    <script>\n                        'use strict';\n\n                        document.addEventListener('DOMContentLoaded', function () {\n\n                            (function() {\n                                const blockSlide = new Splide( '#slide_197', {\n                                    type : 'loop',\n                                    perPage: 3,\n                                                                        \n                                    breakpoints: {\n                                        800: {\n                                            perPage: 3,\n                                                                                    },\n                                        450: {\n                                            perPage: 1,\n                                                                                                padding: 0,\n                                                \n                                        },\n                                    },\n                                    pagination: true,\n                                    arrows: false,\n                                    gap: 'var(--wp--style--block-gap)',\n                                    i18n: {\n                                        slideLabel: '0%s \/ 0%s',\n                                    }\n                                } );\n                                \n                                blockSlide.mount();\n                            })();\n                        })\n                    <\/script>\n\n                    <div class=\"slider-container\"><div class=\"splide galeria-slider galeria-columnas-3\" id=\"slide_197\"><div class=\"splide__track\"><div class=\"splide__list\"><a href=\"https:\/\/www.piratesworld.fr\/wp-content\/uploads\/taverne-1.jpg\" id=\"thumb-6650\" class=\"splide__slide image-link\" data-gallery=\"slide_197\"  data-counter=\"01\/03\" alt=\" \" class=\"image-link\"><div class=\"image-wrapper\"><img loading=\"lazy\" decoding=\"async\" width=\"1000\" height=\"664\" src=\"https:\/\/www.piratesworld.fr\/wp-content\/uploads\/taverne-1.jpg\" class=\"attachment-gallery-large size-gallery-large\" alt=\"\" srcset=\"https:\/\/www.piratesworld.fr\/wp-content\/uploads\/taverne-1.jpg 1000w, https:\/\/www.piratesworld.fr\/wp-content\/uploads\/taverne-1-768x510.jpg 768w, https:\/\/www.piratesworld.fr\/wp-content\/uploads\/taverne-1-512x340.jpg 512w, https:\/\/www.piratesworld.fr\/wp-content\/uploads\/taverne-1-256x170.jpg 256w\" sizes=\"auto, (max-width: 1000px) 100vw, 1000px\" \/><\/div><\/a><a href=\"https:\/\/www.piratesworld.fr\/wp-content\/uploads\/taverne-2.jpg\" id=\"thumb-6651\" class=\"splide__slide image-link\" data-gallery=\"slide_197\"  data-counter=\"02\/03\" alt=\" \" class=\"image-link\"><div class=\"image-wrapper\"><img loading=\"lazy\" decoding=\"async\" width=\"1000\" height=\"664\" src=\"https:\/\/www.piratesworld.fr\/wp-content\/uploads\/taverne-2.jpg\" class=\"attachment-gallery-large size-gallery-large\" alt=\"\" srcset=\"https:\/\/www.piratesworld.fr\/wp-content\/uploads\/taverne-2.jpg 1000w, https:\/\/www.piratesworld.fr\/wp-content\/uploads\/taverne-2-768x510.jpg 768w, https:\/\/www.piratesworld.fr\/wp-content\/uploads\/taverne-2-512x340.jpg 512w, https:\/\/www.piratesworld.fr\/wp-content\/uploads\/taverne-2-256x170.jpg 256w\" sizes=\"auto, (max-width: 1000px) 100vw, 1000px\" \/><\/div><\/a><a href=\"https:\/\/www.piratesworld.fr\/wp-content\/uploads\/taverne-3.jpg\" id=\"thumb-6652\" class=\"splide__slide image-link\" data-gallery=\"slide_197\"  data-counter=\"03\/03\" alt=\" \" class=\"image-link\"><div class=\"image-wrapper\"><img loading=\"lazy\" decoding=\"async\" width=\"800\" height=\"600\" src=\"https:\/\/www.piratesworld.fr\/wp-content\/uploads\/taverne-3.jpg\" class=\"attachment-gallery-large size-gallery-large\" alt=\"\" srcset=\"https:\/\/www.piratesworld.fr\/wp-content\/uploads\/taverne-3.jpg 800w, https:\/\/www.piratesworld.fr\/wp-content\/uploads\/taverne-3-768x576.jpg 768w, https:\/\/www.piratesworld.fr\/wp-content\/uploads\/taverne-3-512x384.jpg 512w, https:\/\/www.piratesworld.fr\/wp-content\/uploads\/taverne-3-256x192.jpg 256w\" sizes=\"auto, (max-width: 800px) 100vw, 800px\" \/><\/div><\/a><\/div><\/div><\/div><\/div>\n                    \n<\/div><\/div>\n","protected":false},"excerpt":{"rendered":"<p>Snack\/Traiteur la Taverne Pirates World 5-15 \u20ac B\u00e4ckerei\/Konditorei \u2013 Imbiss \u2013 Catering \u2013 Pizza \u2013 Eis \/ Churros \u2013 Bar \u2013 Terrasse\/Show von 8 bis 0 Uhr Pa\u00eblla, Rotisserie, traditioneller Imbiss, italienisches Eis, Churros usw. Alle Elemente f\u00fcr eine gute Mahlzeit sind hier zu finden. Innerhalb des Wasserparks und abends zug\u00e4nglich f\u00fcr eine Pause zu [&hellip;]<\/p>\n","protected":false},"author":5,"featured_media":0,"parent":7665,"menu_order":2,"comment_status":"closed","ping_status":"closed","template":"","meta":{"_acf_changed":false,"inline_featured_image":false,"footnotes":""},"class_list":["post-7711","page","type-page","status-publish","hentry"],"acf":[],"featured_image_src":null,"yoast_head":"<!-- This site is optimized with the Yoast SEO plugin v26.7 - https:\/\/yoast.com\/wordpress\/plugins\/seo\/ -->\n<title>Imbiss La Taverne bei Pirates World in Cap d&#039;Agde<\/title>\n<meta name=\"description\" content=\"Machen Sie zu jeder Tageszeit eine Pause und entspannen Sie sich im Imbiss La Taverne bei Pirates World in Cap d&#039;Agde\" \/>\n<meta name=\"robots\" content=\"index, follow, max-snippet:-1, max-image-preview:large, max-video-preview:-1\" \/>\n<link rel=\"canonical\" href=\"https:\/\/www.piratesworld.fr\/de\/gastronomie\/imbiss-catering-la-taverne\/\" \/>\n<meta property=\"og:locale\" content=\"de_DE\" \/>\n<meta property=\"og:type\" content=\"article\" \/>\n<meta property=\"og:title\" content=\"Imbiss La Taverne bei Pirates World in Cap d&#039;Agde\" \/>\n<meta property=\"og:description\" content=\"Machen Sie zu jeder Tageszeit eine Pause und entspannen Sie sich im Imbiss La Taverne bei Pirates World in Cap d&#039;Agde\" \/>\n<meta property=\"og:url\" content=\"https:\/\/www.piratesworld.fr\/de\/gastronomie\/imbiss-catering-la-taverne\/\" \/>\n<meta property=\"og:site_name\" content=\"Pirates World\" \/>\n<meta property=\"article:modified_time\" content=\"2024-02-07T14:49:09+00:00\" \/>\n<meta property=\"og:image\" content=\"https:\/\/www.piratesworld.fr\/wp-content\/uploads\/default.jpg\" \/>\n<meta name=\"twitter:card\" content=\"summary_large_image\" \/>\n<meta name=\"twitter:label1\" content=\"Gesch\u00e4tzte Lesezeit\" \/>\n\t<meta name=\"twitter:data1\" content=\"2\u00a0Minuten\" \/>\n<script type=\"application\/ld+json\" class=\"yoast-schema-graph\">{\"@context\":\"https:\/\/schema.org\",\"@graph\":[{\"@type\":\"WebPage\",\"@id\":\"https:\/\/www.piratesworld.fr\/de\/gastronomie\/imbiss-catering-la-taverne\/\",\"url\":\"https:\/\/www.piratesworld.fr\/de\/gastronomie\/imbiss-catering-la-taverne\/\",\"name\":\"Imbiss La Taverne bei Pirates World in Cap d'Agde\",\"isPartOf\":{\"@id\":\"https:\/\/www.piratesworld.fr\/de\/#website\"},\"primaryImageOfPage\":{\"@id\":\"https:\/\/www.piratesworld.fr\/de\/gastronomie\/imbiss-catering-la-taverne\/#primaryimage\"},\"image\":{\"@id\":\"https:\/\/www.piratesworld.fr\/de\/gastronomie\/imbiss-catering-la-taverne\/#primaryimage\"},\"thumbnailUrl\":\"https:\/\/www.piratesworld.fr\/wp-content\/uploads\/default.jpg\",\"datePublished\":\"2023-05-18T10:38:42+00:00\",\"dateModified\":\"2024-02-07T14:49:09+00:00\",\"description\":\"Machen Sie zu jeder Tageszeit eine Pause und entspannen Sie sich im Imbiss La Taverne bei Pirates World in Cap d'Agde\",\"breadcrumb\":{\"@id\":\"https:\/\/www.piratesworld.fr\/de\/gastronomie\/imbiss-catering-la-taverne\/#breadcrumb\"},\"inLanguage\":\"de\",\"potentialAction\":[{\"@type\":\"ReadAction\",\"target\":[\"https:\/\/www.piratesworld.fr\/de\/gastronomie\/imbiss-catering-la-taverne\/\"]}]},{\"@type\":\"ImageObject\",\"inLanguage\":\"de\",\"@id\":\"https:\/\/www.piratesworld.fr\/de\/gastronomie\/imbiss-catering-la-taverne\/#primaryimage\",\"url\":\"https:\/\/www.piratesworld.fr\/wp-content\/uploads\/default.jpg\",\"contentUrl\":\"https:\/\/www.piratesworld.fr\/wp-content\/uploads\/default.jpg\"},{\"@type\":\"BreadcrumbList\",\"@id\":\"https:\/\/www.piratesworld.fr\/de\/gastronomie\/imbiss-catering-la-taverne\/#breadcrumb\",\"itemListElement\":[{\"@type\":\"ListItem\",\"position\":1,\"name\":\"Accueil\",\"item\":\"https:\/\/www.piratesworld.fr\/de\/\"},{\"@type\":\"ListItem\",\"position\":2,\"name\":\"Gastronomie\",\"item\":\"https:\/\/www.piratesworld.fr\/de\/gastronomie\/\"},{\"@type\":\"ListItem\",\"position\":3,\"name\":\"Imbiss\/Catering La Taverne\"}]},{\"@type\":\"WebSite\",\"@id\":\"https:\/\/www.piratesworld.fr\/de\/#website\",\"url\":\"https:\/\/www.piratesworld.fr\/de\/\",\"name\":\"Pirates World\",\"description\":\"Site officiel\",\"publisher\":{\"@id\":\"https:\/\/www.piratesworld.fr\/de\/#organization\"},\"potentialAction\":[{\"@type\":\"SearchAction\",\"target\":{\"@type\":\"EntryPoint\",\"urlTemplate\":\"https:\/\/www.piratesworld.fr\/de\/?s={search_term_string}\"},\"query-input\":{\"@type\":\"PropertyValueSpecification\",\"valueRequired\":true,\"valueName\":\"search_term_string\"}}],\"inLanguage\":\"de\"},{\"@type\":\"Organization\",\"@id\":\"https:\/\/www.piratesworld.fr\/de\/#organization\",\"name\":\"Pirates World\",\"url\":\"https:\/\/www.piratesworld.fr\/de\/\",\"logo\":{\"@type\":\"ImageObject\",\"inLanguage\":\"de\",\"@id\":\"https:\/\/www.piratesworld.fr\/de\/#\/schema\/logo\/image\/\",\"url\":\"https:\/\/www.piratesworld.fr\/wp-content\/uploads\/logo-pirates-world.png\",\"contentUrl\":\"https:\/\/www.piratesworld.fr\/wp-content\/uploads\/logo-pirates-world.png\",\"width\":400,\"height\":400,\"caption\":\"Pirates World\"},\"image\":{\"@id\":\"https:\/\/www.piratesworld.fr\/de\/#\/schema\/logo\/image\/\"}}]}<\/script>\n<!-- \/ Yoast SEO plugin. -->","yoast_head_json":{"title":"Imbiss La Taverne bei Pirates World in Cap d'Agde","description":"Machen Sie zu jeder Tageszeit eine Pause und entspannen Sie sich im Imbiss La Taverne bei Pirates World in Cap d'Agde","robots":{"index":"index","follow":"follow","max-snippet":"max-snippet:-1","max-image-preview":"max-image-preview:large","max-video-preview":"max-video-preview:-1"},"canonical":"https:\/\/www.piratesworld.fr\/de\/gastronomie\/imbiss-catering-la-taverne\/","og_locale":"de_DE","og_type":"article","og_title":"Imbiss La Taverne bei Pirates World in Cap d'Agde","og_description":"Machen Sie zu jeder Tageszeit eine Pause und entspannen Sie sich im Imbiss La Taverne bei Pirates World in Cap d'Agde","og_url":"https:\/\/www.piratesworld.fr\/de\/gastronomie\/imbiss-catering-la-taverne\/","og_site_name":"Pirates World","article_modified_time":"2024-02-07T14:49:09+00:00","og_image":[{"url":"https:\/\/www.piratesworld.fr\/wp-content\/uploads\/default.jpg","type":"","width":"","height":""}],"twitter_card":"summary_large_image","twitter_misc":{"Gesch\u00e4tzte Lesezeit":"2\u00a0Minuten"},"schema":{"@context":"https:\/\/schema.org","@graph":[{"@type":"WebPage","@id":"https:\/\/www.piratesworld.fr\/de\/gastronomie\/imbiss-catering-la-taverne\/","url":"https:\/\/www.piratesworld.fr\/de\/gastronomie\/imbiss-catering-la-taverne\/","name":"Imbiss La Taverne bei Pirates World in Cap d'Agde","isPartOf":{"@id":"https:\/\/www.piratesworld.fr\/de\/#website"},"primaryImageOfPage":{"@id":"https:\/\/www.piratesworld.fr\/de\/gastronomie\/imbiss-catering-la-taverne\/#primaryimage"},"image":{"@id":"https:\/\/www.piratesworld.fr\/de\/gastronomie\/imbiss-catering-la-taverne\/#primaryimage"},"thumbnailUrl":"https:\/\/www.piratesworld.fr\/wp-content\/uploads\/default.jpg","datePublished":"2023-05-18T10:38:42+00:00","dateModified":"2024-02-07T14:49:09+00:00","description":"Machen Sie zu jeder Tageszeit eine Pause und entspannen Sie sich im Imbiss La Taverne bei Pirates World in Cap d'Agde","breadcrumb":{"@id":"https:\/\/www.piratesworld.fr\/de\/gastronomie\/imbiss-catering-la-taverne\/#breadcrumb"},"inLanguage":"de","potentialAction":[{"@type":"ReadAction","target":["https:\/\/www.piratesworld.fr\/de\/gastronomie\/imbiss-catering-la-taverne\/"]}]},{"@type":"ImageObject","inLanguage":"de","@id":"https:\/\/www.piratesworld.fr\/de\/gastronomie\/imbiss-catering-la-taverne\/#primaryimage","url":"https:\/\/www.piratesworld.fr\/wp-content\/uploads\/default.jpg","contentUrl":"https:\/\/www.piratesworld.fr\/wp-content\/uploads\/default.jpg"},{"@type":"BreadcrumbList","@id":"https:\/\/www.piratesworld.fr\/de\/gastronomie\/imbiss-catering-la-taverne\/#breadcrumb","itemListElement":[{"@type":"ListItem","position":1,"name":"Accueil","item":"https:\/\/www.piratesworld.fr\/de\/"},{"@type":"ListItem","position":2,"name":"Gastronomie","item":"https:\/\/www.piratesworld.fr\/de\/gastronomie\/"},{"@type":"ListItem","position":3,"name":"Imbiss\/Catering La Taverne"}]},{"@type":"WebSite","@id":"https:\/\/www.piratesworld.fr\/de\/#website","url":"https:\/\/www.piratesworld.fr\/de\/","name":"Pirates World","description":"Site officiel","publisher":{"@id":"https:\/\/www.piratesworld.fr\/de\/#organization"},"potentialAction":[{"@type":"SearchAction","target":{"@type":"EntryPoint","urlTemplate":"https:\/\/www.piratesworld.fr\/de\/?s={search_term_string}"},"query-input":{"@type":"PropertyValueSpecification","valueRequired":true,"valueName":"search_term_string"}}],"inLanguage":"de"},{"@type":"Organization","@id":"https:\/\/www.piratesworld.fr\/de\/#organization","name":"Pirates World","url":"https:\/\/www.piratesworld.fr\/de\/","logo":{"@type":"ImageObject","inLanguage":"de","@id":"https:\/\/www.piratesworld.fr\/de\/#\/schema\/logo\/image\/","url":"https:\/\/www.piratesworld.fr\/wp-content\/uploads\/logo-pirates-world.png","contentUrl":"https:\/\/www.piratesworld.fr\/wp-content\/uploads\/logo-pirates-world.png","width":400,"height":400,"caption":"Pirates World"},"image":{"@id":"https:\/\/www.piratesworld.fr\/de\/#\/schema\/logo\/image\/"}}]}},"_links":{"self":[{"href":"https:\/\/www.piratesworld.fr\/de\/wp-json\/wp\/v2\/pages\/7711","targetHints":{"allow":["GET"]}}],"collection":[{"href":"https:\/\/www.piratesworld.fr\/de\/wp-json\/wp\/v2\/pages"}],"about":[{"href":"https:\/\/www.piratesworld.fr\/de\/wp-json\/wp\/v2\/types\/page"}],"author":[{"embeddable":true,"href":"https:\/\/www.piratesworld.fr\/de\/wp-json\/wp\/v2\/users\/5"}],"replies":[{"embeddable":true,"href":"https:\/\/www.piratesworld.fr\/de\/wp-json\/wp\/v2\/comments?post=7711"}],"version-history":[{"count":1,"href":"https:\/\/www.piratesworld.fr\/de\/wp-json\/wp\/v2\/pages\/7711\/revisions"}],"predecessor-version":[{"id":7913,"href":"https:\/\/www.piratesworld.fr\/de\/wp-json\/wp\/v2\/pages\/7711\/revisions\/7913"}],"up":[{"embeddable":true,"href":"https:\/\/www.piratesworld.fr\/de\/wp-json\/wp\/v2\/pages\/7665"}],"wp:attachment":[{"href":"https:\/\/www.piratesworld.fr\/de\/wp-json\/wp\/v2\/media?parent=7711"}],"curies":[{"name":"wp","href":"https:\/\/api.w.org\/{rel}","templated":true}]}}