{"id":7727,"date":"2023-05-18T12:58:21","date_gmt":"2023-05-18T10:58:21","guid":{"rendered":"http:\/\/www.piratesworld.fr\/restauration\/lounge-bar-le-poseidon\/"},"modified":"2026-02-18T15:42:46","modified_gmt":"2026-02-18T14:42:46","slug":"lounge-bar-le-poseidon","status":"publish","type":"page","link":"https:\/\/www.piratesworld.fr\/de\/gastronomie\/lounge-bar-le-poseidon\/","title":{"rendered":"Lounge Bar le Pos\u00e9idon"},"content":{"rendered":"\n<div class=\"wp-block-group alignfull bg-top over-y-vi is-layout-flow wp-block-group-is-layout-flow\" style=\"margin-top:0px;margin-bottom:0px\">\n<div class=\"wp-block-cover is-style-no-margin border-radius-bottom titre-banner has-animation\" style=\"min-height:100vh;aspect-ratio:unset;\"><img loading=\"lazy\" decoding=\"async\" width=\"1960\" height=\"1200\" class=\"wp-block-cover__image-background wp-image-4778\" alt=\"\" src=\"https:\/\/www.piratesworld.fr\/wp-content\/uploads\/default.jpg\" style=\"object-position:3% 27%\" data-object-fit=\"cover\" data-object-position=\"3% 27%\" srcset=\"https:\/\/www.piratesworld.fr\/wp-content\/uploads\/default.jpg 1960w, https:\/\/www.piratesworld.fr\/wp-content\/uploads\/default-1024x627.jpg 1024w, https:\/\/www.piratesworld.fr\/wp-content\/uploads\/default-768x470.jpg 768w, https:\/\/www.piratesworld.fr\/wp-content\/uploads\/default-1536x940.jpg 1536w, https:\/\/www.piratesworld.fr\/wp-content\/uploads\/default-512x313.jpg 512w, https:\/\/www.piratesworld.fr\/wp-content\/uploads\/default-256x157.jpg 256w\" sizes=\"auto, (max-width: 1960px) 100vw, 1960px\" \/><span aria-hidden=\"true\" class=\"wp-block-cover__background has-background-dim-30 has-background-dim wp-block-cover__gradient-background has-background-gradient\" style=\"background:linear-gradient(180deg,rgb(0,26,41) 13%,rgba(255,255,255,0) 100%)\"><\/span><div class=\"wp-block-cover__inner-container is-layout-flow wp-block-cover-is-layout-flow\">\n<div class=\"wp-block-group animation--init--once animation--top is-layout-constrained wp-block-group-is-layout-constrained\">\n<h1 class=\"wp-block-heading has-text-align-left has-theme-white-color has-text-color has-proxima-nova-font-family has-h-1-font-size\" style=\"font-style:normal;font-weight:600;letter-spacing:1px\">Lounge Bar <br>Le Pos\u00e9idon<\/h1>\n<\/div>\n<\/div><\/div>\n<\/div>\n\n\n\n<div class=\"wp-block-group alignwide has-animation is-layout-constrained wp-block-group-is-layout-constrained\" style=\"margin-top:75px;margin-bottom:75px\">\n<figure class=\"wp-block-image size-large is-resized wp-duotone-bd9415-fff-1\"><img decoding=\"async\" src=\"https:\/\/www.piratesworld.fr\/wp-content\/uploads\/restaurante-icons.svg\" alt=\"\" class=\"wp-image-4844\" style=\"object-fit:cover;width:50px;height:50px\"\/><\/figure>\n\n\n\n<h2 class=\"wp-block-heading has-text-align-left has-theme-brun-fonce-color has-text-color\">Lounge Bar Le Pos\u00e9idon<\/h2>\n\n\n\n<div class=\"wp-block-columns rest-remarquable is-layout-flex wp-container-core-columns-is-layout-28f84493 wp-block-columns-is-layout-flex\">\n<div class=\"wp-block-column is-layout-flow wp-block-column-is-layout-flow\">\n<div class=\"wp-block-group is-nowrap is-layout-flex wp-container-core-group-is-layout-e088cbc5 wp-block-group-is-layout-flex\">\n<figure class=\"wp-block-image size-large wp-duotone-bd9415-fff-2\"><img decoding=\"async\" src=\"https:\/\/www.piratesworld.fr\/wp-content\/uploads\/location-dot-solid.svg\" alt=\"\" class=\"wp-image-6131\"\/><\/figure>\n\n\n\n<p>Pirates World<\/p>\n<\/div>\n<\/div>\n\n\n\n<div class=\"wp-block-column is-layout-flow wp-block-column-is-layout-flow\">\n<div class=\"wp-block-group is-nowrap is-layout-flex wp-container-core-group-is-layout-e088cbc5 wp-block-group-is-layout-flex\">\n<figure class=\"wp-block-image size-large wp-duotone-bd9415-fff-3\"><img decoding=\"async\" src=\"https:\/\/www.piratesworld.fr\/wp-content\/uploads\/euro-sign-solid.svg\" alt=\"\" class=\"wp-image-6150\"\/><\/figure>\n\n\n\n<p>15-25 \u20ac<\/p>\n<\/div>\n<\/div>\n\n\n\n<div class=\"wp-block-column is-layout-flow wp-block-column-is-layout-flow\">\n<div class=\"wp-block-group is-nowrap is-layout-flex wp-container-core-group-is-layout-e088cbc5 wp-block-group-is-layout-flex\">\n<figure class=\"wp-block-image size-full wp-duotone-bd9415-fff-4\"><img loading=\"lazy\" decoding=\"async\" width=\"512\" height=\"512\" src=\"https:\/\/www.piratesworld.fr\/wp-content\/uploads\/bar.png\" alt=\"\" class=\"wp-image-6746\" srcset=\"https:\/\/www.piratesworld.fr\/wp-content\/uploads\/bar.png 512w, https:\/\/www.piratesworld.fr\/wp-content\/uploads\/bar-200x200.png 200w, https:\/\/www.piratesworld.fr\/wp-content\/uploads\/bar-256x256.png 256w\" sizes=\"auto, (max-width: 512px) 100vw, 512px\" \/><\/figure>\n\n\n\n<p>Cocktailbar und Rumbar<\/p>\n<\/div>\n<\/div>\n\n\n\n<div class=\"wp-block-column is-layout-flow wp-block-column-is-layout-flow\">\n<div class=\"wp-block-group is-nowrap is-layout-flex wp-container-core-group-is-layout-e088cbc5 wp-block-group-is-layout-flex\">\n<figure class=\"wp-block-image size-full wp-duotone-bd9415-fff-5\"><img loading=\"lazy\" decoding=\"async\" width=\"512\" height=\"512\" src=\"https:\/\/www.piratesworld.fr\/wp-content\/uploads\/cocktail.png\" alt=\"\" class=\"wp-image-6770\" srcset=\"https:\/\/www.piratesworld.fr\/wp-content\/uploads\/cocktail.png 512w, https:\/\/www.piratesworld.fr\/wp-content\/uploads\/cocktail-200x200.png 200w, https:\/\/www.piratesworld.fr\/wp-content\/uploads\/cocktail-256x256.png 256w\" sizes=\"auto, (max-width: 512px) 100vw, 512px\" \/><\/figure>\n\n\n\n<p>18-23 Uhr<\/p>\n<\/div>\n<\/div>\n<\/div>\n\n\n\n<p>Entspannen Sie sich und erleben Sie einen au\u00dfergew\u00f6hnlichen Moment an einem einzigartigen Ort bei einem Cocktail!<\/p>\n\n\n\n<p><strong>Im Herzen des Komplexes, vor der Kulisse eines Schiffes, das in den Tiefen des Poseidon versinkt, genie\u00dfen Sie einen guten Cocktail in bequemen Sesseln, die mit Blattgold verziert sind.<\/strong><\/p>\n\n\n\n<p>Die Atmosph\u00e4re in der Lounge Bar Pos\u00e9idon ist der gr\u00f6\u00dften Pariser Bars w\u00fcrdig und bietet einen zus\u00e4tzlichen Vorteil&#8230; Sie werden zum Piraten!<\/p>\n\n\n\n<p>Nur abends 7 Tage die Woche von 18 bis 23 Uhr ge\u00f6ffnet<\/p>\n\n\n\n<p>Reservierung sehr zu empfehlen: <strong>0619283766<\/strong><\/p>\n\n\n\n<div class=\"wp-block-buttons is-layout-flex wp-block-buttons-is-layout-flex\">\n<div class=\"wp-block-button\"><a class=\"wp-block-button__link wp-element-button\" href=\"https:\/\/www.piratesworld.fr\/wp-content\/uploads\/carte-lounge-2026-1-compressed.pdf\" target=\"_blank\" rel=\"noreferrer noopener\"><mark style=\"background-color:rgba(0, 0, 0, 0)\" class=\"has-inline-color has-theme-brun-clair-color\">Karte der Bar<\/mark><\/a><\/div>\n<\/div>\n\n\n\n<div class=\"wp-image-slider sp-heber has-text-align-left has-custom-margin aspect-ratio-1_1\" style=\"margin-top:50px;margin-bottom:30px;\">\n\n                        \n                                \n                    <script>\n                        'use strict';\n\n                        document.addEventListener('DOMContentLoaded', function () {\n\n                            (function() {\n                                const blockSlide = new Splide( '#slide_976', {\n                                    type : 'loop',\n                                    perPage: 3,\n                                                                        \n                                    breakpoints: {\n                                        800: {\n                                            perPage: 3,\n                                                                                    },\n                                        450: {\n                                            perPage: 1,\n                                                                                                padding: 0,\n                                                \n                                        },\n                                    },\n                                    pagination: true,\n                                    arrows: false,\n                                    gap: 'var(--wp--style--block-gap)',\n                                    i18n: {\n                                        slideLabel: '0%s \/ 0%s',\n                                    }\n                                } );\n                                \n                                blockSlide.mount();\n                            })();\n                        })\n                    <\/script>\n\n                    <div class=\"slider-container\"><div class=\"splide galeria-slider galeria-columnas-3\" id=\"slide_976\"><div class=\"splide__track\"><div class=\"splide__list\"><a href=\"https:\/\/www.piratesworld.fr\/wp-content\/uploads\/le-poseidon-003.jpg\" id=\"thumb-6247\" class=\"splide__slide image-link\" data-gallery=\"slide_976\"  data-counter=\"01\/03\" alt=\" \" class=\"image-link\"><div class=\"image-wrapper\"><img loading=\"lazy\" decoding=\"async\" width=\"1000\" height=\"668\" src=\"https:\/\/www.piratesworld.fr\/wp-content\/uploads\/le-poseidon-003.jpg\" class=\"attachment-gallery-large size-gallery-large\" alt=\"\" srcset=\"https:\/\/www.piratesworld.fr\/wp-content\/uploads\/le-poseidon-003.jpg 1000w, https:\/\/www.piratesworld.fr\/wp-content\/uploads\/le-poseidon-003-768x513.jpg 768w, https:\/\/www.piratesworld.fr\/wp-content\/uploads\/le-poseidon-003-512x342.jpg 512w, https:\/\/www.piratesworld.fr\/wp-content\/uploads\/le-poseidon-003-256x171.jpg 256w\" sizes=\"auto, (max-width: 1000px) 100vw, 1000px\" \/><\/div><\/a><a href=\"https:\/\/www.piratesworld.fr\/wp-content\/uploads\/le-poseidon-002.jpg\" id=\"thumb-6248\" class=\"splide__slide image-link\" data-gallery=\"slide_976\"  data-counter=\"02\/03\" alt=\" \" class=\"image-link\"><div class=\"image-wrapper\"><img loading=\"lazy\" decoding=\"async\" width=\"1000\" height=\"668\" src=\"https:\/\/www.piratesworld.fr\/wp-content\/uploads\/le-poseidon-002.jpg\" class=\"attachment-gallery-large size-gallery-large\" alt=\"\" srcset=\"https:\/\/www.piratesworld.fr\/wp-content\/uploads\/le-poseidon-002.jpg 1000w, https:\/\/www.piratesworld.fr\/wp-content\/uploads\/le-poseidon-002-768x513.jpg 768w, https:\/\/www.piratesworld.fr\/wp-content\/uploads\/le-poseidon-002-512x342.jpg 512w, https:\/\/www.piratesworld.fr\/wp-content\/uploads\/le-poseidon-002-256x171.jpg 256w\" sizes=\"auto, (max-width: 1000px) 100vw, 1000px\" \/><\/div><\/a><a href=\"https:\/\/www.piratesworld.fr\/wp-content\/uploads\/le-poseidon-001.jpg\" id=\"thumb-6249\" class=\"splide__slide image-link\" data-gallery=\"slide_976\"  data-counter=\"03\/03\" alt=\" \" class=\"image-link\"><div class=\"image-wrapper\"><img loading=\"lazy\" decoding=\"async\" width=\"1000\" height=\"668\" src=\"https:\/\/www.piratesworld.fr\/wp-content\/uploads\/le-poseidon-001.jpg\" class=\"attachment-gallery-large size-gallery-large\" alt=\"\" srcset=\"https:\/\/www.piratesworld.fr\/wp-content\/uploads\/le-poseidon-001.jpg 1000w, https:\/\/www.piratesworld.fr\/wp-content\/uploads\/le-poseidon-001-768x513.jpg 768w, https:\/\/www.piratesworld.fr\/wp-content\/uploads\/le-poseidon-001-512x342.jpg 512w, https:\/\/www.piratesworld.fr\/wp-content\/uploads\/le-poseidon-001-256x171.jpg 256w\" sizes=\"auto, (max-width: 1000px) 100vw, 1000px\" \/><\/div><\/a><\/div><\/div><\/div><\/div>\n                    \n<\/div><\/div>\n\n\n\n<!-- Zenchef Widget SDK -->\n<script>;(function (d, s, id) {const el = d.getElementsByTagName(s)[0]; if (d.getElementById(id) || el.parentNode == null) {return;} var js = d.createElement(s);  js.id = id; js.async = true; js.src = 'https:\/\/sdk.zenchef.com\/v1\/sdk.min.js';  el.parentNode.insertBefore(js, el); })(document, 'script', 'zenchef-sdk')<\/script>\n<div\n   class=\"zc-widget-config\"\n   data-restaurant=\"375963\"\n   data-open=\"2000\"><\/div>\n","protected":false},"excerpt":{"rendered":"<p>Lounge Bar Le Pos\u00e9idon Pirates World 15-25 \u20ac Cocktailbar und Rumbar 18-23 Uhr Entspannen Sie sich und erleben Sie einen au\u00dfergew\u00f6hnlichen Moment an einem einzigartigen Ort bei einem Cocktail! Im Herzen des Komplexes, vor der Kulisse eines Schiffes, das in den Tiefen des Poseidon versinkt, genie\u00dfen Sie einen guten Cocktail in bequemen Sesseln, die mit [&hellip;]<\/p>\n","protected":false},"author":5,"featured_media":0,"parent":7665,"menu_order":6,"comment_status":"closed","ping_status":"closed","template":"","meta":{"_acf_changed":false,"inline_featured_image":false,"footnotes":""},"class_list":["post-7727","page","type-page","status-publish","hentry"],"acf":[],"featured_image_src":null,"yoast_head":"<!-- This site is optimized with the Yoast SEO plugin v26.7 - https:\/\/yoast.com\/wordpress\/plugins\/seo\/ -->\n<title>Die Lounge Bar Pos\u00e9idon im Komplex Pirates World<\/title>\n<meta name=\"description\" content=\"Kommen Sie und genie\u00dfen Sie die Lounge Bar Pos\u00e9idon, eingetaucht in das Piratenthema im Komplex Pirates World in Cap d&#039;Agde.\" \/>\n<meta name=\"robots\" content=\"index, follow, max-snippet:-1, max-image-preview:large, max-video-preview:-1\" \/>\n<link rel=\"canonical\" href=\"https:\/\/www.piratesworld.fr\/de\/gastronomie\/lounge-bar-le-poseidon\/\" \/>\n<meta property=\"og:locale\" content=\"de_DE\" \/>\n<meta property=\"og:type\" content=\"article\" \/>\n<meta property=\"og:title\" content=\"Die Lounge Bar Pos\u00e9idon im Komplex Pirates World\" \/>\n<meta property=\"og:description\" content=\"Kommen Sie und genie\u00dfen Sie die Lounge Bar Pos\u00e9idon, eingetaucht in das Piratenthema im Komplex Pirates World in Cap d&#039;Agde.\" \/>\n<meta property=\"og:url\" content=\"https:\/\/www.piratesworld.fr\/de\/gastronomie\/lounge-bar-le-poseidon\/\" \/>\n<meta property=\"og:site_name\" content=\"Pirates World\" \/>\n<meta property=\"article:modified_time\" content=\"2026-02-18T14:42:46+00:00\" \/>\n<meta property=\"og:image\" content=\"https:\/\/www.piratesworld.fr\/wp-content\/uploads\/default.jpg\" \/>\n\t<meta property=\"og:image:width\" content=\"1960\" \/>\n\t<meta property=\"og:image:height\" content=\"1200\" \/>\n\t<meta property=\"og:image:type\" content=\"image\/jpeg\" \/>\n<meta name=\"twitter:card\" content=\"summary_large_image\" \/>\n<meta name=\"twitter:label1\" content=\"Gesch\u00e4tzte Lesezeit\" \/>\n\t<meta name=\"twitter:data1\" content=\"2\u00a0Minuten\" \/>\n<script type=\"application\/ld+json\" class=\"yoast-schema-graph\">{\"@context\":\"https:\/\/schema.org\",\"@graph\":[{\"@type\":\"WebPage\",\"@id\":\"https:\/\/www.piratesworld.fr\/de\/gastronomie\/lounge-bar-le-poseidon\/\",\"url\":\"https:\/\/www.piratesworld.fr\/de\/gastronomie\/lounge-bar-le-poseidon\/\",\"name\":\"Die Lounge Bar Pos\u00e9idon im Komplex Pirates World\",\"isPartOf\":{\"@id\":\"https:\/\/www.piratesworld.fr\/de\/#website\"},\"primaryImageOfPage\":{\"@id\":\"https:\/\/www.piratesworld.fr\/de\/gastronomie\/lounge-bar-le-poseidon\/#primaryimage\"},\"image\":{\"@id\":\"https:\/\/www.piratesworld.fr\/de\/gastronomie\/lounge-bar-le-poseidon\/#primaryimage\"},\"thumbnailUrl\":\"https:\/\/www.piratesworld.fr\/wp-content\/uploads\/default.jpg\",\"datePublished\":\"2023-05-18T10:58:21+00:00\",\"dateModified\":\"2026-02-18T14:42:46+00:00\",\"description\":\"Kommen Sie und genie\u00dfen Sie die Lounge Bar Pos\u00e9idon, eingetaucht in das Piratenthema im Komplex Pirates World in Cap d'Agde.\",\"breadcrumb\":{\"@id\":\"https:\/\/www.piratesworld.fr\/de\/gastronomie\/lounge-bar-le-poseidon\/#breadcrumb\"},\"inLanguage\":\"de\",\"potentialAction\":[{\"@type\":\"ReadAction\",\"target\":[\"https:\/\/www.piratesworld.fr\/de\/gastronomie\/lounge-bar-le-poseidon\/\"]}]},{\"@type\":\"ImageObject\",\"inLanguage\":\"de\",\"@id\":\"https:\/\/www.piratesworld.fr\/de\/gastronomie\/lounge-bar-le-poseidon\/#primaryimage\",\"url\":\"https:\/\/www.piratesworld.fr\/wp-content\/uploads\/default.jpg\",\"contentUrl\":\"https:\/\/www.piratesworld.fr\/wp-content\/uploads\/default.jpg\"},{\"@type\":\"BreadcrumbList\",\"@id\":\"https:\/\/www.piratesworld.fr\/de\/gastronomie\/lounge-bar-le-poseidon\/#breadcrumb\",\"itemListElement\":[{\"@type\":\"ListItem\",\"position\":1,\"name\":\"Accueil\",\"item\":\"https:\/\/www.piratesworld.fr\/de\/\"},{\"@type\":\"ListItem\",\"position\":2,\"name\":\"Gastronomie\",\"item\":\"https:\/\/www.piratesworld.fr\/de\/gastronomie\/\"},{\"@type\":\"ListItem\",\"position\":3,\"name\":\"Lounge Bar le Pos\u00e9idon\"}]},{\"@type\":\"WebSite\",\"@id\":\"https:\/\/www.piratesworld.fr\/de\/#website\",\"url\":\"https:\/\/www.piratesworld.fr\/de\/\",\"name\":\"Pirates World\",\"description\":\"Site officiel\",\"publisher\":{\"@id\":\"https:\/\/www.piratesworld.fr\/de\/#organization\"},\"potentialAction\":[{\"@type\":\"SearchAction\",\"target\":{\"@type\":\"EntryPoint\",\"urlTemplate\":\"https:\/\/www.piratesworld.fr\/de\/?s={search_term_string}\"},\"query-input\":{\"@type\":\"PropertyValueSpecification\",\"valueRequired\":true,\"valueName\":\"search_term_string\"}}],\"inLanguage\":\"de\"},{\"@type\":\"Organization\",\"@id\":\"https:\/\/www.piratesworld.fr\/de\/#organization\",\"name\":\"Pirates World\",\"url\":\"https:\/\/www.piratesworld.fr\/de\/\",\"logo\":{\"@type\":\"ImageObject\",\"inLanguage\":\"de\",\"@id\":\"https:\/\/www.piratesworld.fr\/de\/#\/schema\/logo\/image\/\",\"url\":\"https:\/\/www.piratesworld.fr\/wp-content\/uploads\/logo-pirates-world.png\",\"contentUrl\":\"https:\/\/www.piratesworld.fr\/wp-content\/uploads\/logo-pirates-world.png\",\"width\":400,\"height\":400,\"caption\":\"Pirates World\"},\"image\":{\"@id\":\"https:\/\/www.piratesworld.fr\/de\/#\/schema\/logo\/image\/\"}}]}<\/script>\n<!-- \/ Yoast SEO plugin. -->","yoast_head_json":{"title":"Die Lounge Bar Pos\u00e9idon im Komplex Pirates World","description":"Kommen Sie und genie\u00dfen Sie die Lounge Bar Pos\u00e9idon, eingetaucht in das Piratenthema im Komplex Pirates World in Cap d'Agde.","robots":{"index":"index","follow":"follow","max-snippet":"max-snippet:-1","max-image-preview":"max-image-preview:large","max-video-preview":"max-video-preview:-1"},"canonical":"https:\/\/www.piratesworld.fr\/de\/gastronomie\/lounge-bar-le-poseidon\/","og_locale":"de_DE","og_type":"article","og_title":"Die Lounge Bar Pos\u00e9idon im Komplex Pirates World","og_description":"Kommen Sie und genie\u00dfen Sie die Lounge Bar Pos\u00e9idon, eingetaucht in das Piratenthema im Komplex Pirates World in Cap d'Agde.","og_url":"https:\/\/www.piratesworld.fr\/de\/gastronomie\/lounge-bar-le-poseidon\/","og_site_name":"Pirates World","article_modified_time":"2026-02-18T14:42:46+00:00","og_image":[{"width":1960,"height":1200,"url":"https:\/\/www.piratesworld.fr\/wp-content\/uploads\/default.jpg","type":"image\/jpeg"}],"twitter_card":"summary_large_image","twitter_misc":{"Gesch\u00e4tzte Lesezeit":"2\u00a0Minuten"},"schema":{"@context":"https:\/\/schema.org","@graph":[{"@type":"WebPage","@id":"https:\/\/www.piratesworld.fr\/de\/gastronomie\/lounge-bar-le-poseidon\/","url":"https:\/\/www.piratesworld.fr\/de\/gastronomie\/lounge-bar-le-poseidon\/","name":"Die Lounge Bar Pos\u00e9idon im Komplex Pirates World","isPartOf":{"@id":"https:\/\/www.piratesworld.fr\/de\/#website"},"primaryImageOfPage":{"@id":"https:\/\/www.piratesworld.fr\/de\/gastronomie\/lounge-bar-le-poseidon\/#primaryimage"},"image":{"@id":"https:\/\/www.piratesworld.fr\/de\/gastronomie\/lounge-bar-le-poseidon\/#primaryimage"},"thumbnailUrl":"https:\/\/www.piratesworld.fr\/wp-content\/uploads\/default.jpg","datePublished":"2023-05-18T10:58:21+00:00","dateModified":"2026-02-18T14:42:46+00:00","description":"Kommen Sie und genie\u00dfen Sie die Lounge Bar Pos\u00e9idon, eingetaucht in das Piratenthema im Komplex Pirates World in Cap d'Agde.","breadcrumb":{"@id":"https:\/\/www.piratesworld.fr\/de\/gastronomie\/lounge-bar-le-poseidon\/#breadcrumb"},"inLanguage":"de","potentialAction":[{"@type":"ReadAction","target":["https:\/\/www.piratesworld.fr\/de\/gastronomie\/lounge-bar-le-poseidon\/"]}]},{"@type":"ImageObject","inLanguage":"de","@id":"https:\/\/www.piratesworld.fr\/de\/gastronomie\/lounge-bar-le-poseidon\/#primaryimage","url":"https:\/\/www.piratesworld.fr\/wp-content\/uploads\/default.jpg","contentUrl":"https:\/\/www.piratesworld.fr\/wp-content\/uploads\/default.jpg"},{"@type":"BreadcrumbList","@id":"https:\/\/www.piratesworld.fr\/de\/gastronomie\/lounge-bar-le-poseidon\/#breadcrumb","itemListElement":[{"@type":"ListItem","position":1,"name":"Accueil","item":"https:\/\/www.piratesworld.fr\/de\/"},{"@type":"ListItem","position":2,"name":"Gastronomie","item":"https:\/\/www.piratesworld.fr\/de\/gastronomie\/"},{"@type":"ListItem","position":3,"name":"Lounge Bar le Pos\u00e9idon"}]},{"@type":"WebSite","@id":"https:\/\/www.piratesworld.fr\/de\/#website","url":"https:\/\/www.piratesworld.fr\/de\/","name":"Pirates World","description":"Site officiel","publisher":{"@id":"https:\/\/www.piratesworld.fr\/de\/#organization"},"potentialAction":[{"@type":"SearchAction","target":{"@type":"EntryPoint","urlTemplate":"https:\/\/www.piratesworld.fr\/de\/?s={search_term_string}"},"query-input":{"@type":"PropertyValueSpecification","valueRequired":true,"valueName":"search_term_string"}}],"inLanguage":"de"},{"@type":"Organization","@id":"https:\/\/www.piratesworld.fr\/de\/#organization","name":"Pirates World","url":"https:\/\/www.piratesworld.fr\/de\/","logo":{"@type":"ImageObject","inLanguage":"de","@id":"https:\/\/www.piratesworld.fr\/de\/#\/schema\/logo\/image\/","url":"https:\/\/www.piratesworld.fr\/wp-content\/uploads\/logo-pirates-world.png","contentUrl":"https:\/\/www.piratesworld.fr\/wp-content\/uploads\/logo-pirates-world.png","width":400,"height":400,"caption":"Pirates World"},"image":{"@id":"https:\/\/www.piratesworld.fr\/de\/#\/schema\/logo\/image\/"}}]}},"_links":{"self":[{"href":"https:\/\/www.piratesworld.fr\/de\/wp-json\/wp\/v2\/pages\/7727","targetHints":{"allow":["GET"]}}],"collection":[{"href":"https:\/\/www.piratesworld.fr\/de\/wp-json\/wp\/v2\/pages"}],"about":[{"href":"https:\/\/www.piratesworld.fr\/de\/wp-json\/wp\/v2\/types\/page"}],"author":[{"embeddable":true,"href":"https:\/\/www.piratesworld.fr\/de\/wp-json\/wp\/v2\/users\/5"}],"replies":[{"embeddable":true,"href":"https:\/\/www.piratesworld.fr\/de\/wp-json\/wp\/v2\/comments?post=7727"}],"version-history":[{"count":6,"href":"https:\/\/www.piratesworld.fr\/de\/wp-json\/wp\/v2\/pages\/7727\/revisions"}],"predecessor-version":[{"id":15133,"href":"https:\/\/www.piratesworld.fr\/de\/wp-json\/wp\/v2\/pages\/7727\/revisions\/15133"}],"up":[{"embeddable":true,"href":"https:\/\/www.piratesworld.fr\/de\/wp-json\/wp\/v2\/pages\/7665"}],"wp:attachment":[{"href":"https:\/\/www.piratesworld.fr\/de\/wp-json\/wp\/v2\/media?parent=7727"}],"curies":[{"name":"wp","href":"https:\/\/api.w.org\/{rel}","templated":true}]}}