{"id":7759,"date":"2023-05-18T13:15:01","date_gmt":"2023-05-18T11:15:01","guid":{"rendered":"http:\/\/www.piratesworld.fr\/restauration\/restaurant-les-vagues\/"},"modified":"2024-05-23T12:23:34","modified_gmt":"2024-05-23T10:23:34","slug":"restaurant-les-vagues","status":"publish","type":"page","link":"https:\/\/www.piratesworld.fr\/de\/gastronomie\/restaurant-les-vagues\/","title":{"rendered":"Restaurant Les Vagues"},"content":{"rendered":"\n<div class=\"wp-block-group alignfull bg-top over-y-vi is-layout-flow wp-block-group-is-layout-flow\" style=\"margin-top:0px;margin-bottom:0px\">\n<div class=\"wp-block-cover is-style-no-margin border-radius-bottom titre-banner has-animation\" style=\"min-height:100vh;aspect-ratio:unset;\"><span aria-hidden=\"true\" class=\"wp-block-cover__background has-background-dim-30 has-background-dim wp-block-cover__gradient-background has-background-gradient\" style=\"background:linear-gradient(180deg,rgb(0,26,41) 13%,rgba(255,255,255,0) 100%)\"><\/span><img loading=\"lazy\" decoding=\"async\" width=\"1960\" height=\"1200\" class=\"wp-block-cover__image-background wp-image-4778\" alt=\"\" src=\"https:\/\/www.piratesworld.fr\/wp-content\/uploads\/default.jpg\" style=\"object-position:3% 27%\" data-object-fit=\"cover\" data-object-position=\"3% 27%\" srcset=\"https:\/\/www.piratesworld.fr\/wp-content\/uploads\/default.jpg 1960w, https:\/\/www.piratesworld.fr\/wp-content\/uploads\/default-1024x627.jpg 1024w, https:\/\/www.piratesworld.fr\/wp-content\/uploads\/default-768x470.jpg 768w, https:\/\/www.piratesworld.fr\/wp-content\/uploads\/default-1536x940.jpg 1536w, https:\/\/www.piratesworld.fr\/wp-content\/uploads\/default-512x313.jpg 512w, https:\/\/www.piratesworld.fr\/wp-content\/uploads\/default-256x157.jpg 256w\" sizes=\"auto, (max-width: 1960px) 100vw, 1960px\" \/><div class=\"wp-block-cover__inner-container is-layout-flow wp-block-cover-is-layout-flow\">\n<div class=\"wp-block-group animation--init--once animation--top is-layout-constrained wp-block-group-is-layout-constrained\">\n<h1 class=\"wp-block-heading has-text-align-left has-theme-white-color has-text-color has-proxima-nova-font-family has-h-1-font-size\" style=\"font-style:normal;font-weight:600;letter-spacing:1px\">Restaurant <br>Les Vagues<\/h1>\n<\/div>\n<\/div><\/div>\n<\/div>\n\n\n\n<div class=\"wp-block-group alignwide has-animation is-layout-constrained wp-block-group-is-layout-constrained\" style=\"margin-top:75px;margin-bottom:75px\">\n<figure class=\"wp-block-image size-large is-resized wp-duotone-bd9415-fff-1\"><img decoding=\"async\" src=\"https:\/\/www.piratesworld.fr\/wp-content\/uploads\/restaurante-icons.svg\" alt=\"\" class=\"wp-image-4844\" style=\"object-fit:cover;width:50px;height:50px\"\/><\/figure>\n\n\n\n<h2 class=\"wp-block-heading has-text-align-left has-theme-brun-fonce-color has-text-color\">Restaurant Les Vagues<\/h2>\n\n\n\n<div class=\"wp-block-columns rest-remarquable is-layout-flex wp-container-core-columns-is-layout-28f84493 wp-block-columns-is-layout-flex\">\n<div class=\"wp-block-column is-layout-flow wp-block-column-is-layout-flow\">\n<div class=\"wp-block-group is-nowrap is-layout-flex wp-container-core-group-is-layout-e088cbc5 wp-block-group-is-layout-flex\">\n<figure class=\"wp-block-image size-large wp-duotone-bd9415-fff-2\"><img decoding=\"async\" src=\"https:\/\/www.piratesworld.fr\/wp-content\/uploads\/location-dot-solid.svg\" alt=\"\" class=\"wp-image-6131\"\/><\/figure>\n\n\n\n<p>Pirates World<\/p>\n<\/div>\n<\/div>\n\n\n\n<div class=\"wp-block-column is-layout-flow wp-block-column-is-layout-flow\">\n<div class=\"wp-block-group is-nowrap is-layout-flex wp-container-core-group-is-layout-e088cbc5 wp-block-group-is-layout-flex\">\n<figure class=\"wp-block-image size-large wp-duotone-bd9415-fff-3\"><img decoding=\"async\" src=\"https:\/\/www.piratesworld.fr\/wp-content\/uploads\/euro-sign-solid.svg\" alt=\"\" class=\"wp-image-6150\"\/><\/figure>\n\n\n\n<p>60-80 \u20ac<\/p>\n<\/div>\n<\/div>\n\n\n\n<div class=\"wp-block-column is-layout-flow wp-block-column-is-layout-flow\">\n<div class=\"wp-block-group is-nowrap is-layout-flex wp-container-core-group-is-layout-e088cbc5 wp-block-group-is-layout-flex\">\n<figure class=\"wp-block-image size-full wp-duotone-bd9415-fff-4\"><img loading=\"lazy\" decoding=\"async\" width=\"512\" height=\"512\" src=\"https:\/\/www.piratesworld.fr\/wp-content\/uploads\/style.png\" alt=\"\" class=\"wp-image-6745\" srcset=\"https:\/\/www.piratesworld.fr\/wp-content\/uploads\/style.png 512w, https:\/\/www.piratesworld.fr\/wp-content\/uploads\/style-200x200.png 200w, https:\/\/www.piratesworld.fr\/wp-content\/uploads\/style-256x256.png 256w\" sizes=\"auto, (max-width: 512px) 100vw, 512px\" \/><\/figure>\n\n\n\n<p>Mediterrane asiatische Fusion<\/p>\n<\/div>\n<\/div>\n\n\n\n<div class=\"wp-block-column is-layout-flow wp-block-column-is-layout-flow\">\n<div class=\"wp-block-group is-nowrap is-layout-flex wp-container-core-group-is-layout-e088cbc5 wp-block-group-is-layout-flex\">\n<figure class=\"wp-block-image size-full wp-duotone-bd9415-fff-5\"><img loading=\"lazy\" decoding=\"async\" width=\"512\" height=\"512\" src=\"https:\/\/www.piratesworld.fr\/wp-content\/uploads\/dejeuner.png\" alt=\"\" class=\"wp-image-6747\" srcset=\"https:\/\/www.piratesworld.fr\/wp-content\/uploads\/dejeuner.png 512w, https:\/\/www.piratesworld.fr\/wp-content\/uploads\/dejeuner-200x200.png 200w, https:\/\/www.piratesworld.fr\/wp-content\/uploads\/dejeuner-256x256.png 256w\" sizes=\"auto, (max-width: 512px) 100vw, 512px\" \/><\/figure>\n\n\n\n<p>12:00 &#8211; 14:00 Uhr (Mittwoch \u2013 Sonntag)<\/p>\n<\/div>\n<\/div>\n\n\n\n<div class=\"wp-block-column is-layout-flow wp-block-column-is-layout-flow\">\n<div class=\"wp-block-group is-nowrap is-layout-flex wp-container-core-group-is-layout-e088cbc5 wp-block-group-is-layout-flex\">\n<figure class=\"wp-block-image size-full wp-duotone-bd9415-fff-6\"><img loading=\"lazy\" decoding=\"async\" width=\"512\" height=\"512\" src=\"https:\/\/www.piratesworld.fr\/wp-content\/uploads\/diner.png\" alt=\"\" class=\"wp-image-6743\" srcset=\"https:\/\/www.piratesworld.fr\/wp-content\/uploads\/diner.png 512w, https:\/\/www.piratesworld.fr\/wp-content\/uploads\/diner-200x200.png 200w, https:\/\/www.piratesworld.fr\/wp-content\/uploads\/diner-256x256.png 256w\" sizes=\"auto, (max-width: 512px) 100vw, 512px\" \/><\/figure>\n\n\n\n<p>19:30 -22:30 Uhr (Mittwoch \u2013 Samstag)<\/p>\n<\/div>\n<\/div>\n<\/div>\n\n\n\n<p>Ausgezeichnet vom Guide Michelin und dem Gault et Millau, genie\u00dfen Sie die Gourmetgerichte von Chefkoch Thierry Gerard in einem exotischen Rahmen!<\/p>\n\n\n\n<p>Kids friendly, Ihre Kinder werden schnell bedient, damit sie an Ihrer Seite spielen k\u00f6nnen, w\u00e4hrend Sie in Zen Ihre Speisen genie\u00dfen und den wildesten feinen Sandstrand von Cap d&#8217;Agde betrachten k\u00f6nnen, in einer n\u00fcchternen und beruhigenden Atmosph\u00e4re mit Blick auf das Meer.<\/p>\n\n\n\n<p>Reservierung sehr zu empfehlen: <strong>04 67 39 08 63<\/strong><\/p>\n\n\n\n<p>F\u00fcr die Bewohner des Komplexes Pirates World bieten wir einen Shuttleservice zum Strand, aber auch vom Strand.<\/p>\n\n\n\n<figure class=\"wp-block-image size-full is-resized\"><a href=\"https:\/\/www.facebook.com\/LES-VAGUES-145275678816656\" target=\"_blank\" rel=\"noreferrer noopener\"><img loading=\"lazy\" decoding=\"async\" width=\"128\" height=\"128\" src=\"https:\/\/www.piratesworld.fr\/wp-content\/uploads\/facebook.png\" alt=\"\" class=\"wp-image-4789\" style=\"object-fit:cover;width:25px;height:25px\"\/><\/a><\/figure>\n\n\n\n<div class=\"wp-block-buttons is-layout-flex wp-block-buttons-is-layout-flex\">\n<div class=\"wp-block-button\"><a class=\"wp-block-button__link wp-element-button\" href=\"https:\/\/www.piratesworld.fr\/wp-content\/uploads\/les-vagues-3-compressed.pdf\" target=\"_blank\" rel=\"noreferrer noopener\"><mark style=\"background-color:rgba(0, 0, 0, 0)\" class=\"has-inline-color has-theme-brun-clair-color\">SPEISEKARTE<\/mark><\/a><\/div>\n<\/div>\n\n\n\n<div class=\"wp-image-slider sp-heber has-text-align-left has-custom-margin aspect-ratio-1_1\" style=\"margin-top:50px;margin-bottom:30px;\">\n\n                        \n                                \n                    <script>\n                        'use strict';\n\n                        document.addEventListener('DOMContentLoaded', function () {\n\n                            (function() {\n                                const blockSlide = new Splide( '#slide_697', {\n                                    type : 'loop',\n                                    perPage: 3,\n                                                                        \n                                    breakpoints: {\n                                        800: {\n                                            perPage: 3,\n                                                                                    },\n                                        450: {\n                                            perPage: 1,\n                                                                                                padding: 0,\n                                                \n                                        },\n                                    },\n                                    pagination: true,\n                                    arrows: true,\n                                    gap: 'var(--wp--style--block-gap)',\n                                    i18n: {\n                                        slideLabel: '0%s \/ 0%s',\n                                    }\n                                } );\n                                \n                                blockSlide.mount();\n                            })();\n                        })\n                    <\/script>\n\n                    <div class=\"slider-container\"><div class=\"splide galeria-slider galeria-columnas-3\" id=\"slide_697\"><div class=\"splide__track\"><div class=\"splide__list\"><a href=\"https:\/\/www.piratesworld.fr\/wp-content\/uploads\/1-1.jpg\" id=\"thumb-6596\" class=\"splide__slide image-link\" data-gallery=\"slide_697\"  data-counter=\"01\/04\" alt=\" \" class=\"image-link\"><div class=\"image-wrapper\"><img loading=\"lazy\" decoding=\"async\" width=\"1228\" height=\"1536\" src=\"https:\/\/www.piratesworld.fr\/wp-content\/uploads\/1-1-1228x1536.jpg\" class=\"attachment-gallery-large size-gallery-large\" alt=\"\" srcset=\"https:\/\/www.piratesworld.fr\/wp-content\/uploads\/1-1-1228x1536.jpg 1228w, https:\/\/www.piratesworld.fr\/wp-content\/uploads\/1-1-819x1024.jpg 819w, https:\/\/www.piratesworld.fr\/wp-content\/uploads\/1-1-768x960.jpg 768w, https:\/\/www.piratesworld.fr\/wp-content\/uploads\/1-1-409x512.jpg 409w, https:\/\/www.piratesworld.fr\/wp-content\/uploads\/1-1-205x256.jpg 205w, https:\/\/www.piratesworld.fr\/wp-content\/uploads\/1-1.jpg 1349w\" sizes=\"auto, (max-width: 1228px) 100vw, 1228px\" \/><\/div><\/a><a href=\"https:\/\/www.piratesworld.fr\/wp-content\/uploads\/2.jpg\" id=\"thumb-6597\" class=\"splide__slide image-link\" data-gallery=\"slide_697\"  data-counter=\"02\/04\" alt=\" \" class=\"image-link\"><div class=\"image-wrapper\"><img loading=\"lazy\" decoding=\"async\" width=\"1440\" height=\"1440\" src=\"https:\/\/www.piratesworld.fr\/wp-content\/uploads\/2.jpg\" class=\"attachment-gallery-large size-gallery-large\" alt=\"\" srcset=\"https:\/\/www.piratesworld.fr\/wp-content\/uploads\/2.jpg 1440w, https:\/\/www.piratesworld.fr\/wp-content\/uploads\/2-1024x1024.jpg 1024w, https:\/\/www.piratesworld.fr\/wp-content\/uploads\/2-200x200.jpg 200w, https:\/\/www.piratesworld.fr\/wp-content\/uploads\/2-768x768.jpg 768w, https:\/\/www.piratesworld.fr\/wp-content\/uploads\/2-512x512.jpg 512w, https:\/\/www.piratesworld.fr\/wp-content\/uploads\/2-256x256.jpg 256w\" sizes=\"auto, (max-width: 1440px) 100vw, 1440px\" \/><\/div><\/a><a href=\"https:\/\/www.piratesworld.fr\/wp-content\/uploads\/3.jpg\" id=\"thumb-6598\" class=\"splide__slide image-link\" data-gallery=\"slide_697\"  data-counter=\"03\/04\" alt=\" \" class=\"image-link\"><div class=\"image-wrapper\"><img loading=\"lazy\" decoding=\"async\" width=\"799\" height=\"799\" src=\"https:\/\/www.piratesworld.fr\/wp-content\/uploads\/3.jpg\" class=\"attachment-gallery-large size-gallery-large\" alt=\"\" srcset=\"https:\/\/www.piratesworld.fr\/wp-content\/uploads\/3.jpg 799w, https:\/\/www.piratesworld.fr\/wp-content\/uploads\/3-200x200.jpg 200w, https:\/\/www.piratesworld.fr\/wp-content\/uploads\/3-768x768.jpg 768w, https:\/\/www.piratesworld.fr\/wp-content\/uploads\/3-512x512.jpg 512w, https:\/\/www.piratesworld.fr\/wp-content\/uploads\/3-256x256.jpg 256w\" sizes=\"auto, (max-width: 799px) 100vw, 799px\" \/><\/div><\/a><a href=\"https:\/\/www.piratesworld.fr\/wp-content\/uploads\/4.jpg\" id=\"thumb-6599\" class=\"splide__slide image-link\" data-gallery=\"slide_697\"  data-counter=\"04\/04\" alt=\" \" class=\"image-link\"><div class=\"image-wrapper\"><img loading=\"lazy\" decoding=\"async\" width=\"1418\" height=\"1536\" src=\"https:\/\/www.piratesworld.fr\/wp-content\/uploads\/4-1418x1536.jpg\" class=\"attachment-gallery-large size-gallery-large\" alt=\"\" srcset=\"https:\/\/www.piratesworld.fr\/wp-content\/uploads\/4-1418x1536.jpg 1418w, https:\/\/www.piratesworld.fr\/wp-content\/uploads\/4-945x1024.jpg 945w, https:\/\/www.piratesworld.fr\/wp-content\/uploads\/4-768x832.jpg 768w, https:\/\/www.piratesworld.fr\/wp-content\/uploads\/4-473x512.jpg 473w, https:\/\/www.piratesworld.fr\/wp-content\/uploads\/4-236x256.jpg 236w, https:\/\/www.piratesworld.fr\/wp-content\/uploads\/4.jpg 1440w\" sizes=\"auto, (max-width: 1418px) 100vw, 1418px\" \/><\/div><\/a><\/div><\/div><\/div><\/div>\n                    \n<\/div><\/div>\n","protected":false},"excerpt":{"rendered":"<p>Restaurant Les Vagues Pirates World 60-80 \u20ac Mediterrane asiatische Fusion 12:00 &#8211; 14:00 Uhr (Mittwoch \u2013 Sonntag) 19:30 -22:30 Uhr (Mittwoch \u2013 Samstag) Ausgezeichnet vom Guide Michelin und dem Gault et Millau, genie\u00dfen Sie die Gourmetgerichte von Chefkoch Thierry Gerard in einem exotischen Rahmen! Kids friendly, Ihre Kinder werden schnell bedient, damit sie an Ihrer [&hellip;]<\/p>\n","protected":false},"author":5,"featured_media":0,"parent":7665,"menu_order":14,"comment_status":"closed","ping_status":"closed","template":"","meta":{"_acf_changed":false,"inline_featured_image":false,"footnotes":""},"class_list":["post-7759","page","type-page","status-publish","hentry"],"acf":[],"featured_image_src":null,"yoast_head":"<!-- This site is optimized with the Yoast SEO plugin v26.7 - https:\/\/yoast.com\/wordpress\/plugins\/seo\/ -->\n<title>Gourmetrestaurant Les Vages im Pirates World, Cap d&#039;Agde<\/title>\n<meta name=\"description\" content=\"Ausgezeichnet vom Guide Michelin und dem Gault et Millau, genie\u00dfen Sie die Gourmetgerichte im Restaurant Les Vagues in Pirates World\" \/>\n<meta name=\"robots\" content=\"index, follow, max-snippet:-1, max-image-preview:large, max-video-preview:-1\" \/>\n<link rel=\"canonical\" href=\"https:\/\/www.piratesworld.fr\/de\/gastronomie\/restaurant-les-vagues\/\" \/>\n<meta property=\"og:locale\" content=\"de_DE\" \/>\n<meta property=\"og:type\" content=\"article\" \/>\n<meta property=\"og:title\" content=\"Gourmetrestaurant Les Vages im Pirates World, Cap d&#039;Agde\" \/>\n<meta property=\"og:description\" content=\"Ausgezeichnet vom Guide Michelin und dem Gault et Millau, genie\u00dfen Sie die Gourmetgerichte im Restaurant Les Vagues in Pirates World\" \/>\n<meta property=\"og:url\" content=\"https:\/\/www.piratesworld.fr\/de\/gastronomie\/restaurant-les-vagues\/\" \/>\n<meta property=\"og:site_name\" content=\"Pirates World\" \/>\n<meta property=\"article:modified_time\" content=\"2024-05-23T10:23:34+00:00\" \/>\n<meta property=\"og:image\" content=\"https:\/\/www.piratesworld.fr\/wp-content\/uploads\/default.jpg\" \/>\n<meta name=\"twitter:card\" content=\"summary_large_image\" \/>\n<meta name=\"twitter:label1\" content=\"Gesch\u00e4tzte Lesezeit\" \/>\n\t<meta name=\"twitter:data1\" content=\"3\u00a0Minuten\" \/>\n<script type=\"application\/ld+json\" class=\"yoast-schema-graph\">{\"@context\":\"https:\/\/schema.org\",\"@graph\":[{\"@type\":\"WebPage\",\"@id\":\"https:\/\/www.piratesworld.fr\/de\/gastronomie\/restaurant-les-vagues\/\",\"url\":\"https:\/\/www.piratesworld.fr\/de\/gastronomie\/restaurant-les-vagues\/\",\"name\":\"Gourmetrestaurant Les Vages im Pirates World, Cap d'Agde\",\"isPartOf\":{\"@id\":\"https:\/\/www.piratesworld.fr\/de\/#website\"},\"primaryImageOfPage\":{\"@id\":\"https:\/\/www.piratesworld.fr\/de\/gastronomie\/restaurant-les-vagues\/#primaryimage\"},\"image\":{\"@id\":\"https:\/\/www.piratesworld.fr\/de\/gastronomie\/restaurant-les-vagues\/#primaryimage\"},\"thumbnailUrl\":\"https:\/\/www.piratesworld.fr\/wp-content\/uploads\/default.jpg\",\"datePublished\":\"2023-05-18T11:15:01+00:00\",\"dateModified\":\"2024-05-23T10:23:34+00:00\",\"description\":\"Ausgezeichnet vom Guide Michelin und dem Gault et Millau, genie\u00dfen Sie die Gourmetgerichte im Restaurant Les Vagues in Pirates World\",\"breadcrumb\":{\"@id\":\"https:\/\/www.piratesworld.fr\/de\/gastronomie\/restaurant-les-vagues\/#breadcrumb\"},\"inLanguage\":\"de\",\"potentialAction\":[{\"@type\":\"ReadAction\",\"target\":[\"https:\/\/www.piratesworld.fr\/de\/gastronomie\/restaurant-les-vagues\/\"]}]},{\"@type\":\"ImageObject\",\"inLanguage\":\"de\",\"@id\":\"https:\/\/www.piratesworld.fr\/de\/gastronomie\/restaurant-les-vagues\/#primaryimage\",\"url\":\"https:\/\/www.piratesworld.fr\/wp-content\/uploads\/default.jpg\",\"contentUrl\":\"https:\/\/www.piratesworld.fr\/wp-content\/uploads\/default.jpg\"},{\"@type\":\"BreadcrumbList\",\"@id\":\"https:\/\/www.piratesworld.fr\/de\/gastronomie\/restaurant-les-vagues\/#breadcrumb\",\"itemListElement\":[{\"@type\":\"ListItem\",\"position\":1,\"name\":\"Accueil\",\"item\":\"https:\/\/www.piratesworld.fr\/de\/\"},{\"@type\":\"ListItem\",\"position\":2,\"name\":\"Gastronomie\",\"item\":\"https:\/\/www.piratesworld.fr\/de\/gastronomie\/\"},{\"@type\":\"ListItem\",\"position\":3,\"name\":\"Restaurant Les Vagues\"}]},{\"@type\":\"WebSite\",\"@id\":\"https:\/\/www.piratesworld.fr\/de\/#website\",\"url\":\"https:\/\/www.piratesworld.fr\/de\/\",\"name\":\"Pirates World\",\"description\":\"Site officiel\",\"publisher\":{\"@id\":\"https:\/\/www.piratesworld.fr\/de\/#organization\"},\"potentialAction\":[{\"@type\":\"SearchAction\",\"target\":{\"@type\":\"EntryPoint\",\"urlTemplate\":\"https:\/\/www.piratesworld.fr\/de\/?s={search_term_string}\"},\"query-input\":{\"@type\":\"PropertyValueSpecification\",\"valueRequired\":true,\"valueName\":\"search_term_string\"}}],\"inLanguage\":\"de\"},{\"@type\":\"Organization\",\"@id\":\"https:\/\/www.piratesworld.fr\/de\/#organization\",\"name\":\"Pirates World\",\"url\":\"https:\/\/www.piratesworld.fr\/de\/\",\"logo\":{\"@type\":\"ImageObject\",\"inLanguage\":\"de\",\"@id\":\"https:\/\/www.piratesworld.fr\/de\/#\/schema\/logo\/image\/\",\"url\":\"https:\/\/www.piratesworld.fr\/wp-content\/uploads\/logo-pirates-world.png\",\"contentUrl\":\"https:\/\/www.piratesworld.fr\/wp-content\/uploads\/logo-pirates-world.png\",\"width\":400,\"height\":400,\"caption\":\"Pirates World\"},\"image\":{\"@id\":\"https:\/\/www.piratesworld.fr\/de\/#\/schema\/logo\/image\/\"}}]}<\/script>\n<!-- \/ Yoast SEO plugin. -->","yoast_head_json":{"title":"Gourmetrestaurant Les Vages im Pirates World, Cap d'Agde","description":"Ausgezeichnet vom Guide Michelin und dem Gault et Millau, genie\u00dfen Sie die Gourmetgerichte im Restaurant Les Vagues in Pirates World","robots":{"index":"index","follow":"follow","max-snippet":"max-snippet:-1","max-image-preview":"max-image-preview:large","max-video-preview":"max-video-preview:-1"},"canonical":"https:\/\/www.piratesworld.fr\/de\/gastronomie\/restaurant-les-vagues\/","og_locale":"de_DE","og_type":"article","og_title":"Gourmetrestaurant Les Vages im Pirates World, Cap d'Agde","og_description":"Ausgezeichnet vom Guide Michelin und dem Gault et Millau, genie\u00dfen Sie die Gourmetgerichte im Restaurant Les Vagues in Pirates World","og_url":"https:\/\/www.piratesworld.fr\/de\/gastronomie\/restaurant-les-vagues\/","og_site_name":"Pirates World","article_modified_time":"2024-05-23T10:23:34+00:00","og_image":[{"url":"https:\/\/www.piratesworld.fr\/wp-content\/uploads\/default.jpg","type":"","width":"","height":""}],"twitter_card":"summary_large_image","twitter_misc":{"Gesch\u00e4tzte Lesezeit":"3\u00a0Minuten"},"schema":{"@context":"https:\/\/schema.org","@graph":[{"@type":"WebPage","@id":"https:\/\/www.piratesworld.fr\/de\/gastronomie\/restaurant-les-vagues\/","url":"https:\/\/www.piratesworld.fr\/de\/gastronomie\/restaurant-les-vagues\/","name":"Gourmetrestaurant Les Vages im Pirates World, Cap d'Agde","isPartOf":{"@id":"https:\/\/www.piratesworld.fr\/de\/#website"},"primaryImageOfPage":{"@id":"https:\/\/www.piratesworld.fr\/de\/gastronomie\/restaurant-les-vagues\/#primaryimage"},"image":{"@id":"https:\/\/www.piratesworld.fr\/de\/gastronomie\/restaurant-les-vagues\/#primaryimage"},"thumbnailUrl":"https:\/\/www.piratesworld.fr\/wp-content\/uploads\/default.jpg","datePublished":"2023-05-18T11:15:01+00:00","dateModified":"2024-05-23T10:23:34+00:00","description":"Ausgezeichnet vom Guide Michelin und dem Gault et Millau, genie\u00dfen Sie die Gourmetgerichte im Restaurant Les Vagues in Pirates World","breadcrumb":{"@id":"https:\/\/www.piratesworld.fr\/de\/gastronomie\/restaurant-les-vagues\/#breadcrumb"},"inLanguage":"de","potentialAction":[{"@type":"ReadAction","target":["https:\/\/www.piratesworld.fr\/de\/gastronomie\/restaurant-les-vagues\/"]}]},{"@type":"ImageObject","inLanguage":"de","@id":"https:\/\/www.piratesworld.fr\/de\/gastronomie\/restaurant-les-vagues\/#primaryimage","url":"https:\/\/www.piratesworld.fr\/wp-content\/uploads\/default.jpg","contentUrl":"https:\/\/www.piratesworld.fr\/wp-content\/uploads\/default.jpg"},{"@type":"BreadcrumbList","@id":"https:\/\/www.piratesworld.fr\/de\/gastronomie\/restaurant-les-vagues\/#breadcrumb","itemListElement":[{"@type":"ListItem","position":1,"name":"Accueil","item":"https:\/\/www.piratesworld.fr\/de\/"},{"@type":"ListItem","position":2,"name":"Gastronomie","item":"https:\/\/www.piratesworld.fr\/de\/gastronomie\/"},{"@type":"ListItem","position":3,"name":"Restaurant Les Vagues"}]},{"@type":"WebSite","@id":"https:\/\/www.piratesworld.fr\/de\/#website","url":"https:\/\/www.piratesworld.fr\/de\/","name":"Pirates World","description":"Site officiel","publisher":{"@id":"https:\/\/www.piratesworld.fr\/de\/#organization"},"potentialAction":[{"@type":"SearchAction","target":{"@type":"EntryPoint","urlTemplate":"https:\/\/www.piratesworld.fr\/de\/?s={search_term_string}"},"query-input":{"@type":"PropertyValueSpecification","valueRequired":true,"valueName":"search_term_string"}}],"inLanguage":"de"},{"@type":"Organization","@id":"https:\/\/www.piratesworld.fr\/de\/#organization","name":"Pirates World","url":"https:\/\/www.piratesworld.fr\/de\/","logo":{"@type":"ImageObject","inLanguage":"de","@id":"https:\/\/www.piratesworld.fr\/de\/#\/schema\/logo\/image\/","url":"https:\/\/www.piratesworld.fr\/wp-content\/uploads\/logo-pirates-world.png","contentUrl":"https:\/\/www.piratesworld.fr\/wp-content\/uploads\/logo-pirates-world.png","width":400,"height":400,"caption":"Pirates World"},"image":{"@id":"https:\/\/www.piratesworld.fr\/de\/#\/schema\/logo\/image\/"}}]}},"_links":{"self":[{"href":"https:\/\/www.piratesworld.fr\/de\/wp-json\/wp\/v2\/pages\/7759","targetHints":{"allow":["GET"]}}],"collection":[{"href":"https:\/\/www.piratesworld.fr\/de\/wp-json\/wp\/v2\/pages"}],"about":[{"href":"https:\/\/www.piratesworld.fr\/de\/wp-json\/wp\/v2\/types\/page"}],"author":[{"embeddable":true,"href":"https:\/\/www.piratesworld.fr\/de\/wp-json\/wp\/v2\/users\/5"}],"replies":[{"embeddable":true,"href":"https:\/\/www.piratesworld.fr\/de\/wp-json\/wp\/v2\/comments?post=7759"}],"version-history":[{"count":2,"href":"https:\/\/www.piratesworld.fr\/de\/wp-json\/wp\/v2\/pages\/7759\/revisions"}],"predecessor-version":[{"id":11214,"href":"https:\/\/www.piratesworld.fr\/de\/wp-json\/wp\/v2\/pages\/7759\/revisions\/11214"}],"up":[{"embeddable":true,"href":"https:\/\/www.piratesworld.fr\/de\/wp-json\/wp\/v2\/pages\/7665"}],"wp:attachment":[{"href":"https:\/\/www.piratesworld.fr\/de\/wp-json\/wp\/v2\/media?parent=7759"}],"curies":[{"name":"wp","href":"https:\/\/api.w.org\/{rel}","templated":true}]}}