{"id":7813,"date":"2023-06-27T13:30:54","date_gmt":"2023-06-27T11:30:54","guid":{"rendered":"http:\/\/www.piratesworld.fr\/hebergements\/plage\/"},"modified":"2024-06-21T13:17:45","modified_gmt":"2024-06-21T11:17:45","slug":"the-beach","status":"publish","type":"page","link":"https:\/\/www.piratesworld.fr\/en\/accommodations\/the-beach\/","title":{"rendered":"The beach"},"content":{"rendered":"\n<div class=\"wp-block-group alignfull bg-top over-y-vi is-layout-flow wp-block-group-is-layout-flow\" style=\"margin-top:0px;margin-bottom:0px\">\n<div class=\"wp-block-cover is-light is-style-no-margin border-radius-bottom titre-banner has-animation\" style=\"min-height:100vh;aspect-ratio:unset;\"><span aria-hidden=\"true\" class=\"wp-block-cover__background has-background-dim-30 has-background-dim wp-block-cover__gradient-background has-background-gradient\" style=\"background:linear-gradient(180deg,rgb(0,26,41) 13%,rgba(255,255,255,0) 100%)\"><\/span><img loading=\"lazy\" decoding=\"async\" width=\"2560\" height=\"1438\" class=\"wp-block-cover__image-background wp-image-6808\" alt=\"\" src=\"https:\/\/www.piratesworld.fr\/wp-content\/uploads\/2023-07-10-la-plage-061-scaled.jpg\" style=\"object-position:81% 53%\" data-object-fit=\"cover\" data-object-position=\"81% 53%\" srcset=\"https:\/\/www.piratesworld.fr\/wp-content\/uploads\/2023-07-10-la-plage-061-scaled.jpg 2560w, https:\/\/www.piratesworld.fr\/wp-content\/uploads\/2023-07-10-la-plage-061-1024x575.jpg 1024w, https:\/\/www.piratesworld.fr\/wp-content\/uploads\/2023-07-10-la-plage-061-2048x1151.jpg 2048w, https:\/\/www.piratesworld.fr\/wp-content\/uploads\/2023-07-10-la-plage-061-768x431.jpg 768w, https:\/\/www.piratesworld.fr\/wp-content\/uploads\/2023-07-10-la-plage-061-1536x863.jpg 1536w, https:\/\/www.piratesworld.fr\/wp-content\/uploads\/2023-07-10-la-plage-061-512x288.jpg 512w, https:\/\/www.piratesworld.fr\/wp-content\/uploads\/2023-07-10-la-plage-061-256x144.jpg 256w\" sizes=\"auto, (max-width: 2560px) 100vw, 2560px\" \/><div class=\"wp-block-cover__inner-container is-layout-flow wp-block-cover-is-layout-flow\">\n<div class=\"wp-block-group is-layout-constrained wp-block-group-is-layout-constrained\">\n<div class=\"wp-block-columns are-vertically-aligned-center is-layout-flex wp-container-core-columns-is-layout-ed59929e wp-block-columns-is-layout-flex\">\n<div class=\"wp-block-column is-vertically-aligned-center is-layout-flow wp-block-column-is-layout-flow\" style=\"flex-basis:65%\">\n<div class=\"wp-block-group animation--init--once animation--top is-layout-constrained wp-block-group-is-layout-constrained\">\n<h1 class=\"wp-block-heading has-text-align-left has-theme-white-color has-text-color has-proxima-nova-font-family has-h-1-font-size\" id=\"0-la-plage-\" style=\"font-style:normal;font-weight:600;letter-spacing:1px\"><strong><strong><strong>The beach<\/strong><\/strong><\/strong><\/h1>\n<\/div>\n<\/div>\n\n\n\n<div class=\"wp-block-column is-vertically-aligned-center is-hidden-resp is-layout-flow wp-block-column-is-layout-flow\" style=\"flex-basis:35%\">\n<div class=\"wp-block-group carre-info has-background is-layout-constrained wp-block-group-is-layout-constrained\" style=\"background-color:#fffffff0\">\n<div class=\"wp-block-group is-nowrap is-layout-flex wp-container-core-group-is-layout-e088cbc5 wp-block-group-is-layout-flex\">\n<figure class=\"wp-block-image size-large is-resized is-style-no-margin wp-duotone-bd9415-fff-1\"><img loading=\"lazy\" decoding=\"async\" width=\"682\" height=\"682\" src=\"https:\/\/www.piratesworld.fr\/wp-content\/uploads\/sombrilla-de-playa.svg\" alt=\"\" class=\"wp-image-4835\" style=\"object-fit:cover;width:25px;height:25px\"\/><\/figure>\n\n\n\n<p class=\"has-theme-brun-fonce-color has-text-color\">Sandy beach<\/p>\n<\/div>\n\n\n\n<div class=\"wp-block-group is-nowrap is-layout-flex wp-container-core-group-is-layout-e088cbc5 wp-block-group-is-layout-flex\">\n<figure class=\"wp-block-image size-large is-resized is-style-no-margin wp-duotone-bd9415-fff-2\"><img loading=\"lazy\" decoding=\"async\" width=\"682\" height=\"682\" src=\"https:\/\/www.piratesworld.fr\/wp-content\/uploads\/sombrilla-de-playa.svg\" alt=\"\" class=\"wp-image-4835\" style=\"object-fit:cover;width:25px;height:25px\"\/><\/figure>\n\n\n\n<p class=\"has-theme-brun-fonce-color has-text-color\">The wildest<\/p>\n<\/div>\n\n\n\n<div class=\"wp-block-group is-nowrap is-layout-flex wp-container-core-group-is-layout-e088cbc5 wp-block-group-is-layout-flex\">\n<figure class=\"wp-block-image size-large is-resized is-style-no-margin wp-duotone-bd9415-fff-3\"><img loading=\"lazy\" decoding=\"async\" width=\"682\" height=\"682\" src=\"https:\/\/www.piratesworld.fr\/wp-content\/uploads\/sombrilla-de-playa.svg\" alt=\"\" class=\"wp-image-4835\" style=\"object-fit:cover;width:25px;height:25px\"\/><\/figure>\n\n\n\n<p class=\"has-theme-brun-fonce-color has-text-color\">The wildest<\/p>\n<\/div>\n\n\n\n<div class=\"wp-block-group is-nowrap is-layout-flex wp-container-core-group-is-layout-e088cbc5 wp-block-group-is-layout-flex\">\n<figure class=\"wp-block-image size-large is-resized is-style-no-margin wp-duotone-bd9415-fff-4\"><img loading=\"lazy\" decoding=\"async\" width=\"682\" height=\"682\" src=\"https:\/\/www.piratesworld.fr\/wp-content\/uploads\/sombrilla-de-playa.svg\" alt=\"\" class=\"wp-image-4835\" style=\"object-fit:cover;width:25px;height:25px\"\/><\/figure>\n\n\n\n<p class=\"has-theme-brun-fonce-color has-text-color\">The least known by tourists<\/p>\n<\/div>\n\n\n\n<div class=\"wp-block-group is-nowrap is-layout-flex wp-container-core-group-is-layout-e088cbc5 wp-block-group-is-layout-flex\">\n<figure class=\"wp-block-image size-large is-resized is-style-no-margin wp-duotone-bd9415-fff-5\"><img loading=\"lazy\" decoding=\"async\" width=\"682\" height=\"682\" src=\"https:\/\/www.piratesworld.fr\/wp-content\/uploads\/sombrilla-de-playa.svg\" alt=\"\" class=\"wp-image-4835\" style=\"object-fit:cover;width:25px;height:25px\"\/><\/figure>\n\n\n\n<p class=\"has-theme-brun-fonce-color has-text-color\">The most difficult for tourists to access<\/p>\n<\/div>\n<\/div>\n<\/div>\n<\/div>\n<\/div>\n<\/div><\/div>\n<\/div>\n\n\n\n<div class=\"wp-block-columns has-animation is-layout-flex wp-container-core-columns-is-layout-bc0d86c9 wp-block-columns-is-layout-flex\" style=\"margin-top:50px;margin-bottom:50px\">\n<div class=\"wp-block-column animation--init--once animation--right is-layout-flow wp-block-column-is-layout-flow\">\n<figure class=\"wp-block-image aligncenter size-large is-resized wp-duotone-bd9415-fff-6\"><img loading=\"lazy\" decoding=\"async\" width=\"512\" height=\"512\" src=\"https:\/\/www.piratesworld.fr\/wp-content\/uploads\/intro.svg\" alt=\"\" class=\"wp-image-4818\" style=\"width:50px\"\/><\/figure>\n\n\n\n<h2 class=\"wp-block-heading has-text-align-center has-theme-brun-fonce-color has-text-color\" id=\"1-acc%C3%A8s-direct-%C3%A0-la-plage-\" style=\"margin-top:20px;margin-right:0px;margin-bottom:20px;margin-left:0px;font-style:normal;font-weight:700\"><strong><strong><strong>Direct access to the beach<\/strong><\/strong><\/strong><\/h2>\n\n\n\n<p class=\"has-text-align-center\"><strong>Discover the ultimate serenity during your Pirates World holiday.<\/strong><\/p>\n\n\n\n<p class=\"has-text-align-center\">If you are looking for a quiet beach, and a very pleasant location, meet us at the end of the road!<\/p>\n\n\n\n<p class=\"has-text-align-center\">Unexplored by tourists who avoid it due to limited parking, this beach stands out as the most untamed in the resort. During your stay, you will have the luxury of discovering one of the finest sandy beaches in Cap d&#8217;Agde.<\/p>\n\n\n\n<p class=\"has-text-align-center\">At the end of the campsite, and also just 2 minutes away by our free private shuttle from our hotels, with direct access to the beach, you will enjoy a true haven of peace!<\/p>\n\n\n\n<p class=\"has-text-align-center\">The &#8216;Baie de l&#8217;Amiti\u00e9&#8217; beach offers you a wide expanse of sand where you can easily put your towel down.<\/p>\n\n\n\n<p class=\"has-text-align-center\">Bordering the Mediterranean Sea, you will appreciate the pleasant temperatures starting with the first rays of sunshine in May.<\/p>\n\n\n\n<p class=\"has-text-align-center\">It provides an extraordinary view of Fort Brescou Island, as well as the Pyrenees mountain range (snow-covered until spring) plunging into the Mediterranean Sea..<\/p>\n\n\n\n<p class=\"has-text-align-center\">No more traffic jams and vehicle queues that holidaymakers dread on the road! All you have to do is take a few steps and your feet are in the water!<\/p>\n\n\n\n<p class=\"has-text-align-center\">You are sure to enjoy the three on-site restaurants&#8230; the Beach Club Le Mandala, the brasserie Les Paillottes, and the Gault Millau restaurant Les Vagues.<\/p>\n\n\n\n<p class=\"has-text-align-center\">Inconnue des touristes qui craignent de s\u2019y approcher par manque de stationnement, cette plage est la plu sauvage de la station. Pendant votre s\u00e9jour, vous aurez le luxe de d\u00e9couvrir l\u2019une des plus belles plages de sables fins du Cap d\u2019Agde.<\/p>\n\n\n\n<p class=\"has-text-align-center\">Au bout du camping mais \u00e9galement \u00e0 2 minutes en navette priv\u00e9e gratuite de nos h\u00f4tels, ayant un acc\u00e8s direct \u00e0 la plage vous profiterez d\u2019un v\u00e9ritable havre de paix !<\/p>\n<\/div>\n<\/div>\n\n\n\n<div class=\"wp-block-cover alignfull\" style=\"margin-top:20px;margin-bottom:0px\"><span aria-hidden=\"true\" class=\"wp-block-cover__background has-theme-bleu-fonce-background-color has-background-dim-30 has-background-dim\"><\/span><img loading=\"lazy\" decoding=\"async\" width=\"1920\" height=\"501\" class=\"wp-block-cover__image-background wp-image-5850\" alt=\"\" src=\"https:\/\/www.piratesworld.fr\/wp-content\/uploads\/fond-pirate-game.jpg\" style=\"object-position:66% 0%\" data-object-fit=\"cover\" data-object-position=\"66% 0%\" srcset=\"https:\/\/www.piratesworld.fr\/wp-content\/uploads\/fond-pirate-game.jpg 1920w, https:\/\/www.piratesworld.fr\/wp-content\/uploads\/fond-pirate-game-1024x267.jpg 1024w, https:\/\/www.piratesworld.fr\/wp-content\/uploads\/fond-pirate-game-768x200.jpg 768w, https:\/\/www.piratesworld.fr\/wp-content\/uploads\/fond-pirate-game-1536x401.jpg 1536w, https:\/\/www.piratesworld.fr\/wp-content\/uploads\/fond-pirate-game-512x134.jpg 512w, https:\/\/www.piratesworld.fr\/wp-content\/uploads\/fond-pirate-game-256x67.jpg 256w\" sizes=\"auto, (max-width: 1920px) 100vw, 1920px\" \/><div class=\"wp-block-cover__inner-container is-layout-flow wp-block-cover-is-layout-flow\">\n<h2 class=\"wp-block-heading has-text-align-center has-h-2-font-size\" id=\"2-les-de-la-plage-\">Beach Highlights<\/h2>\n\n\n\n<div class=\"wp-block-group has-animation is-layout-constrained wp-block-group-is-layout-constrained\" style=\"margin-top:50px;margin-bottom:50px\">        <div class=\"wp-block-custom-grid plus-plages animation--init--once animation--top has-text-align-left block-grid-responsive\" style=\"--wp--custom--block-gap:50px !important; --wp--style--block-desktop-column:3;--wp--style--block-tablet-column:2;--wp--style--block-mobile-column:2;\">\n\n                <div class=\"acf-innerblocks-container\">\n\n<div class=\"wp-block-group is-layout-constrained wp-block-group-is-layout-constrained\">\n<figure class=\"wp-block-image aligncenter size-large is-resized is-style-no-margin wp-duotone-bd9415-fff-7\"><img loading=\"lazy\" decoding=\"async\" width=\"512\" height=\"512\" src=\"https:\/\/www.piratesworld.fr\/wp-content\/uploads\/olas.svg\" alt=\"\" class=\"wp-image-4840\" style=\"width:75px\"\/><\/figure>\n\n\n\n<p class=\"has-text-align-center is-style-default\" style=\"margin-top:10px;margin-right:0px;margin-bottom:0px;margin-left:0px\">Cap d&#8217;Agde&#8217;s largest beach, perfect for spreading out your towel without intruding on your neighbour\u2019s space!<\/p>\n<\/div>\n\n\n\n<div class=\"wp-block-group is-layout-constrained wp-block-group-is-layout-constrained\">\n<figure class=\"wp-block-image aligncenter size-full is-resized is-style-no-margin wp-duotone-bd9415-fff-8\"><img loading=\"lazy\" decoding=\"async\" width=\"128\" height=\"128\" src=\"https:\/\/www.piratesworld.fr\/wp-content\/uploads\/calidad.png\" alt=\"\" class=\"wp-image-6501\" style=\"width:75px\"\/><\/figure>\n\n\n\n<p class=\"has-text-align-center is-style-default\" style=\"margin-top:10px;margin-right:0px;margin-bottom:0px;margin-left:0px\">Water quality regularly checked<\/p>\n<\/div>\n\n\n\n<div class=\"wp-block-group is-layout-constrained wp-block-group-is-layout-constrained\">\n<figure class=\"wp-block-image aligncenter size-large is-resized is-style-no-margin wp-duotone-bd9415-fff-9\"><img loading=\"lazy\" decoding=\"async\" width=\"512\" height=\"512\" src=\"https:\/\/www.piratesworld.fr\/wp-content\/uploads\/ducha-playa.svg\" alt=\"\" class=\"wp-image-4838\" style=\"width:75px\"\/><\/figure>\n\n\n\n<p class=\"has-text-align-center is-style-default\" style=\"margin-top:10px;margin-right:0px;margin-bottom:0px;margin-left:0px\">On-site showers<\/p>\n<\/div>\n\n\n\n<div class=\"wp-block-group is-layout-constrained wp-block-group-is-layout-constrained\">\n<figure class=\"wp-block-image aligncenter size-large is-resized is-style-no-margin wp-duotone-bd9415-fff-10\"><img loading=\"lazy\" decoding=\"async\" width=\"512\" height=\"512\" src=\"https:\/\/www.piratesworld.fr\/wp-content\/uploads\/limpieza-palya.svg\" alt=\"\" class=\"wp-image-4839\" style=\"width:75px\"\/><\/figure>\n\n\n\n<p class=\"has-text-align-center is-style-default\" style=\"margin-top:10px;margin-right:0px;margin-bottom:0px;margin-left:0px\">Daily beach cleaning<\/p>\n<\/div>\n\n\n\n<div class=\"wp-block-group is-layout-constrained wp-block-group-is-layout-constrained\">\n<figure class=\"wp-block-image aligncenter size-large is-resized is-style-no-margin wp-duotone-bd9415-fff-11\"><img decoding=\"async\" src=\"https:\/\/www.piratesworld.fr\/wp-content\/uploads\/bord-de-mer.svg\" alt=\"\" class=\"wp-image-4806\" style=\"width:75px\"\/><\/figure>\n\n\n\n<p class=\"has-text-align-center is-style-default\" style=\"margin-top:10px;margin-right:0px;margin-bottom:0px;margin-left:0px\">Beach supervised from 10:00 a.m. to 7:00 p.m., every day in July and August<\/p>\n<\/div>\n\n\n\n<div class=\"wp-block-group is-layout-constrained wp-block-group-is-layout-constrained\">\n<figure class=\"wp-block-image aligncenter size-large is-resized is-style-no-margin wp-duotone-bd9415-fff-12\"><img decoding=\"async\" src=\"https:\/\/www.piratesworld.fr\/wp-content\/uploads\/restaurante.svg\" alt=\"\" class=\"wp-image-4834\" style=\"width:75px\"\/><\/figure>\n\n\n\n<p class=\"has-text-align-center is-style-default\" style=\"margin-top:10px;margin-right:0px;margin-bottom:0px;margin-left:0px\">Brasserie, semi-gastronomic restaurant (Michelin and Gault &amp; Millau referenced), private beach&#8230; Starting from the ascent.<\/p>\n<\/div>\n\n<\/div>\n<\/div><\/div>\n<\/div><\/div>\n","protected":false},"excerpt":{"rendered":"<p>Direct access to the beach Discover the ultimate serenity during your Pirates World holiday. If you are looking for a quiet beach, and a very pleasant location, meet us at the end of the road! Unexplored by tourists who avoid it due to limited parking, this beach stands out as the most untamed in the [&hellip;]<\/p>\n","protected":false},"author":5,"featured_media":0,"parent":7697,"menu_order":4,"comment_status":"closed","ping_status":"closed","template":"","meta":{"_acf_changed":false,"inline_featured_image":false,"footnotes":""},"class_list":["post-7813","page","type-page","status-publish","hentry"],"acf":[],"featured_image_src":null,"yoast_head":"<!-- This site is optimized with the Yoast SEO plugin v26.7 - https:\/\/yoast.com\/wordpress\/plugins\/seo\/ -->\n<title>The must-visit beaches near Pirates World in Cap d&#039;Agde.<\/title>\n<meta name=\"description\" content=\"Visit Cap d &#039;Agde&#039;s largest beach, near Pirates World, perfect for spreading out your towel without intruding on your neighbour\u2019s space!\" \/>\n<meta name=\"robots\" content=\"index, follow, max-snippet:-1, max-image-preview:large, max-video-preview:-1\" \/>\n<link rel=\"canonical\" href=\"https:\/\/www.piratesworld.fr\/en\/accommodations\/the-beach\/\" \/>\n<meta property=\"og:locale\" content=\"en_US\" \/>\n<meta property=\"og:type\" content=\"article\" \/>\n<meta property=\"og:title\" content=\"The must-visit beaches near Pirates World in Cap d&#039;Agde.\" \/>\n<meta property=\"og:description\" content=\"Visit Cap d &#039;Agde&#039;s largest beach, near Pirates World, perfect for spreading out your towel without intruding on your neighbour\u2019s space!\" \/>\n<meta property=\"og:url\" content=\"https:\/\/www.piratesworld.fr\/en\/accommodations\/the-beach\/\" \/>\n<meta property=\"og:site_name\" content=\"Pirates World\" \/>\n<meta property=\"article:modified_time\" content=\"2024-06-21T11:17:45+00:00\" \/>\n<meta property=\"og:image\" content=\"https:\/\/www.piratesworld.fr\/wp-content\/uploads\/2023-07-10-la-plage-061-scaled.jpg\" \/>\n<meta name=\"twitter:card\" content=\"summary_large_image\" \/>\n<meta name=\"twitter:label1\" content=\"Est. reading time\" \/>\n\t<meta name=\"twitter:data1\" content=\"5 minutes\" \/>\n<script type=\"application\/ld+json\" class=\"yoast-schema-graph\">{\"@context\":\"https:\/\/schema.org\",\"@graph\":[{\"@type\":\"WebPage\",\"@id\":\"https:\/\/www.piratesworld.fr\/en\/accommodations\/the-beach\/\",\"url\":\"https:\/\/www.piratesworld.fr\/en\/accommodations\/the-beach\/\",\"name\":\"The must-visit beaches near Pirates World in Cap d'Agde.\",\"isPartOf\":{\"@id\":\"https:\/\/www.piratesworld.fr\/en\/#website\"},\"primaryImageOfPage\":{\"@id\":\"https:\/\/www.piratesworld.fr\/en\/accommodations\/the-beach\/#primaryimage\"},\"image\":{\"@id\":\"https:\/\/www.piratesworld.fr\/en\/accommodations\/the-beach\/#primaryimage\"},\"thumbnailUrl\":\"https:\/\/www.piratesworld.fr\/wp-content\/uploads\/2023-07-10-la-plage-061-scaled.jpg\",\"datePublished\":\"2023-06-27T11:30:54+00:00\",\"dateModified\":\"2024-06-21T11:17:45+00:00\",\"description\":\"Visit Cap d 'Agde's largest beach, near Pirates World, perfect for spreading out your towel without intruding on your neighbour\u2019s space!\",\"breadcrumb\":{\"@id\":\"https:\/\/www.piratesworld.fr\/en\/accommodations\/the-beach\/#breadcrumb\"},\"inLanguage\":\"en-US\",\"potentialAction\":[{\"@type\":\"ReadAction\",\"target\":[\"https:\/\/www.piratesworld.fr\/en\/accommodations\/the-beach\/\"]}]},{\"@type\":\"ImageObject\",\"inLanguage\":\"en-US\",\"@id\":\"https:\/\/www.piratesworld.fr\/en\/accommodations\/the-beach\/#primaryimage\",\"url\":\"https:\/\/www.piratesworld.fr\/wp-content\/uploads\/2023-07-10-la-plage-061-scaled.jpg\",\"contentUrl\":\"https:\/\/www.piratesworld.fr\/wp-content\/uploads\/2023-07-10-la-plage-061-scaled.jpg\"},{\"@type\":\"BreadcrumbList\",\"@id\":\"https:\/\/www.piratesworld.fr\/en\/accommodations\/the-beach\/#breadcrumb\",\"itemListElement\":[{\"@type\":\"ListItem\",\"position\":1,\"name\":\"Accueil\",\"item\":\"https:\/\/www.piratesworld.fr\/en\/\"},{\"@type\":\"ListItem\",\"position\":2,\"name\":\"Accommodations\",\"item\":\"https:\/\/www.piratesworld.fr\/en\/accommodations\/\"},{\"@type\":\"ListItem\",\"position\":3,\"name\":\"The beach\"}]},{\"@type\":\"WebSite\",\"@id\":\"https:\/\/www.piratesworld.fr\/en\/#website\",\"url\":\"https:\/\/www.piratesworld.fr\/en\/\",\"name\":\"Pirates World\",\"description\":\"Site officiel\",\"publisher\":{\"@id\":\"https:\/\/www.piratesworld.fr\/en\/#organization\"},\"potentialAction\":[{\"@type\":\"SearchAction\",\"target\":{\"@type\":\"EntryPoint\",\"urlTemplate\":\"https:\/\/www.piratesworld.fr\/en\/?s={search_term_string}\"},\"query-input\":{\"@type\":\"PropertyValueSpecification\",\"valueRequired\":true,\"valueName\":\"search_term_string\"}}],\"inLanguage\":\"en-US\"},{\"@type\":\"Organization\",\"@id\":\"https:\/\/www.piratesworld.fr\/en\/#organization\",\"name\":\"Pirates World\",\"url\":\"https:\/\/www.piratesworld.fr\/en\/\",\"logo\":{\"@type\":\"ImageObject\",\"inLanguage\":\"en-US\",\"@id\":\"https:\/\/www.piratesworld.fr\/en\/#\/schema\/logo\/image\/\",\"url\":\"https:\/\/www.piratesworld.fr\/wp-content\/uploads\/logo-pirates-world.png\",\"contentUrl\":\"https:\/\/www.piratesworld.fr\/wp-content\/uploads\/logo-pirates-world.png\",\"width\":400,\"height\":400,\"caption\":\"Pirates World\"},\"image\":{\"@id\":\"https:\/\/www.piratesworld.fr\/en\/#\/schema\/logo\/image\/\"}}]}<\/script>\n<!-- \/ Yoast SEO plugin. -->","yoast_head_json":{"title":"The must-visit beaches near Pirates World in Cap d'Agde.","description":"Visit Cap d 'Agde's largest beach, near Pirates World, perfect for spreading out your towel without intruding on your neighbour\u2019s space!","robots":{"index":"index","follow":"follow","max-snippet":"max-snippet:-1","max-image-preview":"max-image-preview:large","max-video-preview":"max-video-preview:-1"},"canonical":"https:\/\/www.piratesworld.fr\/en\/accommodations\/the-beach\/","og_locale":"en_US","og_type":"article","og_title":"The must-visit beaches near Pirates World in Cap d'Agde.","og_description":"Visit Cap d 'Agde's largest beach, near Pirates World, perfect for spreading out your towel without intruding on your neighbour\u2019s space!","og_url":"https:\/\/www.piratesworld.fr\/en\/accommodations\/the-beach\/","og_site_name":"Pirates World","article_modified_time":"2024-06-21T11:17:45+00:00","og_image":[{"url":"https:\/\/www.piratesworld.fr\/wp-content\/uploads\/2023-07-10-la-plage-061-scaled.jpg","type":"","width":"","height":""}],"twitter_card":"summary_large_image","twitter_misc":{"Est. reading time":"5 minutes"},"schema":{"@context":"https:\/\/schema.org","@graph":[{"@type":"WebPage","@id":"https:\/\/www.piratesworld.fr\/en\/accommodations\/the-beach\/","url":"https:\/\/www.piratesworld.fr\/en\/accommodations\/the-beach\/","name":"The must-visit beaches near Pirates World in Cap d'Agde.","isPartOf":{"@id":"https:\/\/www.piratesworld.fr\/en\/#website"},"primaryImageOfPage":{"@id":"https:\/\/www.piratesworld.fr\/en\/accommodations\/the-beach\/#primaryimage"},"image":{"@id":"https:\/\/www.piratesworld.fr\/en\/accommodations\/the-beach\/#primaryimage"},"thumbnailUrl":"https:\/\/www.piratesworld.fr\/wp-content\/uploads\/2023-07-10-la-plage-061-scaled.jpg","datePublished":"2023-06-27T11:30:54+00:00","dateModified":"2024-06-21T11:17:45+00:00","description":"Visit Cap d 'Agde's largest beach, near Pirates World, perfect for spreading out your towel without intruding on your neighbour\u2019s space!","breadcrumb":{"@id":"https:\/\/www.piratesworld.fr\/en\/accommodations\/the-beach\/#breadcrumb"},"inLanguage":"en-US","potentialAction":[{"@type":"ReadAction","target":["https:\/\/www.piratesworld.fr\/en\/accommodations\/the-beach\/"]}]},{"@type":"ImageObject","inLanguage":"en-US","@id":"https:\/\/www.piratesworld.fr\/en\/accommodations\/the-beach\/#primaryimage","url":"https:\/\/www.piratesworld.fr\/wp-content\/uploads\/2023-07-10-la-plage-061-scaled.jpg","contentUrl":"https:\/\/www.piratesworld.fr\/wp-content\/uploads\/2023-07-10-la-plage-061-scaled.jpg"},{"@type":"BreadcrumbList","@id":"https:\/\/www.piratesworld.fr\/en\/accommodations\/the-beach\/#breadcrumb","itemListElement":[{"@type":"ListItem","position":1,"name":"Accueil","item":"https:\/\/www.piratesworld.fr\/en\/"},{"@type":"ListItem","position":2,"name":"Accommodations","item":"https:\/\/www.piratesworld.fr\/en\/accommodations\/"},{"@type":"ListItem","position":3,"name":"The beach"}]},{"@type":"WebSite","@id":"https:\/\/www.piratesworld.fr\/en\/#website","url":"https:\/\/www.piratesworld.fr\/en\/","name":"Pirates World","description":"Site officiel","publisher":{"@id":"https:\/\/www.piratesworld.fr\/en\/#organization"},"potentialAction":[{"@type":"SearchAction","target":{"@type":"EntryPoint","urlTemplate":"https:\/\/www.piratesworld.fr\/en\/?s={search_term_string}"},"query-input":{"@type":"PropertyValueSpecification","valueRequired":true,"valueName":"search_term_string"}}],"inLanguage":"en-US"},{"@type":"Organization","@id":"https:\/\/www.piratesworld.fr\/en\/#organization","name":"Pirates World","url":"https:\/\/www.piratesworld.fr\/en\/","logo":{"@type":"ImageObject","inLanguage":"en-US","@id":"https:\/\/www.piratesworld.fr\/en\/#\/schema\/logo\/image\/","url":"https:\/\/www.piratesworld.fr\/wp-content\/uploads\/logo-pirates-world.png","contentUrl":"https:\/\/www.piratesworld.fr\/wp-content\/uploads\/logo-pirates-world.png","width":400,"height":400,"caption":"Pirates World"},"image":{"@id":"https:\/\/www.piratesworld.fr\/en\/#\/schema\/logo\/image\/"}}]}},"_links":{"self":[{"href":"https:\/\/www.piratesworld.fr\/en\/wp-json\/wp\/v2\/pages\/7813","targetHints":{"allow":["GET"]}}],"collection":[{"href":"https:\/\/www.piratesworld.fr\/en\/wp-json\/wp\/v2\/pages"}],"about":[{"href":"https:\/\/www.piratesworld.fr\/en\/wp-json\/wp\/v2\/types\/page"}],"author":[{"embeddable":true,"href":"https:\/\/www.piratesworld.fr\/en\/wp-json\/wp\/v2\/users\/5"}],"replies":[{"embeddable":true,"href":"https:\/\/www.piratesworld.fr\/en\/wp-json\/wp\/v2\/comments?post=7813"}],"version-history":[{"count":2,"href":"https:\/\/www.piratesworld.fr\/en\/wp-json\/wp\/v2\/pages\/7813\/revisions"}],"predecessor-version":[{"id":11910,"href":"https:\/\/www.piratesworld.fr\/en\/wp-json\/wp\/v2\/pages\/7813\/revisions\/11910"}],"up":[{"embeddable":true,"href":"https:\/\/www.piratesworld.fr\/en\/wp-json\/wp\/v2\/pages\/7697"}],"wp:attachment":[{"href":"https:\/\/www.piratesworld.fr\/en\/wp-json\/wp\/v2\/media?parent=7813"}],"curies":[{"name":"wp","href":"https:\/\/api.w.org\/{rel}","templated":true}]}}