{"id":7670,"date":"2023-11-07T10:21:43","date_gmt":"2023-11-07T09:21:43","guid":{"rendered":"http:\/\/www.piratesworld.fr\/devenir-proprietaire\/"},"modified":"2025-09-24T16:28:13","modified_gmt":"2025-09-24T14:28:13","slug":"convertirse-en-propietario","status":"publish","type":"page","link":"https:\/\/www.piratesworld.fr\/es\/convertirse-en-propietario\/","title":{"rendered":"Convertirse en Propietario"},"content":{"rendered":"\n<div class=\"wp-block-group alignfull bg-top over-y-vi is-layout-flow wp-block-group-is-layout-flow\" style=\"margin-top:0px;margin-bottom:0px\">\n<div class=\"wp-block-cover is-style-no-margin border-radius-bottom titre-banner has-animation\" style=\"min-height:100vh;aspect-ratio:unset;\"><span aria-hidden=\"true\" class=\"wp-block-cover__background has-background-dim-30 has-background-dim wp-block-cover__gradient-background has-background-gradient\" style=\"background:linear-gradient(180deg,rgb(0,26,41) 13%,rgba(255,255,255,0) 100%)\"><\/span><img loading=\"lazy\" decoding=\"async\" width=\"1960\" height=\"1200\" class=\"wp-block-cover__image-background wp-image-6876\" alt=\"\" src=\"https:\/\/www.piratesworld.fr\/wp-content\/uploads\/devenir-proprietaire-top.jpg\" data-object-fit=\"cover\" srcset=\"https:\/\/www.piratesworld.fr\/wp-content\/uploads\/devenir-proprietaire-top.jpg 1960w, https:\/\/www.piratesworld.fr\/wp-content\/uploads\/devenir-proprietaire-top-1024x627.jpg 1024w, https:\/\/www.piratesworld.fr\/wp-content\/uploads\/devenir-proprietaire-top-768x470.jpg 768w, https:\/\/www.piratesworld.fr\/wp-content\/uploads\/devenir-proprietaire-top-1536x940.jpg 1536w, https:\/\/www.piratesworld.fr\/wp-content\/uploads\/devenir-proprietaire-top-512x313.jpg 512w, https:\/\/www.piratesworld.fr\/wp-content\/uploads\/devenir-proprietaire-top-256x157.jpg 256w\" sizes=\"auto, (max-width: 1960px) 100vw, 1960px\" \/><div class=\"wp-block-cover__inner-container is-layout-flow wp-block-cover-is-layout-flow\">\n<div class=\"wp-block-group is-layout-constrained wp-block-group-is-layout-constrained\">\n<div class=\"wp-block-columns are-vertically-aligned-center is-layout-flex wp-container-core-columns-is-layout-ed59929e wp-block-columns-is-layout-flex\">\n<div class=\"wp-block-column is-vertically-aligned-center is-layout-flow wp-block-column-is-layout-flow\" style=\"flex-basis:65%\">\n<div class=\"wp-block-group animation--init--once animation--top is-layout-constrained wp-block-group-is-layout-constrained\">\n<h1 class=\"wp-block-heading has-text-align-left has-theme-white-color has-text-color has-proxima-nova-font-family has-h-1-font-size\" style=\"font-style:normal;font-weight:600;letter-spacing:1px\"><strong><strong><strong><strong>Convertirse <\/strong><\/strong><\/strong><\/strong><br><strong><strong><strong><strong>en Propietario<\/strong><\/strong><\/strong><\/strong><\/h1>\n<\/div>\n<\/div>\n<\/div>\n<\/div>\n<\/div><\/div>\n<\/div>\n\n\n\n<div class=\"wp-block-group alignwide animation--init--once animation--top is-layout-constrained wp-block-group-is-layout-constrained\" style=\"margin-top:75px;margin-bottom:75px\">\n<figure class=\"wp-block-image aligncenter size-large is-resized wp-duotone-bd9415-fff-1\"><img loading=\"lazy\" decoding=\"async\" width=\"512\" height=\"512\" src=\"https:\/\/www.piratesworld.fr\/wp-content\/uploads\/hebergements.svg\" alt=\"\" class=\"wp-image-4816\" style=\"width:50px\"\/><\/figure>\n\n\n\n<h2 class=\"wp-block-heading has-text-align-center has-theme-brun-fonce-color has-text-color\"><strong>Convertirse en propietario de un Mobil-Home<\/strong><\/h2>\n\n\n\n<p>\u00a1Convertirse en propietario es la oportunidad de beneficiarse de una segunda residencia al sol y junto al mar!<\/p>\n\n\n\n<p>Tambi\u00e9n es la concretizaci\u00f3n de un proyecto de vida que le permitir\u00e1 partir, m\u00e1s a menudo, de vacaciones de abril a mediados de octubre en familia o entre amigos.<\/p>\n\n\n\n<p>Opte por la compra de una casa m\u00f3vil nueva o de segunda mano en el camping Les Sables d &#8216;Or y disfrute de muchas ventajas.<\/p>\n<\/div>\n\n\n\n<div class=\"wp-block-group animation--init--once animation--top is-layout-constrained wp-block-group-is-layout-constrained\" style=\"padding-bottom:75px\">\n<div class=\"wp-block-columns are-vertically-aligned-center is-layout-flex wp-container-core-columns-is-layout-ff9b0ad5 wp-block-columns-is-layout-flex\" style=\"padding-top:20px;padding-bottom:20px\">\n<div class=\"wp-block-column is-vertically-aligned-center is-layout-flow wp-block-column-is-layout-flow\">\n<div class=\"wp-image-slider sp-heber has-text-align-left aspect-ratio-3_2\">\n\n                        \n                                \n                    <script>\n                        'use strict';\n\n                        document.addEventListener('DOMContentLoaded', function () {\n\n                            (function() {\n                                const blockSlide = new Splide( '#slide_676', {\n                                    type : 'loop',\n                                    perPage: 1,\n                                                                        \n                                    breakpoints: {\n                                        800: {\n                                            perPage: 1,\n                                                                                    },\n                                        450: {\n                                            perPage: 1,\n                                            \n                                        },\n                                    },\n                                    pagination: true,\n                                    arrows: true,\n                                    gap: 'var(--wp--style--block-gap)',\n                                    i18n: {\n                                        slideLabel: '0%s \/ 0%s',\n                                    }\n                                } );\n                                \n                                blockSlide.mount();\n                            })();\n                        })\n                    <\/script>\n\n                    <div class=\"slider-container\"><div class=\"splide galeria-slider galeria-columnas-1\" id=\"slide_676\"><div class=\"splide__track\"><div class=\"splide__list\"><div id=\"thumb-6914\" class=\"splide__slide\" data-counter=\"01\/01\"><div class=\"image-wrapper\"><img loading=\"lazy\" decoding=\"async\" width=\"1000\" height=\"707\" src=\"https:\/\/www.piratesworld.fr\/wp-content\/uploads\/inclus-dans-votre-loyer.jpg\" class=\"attachment-gallery-large size-gallery-large\" alt=\"\" srcset=\"https:\/\/www.piratesworld.fr\/wp-content\/uploads\/inclus-dans-votre-loyer.jpg 1000w, https:\/\/www.piratesworld.fr\/wp-content\/uploads\/inclus-dans-votre-loyer-768x543.jpg 768w, https:\/\/www.piratesworld.fr\/wp-content\/uploads\/inclus-dans-votre-loyer-512x362.jpg 512w, https:\/\/www.piratesworld.fr\/wp-content\/uploads\/inclus-dans-votre-loyer-256x181.jpg 256w\" sizes=\"auto, (max-width: 1000px) 100vw, 1000px\" \/><\/div><\/div><\/div><\/div><\/div><\/div>\n                    \n<\/div><\/div>\n\n\n\n<div class=\"wp-block-column is-vertically-aligned-center is-layout-flow wp-block-column-is-layout-flow\">\n<h2 class=\"wp-block-heading has-theme-brun-fonce-color has-text-color\"><strong>Incluido en su alquiler<\/strong><\/h2>\n\n\n\n<p>Alquiler parcela, agua, gas.<\/p>\n\n\n\n<p>Benef\u00edciese de un servicio privilegiado de relaciones con los propietarios, con un seguimiento personalizado.<\/p>\n\n\n\n<p>El acceso al parque acu\u00e1tico Pirates World, animaciones y espect\u00e1culos en julio\/agosto.<\/p>\n\n\n\n<p>Alquiler anual que var\u00eda de 6 590\u20ac a 8 500\u20ac seg\u00fan la parcela.<\/p>\n<\/div>\n<\/div>\n\n\n\n<div class=\"wp-block-columns are-vertically-aligned-center is-layout-flex wp-container-core-columns-is-layout-ff9b0ad5 wp-block-columns-is-layout-flex\" style=\"padding-top:20px;padding-bottom:20px\">\n<div class=\"wp-block-column is-vertically-aligned-center is-layout-flow wp-block-column-is-layout-flow\">\n<h2 class=\"wp-block-heading has-theme-brun-fonce-color has-text-color\"><strong>Alquile su Mobil Home<\/strong><\/h2>\n\n\n\n<p>Puede alquilar su casa m\u00f3vil usted mismo o en colaboraci\u00f3n con el camping:<\/p>\n\n\n\n<ul class=\"wp-block-list\">\n<li>Durante el alquiler, usted es libre de fijar su alquiler, los gastos de subarrendamiento quedan por ser pagados en la recepci\u00f3n del camping por sus inquilinos (ver condiciones).<\/li>\n\n\n\n<li>Alquile con la cabeza despejada. Tomamos la gesti\u00f3n de su casa m\u00f3vil y la alquilamos al igual que la nuestra. Esto incluye un paquete de limpieza entre cada alquiler, la gesti\u00f3n de sus inquilinos y reparaciones t\u00e9cnicas durante los alquileres (ver condiciones).<\/li>\n<\/ul>\n<\/div>\n\n\n\n<div class=\"wp-block-column is-vertically-aligned-center is-layout-flow wp-block-column-is-layout-flow\">\n<div class=\"wp-image-slider sp-heber has-text-align-left aspect-ratio-3_2\">\n\n                        \n                                \n                    <script>\n                        'use strict';\n\n                        document.addEventListener('DOMContentLoaded', function () {\n\n                            (function() {\n                                const blockSlide = new Splide( '#slide_78', {\n                                    type : 'loop',\n                                    perPage: 1,\n                                                                        \n                                    breakpoints: {\n                                        800: {\n                                            perPage: 1,\n                                                                                    },\n                                        450: {\n                                            perPage: 1,\n                                            \n                                        },\n                                    },\n                                    pagination: true,\n                                    arrows: true,\n                                    gap: 'var(--wp--style--block-gap)',\n                                    i18n: {\n                                        slideLabel: '0%s \/ 0%s',\n                                    }\n                                } );\n                                \n                                blockSlide.mount();\n                            })();\n                        })\n                    <\/script>\n\n                    <div class=\"slider-container\"><div class=\"splide galeria-slider galeria-columnas-1\" id=\"slide_78\"><div class=\"splide__track\"><div class=\"splide__list\"><div id=\"thumb-6915\" class=\"splide__slide\" data-counter=\"01\/01\"><div class=\"image-wrapper\"><img loading=\"lazy\" decoding=\"async\" width=\"1000\" height=\"667\" src=\"https:\/\/www.piratesworld.fr\/wp-content\/uploads\/louez-votre-mobil-home.jpg\" class=\"attachment-gallery-large size-gallery-large\" alt=\"\" srcset=\"https:\/\/www.piratesworld.fr\/wp-content\/uploads\/louez-votre-mobil-home.jpg 1000w, https:\/\/www.piratesworld.fr\/wp-content\/uploads\/louez-votre-mobil-home-768x512.jpg 768w, https:\/\/www.piratesworld.fr\/wp-content\/uploads\/louez-votre-mobil-home-512x342.jpg 512w, https:\/\/www.piratesworld.fr\/wp-content\/uploads\/louez-votre-mobil-home-256x171.jpg 256w\" sizes=\"auto, (max-width: 1000px) 100vw, 1000px\" \/><\/div><\/div><\/div><\/div><\/div><\/div>\n                    \n<\/div><\/div>\n<\/div>\n\n\n\n<div class=\"wp-block-columns are-vertically-aligned-center is-layout-flex wp-container-core-columns-is-layout-ff9b0ad5 wp-block-columns-is-layout-flex\" style=\"padding-top:20px;padding-bottom:20px\">\n<div class=\"wp-block-column is-vertically-aligned-center is-layout-flow wp-block-column-is-layout-flow\">\n<div class=\"wp-image-slider sp-heber has-text-align-left aspect-ratio-3_2\">\n\n                        \n                                \n                    <script>\n                        'use strict';\n\n                        document.addEventListener('DOMContentLoaded', function () {\n\n                            (function() {\n                                const blockSlide = new Splide( '#slide_358', {\n                                    type : 'loop',\n                                    perPage: 1,\n                                                                        \n                                    breakpoints: {\n                                        800: {\n                                            perPage: 1,\n                                                                                    },\n                                        450: {\n                                            perPage: 1,\n                                            \n                                        },\n                                    },\n                                    pagination: true,\n                                    arrows: true,\n                                    gap: 'var(--wp--style--block-gap)',\n                                    i18n: {\n                                        slideLabel: '0%s \/ 0%s',\n                                    }\n                                } );\n                                \n                                blockSlide.mount();\n                            })();\n                        })\n                    <\/script>\n\n                    <div class=\"slider-container\"><div class=\"splide galeria-slider galeria-columnas-1\" id=\"slide_358\"><div class=\"splide__track\"><div class=\"splide__list\"><div id=\"thumb-6916\" class=\"splide__slide\" data-counter=\"01\/01\"><div class=\"image-wrapper\"><img loading=\"lazy\" decoding=\"async\" width=\"1000\" height=\"563\" src=\"https:\/\/www.piratesworld.fr\/wp-content\/uploads\/les-avantages.jpg\" class=\"attachment-gallery-large size-gallery-large\" alt=\"\" srcset=\"https:\/\/www.piratesworld.fr\/wp-content\/uploads\/les-avantages.jpg 1000w, https:\/\/www.piratesworld.fr\/wp-content\/uploads\/les-avantages-768x432.jpg 768w, https:\/\/www.piratesworld.fr\/wp-content\/uploads\/les-avantages-512x288.jpg 512w, https:\/\/www.piratesworld.fr\/wp-content\/uploads\/les-avantages-256x144.jpg 256w\" sizes=\"auto, (max-width: 1000px) 100vw, 1000px\" \/><\/div><\/div><\/div><\/div><\/div><\/div>\n                    \n<\/div><\/div>\n\n\n\n<div class=\"wp-block-column is-vertically-aligned-center is-layout-flow wp-block-column-is-layout-flow\">\n<h2 class=\"wp-block-heading has-theme-brun-fonce-color has-text-color\"><strong>Las ventajas<\/strong><\/h2>\n\n\n\n<p>No hay obligaci\u00f3n de abandonar el camping ni de cambiar de casa m\u00f3vil en funci\u00f3n de su edad.<\/p>\n\n\n\n<p>Un contrato anual renovable cada a\u00f1o y sin l\u00edmite de tiempo (si no hay cambios m\u00e1s all\u00e1 de 15 a\u00f1os).<\/p>\n\n\n\n<p>Acceso gratuito a todas las instalaciones de Pirates World (parque acu\u00e1tico, clubes infantiles, etc.)<\/p>\n\n\n\n<p><strong>Posibilidad LMNP: Recuperaci\u00f3n del IVA y ganancia fiscal<\/strong><\/p>\n\n\n\n<p><strong>P\u00f3ngase en contacto con nosotros para obtener m\u00e1s informaci\u00f3n al 04 67 94 25 34<\/strong><\/p>\n<\/div>\n<\/div>\n<\/div>\n","protected":false},"excerpt":{"rendered":"<p>Convertirse en propietario de un Mobil-Home \u00a1Convertirse en propietario es la oportunidad de beneficiarse de una segunda residencia al sol y junto al mar! Tambi\u00e9n es la concretizaci\u00f3n de un proyecto de vida que le permitir\u00e1 partir, m\u00e1s a menudo, de vacaciones de abril a mediados de octubre en familia o entre amigos. Opte por [&hellip;]<\/p>\n","protected":false},"author":5,"featured_media":0,"parent":0,"menu_order":7,"comment_status":"closed","ping_status":"closed","template":"","meta":{"_acf_changed":false,"inline_featured_image":false,"footnotes":""},"class_list":["post-7670","page","type-page","status-publish","hentry"],"acf":[],"featured_image_src":null,"yoast_head":"<!-- This site is optimized with the Yoast SEO plugin v26.7 - https:\/\/yoast.com\/wordpress\/plugins\/seo\/ -->\n<title>Convi\u00e9rtase en propietario de una casa m\u00f3vil en Pirates World, Cap d&#039;Agde<\/title>\n<meta name=\"description\" content=\"Concrete el proyecto de una vida y convi\u00e9rtase en propietario de una casa m\u00f3vil y una segunda residencia en Pirates World en Cap d&#039;Agde.\" \/>\n<meta name=\"robots\" content=\"index, follow, max-snippet:-1, max-image-preview:large, max-video-preview:-1\" \/>\n<link rel=\"canonical\" href=\"https:\/\/www.piratesworld.fr\/es\/convertirse-en-propietario\/\" \/>\n<meta property=\"og:locale\" content=\"es_ES\" \/>\n<meta property=\"og:type\" content=\"article\" \/>\n<meta property=\"og:title\" content=\"Convi\u00e9rtase en propietario de una casa m\u00f3vil en Pirates World, Cap d&#039;Agde\" \/>\n<meta property=\"og:description\" content=\"Concrete el proyecto de una vida y convi\u00e9rtase en propietario de una casa m\u00f3vil y una segunda residencia en Pirates World en Cap d&#039;Agde.\" \/>\n<meta property=\"og:url\" content=\"https:\/\/www.piratesworld.fr\/es\/convertirse-en-propietario\/\" \/>\n<meta property=\"og:site_name\" content=\"Pirates World\" \/>\n<meta property=\"article:modified_time\" content=\"2025-09-24T14:28:13+00:00\" \/>\n<meta property=\"og:image\" content=\"https:\/\/www.piratesworld.fr\/wp-content\/uploads\/devenir-proprietaire-top.jpg\" \/>\n\t<meta property=\"og:image:width\" content=\"1960\" \/>\n\t<meta property=\"og:image:height\" content=\"1200\" \/>\n\t<meta property=\"og:image:type\" content=\"image\/jpeg\" \/>\n<meta name=\"twitter:card\" content=\"summary_large_image\" \/>\n<meta name=\"twitter:label1\" content=\"Tiempo de lectura\" \/>\n\t<meta name=\"twitter:data1\" content=\"2 minutos\" \/>\n<script type=\"application\/ld+json\" class=\"yoast-schema-graph\">{\"@context\":\"https:\/\/schema.org\",\"@graph\":[{\"@type\":\"WebPage\",\"@id\":\"https:\/\/www.piratesworld.fr\/es\/convertirse-en-propietario\/\",\"url\":\"https:\/\/www.piratesworld.fr\/es\/convertirse-en-propietario\/\",\"name\":\"Convi\u00e9rtase en propietario de una casa m\u00f3vil en Pirates World, Cap d'Agde\",\"isPartOf\":{\"@id\":\"https:\/\/www.piratesworld.fr\/es\/#website\"},\"primaryImageOfPage\":{\"@id\":\"https:\/\/www.piratesworld.fr\/es\/convertirse-en-propietario\/#primaryimage\"},\"image\":{\"@id\":\"https:\/\/www.piratesworld.fr\/es\/convertirse-en-propietario\/#primaryimage\"},\"thumbnailUrl\":\"https:\/\/www.piratesworld.fr\/wp-content\/uploads\/devenir-proprietaire-top.jpg\",\"datePublished\":\"2023-11-07T09:21:43+00:00\",\"dateModified\":\"2025-09-24T14:28:13+00:00\",\"description\":\"Concrete el proyecto de una vida y convi\u00e9rtase en propietario de una casa m\u00f3vil y una segunda residencia en Pirates World en Cap d'Agde.\",\"breadcrumb\":{\"@id\":\"https:\/\/www.piratesworld.fr\/es\/convertirse-en-propietario\/#breadcrumb\"},\"inLanguage\":\"es\",\"potentialAction\":[{\"@type\":\"ReadAction\",\"target\":[\"https:\/\/www.piratesworld.fr\/es\/convertirse-en-propietario\/\"]}]},{\"@type\":\"ImageObject\",\"inLanguage\":\"es\",\"@id\":\"https:\/\/www.piratesworld.fr\/es\/convertirse-en-propietario\/#primaryimage\",\"url\":\"https:\/\/www.piratesworld.fr\/wp-content\/uploads\/devenir-proprietaire-top.jpg\",\"contentUrl\":\"https:\/\/www.piratesworld.fr\/wp-content\/uploads\/devenir-proprietaire-top.jpg\"},{\"@type\":\"BreadcrumbList\",\"@id\":\"https:\/\/www.piratesworld.fr\/es\/convertirse-en-propietario\/#breadcrumb\",\"itemListElement\":[{\"@type\":\"ListItem\",\"position\":1,\"name\":\"Accueil\",\"item\":\"https:\/\/www.piratesworld.fr\/es\/\"},{\"@type\":\"ListItem\",\"position\":2,\"name\":\"Convertirse en Propietario\"}]},{\"@type\":\"WebSite\",\"@id\":\"https:\/\/www.piratesworld.fr\/es\/#website\",\"url\":\"https:\/\/www.piratesworld.fr\/es\/\",\"name\":\"Pirates World\",\"description\":\"Site officiel\",\"publisher\":{\"@id\":\"https:\/\/www.piratesworld.fr\/es\/#organization\"},\"potentialAction\":[{\"@type\":\"SearchAction\",\"target\":{\"@type\":\"EntryPoint\",\"urlTemplate\":\"https:\/\/www.piratesworld.fr\/es\/?s={search_term_string}\"},\"query-input\":{\"@type\":\"PropertyValueSpecification\",\"valueRequired\":true,\"valueName\":\"search_term_string\"}}],\"inLanguage\":\"es\"},{\"@type\":\"Organization\",\"@id\":\"https:\/\/www.piratesworld.fr\/es\/#organization\",\"name\":\"Pirates World\",\"url\":\"https:\/\/www.piratesworld.fr\/es\/\",\"logo\":{\"@type\":\"ImageObject\",\"inLanguage\":\"es\",\"@id\":\"https:\/\/www.piratesworld.fr\/es\/#\/schema\/logo\/image\/\",\"url\":\"https:\/\/www.piratesworld.fr\/wp-content\/uploads\/logo-pirates-world.png\",\"contentUrl\":\"https:\/\/www.piratesworld.fr\/wp-content\/uploads\/logo-pirates-world.png\",\"width\":400,\"height\":400,\"caption\":\"Pirates World\"},\"image\":{\"@id\":\"https:\/\/www.piratesworld.fr\/es\/#\/schema\/logo\/image\/\"}}]}<\/script>\n<!-- \/ Yoast SEO plugin. -->","yoast_head_json":{"title":"Convi\u00e9rtase en propietario de una casa m\u00f3vil en Pirates World, Cap d'Agde","description":"Concrete el proyecto de una vida y convi\u00e9rtase en propietario de una casa m\u00f3vil y una segunda residencia en Pirates World en Cap d'Agde.","robots":{"index":"index","follow":"follow","max-snippet":"max-snippet:-1","max-image-preview":"max-image-preview:large","max-video-preview":"max-video-preview:-1"},"canonical":"https:\/\/www.piratesworld.fr\/es\/convertirse-en-propietario\/","og_locale":"es_ES","og_type":"article","og_title":"Convi\u00e9rtase en propietario de una casa m\u00f3vil en Pirates World, Cap d'Agde","og_description":"Concrete el proyecto de una vida y convi\u00e9rtase en propietario de una casa m\u00f3vil y una segunda residencia en Pirates World en Cap d'Agde.","og_url":"https:\/\/www.piratesworld.fr\/es\/convertirse-en-propietario\/","og_site_name":"Pirates World","article_modified_time":"2025-09-24T14:28:13+00:00","og_image":[{"width":1960,"height":1200,"url":"https:\/\/www.piratesworld.fr\/wp-content\/uploads\/devenir-proprietaire-top.jpg","type":"image\/jpeg"}],"twitter_card":"summary_large_image","twitter_misc":{"Tiempo de lectura":"2 minutos"},"schema":{"@context":"https:\/\/schema.org","@graph":[{"@type":"WebPage","@id":"https:\/\/www.piratesworld.fr\/es\/convertirse-en-propietario\/","url":"https:\/\/www.piratesworld.fr\/es\/convertirse-en-propietario\/","name":"Convi\u00e9rtase en propietario de una casa m\u00f3vil en Pirates World, Cap d'Agde","isPartOf":{"@id":"https:\/\/www.piratesworld.fr\/es\/#website"},"primaryImageOfPage":{"@id":"https:\/\/www.piratesworld.fr\/es\/convertirse-en-propietario\/#primaryimage"},"image":{"@id":"https:\/\/www.piratesworld.fr\/es\/convertirse-en-propietario\/#primaryimage"},"thumbnailUrl":"https:\/\/www.piratesworld.fr\/wp-content\/uploads\/devenir-proprietaire-top.jpg","datePublished":"2023-11-07T09:21:43+00:00","dateModified":"2025-09-24T14:28:13+00:00","description":"Concrete el proyecto de una vida y convi\u00e9rtase en propietario de una casa m\u00f3vil y una segunda residencia en Pirates World en Cap d'Agde.","breadcrumb":{"@id":"https:\/\/www.piratesworld.fr\/es\/convertirse-en-propietario\/#breadcrumb"},"inLanguage":"es","potentialAction":[{"@type":"ReadAction","target":["https:\/\/www.piratesworld.fr\/es\/convertirse-en-propietario\/"]}]},{"@type":"ImageObject","inLanguage":"es","@id":"https:\/\/www.piratesworld.fr\/es\/convertirse-en-propietario\/#primaryimage","url":"https:\/\/www.piratesworld.fr\/wp-content\/uploads\/devenir-proprietaire-top.jpg","contentUrl":"https:\/\/www.piratesworld.fr\/wp-content\/uploads\/devenir-proprietaire-top.jpg"},{"@type":"BreadcrumbList","@id":"https:\/\/www.piratesworld.fr\/es\/convertirse-en-propietario\/#breadcrumb","itemListElement":[{"@type":"ListItem","position":1,"name":"Accueil","item":"https:\/\/www.piratesworld.fr\/es\/"},{"@type":"ListItem","position":2,"name":"Convertirse en Propietario"}]},{"@type":"WebSite","@id":"https:\/\/www.piratesworld.fr\/es\/#website","url":"https:\/\/www.piratesworld.fr\/es\/","name":"Pirates World","description":"Site officiel","publisher":{"@id":"https:\/\/www.piratesworld.fr\/es\/#organization"},"potentialAction":[{"@type":"SearchAction","target":{"@type":"EntryPoint","urlTemplate":"https:\/\/www.piratesworld.fr\/es\/?s={search_term_string}"},"query-input":{"@type":"PropertyValueSpecification","valueRequired":true,"valueName":"search_term_string"}}],"inLanguage":"es"},{"@type":"Organization","@id":"https:\/\/www.piratesworld.fr\/es\/#organization","name":"Pirates World","url":"https:\/\/www.piratesworld.fr\/es\/","logo":{"@type":"ImageObject","inLanguage":"es","@id":"https:\/\/www.piratesworld.fr\/es\/#\/schema\/logo\/image\/","url":"https:\/\/www.piratesworld.fr\/wp-content\/uploads\/logo-pirates-world.png","contentUrl":"https:\/\/www.piratesworld.fr\/wp-content\/uploads\/logo-pirates-world.png","width":400,"height":400,"caption":"Pirates World"},"image":{"@id":"https:\/\/www.piratesworld.fr\/es\/#\/schema\/logo\/image\/"}}]}},"_links":{"self":[{"href":"https:\/\/www.piratesworld.fr\/es\/wp-json\/wp\/v2\/pages\/7670","targetHints":{"allow":["GET"]}}],"collection":[{"href":"https:\/\/www.piratesworld.fr\/es\/wp-json\/wp\/v2\/pages"}],"about":[{"href":"https:\/\/www.piratesworld.fr\/es\/wp-json\/wp\/v2\/types\/page"}],"author":[{"embeddable":true,"href":"https:\/\/www.piratesworld.fr\/es\/wp-json\/wp\/v2\/users\/5"}],"replies":[{"embeddable":true,"href":"https:\/\/www.piratesworld.fr\/es\/wp-json\/wp\/v2\/comments?post=7670"}],"version-history":[{"count":3,"href":"https:\/\/www.piratesworld.fr\/es\/wp-json\/wp\/v2\/pages\/7670\/revisions"}],"predecessor-version":[{"id":14164,"href":"https:\/\/www.piratesworld.fr\/es\/wp-json\/wp\/v2\/pages\/7670\/revisions\/14164"}],"wp:attachment":[{"href":"https:\/\/www.piratesworld.fr\/es\/wp-json\/wp\/v2\/media?parent=7670"}],"curies":[{"name":"wp","href":"https:\/\/api.w.org\/{rel}","templated":true}]}}