{"id":7682,"date":"2023-06-28T11:24:46","date_gmt":"2023-06-28T09:24:46","guid":{"rendered":"http:\/\/www.piratesworld.fr\/avant-votre-visite\/"},"modified":"2024-04-11T11:37:23","modified_gmt":"2024-04-11T09:37:23","slug":"antes-de-su-visita-a-pirates-world","status":"publish","type":"page","link":"https:\/\/www.piratesworld.fr\/es\/antes-de-su-visita-a-pirates-world\/","title":{"rendered":"Antes de su visita a Pirates World"},"content":{"rendered":"\n<div class=\"wp-block-group alignfull bg-top over-y-vi is-layout-flow wp-block-group-is-layout-flow\" style=\"margin-top:0px;margin-bottom:0px\">\n<div class=\"wp-block-cover is-style-no-margin border-radius-bottom titre-banner has-animation\" style=\"min-height:100vh;aspect-ratio:unset;\"><span aria-hidden=\"true\" class=\"wp-block-cover__background has-background-dim-30 has-background-dim wp-block-cover__gradient-background has-background-gradient\" style=\"background:linear-gradient(180deg,rgb(0,26,41) 13%,rgba(255,255,255,0) 100%)\"><\/span><img loading=\"lazy\" decoding=\"async\" width=\"1960\" height=\"1200\" class=\"wp-block-cover__image-background wp-image-4778\" alt=\"\" src=\"https:\/\/www.piratesworld.fr\/wp-content\/uploads\/default.jpg\" style=\"object-position:3% 27%\" data-object-fit=\"cover\" data-object-position=\"3% 27%\" srcset=\"https:\/\/www.piratesworld.fr\/wp-content\/uploads\/default.jpg 1960w, https:\/\/www.piratesworld.fr\/wp-content\/uploads\/default-1024x627.jpg 1024w, https:\/\/www.piratesworld.fr\/wp-content\/uploads\/default-768x470.jpg 768w, https:\/\/www.piratesworld.fr\/wp-content\/uploads\/default-1536x940.jpg 1536w, https:\/\/www.piratesworld.fr\/wp-content\/uploads\/default-512x313.jpg 512w, https:\/\/www.piratesworld.fr\/wp-content\/uploads\/default-256x157.jpg 256w\" sizes=\"auto, (max-width: 1960px) 100vw, 1960px\" \/><div class=\"wp-block-cover__inner-container is-layout-flow wp-block-cover-is-layout-flow\">\n<div class=\"wp-block-group animation--init--once animation--top is-layout-constrained wp-block-group-is-layout-constrained\">\n<h1 class=\"wp-block-heading has-text-align-left has-theme-white-color has-text-color has-proxima-nova-font-family has-h-1-font-size\" style=\"font-style:normal;font-weight:600;letter-spacing:1px\"><strong>Antes de su visita <\/strong><br><strong>a Pirates World<\/strong><\/h1>\n<\/div>\n<\/div><\/div>\n<\/div>\n\n\n\n<div class=\"wp-block-group alignwide animation--init--once animation--top is-layout-constrained wp-block-group-is-layout-constrained\" style=\"margin-top:75px;margin-bottom:75px\">\n<h2 class=\"wp-block-heading has-text-align-left has-theme-brun-fonce-color has-text-color\">\u00bfPor qu\u00e9 elegir un alojamiento<br><mark style=\"background-color:rgba(0, 0, 0, 0)\" class=\"has-inline-color has-theme-brun-clair-color\">Pirates World&nbsp;?<\/mark><\/h2>\n\n\n\n<p>Si cree que disfrutar\u00e1 en el parque, le encantar\u00e1n nuestras instalaciones de alojamiento&#8230; En particular, nuestros 2 hoteles m\u00e1s inmersivos del mundo, volcados hacia el mundo de la pirater\u00eda, pero tambi\u00e9n el camping, que se transforma progresivamente siguiendo la misma tem\u00e1tica.<a href=\"https:\/\/www.camping-sablesdor.com\/alentours\/le-cap-dagde\/\"><\/a><\/p>\n\n\n\n<h2 class=\"wp-block-heading has-text-align-left has-theme-brun-fonce-color has-text-color\">\u00bfPor qu\u00e9 reservar <mark style=\"background-color:rgba(0, 0, 0, 0)\" class=\"has-inline-color has-theme-brun-clair-color\">con antelaci\u00f3n?<\/mark><\/h2>\n\n\n\n<p>Nuestras estructuras son nuevas y atraen cada a\u00f1o a m\u00e1s y m\u00e1s personas. Reserve con antelaci\u00f3n para tener el alojamiento que desea (con la posibilidad de elegir la geolocalizaci\u00f3n).<\/p>\n\n\n\n<p>Cuanto antes reserve, m\u00e1s barata le saldr\u00e1 la tarifa, ya que adoptamos la misma pol\u00edtica que las empresas de transporte.<\/p>\n\n\n\n<h2 class=\"wp-block-heading has-text-align-left has-theme-brun-fonce-color has-text-color\">\u00bfCu\u00e1l es la mejor \u00e9poca <mark style=\"background-color:rgba(0, 0, 0, 0)\" class=\"has-inline-color has-theme-brun-clair-color\">para venir?<\/mark><\/h2>\n\n\n\n<p>El parque est\u00e1 abierto desde el D\u00eda de la Ascensi\u00f3n hasta finales de septiembre, mientras que nuestro alojamiento est\u00e1 abierto desde abril hasta principios de noviembre.<\/p>\n\n\n\n<p>Cada temporada tiene sus ventajas&#8230; Tanto si busca un periodo tranquilo en pretemporada como un periodo ajetreado en plena temporada&#8230; \u00a1Todo es posible!<\/p>\n\n\n\n<p>En abril, mayo, septiembre, octubre y noviembre, la mayor\u00eda de nuestras actividades y espect\u00e1culos son indoor.<\/p>\n\n\n\n<h2 class=\"wp-block-heading has-text-align-left has-theme-brun-fonce-color has-text-color\">\u00a1Los d\u00edas lluviosos en <mark style=\"background-color:rgba(0, 0, 0, 0)\" class=\"has-inline-color has-theme-brun-clair-color\">Pirates World&nbsp;!<\/mark><\/h2>\n\n\n\n<p>Los mejores estrategas piratas son los que mejor han navegado por tormenta&#8230; As\u00ed que tenemos todo lo que necesitas para un d\u00eda lluvioso&#8230; juegos de escape, b\u00fasquedas del tesoro en interiores, manualidades piratas, juegos de rol&#8230; \u00a1Hay mucha diversi\u00f3n para rato!<\/p>\n\n\n\n<p>El parque es muy popular en junio, julio y agosto cuando llueve, ya que es muy agradable ba\u00f1arse bajo la lluvia cuando hace mucho calor.<\/p>\n\n\n\n<p><strong>\u00bfD\u00f3nde se encuentra el parque Pirates World?<\/strong><\/p>\n\n\n\n<p><strong>Las soluciones de transporte<\/strong><\/p>\n\n\n\n<div class=\"wp-block-buttons is-layout-flex wp-block-buttons-is-layout-flex\">\n<div class=\"wp-block-button btn-2\"><a class=\"wp-block-button__link wp-element-button\" href=\"https:\/\/www.piratesworld.fr\/es\/acceso\/\">Saber m\u00e1s<\/a><\/div>\n<\/div>\n<\/div>\n","protected":false},"excerpt":{"rendered":"<p>\u00bfPor qu\u00e9 elegir un alojamientoPirates World&nbsp;? Si cree que disfrutar\u00e1 en el parque, le encantar\u00e1n nuestras instalaciones de alojamiento&#8230; En particular, nuestros 2 hoteles m\u00e1s inmersivos del mundo, volcados hacia el mundo de la pirater\u00eda, pero tambi\u00e9n el camping, que se transforma progresivamente siguiendo la misma tem\u00e1tica. \u00bfPor qu\u00e9 reservar con antelaci\u00f3n? Nuestras estructuras son [&hellip;]<\/p>\n","protected":false},"author":5,"featured_media":0,"parent":0,"menu_order":10,"comment_status":"closed","ping_status":"closed","template":"","meta":{"_acf_changed":false,"inline_featured_image":false,"footnotes":""},"class_list":["post-7682","page","type-page","status-publish","hentry"],"acf":[],"featured_image_src":null,"yoast_head":"<!-- This site is optimized with the Yoast SEO plugin v26.7 - https:\/\/yoast.com\/wordpress\/plugins\/seo\/ -->\n<title>Prepare su visita a Pirates World en Cap d &#039;Agde<\/title>\n<meta name=\"description\" content=\"Encuentre todos nuestros consejos para preparar mejor su estancia en el complejo Pirates World en Cap d&#039;Agde.\" \/>\n<meta name=\"robots\" content=\"index, follow, max-snippet:-1, max-image-preview:large, max-video-preview:-1\" \/>\n<link rel=\"canonical\" href=\"https:\/\/www.piratesworld.fr\/es\/antes-de-su-visita-a-pirates-world\/\" \/>\n<meta property=\"og:locale\" content=\"es_ES\" \/>\n<meta property=\"og:type\" content=\"article\" \/>\n<meta property=\"og:title\" content=\"Prepare su visita a Pirates World en Cap d &#039;Agde\" \/>\n<meta property=\"og:description\" content=\"Encuentre todos nuestros consejos para preparar mejor su estancia en el complejo Pirates World en Cap d&#039;Agde.\" \/>\n<meta property=\"og:url\" content=\"https:\/\/www.piratesworld.fr\/es\/antes-de-su-visita-a-pirates-world\/\" \/>\n<meta property=\"og:site_name\" content=\"Pirates World\" \/>\n<meta property=\"article:modified_time\" content=\"2024-04-11T09:37:23+00:00\" \/>\n<meta property=\"og:image\" content=\"https:\/\/www.piratesworld.fr\/wp-content\/uploads\/default.jpg\" \/>\n<meta name=\"twitter:card\" content=\"summary_large_image\" \/>\n<meta name=\"twitter:label1\" content=\"Tiempo de lectura\" \/>\n\t<meta name=\"twitter:data1\" content=\"2 minutos\" \/>\n<script type=\"application\/ld+json\" class=\"yoast-schema-graph\">{\"@context\":\"https:\/\/schema.org\",\"@graph\":[{\"@type\":\"WebPage\",\"@id\":\"https:\/\/www.piratesworld.fr\/es\/antes-de-su-visita-a-pirates-world\/\",\"url\":\"https:\/\/www.piratesworld.fr\/es\/antes-de-su-visita-a-pirates-world\/\",\"name\":\"Prepare su visita a Pirates World en Cap d 'Agde\",\"isPartOf\":{\"@id\":\"https:\/\/www.piratesworld.fr\/es\/#website\"},\"primaryImageOfPage\":{\"@id\":\"https:\/\/www.piratesworld.fr\/es\/antes-de-su-visita-a-pirates-world\/#primaryimage\"},\"image\":{\"@id\":\"https:\/\/www.piratesworld.fr\/es\/antes-de-su-visita-a-pirates-world\/#primaryimage\"},\"thumbnailUrl\":\"https:\/\/www.piratesworld.fr\/wp-content\/uploads\/default.jpg\",\"datePublished\":\"2023-06-28T09:24:46+00:00\",\"dateModified\":\"2024-04-11T09:37:23+00:00\",\"description\":\"Encuentre todos nuestros consejos para preparar mejor su estancia en el complejo Pirates World en Cap d'Agde.\",\"breadcrumb\":{\"@id\":\"https:\/\/www.piratesworld.fr\/es\/antes-de-su-visita-a-pirates-world\/#breadcrumb\"},\"inLanguage\":\"es\",\"potentialAction\":[{\"@type\":\"ReadAction\",\"target\":[\"https:\/\/www.piratesworld.fr\/es\/antes-de-su-visita-a-pirates-world\/\"]}]},{\"@type\":\"ImageObject\",\"inLanguage\":\"es\",\"@id\":\"https:\/\/www.piratesworld.fr\/es\/antes-de-su-visita-a-pirates-world\/#primaryimage\",\"url\":\"https:\/\/www.piratesworld.fr\/wp-content\/uploads\/default.jpg\",\"contentUrl\":\"https:\/\/www.piratesworld.fr\/wp-content\/uploads\/default.jpg\"},{\"@type\":\"BreadcrumbList\",\"@id\":\"https:\/\/www.piratesworld.fr\/es\/antes-de-su-visita-a-pirates-world\/#breadcrumb\",\"itemListElement\":[{\"@type\":\"ListItem\",\"position\":1,\"name\":\"Accueil\",\"item\":\"https:\/\/www.piratesworld.fr\/es\/\"},{\"@type\":\"ListItem\",\"position\":2,\"name\":\"Antes de su visita a Pirates World\"}]},{\"@type\":\"WebSite\",\"@id\":\"https:\/\/www.piratesworld.fr\/es\/#website\",\"url\":\"https:\/\/www.piratesworld.fr\/es\/\",\"name\":\"Pirates World\",\"description\":\"Site officiel\",\"publisher\":{\"@id\":\"https:\/\/www.piratesworld.fr\/es\/#organization\"},\"potentialAction\":[{\"@type\":\"SearchAction\",\"target\":{\"@type\":\"EntryPoint\",\"urlTemplate\":\"https:\/\/www.piratesworld.fr\/es\/?s={search_term_string}\"},\"query-input\":{\"@type\":\"PropertyValueSpecification\",\"valueRequired\":true,\"valueName\":\"search_term_string\"}}],\"inLanguage\":\"es\"},{\"@type\":\"Organization\",\"@id\":\"https:\/\/www.piratesworld.fr\/es\/#organization\",\"name\":\"Pirates World\",\"url\":\"https:\/\/www.piratesworld.fr\/es\/\",\"logo\":{\"@type\":\"ImageObject\",\"inLanguage\":\"es\",\"@id\":\"https:\/\/www.piratesworld.fr\/es\/#\/schema\/logo\/image\/\",\"url\":\"https:\/\/www.piratesworld.fr\/wp-content\/uploads\/logo-pirates-world.png\",\"contentUrl\":\"https:\/\/www.piratesworld.fr\/wp-content\/uploads\/logo-pirates-world.png\",\"width\":400,\"height\":400,\"caption\":\"Pirates World\"},\"image\":{\"@id\":\"https:\/\/www.piratesworld.fr\/es\/#\/schema\/logo\/image\/\"}}]}<\/script>\n<!-- \/ Yoast SEO plugin. -->","yoast_head_json":{"title":"Prepare su visita a Pirates World en Cap d 'Agde","description":"Encuentre todos nuestros consejos para preparar mejor su estancia en el complejo Pirates World en Cap d'Agde.","robots":{"index":"index","follow":"follow","max-snippet":"max-snippet:-1","max-image-preview":"max-image-preview:large","max-video-preview":"max-video-preview:-1"},"canonical":"https:\/\/www.piratesworld.fr\/es\/antes-de-su-visita-a-pirates-world\/","og_locale":"es_ES","og_type":"article","og_title":"Prepare su visita a Pirates World en Cap d 'Agde","og_description":"Encuentre todos nuestros consejos para preparar mejor su estancia en el complejo Pirates World en Cap d'Agde.","og_url":"https:\/\/www.piratesworld.fr\/es\/antes-de-su-visita-a-pirates-world\/","og_site_name":"Pirates World","article_modified_time":"2024-04-11T09:37:23+00:00","og_image":[{"url":"https:\/\/www.piratesworld.fr\/wp-content\/uploads\/default.jpg","type":"","width":"","height":""}],"twitter_card":"summary_large_image","twitter_misc":{"Tiempo de lectura":"2 minutos"},"schema":{"@context":"https:\/\/schema.org","@graph":[{"@type":"WebPage","@id":"https:\/\/www.piratesworld.fr\/es\/antes-de-su-visita-a-pirates-world\/","url":"https:\/\/www.piratesworld.fr\/es\/antes-de-su-visita-a-pirates-world\/","name":"Prepare su visita a Pirates World en Cap d 'Agde","isPartOf":{"@id":"https:\/\/www.piratesworld.fr\/es\/#website"},"primaryImageOfPage":{"@id":"https:\/\/www.piratesworld.fr\/es\/antes-de-su-visita-a-pirates-world\/#primaryimage"},"image":{"@id":"https:\/\/www.piratesworld.fr\/es\/antes-de-su-visita-a-pirates-world\/#primaryimage"},"thumbnailUrl":"https:\/\/www.piratesworld.fr\/wp-content\/uploads\/default.jpg","datePublished":"2023-06-28T09:24:46+00:00","dateModified":"2024-04-11T09:37:23+00:00","description":"Encuentre todos nuestros consejos para preparar mejor su estancia en el complejo Pirates World en Cap d'Agde.","breadcrumb":{"@id":"https:\/\/www.piratesworld.fr\/es\/antes-de-su-visita-a-pirates-world\/#breadcrumb"},"inLanguage":"es","potentialAction":[{"@type":"ReadAction","target":["https:\/\/www.piratesworld.fr\/es\/antes-de-su-visita-a-pirates-world\/"]}]},{"@type":"ImageObject","inLanguage":"es","@id":"https:\/\/www.piratesworld.fr\/es\/antes-de-su-visita-a-pirates-world\/#primaryimage","url":"https:\/\/www.piratesworld.fr\/wp-content\/uploads\/default.jpg","contentUrl":"https:\/\/www.piratesworld.fr\/wp-content\/uploads\/default.jpg"},{"@type":"BreadcrumbList","@id":"https:\/\/www.piratesworld.fr\/es\/antes-de-su-visita-a-pirates-world\/#breadcrumb","itemListElement":[{"@type":"ListItem","position":1,"name":"Accueil","item":"https:\/\/www.piratesworld.fr\/es\/"},{"@type":"ListItem","position":2,"name":"Antes de su visita a Pirates World"}]},{"@type":"WebSite","@id":"https:\/\/www.piratesworld.fr\/es\/#website","url":"https:\/\/www.piratesworld.fr\/es\/","name":"Pirates World","description":"Site officiel","publisher":{"@id":"https:\/\/www.piratesworld.fr\/es\/#organization"},"potentialAction":[{"@type":"SearchAction","target":{"@type":"EntryPoint","urlTemplate":"https:\/\/www.piratesworld.fr\/es\/?s={search_term_string}"},"query-input":{"@type":"PropertyValueSpecification","valueRequired":true,"valueName":"search_term_string"}}],"inLanguage":"es"},{"@type":"Organization","@id":"https:\/\/www.piratesworld.fr\/es\/#organization","name":"Pirates World","url":"https:\/\/www.piratesworld.fr\/es\/","logo":{"@type":"ImageObject","inLanguage":"es","@id":"https:\/\/www.piratesworld.fr\/es\/#\/schema\/logo\/image\/","url":"https:\/\/www.piratesworld.fr\/wp-content\/uploads\/logo-pirates-world.png","contentUrl":"https:\/\/www.piratesworld.fr\/wp-content\/uploads\/logo-pirates-world.png","width":400,"height":400,"caption":"Pirates World"},"image":{"@id":"https:\/\/www.piratesworld.fr\/es\/#\/schema\/logo\/image\/"}}]}},"_links":{"self":[{"href":"https:\/\/www.piratesworld.fr\/es\/wp-json\/wp\/v2\/pages\/7682","targetHints":{"allow":["GET"]}}],"collection":[{"href":"https:\/\/www.piratesworld.fr\/es\/wp-json\/wp\/v2\/pages"}],"about":[{"href":"https:\/\/www.piratesworld.fr\/es\/wp-json\/wp\/v2\/types\/page"}],"author":[{"embeddable":true,"href":"https:\/\/www.piratesworld.fr\/es\/wp-json\/wp\/v2\/users\/5"}],"replies":[{"embeddable":true,"href":"https:\/\/www.piratesworld.fr\/es\/wp-json\/wp\/v2\/comments?post=7682"}],"version-history":[{"count":3,"href":"https:\/\/www.piratesworld.fr\/es\/wp-json\/wp\/v2\/pages\/7682\/revisions"}],"predecessor-version":[{"id":9738,"href":"https:\/\/www.piratesworld.fr\/es\/wp-json\/wp\/v2\/pages\/7682\/revisions\/9738"}],"wp:attachment":[{"href":"https:\/\/www.piratesworld.fr\/es\/wp-json\/wp\/v2\/media?parent=7682"}],"curies":[{"name":"wp","href":"https:\/\/api.w.org\/{rel}","templated":true}]}}