{"id":7691,"date":"2023-06-28T11:54:08","date_gmt":"2023-06-28T09:54:08","guid":{"rendered":"http:\/\/www.piratesworld.fr\/apres-votre-visite\/"},"modified":"2024-02-15T17:35:33","modified_gmt":"2024-02-15T16:35:33","slug":"despues-de-su-visita","status":"publish","type":"page","link":"https:\/\/www.piratesworld.fr\/es\/despues-de-su-visita\/","title":{"rendered":"Despu\u00e9s de su visita"},"content":{"rendered":"\n<div class=\"wp-block-group alignfull bg-top over-y-vi is-layout-flow wp-block-group-is-layout-flow\" style=\"margin-top:0px;margin-bottom:0px\">\n<div class=\"wp-block-cover is-style-no-margin border-radius-bottom titre-banner has-animation\" style=\"min-height:100vh;aspect-ratio:unset;\"><span aria-hidden=\"true\" class=\"wp-block-cover__background has-background-dim-30 has-background-dim wp-block-cover__gradient-background has-background-gradient\" style=\"background:linear-gradient(180deg,rgb(0,26,41) 13%,rgba(255,255,255,0) 100%)\"><\/span><img loading=\"lazy\" decoding=\"async\" width=\"1960\" height=\"1200\" class=\"wp-block-cover__image-background wp-image-4778\" alt=\"\" src=\"https:\/\/www.piratesworld.fr\/wp-content\/uploads\/default.jpg\" style=\"object-position:3% 27%\" data-object-fit=\"cover\" data-object-position=\"3% 27%\" srcset=\"https:\/\/www.piratesworld.fr\/wp-content\/uploads\/default.jpg 1960w, https:\/\/www.piratesworld.fr\/wp-content\/uploads\/default-1024x627.jpg 1024w, https:\/\/www.piratesworld.fr\/wp-content\/uploads\/default-768x470.jpg 768w, https:\/\/www.piratesworld.fr\/wp-content\/uploads\/default-1536x940.jpg 1536w, https:\/\/www.piratesworld.fr\/wp-content\/uploads\/default-512x313.jpg 512w, https:\/\/www.piratesworld.fr\/wp-content\/uploads\/default-256x157.jpg 256w\" sizes=\"auto, (max-width: 1960px) 100vw, 1960px\" \/><div class=\"wp-block-cover__inner-container is-layout-flow wp-block-cover-is-layout-flow\">\n<div class=\"wp-block-group animation--init--once animation--top is-layout-constrained wp-block-group-is-layout-constrained\">\n<h1 class=\"wp-block-heading has-text-align-left has-theme-white-color has-text-color has-proxima-nova-font-family has-h-1-font-size\" style=\"font-style:normal;font-weight:600;letter-spacing:1px\"><strong>Despu\u00e9s de su visita<\/strong><br>a <strong>Pirates World<\/strong><\/h1>\n<\/div>\n<\/div><\/div>\n<\/div>\n\n\n\n<div class=\"wp-block-group alignwide animation--init--once animation--top is-layout-constrained wp-block-group-is-layout-constrained\" style=\"margin-top:75px;margin-bottom:75px\">\n<h2 class=\"wp-block-heading has-text-align-left has-theme-brun-fonce-color has-text-color\"><strong>Comparta<\/strong> <mark style=\"background-color:rgba(0, 0, 0, 0)\" class=\"has-inline-color has-theme-brun-clair-color\">su experiencia<\/mark><\/h2>\n\n\n\n<p>El 99&nbsp;% de las personas est\u00e1n satisfechas, pero no lo escriben en la web<\/p>\n\n\n\n<p>S\u00f3lo el 10&nbsp;% de las personas satisfechas con su experiencia la recomiendan a otras.<\/p>\n\n\n\n<p>El 90&nbsp;% de las personas insatisfechas escriben sobre ello en la web al menos una vez<\/p>\n\n\n\n<p>El 70&nbsp;% de las personas insatisfechas escriben al menos a 2 sitios web diferentes para expresar su descontento<\/p>\n\n\n\n<p>El 10&nbsp;% de las personas insatisfechas comparten sus sentimientos negativos en la web.<\/p>\n\n\n\n<p><strong><strong>\u00a1Invierta esta tendencia!<\/strong><\/strong><\/p>\n\n\n\n<p>\u00a1Comparta en Internet (Google, trip advisor, otros\u2026) su satisfacci\u00f3n!<\/p>\n\n\n\n<p>Nos encantar\u00eda recibir tus comentarios para mejorar.<\/p>\n\n\n\n<div class=\"wp-block-buttons is-layout-flex wp-block-buttons-is-layout-flex\">\n<div class=\"wp-block-button btn-2\"><a class=\"wp-block-button__link wp-element-button\" href=\"mailto:info@cap-piratesworld.com\">CONT\u00c1CTANOS<\/a><\/div>\n<\/div>\n\n\n\n<h2 class=\"wp-block-heading has-text-align-left has-theme-brun-fonce-color has-text-color\"><strong>Ha perdido un objeto<\/strong> <mark style=\"background-color:rgba(0, 0, 0, 0)\" class=\"has-inline-color has-theme-brun-clair-color\"><strong>durante su visita<\/strong><\/mark>\u00a0<\/h2>\n\n\n\n<p>P\u00f3ngase en contacto con nuestros equipos detallando lo mejor posible el objeto y el contexto de la p\u00e9rdida:<\/p>\n\n\n\n<ul class=\"wp-block-list\">\n<li>Descripci\u00f3n del objeto<\/li>\n\n\n\n<li>Fecha y lugar de la p\u00e9rdida<\/li>\n\n\n\n<li>Sus datos de contacto (direcci\u00f3n, correo electr\u00f3nico y tel\u00e9fono)<\/li>\n<\/ul>\n\n\n\n<p>En caso de alojarse en uno de nuestros alojamientos, especifique el nombre y el n\u00famero del alojamiento.<\/p>\n\n\n\n<div class=\"wp-block-buttons is-layout-flex wp-block-buttons-is-layout-flex\">\n<div class=\"wp-block-button btn-2\"><a class=\"wp-block-button__link wp-element-button\" href=\"mailto:info@cap-piratesworld.com\">CONT\u00c1CTANOS<\/a><\/div>\n<\/div>\n\n\n\n<h2 class=\"wp-block-heading has-text-align-left has-theme-brun-fonce-color has-text-color\"><strong>Mantengamos <\/strong><mark style=\"background-color:rgba(0, 0, 0, 0)\" class=\"has-inline-color has-theme-brun-clair-color\"><strong>el contacto<\/strong><\/mark><\/h2>\n\n\n\n<div id=\"rrss\" class=\"wp-block-group is-nowrap is-layout-flex wp-container-core-group-is-layout-a4091810 wp-block-group-is-layout-flex\" style=\"padding-left:20px\">        <a href=\"https:\/\/www.facebook.com\/parcaquatiquepiratesworld\/\"class=\"wp-block-custom-banner rrss-items has-text-align-left\" target=\"_blank\">\n        <div class=\"acf-innerblocks-container\">\n\n<figure class=\"wp-block-image size-full is-resized wp-duotone-e4c79b-fff-1\"><img decoding=\"async\" src=\"https:\/\/www.piratesworld.fr\/wp-content\/uploads\/facebook.png\" alt=\"\" class=\"wp-image-4789\" width=\"25\"\/><\/figure>\n\n<\/div>\n        <\/a>\n\n\n        <a href=\"https:\/\/www.instagram.com\/pirates_world_capdagde\/?hl=fr\"class=\"wp-block-custom-banner rrss-items has-text-align-left\" target=\"_blank\">\n        <div class=\"acf-innerblocks-container\">\n\n<figure class=\"wp-block-image size-full is-resized wp-duotone-e4c79b-fff-2\"><img decoding=\"async\" src=\"https:\/\/www.piratesworld.fr\/wp-content\/uploads\/instagram.png\" alt=\"\" class=\"wp-image-4912\" width=\"25\"\/><\/figure>\n\n<\/div>\n        <\/a>\n\n\n        <a href=\"https:\/\/www.youtube.com\/channel\/UCpvMxQq_bpnZsW2maZYGUtw\"class=\"wp-block-custom-banner rrss-items has-text-align-left\" target=\"_blank\">\n        <div class=\"acf-innerblocks-container\">\n\n<figure class=\"wp-block-image size-full is-resized wp-duotone-e4c79b-fff-3\"><img decoding=\"async\" src=\"https:\/\/www.piratesworld.fr\/wp-content\/uploads\/youtube.png\" alt=\"\" class=\"wp-image-4911\" width=\"25\"\/><\/figure>\n\n<\/div>\n        <\/a>\n<\/div>\n<\/div>\n","protected":false},"excerpt":{"rendered":"<p>Comparta su experiencia El 99&nbsp;% de las personas est\u00e1n satisfechas, pero no lo escriben en la web S\u00f3lo el 10&nbsp;% de las personas satisfechas con su experiencia la recomiendan a otras. El 90&nbsp;% de las personas insatisfechas escriben sobre ello en la web al menos una vez El 70&nbsp;% de las personas insatisfechas escriben al [&hellip;]<\/p>\n","protected":false},"author":5,"featured_media":0,"parent":0,"menu_order":12,"comment_status":"closed","ping_status":"closed","template":"","meta":{"_acf_changed":false,"inline_featured_image":false,"footnotes":""},"class_list":["post-7691","page","type-page","status-publish","hentry"],"acf":[],"featured_image_src":null,"yoast_head":"<!-- This site is optimized with the Yoast SEO plugin v26.7 - https:\/\/yoast.com\/wordpress\/plugins\/seo\/ -->\n<title>Mantengamos el contacto despu\u00e9s de su visita a Pirates World en Cap d&#039;Agde<\/title>\n<meta name=\"description\" content=\"Mantengamos el contacto despu\u00e9s de su visita a Pirates World en Cap d&#039;Agde y compartamos su experiencia en el complejo.\" \/>\n<meta name=\"robots\" content=\"index, follow, max-snippet:-1, max-image-preview:large, max-video-preview:-1\" \/>\n<link rel=\"canonical\" href=\"https:\/\/www.piratesworld.fr\/es\/despues-de-su-visita\/\" \/>\n<meta property=\"og:locale\" content=\"es_ES\" \/>\n<meta property=\"og:type\" content=\"article\" \/>\n<meta property=\"og:title\" content=\"Mantengamos el contacto despu\u00e9s de su visita a Pirates World en Cap d&#039;Agde\" \/>\n<meta property=\"og:description\" content=\"Mantengamos el contacto despu\u00e9s de su visita a Pirates World en Cap d&#039;Agde y compartamos su experiencia en el complejo.\" \/>\n<meta property=\"og:url\" content=\"https:\/\/www.piratesworld.fr\/es\/despues-de-su-visita\/\" \/>\n<meta property=\"og:site_name\" content=\"Pirates World\" \/>\n<meta property=\"article:modified_time\" content=\"2024-02-15T16:35:33+00:00\" \/>\n<meta property=\"og:image\" content=\"https:\/\/www.piratesworld.fr\/wp-content\/uploads\/default.jpg\" \/>\n<meta name=\"twitter:card\" content=\"summary_large_image\" \/>\n<meta name=\"twitter:label1\" content=\"Tiempo de lectura\" \/>\n\t<meta name=\"twitter:data1\" content=\"2 minutos\" \/>\n<script type=\"application\/ld+json\" class=\"yoast-schema-graph\">{\"@context\":\"https:\/\/schema.org\",\"@graph\":[{\"@type\":\"WebPage\",\"@id\":\"https:\/\/www.piratesworld.fr\/es\/despues-de-su-visita\/\",\"url\":\"https:\/\/www.piratesworld.fr\/es\/despues-de-su-visita\/\",\"name\":\"Mantengamos el contacto despu\u00e9s de su visita a Pirates World en Cap d'Agde\",\"isPartOf\":{\"@id\":\"https:\/\/www.piratesworld.fr\/es\/#website\"},\"primaryImageOfPage\":{\"@id\":\"https:\/\/www.piratesworld.fr\/es\/despues-de-su-visita\/#primaryimage\"},\"image\":{\"@id\":\"https:\/\/www.piratesworld.fr\/es\/despues-de-su-visita\/#primaryimage\"},\"thumbnailUrl\":\"https:\/\/www.piratesworld.fr\/wp-content\/uploads\/default.jpg\",\"datePublished\":\"2023-06-28T09:54:08+00:00\",\"dateModified\":\"2024-02-15T16:35:33+00:00\",\"description\":\"Mantengamos el contacto despu\u00e9s de su visita a Pirates World en Cap d'Agde y compartamos su experiencia en el complejo.\",\"breadcrumb\":{\"@id\":\"https:\/\/www.piratesworld.fr\/es\/despues-de-su-visita\/#breadcrumb\"},\"inLanguage\":\"es\",\"potentialAction\":[{\"@type\":\"ReadAction\",\"target\":[\"https:\/\/www.piratesworld.fr\/es\/despues-de-su-visita\/\"]}]},{\"@type\":\"ImageObject\",\"inLanguage\":\"es\",\"@id\":\"https:\/\/www.piratesworld.fr\/es\/despues-de-su-visita\/#primaryimage\",\"url\":\"https:\/\/www.piratesworld.fr\/wp-content\/uploads\/default.jpg\",\"contentUrl\":\"https:\/\/www.piratesworld.fr\/wp-content\/uploads\/default.jpg\"},{\"@type\":\"BreadcrumbList\",\"@id\":\"https:\/\/www.piratesworld.fr\/es\/despues-de-su-visita\/#breadcrumb\",\"itemListElement\":[{\"@type\":\"ListItem\",\"position\":1,\"name\":\"Accueil\",\"item\":\"https:\/\/www.piratesworld.fr\/es\/\"},{\"@type\":\"ListItem\",\"position\":2,\"name\":\"Despu\u00e9s de su visita\"}]},{\"@type\":\"WebSite\",\"@id\":\"https:\/\/www.piratesworld.fr\/es\/#website\",\"url\":\"https:\/\/www.piratesworld.fr\/es\/\",\"name\":\"Pirates World\",\"description\":\"Site officiel\",\"publisher\":{\"@id\":\"https:\/\/www.piratesworld.fr\/es\/#organization\"},\"potentialAction\":[{\"@type\":\"SearchAction\",\"target\":{\"@type\":\"EntryPoint\",\"urlTemplate\":\"https:\/\/www.piratesworld.fr\/es\/?s={search_term_string}\"},\"query-input\":{\"@type\":\"PropertyValueSpecification\",\"valueRequired\":true,\"valueName\":\"search_term_string\"}}],\"inLanguage\":\"es\"},{\"@type\":\"Organization\",\"@id\":\"https:\/\/www.piratesworld.fr\/es\/#organization\",\"name\":\"Pirates World\",\"url\":\"https:\/\/www.piratesworld.fr\/es\/\",\"logo\":{\"@type\":\"ImageObject\",\"inLanguage\":\"es\",\"@id\":\"https:\/\/www.piratesworld.fr\/es\/#\/schema\/logo\/image\/\",\"url\":\"https:\/\/www.piratesworld.fr\/wp-content\/uploads\/logo-pirates-world.png\",\"contentUrl\":\"https:\/\/www.piratesworld.fr\/wp-content\/uploads\/logo-pirates-world.png\",\"width\":400,\"height\":400,\"caption\":\"Pirates World\"},\"image\":{\"@id\":\"https:\/\/www.piratesworld.fr\/es\/#\/schema\/logo\/image\/\"}}]}<\/script>\n<!-- \/ Yoast SEO plugin. -->","yoast_head_json":{"title":"Mantengamos el contacto despu\u00e9s de su visita a Pirates World en Cap d'Agde","description":"Mantengamos el contacto despu\u00e9s de su visita a Pirates World en Cap d'Agde y compartamos su experiencia en el complejo.","robots":{"index":"index","follow":"follow","max-snippet":"max-snippet:-1","max-image-preview":"max-image-preview:large","max-video-preview":"max-video-preview:-1"},"canonical":"https:\/\/www.piratesworld.fr\/es\/despues-de-su-visita\/","og_locale":"es_ES","og_type":"article","og_title":"Mantengamos el contacto despu\u00e9s de su visita a Pirates World en Cap d'Agde","og_description":"Mantengamos el contacto despu\u00e9s de su visita a Pirates World en Cap d'Agde y compartamos su experiencia en el complejo.","og_url":"https:\/\/www.piratesworld.fr\/es\/despues-de-su-visita\/","og_site_name":"Pirates World","article_modified_time":"2024-02-15T16:35:33+00:00","og_image":[{"url":"https:\/\/www.piratesworld.fr\/wp-content\/uploads\/default.jpg","type":"","width":"","height":""}],"twitter_card":"summary_large_image","twitter_misc":{"Tiempo de lectura":"2 minutos"},"schema":{"@context":"https:\/\/schema.org","@graph":[{"@type":"WebPage","@id":"https:\/\/www.piratesworld.fr\/es\/despues-de-su-visita\/","url":"https:\/\/www.piratesworld.fr\/es\/despues-de-su-visita\/","name":"Mantengamos el contacto despu\u00e9s de su visita a Pirates World en Cap d'Agde","isPartOf":{"@id":"https:\/\/www.piratesworld.fr\/es\/#website"},"primaryImageOfPage":{"@id":"https:\/\/www.piratesworld.fr\/es\/despues-de-su-visita\/#primaryimage"},"image":{"@id":"https:\/\/www.piratesworld.fr\/es\/despues-de-su-visita\/#primaryimage"},"thumbnailUrl":"https:\/\/www.piratesworld.fr\/wp-content\/uploads\/default.jpg","datePublished":"2023-06-28T09:54:08+00:00","dateModified":"2024-02-15T16:35:33+00:00","description":"Mantengamos el contacto despu\u00e9s de su visita a Pirates World en Cap d'Agde y compartamos su experiencia en el complejo.","breadcrumb":{"@id":"https:\/\/www.piratesworld.fr\/es\/despues-de-su-visita\/#breadcrumb"},"inLanguage":"es","potentialAction":[{"@type":"ReadAction","target":["https:\/\/www.piratesworld.fr\/es\/despues-de-su-visita\/"]}]},{"@type":"ImageObject","inLanguage":"es","@id":"https:\/\/www.piratesworld.fr\/es\/despues-de-su-visita\/#primaryimage","url":"https:\/\/www.piratesworld.fr\/wp-content\/uploads\/default.jpg","contentUrl":"https:\/\/www.piratesworld.fr\/wp-content\/uploads\/default.jpg"},{"@type":"BreadcrumbList","@id":"https:\/\/www.piratesworld.fr\/es\/despues-de-su-visita\/#breadcrumb","itemListElement":[{"@type":"ListItem","position":1,"name":"Accueil","item":"https:\/\/www.piratesworld.fr\/es\/"},{"@type":"ListItem","position":2,"name":"Despu\u00e9s de su visita"}]},{"@type":"WebSite","@id":"https:\/\/www.piratesworld.fr\/es\/#website","url":"https:\/\/www.piratesworld.fr\/es\/","name":"Pirates World","description":"Site officiel","publisher":{"@id":"https:\/\/www.piratesworld.fr\/es\/#organization"},"potentialAction":[{"@type":"SearchAction","target":{"@type":"EntryPoint","urlTemplate":"https:\/\/www.piratesworld.fr\/es\/?s={search_term_string}"},"query-input":{"@type":"PropertyValueSpecification","valueRequired":true,"valueName":"search_term_string"}}],"inLanguage":"es"},{"@type":"Organization","@id":"https:\/\/www.piratesworld.fr\/es\/#organization","name":"Pirates World","url":"https:\/\/www.piratesworld.fr\/es\/","logo":{"@type":"ImageObject","inLanguage":"es","@id":"https:\/\/www.piratesworld.fr\/es\/#\/schema\/logo\/image\/","url":"https:\/\/www.piratesworld.fr\/wp-content\/uploads\/logo-pirates-world.png","contentUrl":"https:\/\/www.piratesworld.fr\/wp-content\/uploads\/logo-pirates-world.png","width":400,"height":400,"caption":"Pirates World"},"image":{"@id":"https:\/\/www.piratesworld.fr\/es\/#\/schema\/logo\/image\/"}}]}},"_links":{"self":[{"href":"https:\/\/www.piratesworld.fr\/es\/wp-json\/wp\/v2\/pages\/7691","targetHints":{"allow":["GET"]}}],"collection":[{"href":"https:\/\/www.piratesworld.fr\/es\/wp-json\/wp\/v2\/pages"}],"about":[{"href":"https:\/\/www.piratesworld.fr\/es\/wp-json\/wp\/v2\/types\/page"}],"author":[{"embeddable":true,"href":"https:\/\/www.piratesworld.fr\/es\/wp-json\/wp\/v2\/users\/5"}],"replies":[{"embeddable":true,"href":"https:\/\/www.piratesworld.fr\/es\/wp-json\/wp\/v2\/comments?post=7691"}],"version-history":[{"count":1,"href":"https:\/\/www.piratesworld.fr\/es\/wp-json\/wp\/v2\/pages\/7691\/revisions"}],"predecessor-version":[{"id":8256,"href":"https:\/\/www.piratesworld.fr\/es\/wp-json\/wp\/v2\/pages\/7691\/revisions\/8256"}],"wp:attachment":[{"href":"https:\/\/www.piratesworld.fr\/es\/wp-json\/wp\/v2\/media?parent=7691"}],"curies":[{"name":"wp","href":"https:\/\/api.w.org\/{rel}","templated":true}]}}