{"id":7712,"date":"2023-05-18T12:38:42","date_gmt":"2023-05-18T10:38:42","guid":{"rendered":"http:\/\/www.piratesworld.fr\/restauration\/bar-la-taverne-2\/"},"modified":"2024-02-15T16:40:34","modified_gmt":"2024-02-15T15:40:34","slug":"snack-catering-la-taberna","status":"publish","type":"page","link":"https:\/\/www.piratesworld.fr\/es\/restauracion\/snack-catering-la-taberna\/","title":{"rendered":"Snack\/Catering la Taberna"},"content":{"rendered":"\n<div class=\"wp-block-group alignfull bg-top over-y-vi is-layout-flow wp-block-group-is-layout-flow\" style=\"margin-top:0px;margin-bottom:0px\">\n<div class=\"wp-block-cover is-style-no-margin border-radius-bottom titre-banner has-animation\" style=\"min-height:100vh;aspect-ratio:unset;\"><span aria-hidden=\"true\" class=\"wp-block-cover__background has-background-dim-30 has-background-dim wp-block-cover__gradient-background has-background-gradient\" style=\"background:linear-gradient(180deg,rgb(0,26,41) 13%,rgba(255,255,255,0) 100%)\"><\/span><img loading=\"lazy\" decoding=\"async\" width=\"1960\" height=\"1200\" class=\"wp-block-cover__image-background wp-image-4778\" alt=\"\" src=\"https:\/\/www.piratesworld.fr\/wp-content\/uploads\/default.jpg\" style=\"object-position:3% 27%\" data-object-fit=\"cover\" data-object-position=\"3% 27%\" srcset=\"https:\/\/www.piratesworld.fr\/wp-content\/uploads\/default.jpg 1960w, https:\/\/www.piratesworld.fr\/wp-content\/uploads\/default-1024x627.jpg 1024w, https:\/\/www.piratesworld.fr\/wp-content\/uploads\/default-768x470.jpg 768w, https:\/\/www.piratesworld.fr\/wp-content\/uploads\/default-1536x940.jpg 1536w, https:\/\/www.piratesworld.fr\/wp-content\/uploads\/default-512x313.jpg 512w, https:\/\/www.piratesworld.fr\/wp-content\/uploads\/default-256x157.jpg 256w\" sizes=\"auto, (max-width: 1960px) 100vw, 1960px\" \/><div class=\"wp-block-cover__inner-container is-layout-flow wp-block-cover-is-layout-flow\">\n<div class=\"wp-block-group animation--init--once animation--top is-layout-constrained wp-block-group-is-layout-constrained\">\n<h1 class=\"wp-block-heading has-text-align-left has-theme-white-color has-text-color has-proxima-nova-font-family has-h-1-font-size\" style=\"font-style:normal;font-weight:600;letter-spacing:1px\">Snack\/Catering <br>la Taberna<\/h1>\n<\/div>\n<\/div><\/div>\n<\/div>\n\n\n\n<div class=\"wp-block-group alignwide has-animation is-layout-constrained wp-block-group-is-layout-constrained\" style=\"margin-top:75px;margin-bottom:75px\">\n<figure class=\"wp-block-image size-large is-resized wp-duotone-bd9415-fff-1\"><img decoding=\"async\" src=\"https:\/\/www.piratesworld.fr\/wp-content\/uploads\/restaurante-icons.svg\" alt=\"\" class=\"wp-image-4844\" style=\"width:50px\"\/><\/figure>\n\n\n\n<h2 class=\"wp-block-heading has-text-align-left has-theme-brun-fonce-color has-text-color\">Snack\/Traiteur la Taverne<\/h2>\n\n\n\n<div class=\"wp-block-columns rest-remarquable is-layout-flex wp-container-core-columns-is-layout-28f84493 wp-block-columns-is-layout-flex\">\n<div class=\"wp-block-column is-layout-flow wp-block-column-is-layout-flow\">\n<div class=\"wp-block-group is-nowrap is-layout-flex wp-container-core-group-is-layout-e088cbc5 wp-block-group-is-layout-flex\">\n<figure class=\"wp-block-image size-large wp-duotone-bd9415-fff-2\"><img decoding=\"async\" src=\"https:\/\/www.piratesworld.fr\/wp-content\/uploads\/location-dot-solid.svg\" alt=\"\" class=\"wp-image-6131\"\/><\/figure>\n\n\n\n<p>Pirates World<\/p>\n<\/div>\n<\/div>\n\n\n\n<div class=\"wp-block-column is-layout-flow wp-block-column-is-layout-flow\">\n<div class=\"wp-block-group is-nowrap is-layout-flex wp-container-core-group-is-layout-e088cbc5 wp-block-group-is-layout-flex\">\n<figure class=\"wp-block-image size-large wp-duotone-bd9415-fff-3\"><img decoding=\"async\" src=\"https:\/\/www.piratesworld.fr\/wp-content\/uploads\/euro-sign-solid.svg\" alt=\"\" class=\"wp-image-6150\"\/><\/figure>\n\n\n\n<p>5-15 \u20ac<\/p>\n<\/div>\n<\/div>\n\n\n\n<div class=\"wp-block-column is-layout-flow wp-block-column-is-layout-flow\">\n<div class=\"wp-block-group is-nowrap is-layout-flex wp-container-core-group-is-layout-e088cbc5 wp-block-group-is-layout-flex\">\n<figure class=\"wp-block-image size-full wp-duotone-bd9415-fff-4\"><img loading=\"lazy\" decoding=\"async\" width=\"512\" height=\"512\" src=\"https:\/\/www.piratesworld.fr\/wp-content\/uploads\/style.png\" alt=\"\" class=\"wp-image-6745\" srcset=\"https:\/\/www.piratesworld.fr\/wp-content\/uploads\/style.png 512w, https:\/\/www.piratesworld.fr\/wp-content\/uploads\/style-200x200.png 200w, https:\/\/www.piratesworld.fr\/wp-content\/uploads\/style-256x256.png 256w\" sizes=\"auto, (max-width: 512px) 100vw, 512px\" \/><\/figure>\n\n\n\n<p>panader\u00eda\/pasteler\u00eda \u2013 snacking \u2013 catering \u2013 pizza \u2013 helados \/ churros \u2013 bar \u2013 terraza\/espect\u00e1culo<\/p>\n<\/div>\n<\/div>\n\n\n\n<div class=\"wp-block-column is-layout-flow wp-block-column-is-layout-flow\">\n<div class=\"wp-block-group is-nowrap is-layout-flex wp-container-core-group-is-layout-e088cbc5 wp-block-group-is-layout-flex\">\n<figure class=\"wp-block-image size-full wp-duotone-bd9415-fff-5\"><img loading=\"lazy\" decoding=\"async\" width=\"512\" height=\"512\" src=\"https:\/\/www.piratesworld.fr\/wp-content\/uploads\/repas.png\" alt=\"\" class=\"wp-image-6744\" srcset=\"https:\/\/www.piratesworld.fr\/wp-content\/uploads\/repas.png 512w, https:\/\/www.piratesworld.fr\/wp-content\/uploads\/repas-200x200.png 200w, https:\/\/www.piratesworld.fr\/wp-content\/uploads\/repas-256x256.png 256w\" sizes=\"auto, (max-width: 512px) 100vw, 512px\" \/><\/figure>\n\n\n\n<p>de 8h a 0h<\/p>\n<\/div>\n<\/div>\n<\/div>\n\n\n\n<p>Paella, asador, snack tradicional, helados a la italiana, churros, etc. Todos los elementos est\u00e1n reunidos para una buena comida sobre la marcha.<\/p>\n\n\n\n<p>Dentro del parque acu\u00e1tico y accesible por la noche, venga a disfrutar de un descanso en cualquier momento del d\u00eda.<\/p>\n\n\n\n<p>Por la noche, disfrute del escenario de grandes espect\u00e1culos de cabaret como magos, orquestas, espect\u00e1culos de los animadores, grandes espect\u00e1culos para peque\u00f1os y grandes&#8230;<\/p>\n\n\n\n<p>Nuestra gran pista de baile es tambi\u00e9n el escenario de nuestras veladas de baile y mini discotecas.<\/p>\n\n\n\n<div class=\"wp-block-buttons is-layout-flex wp-block-buttons-is-layout-flex\">\n<div class=\"wp-block-button\"><a class=\"wp-block-button__link wp-element-button\"><mark style=\"background-color:rgba(0, 0, 0, 0)\" class=\"has-inline-color has-theme-brun-clair-color\">CARTa del SNACK<\/mark><\/a><\/div>\n<\/div>\n\n\n\n<div class=\"wp-image-slider sp-heber has-text-align-left has-custom-margin aspect-ratio-1_1\" style=\"margin-top:50px;margin-bottom:30px;\">\n\n                        \n                                \n                    <script>\n                        'use strict';\n\n                        document.addEventListener('DOMContentLoaded', function () {\n\n                            (function() {\n                                const blockSlide = new Splide( '#slide_232', {\n                                    type : 'loop',\n                                    perPage: 3,\n                                                                        \n                                    breakpoints: {\n                                        800: {\n                                            perPage: 3,\n                                                                                    },\n                                        450: {\n                                            perPage: 1,\n                                                                                                padding: 0,\n                                                \n                                        },\n                                    },\n                                    pagination: true,\n                                    arrows: false,\n                                    gap: 'var(--wp--style--block-gap)',\n                                    i18n: {\n                                        slideLabel: '0%s \/ 0%s',\n                                    }\n                                } );\n                                \n                                blockSlide.mount();\n                            })();\n                        })\n                    <\/script>\n\n                    <div class=\"slider-container\"><div class=\"splide galeria-slider galeria-columnas-3\" id=\"slide_232\"><div class=\"splide__track\"><div class=\"splide__list\"><a href=\"https:\/\/www.piratesworld.fr\/wp-content\/uploads\/taverne-1.jpg\" id=\"thumb-6650\" class=\"splide__slide image-link\" data-gallery=\"slide_232\"  data-counter=\"01\/03\" alt=\" \" class=\"image-link\"><div class=\"image-wrapper\"><img loading=\"lazy\" decoding=\"async\" width=\"1000\" height=\"664\" src=\"https:\/\/www.piratesworld.fr\/wp-content\/uploads\/taverne-1.jpg\" class=\"attachment-gallery-large size-gallery-large\" alt=\"\" srcset=\"https:\/\/www.piratesworld.fr\/wp-content\/uploads\/taverne-1.jpg 1000w, https:\/\/www.piratesworld.fr\/wp-content\/uploads\/taverne-1-768x510.jpg 768w, https:\/\/www.piratesworld.fr\/wp-content\/uploads\/taverne-1-512x340.jpg 512w, https:\/\/www.piratesworld.fr\/wp-content\/uploads\/taverne-1-256x170.jpg 256w\" sizes=\"auto, (max-width: 1000px) 100vw, 1000px\" \/><\/div><\/a><a href=\"https:\/\/www.piratesworld.fr\/wp-content\/uploads\/taverne-2.jpg\" id=\"thumb-6651\" class=\"splide__slide image-link\" data-gallery=\"slide_232\"  data-counter=\"02\/03\" alt=\" \" class=\"image-link\"><div class=\"image-wrapper\"><img loading=\"lazy\" decoding=\"async\" width=\"1000\" height=\"664\" src=\"https:\/\/www.piratesworld.fr\/wp-content\/uploads\/taverne-2.jpg\" class=\"attachment-gallery-large size-gallery-large\" alt=\"\" srcset=\"https:\/\/www.piratesworld.fr\/wp-content\/uploads\/taverne-2.jpg 1000w, https:\/\/www.piratesworld.fr\/wp-content\/uploads\/taverne-2-768x510.jpg 768w, https:\/\/www.piratesworld.fr\/wp-content\/uploads\/taverne-2-512x340.jpg 512w, https:\/\/www.piratesworld.fr\/wp-content\/uploads\/taverne-2-256x170.jpg 256w\" sizes=\"auto, (max-width: 1000px) 100vw, 1000px\" \/><\/div><\/a><a href=\"https:\/\/www.piratesworld.fr\/wp-content\/uploads\/taverne-3.jpg\" id=\"thumb-6652\" class=\"splide__slide image-link\" data-gallery=\"slide_232\"  data-counter=\"03\/03\" alt=\" \" class=\"image-link\"><div class=\"image-wrapper\"><img loading=\"lazy\" decoding=\"async\" width=\"800\" height=\"600\" src=\"https:\/\/www.piratesworld.fr\/wp-content\/uploads\/taverne-3.jpg\" class=\"attachment-gallery-large size-gallery-large\" alt=\"\" srcset=\"https:\/\/www.piratesworld.fr\/wp-content\/uploads\/taverne-3.jpg 800w, https:\/\/www.piratesworld.fr\/wp-content\/uploads\/taverne-3-768x576.jpg 768w, https:\/\/www.piratesworld.fr\/wp-content\/uploads\/taverne-3-512x384.jpg 512w, https:\/\/www.piratesworld.fr\/wp-content\/uploads\/taverne-3-256x192.jpg 256w\" sizes=\"auto, (max-width: 800px) 100vw, 800px\" \/><\/div><\/a><\/div><\/div><\/div><\/div>\n                    \n<\/div><\/div>\n","protected":false},"excerpt":{"rendered":"<p>Snack\/Traiteur la Taverne Pirates World 5-15 \u20ac panader\u00eda\/pasteler\u00eda \u2013 snacking \u2013 catering \u2013 pizza \u2013 helados \/ churros \u2013 bar \u2013 terraza\/espect\u00e1culo de 8h a 0h Paella, asador, snack tradicional, helados a la italiana, churros, etc. Todos los elementos est\u00e1n reunidos para una buena comida sobre la marcha. Dentro del parque acu\u00e1tico y accesible por [&hellip;]<\/p>\n","protected":false},"author":5,"featured_media":0,"parent":7666,"menu_order":2,"comment_status":"closed","ping_status":"closed","template":"","meta":{"_acf_changed":false,"inline_featured_image":false,"footnotes":""},"class_list":["post-7712","page","type-page","status-publish","hentry"],"acf":[],"featured_image_src":null,"yoast_head":"<!-- This site is optimized with the Yoast SEO plugin v26.7 - https:\/\/yoast.com\/wordpress\/plugins\/seo\/ -->\n<title>Snack la Taberna en Pirates World en Cap d &#039;Agde<\/title>\n<meta name=\"description\" content=\"Tome un descanso en cualquier momento del d\u00eda y venga a relajarse en el snack la Taberna en Pirates World en Cap d &#039;Agde\" \/>\n<meta name=\"robots\" content=\"index, follow, max-snippet:-1, max-image-preview:large, max-video-preview:-1\" \/>\n<link rel=\"canonical\" href=\"https:\/\/www.piratesworld.fr\/es\/restauracion\/snack-catering-la-taberna\/\" \/>\n<meta property=\"og:locale\" content=\"es_ES\" \/>\n<meta property=\"og:type\" content=\"article\" \/>\n<meta property=\"og:title\" content=\"Snack la Taberna en Pirates World en Cap d &#039;Agde\" \/>\n<meta property=\"og:description\" content=\"Tome un descanso en cualquier momento del d\u00eda y venga a relajarse en el snack la Taberna en Pirates World en Cap d &#039;Agde\" \/>\n<meta property=\"og:url\" content=\"https:\/\/www.piratesworld.fr\/es\/restauracion\/snack-catering-la-taberna\/\" \/>\n<meta property=\"og:site_name\" content=\"Pirates World\" \/>\n<meta property=\"article:modified_time\" content=\"2024-02-15T15:40:34+00:00\" \/>\n<meta property=\"og:image\" content=\"https:\/\/www.piratesworld.fr\/wp-content\/uploads\/default.jpg\" \/>\n<meta name=\"twitter:card\" content=\"summary_large_image\" \/>\n<meta name=\"twitter:label1\" content=\"Tiempo de lectura\" \/>\n\t<meta name=\"twitter:data1\" content=\"2 minutos\" \/>\n<script type=\"application\/ld+json\" class=\"yoast-schema-graph\">{\"@context\":\"https:\/\/schema.org\",\"@graph\":[{\"@type\":\"WebPage\",\"@id\":\"https:\/\/www.piratesworld.fr\/es\/restauracion\/snack-catering-la-taberna\/\",\"url\":\"https:\/\/www.piratesworld.fr\/es\/restauracion\/snack-catering-la-taberna\/\",\"name\":\"Snack la Taberna en Pirates World en Cap d 'Agde\",\"isPartOf\":{\"@id\":\"https:\/\/www.piratesworld.fr\/es\/#website\"},\"primaryImageOfPage\":{\"@id\":\"https:\/\/www.piratesworld.fr\/es\/restauracion\/snack-catering-la-taberna\/#primaryimage\"},\"image\":{\"@id\":\"https:\/\/www.piratesworld.fr\/es\/restauracion\/snack-catering-la-taberna\/#primaryimage\"},\"thumbnailUrl\":\"https:\/\/www.piratesworld.fr\/wp-content\/uploads\/default.jpg\",\"datePublished\":\"2023-05-18T10:38:42+00:00\",\"dateModified\":\"2024-02-15T15:40:34+00:00\",\"description\":\"Tome un descanso en cualquier momento del d\u00eda y venga a relajarse en el snack la Taberna en Pirates World en Cap d 'Agde\",\"breadcrumb\":{\"@id\":\"https:\/\/www.piratesworld.fr\/es\/restauracion\/snack-catering-la-taberna\/#breadcrumb\"},\"inLanguage\":\"es\",\"potentialAction\":[{\"@type\":\"ReadAction\",\"target\":[\"https:\/\/www.piratesworld.fr\/es\/restauracion\/snack-catering-la-taberna\/\"]}]},{\"@type\":\"ImageObject\",\"inLanguage\":\"es\",\"@id\":\"https:\/\/www.piratesworld.fr\/es\/restauracion\/snack-catering-la-taberna\/#primaryimage\",\"url\":\"https:\/\/www.piratesworld.fr\/wp-content\/uploads\/default.jpg\",\"contentUrl\":\"https:\/\/www.piratesworld.fr\/wp-content\/uploads\/default.jpg\"},{\"@type\":\"BreadcrumbList\",\"@id\":\"https:\/\/www.piratesworld.fr\/es\/restauracion\/snack-catering-la-taberna\/#breadcrumb\",\"itemListElement\":[{\"@type\":\"ListItem\",\"position\":1,\"name\":\"Accueil\",\"item\":\"https:\/\/www.piratesworld.fr\/es\/\"},{\"@type\":\"ListItem\",\"position\":2,\"name\":\"Restauraci\u00f3n\",\"item\":\"https:\/\/www.piratesworld.fr\/es\/restauracion\/\"},{\"@type\":\"ListItem\",\"position\":3,\"name\":\"Snack\/Catering la Taberna\"}]},{\"@type\":\"WebSite\",\"@id\":\"https:\/\/www.piratesworld.fr\/es\/#website\",\"url\":\"https:\/\/www.piratesworld.fr\/es\/\",\"name\":\"Pirates World\",\"description\":\"Site officiel\",\"publisher\":{\"@id\":\"https:\/\/www.piratesworld.fr\/es\/#organization\"},\"potentialAction\":[{\"@type\":\"SearchAction\",\"target\":{\"@type\":\"EntryPoint\",\"urlTemplate\":\"https:\/\/www.piratesworld.fr\/es\/?s={search_term_string}\"},\"query-input\":{\"@type\":\"PropertyValueSpecification\",\"valueRequired\":true,\"valueName\":\"search_term_string\"}}],\"inLanguage\":\"es\"},{\"@type\":\"Organization\",\"@id\":\"https:\/\/www.piratesworld.fr\/es\/#organization\",\"name\":\"Pirates World\",\"url\":\"https:\/\/www.piratesworld.fr\/es\/\",\"logo\":{\"@type\":\"ImageObject\",\"inLanguage\":\"es\",\"@id\":\"https:\/\/www.piratesworld.fr\/es\/#\/schema\/logo\/image\/\",\"url\":\"https:\/\/www.piratesworld.fr\/wp-content\/uploads\/logo-pirates-world.png\",\"contentUrl\":\"https:\/\/www.piratesworld.fr\/wp-content\/uploads\/logo-pirates-world.png\",\"width\":400,\"height\":400,\"caption\":\"Pirates World\"},\"image\":{\"@id\":\"https:\/\/www.piratesworld.fr\/es\/#\/schema\/logo\/image\/\"}}]}<\/script>\n<!-- \/ Yoast SEO plugin. -->","yoast_head_json":{"title":"Snack la Taberna en Pirates World en Cap d 'Agde","description":"Tome un descanso en cualquier momento del d\u00eda y venga a relajarse en el snack la Taberna en Pirates World en Cap d 'Agde","robots":{"index":"index","follow":"follow","max-snippet":"max-snippet:-1","max-image-preview":"max-image-preview:large","max-video-preview":"max-video-preview:-1"},"canonical":"https:\/\/www.piratesworld.fr\/es\/restauracion\/snack-catering-la-taberna\/","og_locale":"es_ES","og_type":"article","og_title":"Snack la Taberna en Pirates World en Cap d 'Agde","og_description":"Tome un descanso en cualquier momento del d\u00eda y venga a relajarse en el snack la Taberna en Pirates World en Cap d 'Agde","og_url":"https:\/\/www.piratesworld.fr\/es\/restauracion\/snack-catering-la-taberna\/","og_site_name":"Pirates World","article_modified_time":"2024-02-15T15:40:34+00:00","og_image":[{"url":"https:\/\/www.piratesworld.fr\/wp-content\/uploads\/default.jpg","type":"","width":"","height":""}],"twitter_card":"summary_large_image","twitter_misc":{"Tiempo de lectura":"2 minutos"},"schema":{"@context":"https:\/\/schema.org","@graph":[{"@type":"WebPage","@id":"https:\/\/www.piratesworld.fr\/es\/restauracion\/snack-catering-la-taberna\/","url":"https:\/\/www.piratesworld.fr\/es\/restauracion\/snack-catering-la-taberna\/","name":"Snack la Taberna en Pirates World en Cap d 'Agde","isPartOf":{"@id":"https:\/\/www.piratesworld.fr\/es\/#website"},"primaryImageOfPage":{"@id":"https:\/\/www.piratesworld.fr\/es\/restauracion\/snack-catering-la-taberna\/#primaryimage"},"image":{"@id":"https:\/\/www.piratesworld.fr\/es\/restauracion\/snack-catering-la-taberna\/#primaryimage"},"thumbnailUrl":"https:\/\/www.piratesworld.fr\/wp-content\/uploads\/default.jpg","datePublished":"2023-05-18T10:38:42+00:00","dateModified":"2024-02-15T15:40:34+00:00","description":"Tome un descanso en cualquier momento del d\u00eda y venga a relajarse en el snack la Taberna en Pirates World en Cap d 'Agde","breadcrumb":{"@id":"https:\/\/www.piratesworld.fr\/es\/restauracion\/snack-catering-la-taberna\/#breadcrumb"},"inLanguage":"es","potentialAction":[{"@type":"ReadAction","target":["https:\/\/www.piratesworld.fr\/es\/restauracion\/snack-catering-la-taberna\/"]}]},{"@type":"ImageObject","inLanguage":"es","@id":"https:\/\/www.piratesworld.fr\/es\/restauracion\/snack-catering-la-taberna\/#primaryimage","url":"https:\/\/www.piratesworld.fr\/wp-content\/uploads\/default.jpg","contentUrl":"https:\/\/www.piratesworld.fr\/wp-content\/uploads\/default.jpg"},{"@type":"BreadcrumbList","@id":"https:\/\/www.piratesworld.fr\/es\/restauracion\/snack-catering-la-taberna\/#breadcrumb","itemListElement":[{"@type":"ListItem","position":1,"name":"Accueil","item":"https:\/\/www.piratesworld.fr\/es\/"},{"@type":"ListItem","position":2,"name":"Restauraci\u00f3n","item":"https:\/\/www.piratesworld.fr\/es\/restauracion\/"},{"@type":"ListItem","position":3,"name":"Snack\/Catering la Taberna"}]},{"@type":"WebSite","@id":"https:\/\/www.piratesworld.fr\/es\/#website","url":"https:\/\/www.piratesworld.fr\/es\/","name":"Pirates World","description":"Site officiel","publisher":{"@id":"https:\/\/www.piratesworld.fr\/es\/#organization"},"potentialAction":[{"@type":"SearchAction","target":{"@type":"EntryPoint","urlTemplate":"https:\/\/www.piratesworld.fr\/es\/?s={search_term_string}"},"query-input":{"@type":"PropertyValueSpecification","valueRequired":true,"valueName":"search_term_string"}}],"inLanguage":"es"},{"@type":"Organization","@id":"https:\/\/www.piratesworld.fr\/es\/#organization","name":"Pirates World","url":"https:\/\/www.piratesworld.fr\/es\/","logo":{"@type":"ImageObject","inLanguage":"es","@id":"https:\/\/www.piratesworld.fr\/es\/#\/schema\/logo\/image\/","url":"https:\/\/www.piratesworld.fr\/wp-content\/uploads\/logo-pirates-world.png","contentUrl":"https:\/\/www.piratesworld.fr\/wp-content\/uploads\/logo-pirates-world.png","width":400,"height":400,"caption":"Pirates World"},"image":{"@id":"https:\/\/www.piratesworld.fr\/es\/#\/schema\/logo\/image\/"}}]}},"_links":{"self":[{"href":"https:\/\/www.piratesworld.fr\/es\/wp-json\/wp\/v2\/pages\/7712","targetHints":{"allow":["GET"]}}],"collection":[{"href":"https:\/\/www.piratesworld.fr\/es\/wp-json\/wp\/v2\/pages"}],"about":[{"href":"https:\/\/www.piratesworld.fr\/es\/wp-json\/wp\/v2\/types\/page"}],"author":[{"embeddable":true,"href":"https:\/\/www.piratesworld.fr\/es\/wp-json\/wp\/v2\/users\/5"}],"replies":[{"embeddable":true,"href":"https:\/\/www.piratesworld.fr\/es\/wp-json\/wp\/v2\/comments?post=7712"}],"version-history":[{"count":1,"href":"https:\/\/www.piratesworld.fr\/es\/wp-json\/wp\/v2\/pages\/7712\/revisions"}],"predecessor-version":[{"id":8233,"href":"https:\/\/www.piratesworld.fr\/es\/wp-json\/wp\/v2\/pages\/7712\/revisions\/8233"}],"up":[{"embeddable":true,"href":"https:\/\/www.piratesworld.fr\/es\/wp-json\/wp\/v2\/pages\/7666"}],"wp:attachment":[{"href":"https:\/\/www.piratesworld.fr\/es\/wp-json\/wp\/v2\/media?parent=7712"}],"curies":[{"name":"wp","href":"https:\/\/api.w.org\/{rel}","templated":true}]}}