{"id":7728,"date":"2023-04-19T08:28:29","date_gmt":"2023-04-19T06:28:29","guid":{"rendered":"http:\/\/www.piratesworld.fr\/restauration\/lounge-bar-le-poseidon\/"},"modified":"2026-04-23T09:21:12","modified_gmt":"2026-04-23T07:21:12","slug":"lounge-bar-le-poseidon","status":"publish","type":"page","link":"https:\/\/www.piratesworld.fr\/es\/restauracion\/lounge-bar-le-poseidon\/","title":{"rendered":"Restaurante le Pos\u00e9idon"},"content":{"rendered":"\n<div class=\"wp-block-group alignfull bg-top over-y-vi is-layout-flow wp-block-group-is-layout-flow\" style=\"margin-top:0px;margin-bottom:0px\">\n<div class=\"wp-block-cover is-style-no-margin border-radius-bottom titre-banner has-animation\" style=\"min-height:100vh;aspect-ratio:unset;\"><img loading=\"lazy\" decoding=\"async\" width=\"1960\" height=\"1200\" class=\"wp-block-cover__image-background wp-image-4778\" alt=\"\" src=\"https:\/\/www.piratesworld.fr\/wp-content\/uploads\/default.jpg\" style=\"object-position:3% 27%\" data-object-fit=\"cover\" data-object-position=\"3% 27%\" srcset=\"https:\/\/www.piratesworld.fr\/wp-content\/uploads\/default.jpg 1960w, https:\/\/www.piratesworld.fr\/wp-content\/uploads\/default-1024x627.jpg 1024w, https:\/\/www.piratesworld.fr\/wp-content\/uploads\/default-768x470.jpg 768w, https:\/\/www.piratesworld.fr\/wp-content\/uploads\/default-1536x940.jpg 1536w, https:\/\/www.piratesworld.fr\/wp-content\/uploads\/default-512x313.jpg 512w, https:\/\/www.piratesworld.fr\/wp-content\/uploads\/default-256x157.jpg 256w\" sizes=\"auto, (max-width: 1960px) 100vw, 1960px\" \/><span aria-hidden=\"true\" class=\"wp-block-cover__background has-background-dim-30 has-background-dim wp-block-cover__gradient-background has-background-gradient\" style=\"background:linear-gradient(180deg,rgb(0,26,41) 13%,rgba(255,255,255,0) 100%)\"><\/span><div class=\"wp-block-cover__inner-container is-layout-flow wp-block-cover-is-layout-flow\">\n<div class=\"wp-block-group animation--init--once animation--top is-layout-constrained wp-block-group-is-layout-constrained\">\n<h1 class=\"wp-block-heading has-text-align-left has-theme-white-color has-text-color has-proxima-nova-font-family has-h-1-font-size\" style=\"font-style:normal;font-weight:600;letter-spacing:1px\">Restaurante <br>Le Pos\u00e9idon<\/h1>\n<\/div>\n<\/div><\/div>\n<\/div>\n\n\n\n<div class=\"wp-block-group alignwide has-animation is-layout-constrained wp-block-group-is-layout-constrained\" style=\"margin-top:75px;margin-bottom:75px\">\n<figure class=\"wp-block-image size-large is-resized wp-duotone-bd9415-fff-1\"><img decoding=\"async\" src=\"https:\/\/www.piratesworld.fr\/wp-content\/uploads\/restaurante-icons.svg\" alt=\"\" class=\"wp-image-4844\" style=\"width:50px\"\/><\/figure>\n\n\n\n<h2 class=\"wp-block-heading has-text-align-left has-theme-brun-fonce-color has-text-color\">Restaurante Le Pos\u00e9idon<\/h2>\n\n\n\n<div class=\"wp-block-columns rest-remarquable is-layout-flex wp-container-core-columns-is-layout-28f84493 wp-block-columns-is-layout-flex\">\n<div class=\"wp-block-column is-layout-flow wp-block-column-is-layout-flow\">\n<div class=\"wp-block-group is-nowrap is-layout-flex wp-container-core-group-is-layout-e088cbc5 wp-block-group-is-layout-flex\">\n<figure class=\"wp-block-image size-large wp-duotone-bd9415-fff-2\"><img decoding=\"async\" src=\"https:\/\/www.piratesworld.fr\/wp-content\/uploads\/location-dot-solid.svg\" alt=\"\" class=\"wp-image-6131\"\/><\/figure>\n\n\n\n<p>Pirates World<\/p>\n<\/div>\n<\/div>\n\n\n\n<div class=\"wp-block-column is-layout-flow wp-block-column-is-layout-flow\">\n<div class=\"wp-block-group is-nowrap is-layout-flex wp-container-core-group-is-layout-e088cbc5 wp-block-group-is-layout-flex\">\n<figure class=\"wp-block-image size-large wp-duotone-bd9415-fff-3\"><img decoding=\"async\" src=\"https:\/\/www.piratesworld.fr\/wp-content\/uploads\/euro-sign-solid.svg\" alt=\"\" class=\"wp-image-6150\"\/><\/figure>\n\n\n\n<p>15-25 \u20ac<\/p>\n<\/div>\n<\/div>\n\n\n\n<div class=\"wp-block-column is-layout-flow wp-block-column-is-layout-flow\">\n<div class=\"wp-block-group is-nowrap is-layout-flex wp-container-core-group-is-layout-e088cbc5 wp-block-group-is-layout-flex\">\n<figure class=\"wp-block-image size-full wp-duotone-bd9415-fff-4\"><img loading=\"lazy\" decoding=\"async\" width=\"512\" height=\"512\" src=\"https:\/\/www.piratesworld.fr\/wp-content\/uploads\/bar.png\" alt=\"\" class=\"wp-image-6746\" srcset=\"https:\/\/www.piratesworld.fr\/wp-content\/uploads\/bar.png 512w, https:\/\/www.piratesworld.fr\/wp-content\/uploads\/bar-200x200.png 200w, https:\/\/www.piratesworld.fr\/wp-content\/uploads\/bar-256x256.png 256w\" sizes=\"auto, (max-width: 512px) 100vw, 512px\" \/><\/figure>\n\n\n\n<p>restaurante-bar de c\u00f3cteles y bar de ron<\/p>\n<\/div>\n<\/div>\n\n\n\n<div class=\"wp-block-column is-layout-flow wp-block-column-is-layout-flow\">\n<div class=\"wp-block-group is-nowrap is-layout-flex wp-container-core-group-is-layout-e088cbc5 wp-block-group-is-layout-flex\">\n<figure class=\"wp-block-image size-full wp-duotone-bd9415-fff-5\"><img loading=\"lazy\" decoding=\"async\" width=\"512\" height=\"512\" src=\"https:\/\/www.piratesworld.fr\/wp-content\/uploads\/cocktail.png\" alt=\"\" class=\"wp-image-6770\" srcset=\"https:\/\/www.piratesworld.fr\/wp-content\/uploads\/cocktail.png 512w, https:\/\/www.piratesworld.fr\/wp-content\/uploads\/cocktail-200x200.png 200w, https:\/\/www.piratesworld.fr\/wp-content\/uploads\/cocktail-256x256.png 256w\" sizes=\"auto, (max-width: 512px) 100vw, 512px\" \/><\/figure>\n\n\n\n<p>18h-22h<\/p>\n<\/div>\n<\/div>\n<\/div>\n\n\n\n<p>\u00a1Venga a relajarse para vivir un momento excepcional en un lugar \u00fanico tomando un c\u00f3ctel!<\/p>\n\n\n\n<p><strong>En el coraz\u00f3n del complejo, en un entorno de barco que naufraga en las profundidades de Poseid\u00f3n, disfrutar\u00e1 de un buen c\u00f3ctel sentado en c\u00f3modos sillones grabados con pan de oro.<\/strong><\/p>\n\n\n\n<p>El ambiente en el Lounge Bar le Pos\u00e9idon es digno de los bares m\u00e1s grandes de Par\u00eds, con una ventaja adicional\u2026 \u00a1Ser\u00e1s un Pirata!<\/p>\n\n\n\n<p><strong>Servicio de Restaurante<\/strong><br>\u2022 Del 11 de abril al 4 de julio: de 19:00 a 22:00<br>\u2022 Del 30 de agosto al 20 de septiembre: de 19:00 a 22:00<\/p>\n\n\n\n<p><strong>Servicio de Bar<\/strong><br>\u2022 Del 11 de abril al 20 de septiembre: de 19:00 a 22:00<\/p>\n\n\n\n<p>Reserva muy recomendada: <a href=\"http:\/\/(+33)619283766\">0619283766<\/a><\/p>\n\n\n\n<div class=\"wp-block-buttons is-layout-flex wp-block-buttons-is-layout-flex\">\n<div class=\"wp-block-button\"><a class=\"wp-block-button__link wp-element-button\" href=\"https:\/\/www.piratesworld.fr\/wp-content\/uploads\/carte-lounge-2026.pdf\" target=\"_blank\" rel=\"noreferrer noopener\"><mark style=\"background-color:rgba(0, 0, 0, 0)\" class=\"has-inline-color has-theme-brun-clair-color\">Carta del restaurante<\/mark><\/a><\/div>\n<\/div>\n\n\n\n<div class=\"wp-image-slider sp-heber has-text-align-left has-custom-margin aspect-ratio-1_1\" style=\"margin-top:50px;margin-bottom:30px;\">\n\n                        \n                                \n                    <script>\n                        'use strict';\n\n                        document.addEventListener('DOMContentLoaded', function () {\n\n                            (function() {\n                                const blockSlide = new Splide( '#slide_336', {\n                                    type : 'loop',\n                                    perPage: 3,\n                                                                        \n                                    breakpoints: {\n                                        800: {\n                                            perPage: 3,\n                                                                                    },\n                                        450: {\n                                            perPage: 1,\n                                                                                                padding: 0,\n                                                \n                                        },\n                                    },\n                                    pagination: true,\n                                    arrows: false,\n                                    gap: 'var(--wp--style--block-gap)',\n                                    i18n: {\n                                        slideLabel: '0%s \/ 0%s',\n                                    }\n                                } );\n                                \n                                blockSlide.mount();\n                            })();\n                        })\n                    <\/script>\n\n                    <div class=\"slider-container\"><div class=\"splide galeria-slider galeria-columnas-3\" id=\"slide_336\"><div class=\"splide__track\"><div class=\"splide__list\"><a href=\"https:\/\/www.piratesworld.fr\/wp-content\/uploads\/le-poseidon-003.jpg\" id=\"thumb-6247\" class=\"splide__slide image-link\" data-gallery=\"slide_336\"  data-counter=\"01\/03\" alt=\" \" class=\"image-link\"><div class=\"image-wrapper\"><img loading=\"lazy\" decoding=\"async\" width=\"1000\" height=\"668\" src=\"https:\/\/www.piratesworld.fr\/wp-content\/uploads\/le-poseidon-003.jpg\" class=\"attachment-gallery-large size-gallery-large\" alt=\"\" srcset=\"https:\/\/www.piratesworld.fr\/wp-content\/uploads\/le-poseidon-003.jpg 1000w, https:\/\/www.piratesworld.fr\/wp-content\/uploads\/le-poseidon-003-768x513.jpg 768w, https:\/\/www.piratesworld.fr\/wp-content\/uploads\/le-poseidon-003-512x342.jpg 512w, https:\/\/www.piratesworld.fr\/wp-content\/uploads\/le-poseidon-003-256x171.jpg 256w\" sizes=\"auto, (max-width: 1000px) 100vw, 1000px\" \/><\/div><\/a><a href=\"https:\/\/www.piratesworld.fr\/wp-content\/uploads\/le-poseidon-002.jpg\" id=\"thumb-6248\" class=\"splide__slide image-link\" data-gallery=\"slide_336\"  data-counter=\"02\/03\" alt=\" \" class=\"image-link\"><div class=\"image-wrapper\"><img loading=\"lazy\" decoding=\"async\" width=\"1000\" height=\"668\" src=\"https:\/\/www.piratesworld.fr\/wp-content\/uploads\/le-poseidon-002.jpg\" class=\"attachment-gallery-large size-gallery-large\" alt=\"\" srcset=\"https:\/\/www.piratesworld.fr\/wp-content\/uploads\/le-poseidon-002.jpg 1000w, https:\/\/www.piratesworld.fr\/wp-content\/uploads\/le-poseidon-002-768x513.jpg 768w, https:\/\/www.piratesworld.fr\/wp-content\/uploads\/le-poseidon-002-512x342.jpg 512w, https:\/\/www.piratesworld.fr\/wp-content\/uploads\/le-poseidon-002-256x171.jpg 256w\" sizes=\"auto, (max-width: 1000px) 100vw, 1000px\" \/><\/div><\/a><a href=\"https:\/\/www.piratesworld.fr\/wp-content\/uploads\/le-poseidon-001.jpg\" id=\"thumb-6249\" class=\"splide__slide image-link\" data-gallery=\"slide_336\"  data-counter=\"03\/03\" alt=\" \" class=\"image-link\"><div class=\"image-wrapper\"><img loading=\"lazy\" decoding=\"async\" width=\"1000\" height=\"668\" src=\"https:\/\/www.piratesworld.fr\/wp-content\/uploads\/le-poseidon-001.jpg\" class=\"attachment-gallery-large size-gallery-large\" alt=\"\" srcset=\"https:\/\/www.piratesworld.fr\/wp-content\/uploads\/le-poseidon-001.jpg 1000w, https:\/\/www.piratesworld.fr\/wp-content\/uploads\/le-poseidon-001-768x513.jpg 768w, https:\/\/www.piratesworld.fr\/wp-content\/uploads\/le-poseidon-001-512x342.jpg 512w, https:\/\/www.piratesworld.fr\/wp-content\/uploads\/le-poseidon-001-256x171.jpg 256w\" sizes=\"auto, (max-width: 1000px) 100vw, 1000px\" \/><\/div><\/a><\/div><\/div><\/div><\/div>\n                    \n<\/div><\/div>\n\n\n\n<!-- Zenchef Widget SDK -->\n<script>;(function (d, s, id) {const el = d.getElementsByTagName(s)[0]; if (d.getElementById(id) || el.parentNode == null) {return;} var js = d.createElement(s);  js.id = id; js.async = true; js.src = 'https:\/\/sdk.zenchef.com\/v1\/sdk.min.js';  el.parentNode.insertBefore(js, el); })(document, 'script', 'zenchef-sdk')<\/script>\n<div\n   class=\"zc-widget-config\"\n   data-restaurant=\"375963\"\n   data-open=\"2000\"><\/div>\n","protected":false},"excerpt":{"rendered":"<p>Restaurante Le Pos\u00e9idon Pirates World 15-25 \u20ac restaurante-bar de c\u00f3cteles y bar de ron 18h-22h \u00a1Venga a relajarse para vivir un momento excepcional en un lugar \u00fanico tomando un c\u00f3ctel! En el coraz\u00f3n del complejo, en un entorno de barco que naufraga en las profundidades de Poseid\u00f3n, disfrutar\u00e1 de un buen c\u00f3ctel sentado en c\u00f3modos [&hellip;]<\/p>\n","protected":false},"author":5,"featured_media":0,"parent":7666,"menu_order":6,"comment_status":"closed","ping_status":"closed","template":"","meta":{"_acf_changed":false,"inline_featured_image":false,"footnotes":""},"class_list":["post-7728","page","type-page","status-publish","hentry"],"acf":[],"featured_image_src":null,"yoast_head":"<!-- This site is optimized with the Yoast SEO plugin v26.7 - https:\/\/yoast.com\/wordpress\/plugins\/seo\/ -->\n<title>El Lounge Bar le Pos\u00e9idon en el complejo Pirates World<\/title>\n<meta name=\"description\" content=\"Disfrute del Lounge Bar Le Pos\u00e9idon, inmerso en el tema pirata en el complejo Pirates World en Cap d &#039;Agde.\" \/>\n<meta name=\"robots\" content=\"index, follow, max-snippet:-1, max-image-preview:large, max-video-preview:-1\" \/>\n<link rel=\"canonical\" href=\"https:\/\/www.piratesworld.fr\/es\/restauracion\/lounge-bar-le-poseidon\/\" \/>\n<meta property=\"og:locale\" content=\"es_ES\" \/>\n<meta property=\"og:type\" content=\"article\" \/>\n<meta property=\"og:title\" content=\"El Lounge Bar le Pos\u00e9idon en el complejo Pirates World\" \/>\n<meta property=\"og:description\" content=\"Disfrute del Lounge Bar Le Pos\u00e9idon, inmerso en el tema pirata en el complejo Pirates World en Cap d &#039;Agde.\" \/>\n<meta property=\"og:url\" content=\"https:\/\/www.piratesworld.fr\/es\/restauracion\/lounge-bar-le-poseidon\/\" \/>\n<meta property=\"og:site_name\" content=\"Pirates World\" \/>\n<meta property=\"article:modified_time\" content=\"2026-04-23T07:21:12+00:00\" \/>\n<meta property=\"og:image\" content=\"https:\/\/www.piratesworld.fr\/wp-content\/uploads\/default.jpg\" \/>\n\t<meta property=\"og:image:width\" content=\"1960\" \/>\n\t<meta property=\"og:image:height\" content=\"1200\" \/>\n\t<meta property=\"og:image:type\" content=\"image\/jpeg\" \/>\n<meta name=\"twitter:card\" content=\"summary_large_image\" \/>\n<meta name=\"twitter:label1\" content=\"Tiempo de lectura\" \/>\n\t<meta name=\"twitter:data1\" content=\"2 minutos\" \/>\n<script type=\"application\/ld+json\" class=\"yoast-schema-graph\">{\"@context\":\"https:\/\/schema.org\",\"@graph\":[{\"@type\":\"WebPage\",\"@id\":\"https:\/\/www.piratesworld.fr\/es\/restauracion\/lounge-bar-le-poseidon\/\",\"url\":\"https:\/\/www.piratesworld.fr\/es\/restauracion\/lounge-bar-le-poseidon\/\",\"name\":\"El Lounge Bar le Pos\u00e9idon en el complejo Pirates World\",\"isPartOf\":{\"@id\":\"https:\/\/www.piratesworld.fr\/es\/#website\"},\"primaryImageOfPage\":{\"@id\":\"https:\/\/www.piratesworld.fr\/es\/restauracion\/lounge-bar-le-poseidon\/#primaryimage\"},\"image\":{\"@id\":\"https:\/\/www.piratesworld.fr\/es\/restauracion\/lounge-bar-le-poseidon\/#primaryimage\"},\"thumbnailUrl\":\"https:\/\/www.piratesworld.fr\/wp-content\/uploads\/default.jpg\",\"datePublished\":\"2023-04-19T06:28:29+00:00\",\"dateModified\":\"2026-04-23T07:21:12+00:00\",\"description\":\"Disfrute del Lounge Bar Le Pos\u00e9idon, inmerso en el tema pirata en el complejo Pirates World en Cap d 'Agde.\",\"breadcrumb\":{\"@id\":\"https:\/\/www.piratesworld.fr\/es\/restauracion\/lounge-bar-le-poseidon\/#breadcrumb\"},\"inLanguage\":\"es\",\"potentialAction\":[{\"@type\":\"ReadAction\",\"target\":[\"https:\/\/www.piratesworld.fr\/es\/restauracion\/lounge-bar-le-poseidon\/\"]}]},{\"@type\":\"ImageObject\",\"inLanguage\":\"es\",\"@id\":\"https:\/\/www.piratesworld.fr\/es\/restauracion\/lounge-bar-le-poseidon\/#primaryimage\",\"url\":\"https:\/\/www.piratesworld.fr\/wp-content\/uploads\/default.jpg\",\"contentUrl\":\"https:\/\/www.piratesworld.fr\/wp-content\/uploads\/default.jpg\"},{\"@type\":\"BreadcrumbList\",\"@id\":\"https:\/\/www.piratesworld.fr\/es\/restauracion\/lounge-bar-le-poseidon\/#breadcrumb\",\"itemListElement\":[{\"@type\":\"ListItem\",\"position\":1,\"name\":\"Accueil\",\"item\":\"https:\/\/www.piratesworld.fr\/es\/\"},{\"@type\":\"ListItem\",\"position\":2,\"name\":\"Restauraci\u00f3n\",\"item\":\"https:\/\/www.piratesworld.fr\/es\/restauracion\/\"},{\"@type\":\"ListItem\",\"position\":3,\"name\":\"Restaurante le Pos\u00e9idon\"}]},{\"@type\":\"WebSite\",\"@id\":\"https:\/\/www.piratesworld.fr\/es\/#website\",\"url\":\"https:\/\/www.piratesworld.fr\/es\/\",\"name\":\"Pirates World\",\"description\":\"Site officiel\",\"publisher\":{\"@id\":\"https:\/\/www.piratesworld.fr\/es\/#organization\"},\"potentialAction\":[{\"@type\":\"SearchAction\",\"target\":{\"@type\":\"EntryPoint\",\"urlTemplate\":\"https:\/\/www.piratesworld.fr\/es\/?s={search_term_string}\"},\"query-input\":{\"@type\":\"PropertyValueSpecification\",\"valueRequired\":true,\"valueName\":\"search_term_string\"}}],\"inLanguage\":\"es\"},{\"@type\":\"Organization\",\"@id\":\"https:\/\/www.piratesworld.fr\/es\/#organization\",\"name\":\"Pirates World\",\"url\":\"https:\/\/www.piratesworld.fr\/es\/\",\"logo\":{\"@type\":\"ImageObject\",\"inLanguage\":\"es\",\"@id\":\"https:\/\/www.piratesworld.fr\/es\/#\/schema\/logo\/image\/\",\"url\":\"https:\/\/www.piratesworld.fr\/wp-content\/uploads\/logo-pirates-world.png\",\"contentUrl\":\"https:\/\/www.piratesworld.fr\/wp-content\/uploads\/logo-pirates-world.png\",\"width\":400,\"height\":400,\"caption\":\"Pirates World\"},\"image\":{\"@id\":\"https:\/\/www.piratesworld.fr\/es\/#\/schema\/logo\/image\/\"}}]}<\/script>\n<!-- \/ Yoast SEO plugin. -->","yoast_head_json":{"title":"El Lounge Bar le Pos\u00e9idon en el complejo Pirates World","description":"Disfrute del Lounge Bar Le Pos\u00e9idon, inmerso en el tema pirata en el complejo Pirates World en Cap d 'Agde.","robots":{"index":"index","follow":"follow","max-snippet":"max-snippet:-1","max-image-preview":"max-image-preview:large","max-video-preview":"max-video-preview:-1"},"canonical":"https:\/\/www.piratesworld.fr\/es\/restauracion\/lounge-bar-le-poseidon\/","og_locale":"es_ES","og_type":"article","og_title":"El Lounge Bar le Pos\u00e9idon en el complejo Pirates World","og_description":"Disfrute del Lounge Bar Le Pos\u00e9idon, inmerso en el tema pirata en el complejo Pirates World en Cap d 'Agde.","og_url":"https:\/\/www.piratesworld.fr\/es\/restauracion\/lounge-bar-le-poseidon\/","og_site_name":"Pirates World","article_modified_time":"2026-04-23T07:21:12+00:00","og_image":[{"width":1960,"height":1200,"url":"https:\/\/www.piratesworld.fr\/wp-content\/uploads\/default.jpg","type":"image\/jpeg"}],"twitter_card":"summary_large_image","twitter_misc":{"Tiempo de lectura":"2 minutos"},"schema":{"@context":"https:\/\/schema.org","@graph":[{"@type":"WebPage","@id":"https:\/\/www.piratesworld.fr\/es\/restauracion\/lounge-bar-le-poseidon\/","url":"https:\/\/www.piratesworld.fr\/es\/restauracion\/lounge-bar-le-poseidon\/","name":"El Lounge Bar le Pos\u00e9idon en el complejo Pirates World","isPartOf":{"@id":"https:\/\/www.piratesworld.fr\/es\/#website"},"primaryImageOfPage":{"@id":"https:\/\/www.piratesworld.fr\/es\/restauracion\/lounge-bar-le-poseidon\/#primaryimage"},"image":{"@id":"https:\/\/www.piratesworld.fr\/es\/restauracion\/lounge-bar-le-poseidon\/#primaryimage"},"thumbnailUrl":"https:\/\/www.piratesworld.fr\/wp-content\/uploads\/default.jpg","datePublished":"2023-04-19T06:28:29+00:00","dateModified":"2026-04-23T07:21:12+00:00","description":"Disfrute del Lounge Bar Le Pos\u00e9idon, inmerso en el tema pirata en el complejo Pirates World en Cap d 'Agde.","breadcrumb":{"@id":"https:\/\/www.piratesworld.fr\/es\/restauracion\/lounge-bar-le-poseidon\/#breadcrumb"},"inLanguage":"es","potentialAction":[{"@type":"ReadAction","target":["https:\/\/www.piratesworld.fr\/es\/restauracion\/lounge-bar-le-poseidon\/"]}]},{"@type":"ImageObject","inLanguage":"es","@id":"https:\/\/www.piratesworld.fr\/es\/restauracion\/lounge-bar-le-poseidon\/#primaryimage","url":"https:\/\/www.piratesworld.fr\/wp-content\/uploads\/default.jpg","contentUrl":"https:\/\/www.piratesworld.fr\/wp-content\/uploads\/default.jpg"},{"@type":"BreadcrumbList","@id":"https:\/\/www.piratesworld.fr\/es\/restauracion\/lounge-bar-le-poseidon\/#breadcrumb","itemListElement":[{"@type":"ListItem","position":1,"name":"Accueil","item":"https:\/\/www.piratesworld.fr\/es\/"},{"@type":"ListItem","position":2,"name":"Restauraci\u00f3n","item":"https:\/\/www.piratesworld.fr\/es\/restauracion\/"},{"@type":"ListItem","position":3,"name":"Restaurante le Pos\u00e9idon"}]},{"@type":"WebSite","@id":"https:\/\/www.piratesworld.fr\/es\/#website","url":"https:\/\/www.piratesworld.fr\/es\/","name":"Pirates World","description":"Site officiel","publisher":{"@id":"https:\/\/www.piratesworld.fr\/es\/#organization"},"potentialAction":[{"@type":"SearchAction","target":{"@type":"EntryPoint","urlTemplate":"https:\/\/www.piratesworld.fr\/es\/?s={search_term_string}"},"query-input":{"@type":"PropertyValueSpecification","valueRequired":true,"valueName":"search_term_string"}}],"inLanguage":"es"},{"@type":"Organization","@id":"https:\/\/www.piratesworld.fr\/es\/#organization","name":"Pirates World","url":"https:\/\/www.piratesworld.fr\/es\/","logo":{"@type":"ImageObject","inLanguage":"es","@id":"https:\/\/www.piratesworld.fr\/es\/#\/schema\/logo\/image\/","url":"https:\/\/www.piratesworld.fr\/wp-content\/uploads\/logo-pirates-world.png","contentUrl":"https:\/\/www.piratesworld.fr\/wp-content\/uploads\/logo-pirates-world.png","width":400,"height":400,"caption":"Pirates World"},"image":{"@id":"https:\/\/www.piratesworld.fr\/es\/#\/schema\/logo\/image\/"}}]}},"_links":{"self":[{"href":"https:\/\/www.piratesworld.fr\/es\/wp-json\/wp\/v2\/pages\/7728","targetHints":{"allow":["GET"]}}],"collection":[{"href":"https:\/\/www.piratesworld.fr\/es\/wp-json\/wp\/v2\/pages"}],"about":[{"href":"https:\/\/www.piratesworld.fr\/es\/wp-json\/wp\/v2\/types\/page"}],"author":[{"embeddable":true,"href":"https:\/\/www.piratesworld.fr\/es\/wp-json\/wp\/v2\/users\/5"}],"replies":[{"embeddable":true,"href":"https:\/\/www.piratesworld.fr\/es\/wp-json\/wp\/v2\/comments?post=7728"}],"version-history":[{"count":10,"href":"https:\/\/www.piratesworld.fr\/es\/wp-json\/wp\/v2\/pages\/7728\/revisions"}],"predecessor-version":[{"id":15537,"href":"https:\/\/www.piratesworld.fr\/es\/wp-json\/wp\/v2\/pages\/7728\/revisions\/15537"}],"up":[{"embeddable":true,"href":"https:\/\/www.piratesworld.fr\/es\/wp-json\/wp\/v2\/pages\/7666"}],"wp:attachment":[{"href":"https:\/\/www.piratesworld.fr\/es\/wp-json\/wp\/v2\/media?parent=7728"}],"curies":[{"name":"wp","href":"https:\/\/api.w.org\/{rel}","templated":true}]}}