{"id":7760,"date":"2023-05-18T13:15:01","date_gmt":"2023-05-18T11:15:01","guid":{"rendered":"http:\/\/www.piratesworld.fr\/restauration\/restaurant-les-vagues\/"},"modified":"2024-05-23T12:22:56","modified_gmt":"2024-05-23T10:22:56","slug":"restaurant-les-vagues","status":"publish","type":"page","link":"https:\/\/www.piratesworld.fr\/es\/restauracion\/restaurant-les-vagues\/","title":{"rendered":"Restaurante Les Vagues"},"content":{"rendered":"\n<div class=\"wp-block-group alignfull bg-top over-y-vi is-layout-flow wp-block-group-is-layout-flow\" style=\"margin-top:0px;margin-bottom:0px\">\n<div class=\"wp-block-cover is-style-no-margin border-radius-bottom titre-banner has-animation\" style=\"min-height:100vh;aspect-ratio:unset;\"><span aria-hidden=\"true\" class=\"wp-block-cover__background has-background-dim-30 has-background-dim wp-block-cover__gradient-background has-background-gradient\" style=\"background:linear-gradient(180deg,rgb(0,26,41) 13%,rgba(255,255,255,0) 100%)\"><\/span><img loading=\"lazy\" decoding=\"async\" width=\"1960\" height=\"1200\" class=\"wp-block-cover__image-background wp-image-4778\" alt=\"\" src=\"https:\/\/www.piratesworld.fr\/wp-content\/uploads\/default.jpg\" style=\"object-position:3% 27%\" data-object-fit=\"cover\" data-object-position=\"3% 27%\" srcset=\"https:\/\/www.piratesworld.fr\/wp-content\/uploads\/default.jpg 1960w, https:\/\/www.piratesworld.fr\/wp-content\/uploads\/default-1024x627.jpg 1024w, https:\/\/www.piratesworld.fr\/wp-content\/uploads\/default-768x470.jpg 768w, https:\/\/www.piratesworld.fr\/wp-content\/uploads\/default-1536x940.jpg 1536w, https:\/\/www.piratesworld.fr\/wp-content\/uploads\/default-512x313.jpg 512w, https:\/\/www.piratesworld.fr\/wp-content\/uploads\/default-256x157.jpg 256w\" sizes=\"auto, (max-width: 1960px) 100vw, 1960px\" \/><div class=\"wp-block-cover__inner-container is-layout-flow wp-block-cover-is-layout-flow\">\n<div class=\"wp-block-group animation--init--once animation--top is-layout-constrained wp-block-group-is-layout-constrained\">\n<h1 class=\"wp-block-heading has-text-align-left has-theme-white-color has-text-color has-proxima-nova-font-family has-h-1-font-size\" style=\"font-style:normal;font-weight:600;letter-spacing:1px\">Restaurante <br>\u00abLes Vagues\u00bb<\/h1>\n<\/div>\n<\/div><\/div>\n<\/div>\n\n\n\n<div class=\"wp-block-group alignwide has-animation is-layout-constrained wp-block-group-is-layout-constrained\" style=\"margin-top:75px;margin-bottom:75px\">\n<figure class=\"wp-block-image size-large is-resized wp-duotone-bd9415-fff-1\"><img decoding=\"async\" src=\"https:\/\/www.piratesworld.fr\/wp-content\/uploads\/restaurante-icons.svg\" alt=\"\" class=\"wp-image-4844\" style=\"width:50px\"\/><\/figure>\n\n\n\n<h2 class=\"wp-block-heading has-text-align-left has-theme-brun-fonce-color has-text-color\">Restaurant Les Vagues<\/h2>\n\n\n\n<div class=\"wp-block-columns rest-remarquable is-layout-flex wp-container-core-columns-is-layout-28f84493 wp-block-columns-is-layout-flex\">\n<div class=\"wp-block-column is-layout-flow wp-block-column-is-layout-flow\">\n<div class=\"wp-block-group is-nowrap is-layout-flex wp-container-core-group-is-layout-e088cbc5 wp-block-group-is-layout-flex\">\n<figure class=\"wp-block-image size-large wp-duotone-bd9415-fff-2\"><img decoding=\"async\" src=\"https:\/\/www.piratesworld.fr\/wp-content\/uploads\/location-dot-solid.svg\" alt=\"\" class=\"wp-image-6131\"\/><\/figure>\n\n\n\n<p>Pirates World<\/p>\n<\/div>\n<\/div>\n\n\n\n<div class=\"wp-block-column is-layout-flow wp-block-column-is-layout-flow\">\n<div class=\"wp-block-group is-nowrap is-layout-flex wp-container-core-group-is-layout-e088cbc5 wp-block-group-is-layout-flex\">\n<figure class=\"wp-block-image size-large wp-duotone-bd9415-fff-3\"><img decoding=\"async\" src=\"https:\/\/www.piratesworld.fr\/wp-content\/uploads\/euro-sign-solid.svg\" alt=\"\" class=\"wp-image-6150\"\/><\/figure>\n\n\n\n<p>60-80 \u20ac<\/p>\n<\/div>\n<\/div>\n\n\n\n<div class=\"wp-block-column is-layout-flow wp-block-column-is-layout-flow\">\n<div class=\"wp-block-group is-nowrap is-layout-flex wp-container-core-group-is-layout-e088cbc5 wp-block-group-is-layout-flex\">\n<figure class=\"wp-block-image size-full wp-duotone-bd9415-fff-4\"><img loading=\"lazy\" decoding=\"async\" width=\"512\" height=\"512\" src=\"https:\/\/www.piratesworld.fr\/wp-content\/uploads\/style.png\" alt=\"\" class=\"wp-image-6745\" srcset=\"https:\/\/www.piratesworld.fr\/wp-content\/uploads\/style.png 512w, https:\/\/www.piratesworld.fr\/wp-content\/uploads\/style-200x200.png 200w, https:\/\/www.piratesworld.fr\/wp-content\/uploads\/style-256x256.png 256w\" sizes=\"auto, (max-width: 512px) 100vw, 512px\" \/><\/figure>\n\n\n\n<p>Fusi\u00f3n asi\u00e1tica mediterr\u00e1nea<\/p>\n<\/div>\n<\/div>\n\n\n\n<div class=\"wp-block-column is-layout-flow wp-block-column-is-layout-flow\">\n<div class=\"wp-block-group is-nowrap is-layout-flex wp-container-core-group-is-layout-e088cbc5 wp-block-group-is-layout-flex\">\n<figure class=\"wp-block-image size-full wp-duotone-bd9415-fff-5\"><img loading=\"lazy\" decoding=\"async\" width=\"512\" height=\"512\" src=\"https:\/\/www.piratesworld.fr\/wp-content\/uploads\/dejeuner.png\" alt=\"\" class=\"wp-image-6747\" srcset=\"https:\/\/www.piratesworld.fr\/wp-content\/uploads\/dejeuner.png 512w, https:\/\/www.piratesworld.fr\/wp-content\/uploads\/dejeuner-200x200.png 200w, https:\/\/www.piratesworld.fr\/wp-content\/uploads\/dejeuner-256x256.png 256w\" sizes=\"auto, (max-width: 512px) 100vw, 512px\" \/><\/figure>\n\n\n\n<p>12h-14h (mi\u00e9rcoles \u2013 domingo)<\/p>\n<\/div>\n<\/div>\n\n\n\n<div class=\"wp-block-column is-layout-flow wp-block-column-is-layout-flow\">\n<div class=\"wp-block-group is-nowrap is-layout-flex wp-container-core-group-is-layout-e088cbc5 wp-block-group-is-layout-flex\">\n<figure class=\"wp-block-image size-full wp-duotone-bd9415-fff-6\"><img loading=\"lazy\" decoding=\"async\" width=\"512\" height=\"512\" src=\"https:\/\/www.piratesworld.fr\/wp-content\/uploads\/diner.png\" alt=\"\" class=\"wp-image-6743\" srcset=\"https:\/\/www.piratesworld.fr\/wp-content\/uploads\/diner.png 512w, https:\/\/www.piratesworld.fr\/wp-content\/uploads\/diner-200x200.png 200w, https:\/\/www.piratesworld.fr\/wp-content\/uploads\/diner-256x256.png 256w\" sizes=\"auto, (max-width: 512px) 100vw, 512px\" \/><\/figure>\n\n\n\n<p>19h30-22h30 (mi\u00e9rcoles \u2013 s\u00e1bado)<\/p>\n<\/div>\n<\/div>\n<\/div>\n\n\n\n<p>\u00a1Premiado por el gu\u00eda Michel\u00edn y el Gault et Millau, venga a degustar los platos gastron\u00f3micos del chef Thierry Gerard en un entorno ex\u00f3tico!<\/p>\n\n\n\n<p>Kids friendly, sus hijos ser\u00e1n atendidos r\u00e1pidamente para poder jugar solos, y permitirle degustar sus platos y contemplar la playa de arena fina m\u00e1s salvaje de Cap d &#8216;Agde, en un ambiente sobrio y relajante frente al mar.<\/p>\n\n\n\n<p>Reserva muy recomendada: <strong>04 67 39 08 63<\/strong><\/p>\n\n\n\n<p>Para los residentes del complejo Pirates World, ofrecemos un servicio de transporte para ir a la playa, pero tambi\u00e9n para regresar de la playa.<\/p>\n\n\n\n<figure class=\"wp-block-image size-full is-resized\"><a href=\"https:\/\/www.facebook.com\/LES-VAGUES-145275678816656\" target=\"_blank\" rel=\"noreferrer noopener\"><img loading=\"lazy\" decoding=\"async\" width=\"128\" height=\"128\" src=\"https:\/\/www.piratesworld.fr\/wp-content\/uploads\/facebook.png\" alt=\"\" class=\"wp-image-4789\" style=\"width:30px\"\/><\/a><\/figure>\n\n\n\n<div class=\"wp-block-buttons is-layout-flex wp-block-buttons-is-layout-flex\">\n<div class=\"wp-block-button\"><a class=\"wp-block-button__link wp-element-button\" href=\"https:\/\/www.piratesworld.fr\/wp-content\/uploads\/les-vagues-3-compressed.pdf\" target=\"_blank\" rel=\"noreferrer noopener\"><mark style=\"background-color:rgba(0, 0, 0, 0)\" class=\"has-inline-color has-theme-brun-clair-color\">carta del restaurante<\/mark><\/a><\/div>\n<\/div>\n\n\n\n<div class=\"wp-image-slider sp-heber has-text-align-left has-custom-margin aspect-ratio-1_1\" style=\"margin-top:50px;margin-bottom:30px;\">\n\n                        \n                                \n                    <script>\n                        'use strict';\n\n                        document.addEventListener('DOMContentLoaded', function () {\n\n                            (function() {\n                                const blockSlide = new Splide( '#slide_449', {\n                                    type : 'loop',\n                                    perPage: 3,\n                                                                        \n                                    breakpoints: {\n                                        800: {\n                                            perPage: 3,\n                                                                                    },\n                                        450: {\n                                            perPage: 1,\n                                                                                                padding: 0,\n                                                \n                                        },\n                                    },\n                                    pagination: true,\n                                    arrows: true,\n                                    gap: 'var(--wp--style--block-gap)',\n                                    i18n: {\n                                        slideLabel: '0%s \/ 0%s',\n                                    }\n                                } );\n                                \n                                blockSlide.mount();\n                            })();\n                        })\n                    <\/script>\n\n                    <div class=\"slider-container\"><div class=\"splide galeria-slider galeria-columnas-3\" id=\"slide_449\"><div class=\"splide__track\"><div class=\"splide__list\"><a href=\"https:\/\/www.piratesworld.fr\/wp-content\/uploads\/1-1.jpg\" id=\"thumb-6596\" class=\"splide__slide image-link\" data-gallery=\"slide_449\"  data-counter=\"01\/04\" alt=\" \" class=\"image-link\"><div class=\"image-wrapper\"><img loading=\"lazy\" decoding=\"async\" width=\"1228\" height=\"1536\" src=\"https:\/\/www.piratesworld.fr\/wp-content\/uploads\/1-1-1228x1536.jpg\" class=\"attachment-gallery-large size-gallery-large\" alt=\"\" srcset=\"https:\/\/www.piratesworld.fr\/wp-content\/uploads\/1-1-1228x1536.jpg 1228w, https:\/\/www.piratesworld.fr\/wp-content\/uploads\/1-1-819x1024.jpg 819w, https:\/\/www.piratesworld.fr\/wp-content\/uploads\/1-1-768x960.jpg 768w, https:\/\/www.piratesworld.fr\/wp-content\/uploads\/1-1-409x512.jpg 409w, https:\/\/www.piratesworld.fr\/wp-content\/uploads\/1-1-205x256.jpg 205w, https:\/\/www.piratesworld.fr\/wp-content\/uploads\/1-1.jpg 1349w\" sizes=\"auto, (max-width: 1228px) 100vw, 1228px\" \/><\/div><\/a><a href=\"https:\/\/www.piratesworld.fr\/wp-content\/uploads\/2.jpg\" id=\"thumb-6597\" class=\"splide__slide image-link\" data-gallery=\"slide_449\"  data-counter=\"02\/04\" alt=\" \" class=\"image-link\"><div class=\"image-wrapper\"><img loading=\"lazy\" decoding=\"async\" width=\"1440\" height=\"1440\" src=\"https:\/\/www.piratesworld.fr\/wp-content\/uploads\/2.jpg\" class=\"attachment-gallery-large size-gallery-large\" alt=\"\" srcset=\"https:\/\/www.piratesworld.fr\/wp-content\/uploads\/2.jpg 1440w, https:\/\/www.piratesworld.fr\/wp-content\/uploads\/2-1024x1024.jpg 1024w, https:\/\/www.piratesworld.fr\/wp-content\/uploads\/2-200x200.jpg 200w, https:\/\/www.piratesworld.fr\/wp-content\/uploads\/2-768x768.jpg 768w, https:\/\/www.piratesworld.fr\/wp-content\/uploads\/2-512x512.jpg 512w, https:\/\/www.piratesworld.fr\/wp-content\/uploads\/2-256x256.jpg 256w\" sizes=\"auto, (max-width: 1440px) 100vw, 1440px\" \/><\/div><\/a><a href=\"https:\/\/www.piratesworld.fr\/wp-content\/uploads\/3.jpg\" id=\"thumb-6598\" class=\"splide__slide image-link\" data-gallery=\"slide_449\"  data-counter=\"03\/04\" alt=\" \" class=\"image-link\"><div class=\"image-wrapper\"><img loading=\"lazy\" decoding=\"async\" width=\"799\" height=\"799\" src=\"https:\/\/www.piratesworld.fr\/wp-content\/uploads\/3.jpg\" class=\"attachment-gallery-large size-gallery-large\" alt=\"\" srcset=\"https:\/\/www.piratesworld.fr\/wp-content\/uploads\/3.jpg 799w, https:\/\/www.piratesworld.fr\/wp-content\/uploads\/3-200x200.jpg 200w, https:\/\/www.piratesworld.fr\/wp-content\/uploads\/3-768x768.jpg 768w, https:\/\/www.piratesworld.fr\/wp-content\/uploads\/3-512x512.jpg 512w, https:\/\/www.piratesworld.fr\/wp-content\/uploads\/3-256x256.jpg 256w\" sizes=\"auto, (max-width: 799px) 100vw, 799px\" \/><\/div><\/a><a href=\"https:\/\/www.piratesworld.fr\/wp-content\/uploads\/4.jpg\" id=\"thumb-6599\" class=\"splide__slide image-link\" data-gallery=\"slide_449\"  data-counter=\"04\/04\" alt=\" \" class=\"image-link\"><div class=\"image-wrapper\"><img loading=\"lazy\" decoding=\"async\" width=\"1418\" height=\"1536\" src=\"https:\/\/www.piratesworld.fr\/wp-content\/uploads\/4-1418x1536.jpg\" class=\"attachment-gallery-large size-gallery-large\" alt=\"\" srcset=\"https:\/\/www.piratesworld.fr\/wp-content\/uploads\/4-1418x1536.jpg 1418w, https:\/\/www.piratesworld.fr\/wp-content\/uploads\/4-945x1024.jpg 945w, https:\/\/www.piratesworld.fr\/wp-content\/uploads\/4-768x832.jpg 768w, https:\/\/www.piratesworld.fr\/wp-content\/uploads\/4-473x512.jpg 473w, https:\/\/www.piratesworld.fr\/wp-content\/uploads\/4-236x256.jpg 236w, https:\/\/www.piratesworld.fr\/wp-content\/uploads\/4.jpg 1440w\" sizes=\"auto, (max-width: 1418px) 100vw, 1418px\" \/><\/div><\/a><\/div><\/div><\/div><\/div>\n                    \n<\/div><\/div>\n","protected":false},"excerpt":{"rendered":"<p>Restaurant Les Vagues Pirates World 60-80 \u20ac Fusi\u00f3n asi\u00e1tica mediterr\u00e1nea 12h-14h (mi\u00e9rcoles \u2013 domingo) 19h30-22h30 (mi\u00e9rcoles \u2013 s\u00e1bado) \u00a1Premiado por el gu\u00eda Michel\u00edn y el Gault et Millau, venga a degustar los platos gastron\u00f3micos del chef Thierry Gerard en un entorno ex\u00f3tico! Kids friendly, sus hijos ser\u00e1n atendidos r\u00e1pidamente para poder jugar solos, y permitirle [&hellip;]<\/p>\n","protected":false},"author":5,"featured_media":0,"parent":7666,"menu_order":14,"comment_status":"closed","ping_status":"closed","template":"","meta":{"_acf_changed":false,"inline_featured_image":false,"footnotes":""},"class_list":["post-7760","page","type-page","status-publish","hentry"],"acf":[],"featured_image_src":null,"yoast_head":"<!-- This site is optimized with the Yoast SEO plugin v26.7 - https:\/\/yoast.com\/wordpress\/plugins\/seo\/ -->\n<title>Restaurante gastron\u00f3mico Les Vagues en Pirates World, Cap d &#039;Agde<\/title>\n<meta name=\"description\" content=\"Premiado por el gu\u00eda Michel\u00edn y el Gault et Millau, venga a degustar los platos gastron\u00f3micos en el restaurante Les Vagues en Pirates World\" \/>\n<meta name=\"robots\" content=\"index, follow, max-snippet:-1, max-image-preview:large, max-video-preview:-1\" \/>\n<link rel=\"canonical\" href=\"https:\/\/www.piratesworld.fr\/es\/restauracion\/restaurant-les-vagues\/\" \/>\n<meta property=\"og:locale\" content=\"es_ES\" \/>\n<meta property=\"og:type\" content=\"article\" \/>\n<meta property=\"og:title\" content=\"Restaurante gastron\u00f3mico Les Vagues en Pirates World, Cap d &#039;Agde\" \/>\n<meta property=\"og:description\" content=\"Premiado por el gu\u00eda Michel\u00edn y el Gault et Millau, venga a degustar los platos gastron\u00f3micos en el restaurante Les Vagues en Pirates World\" \/>\n<meta property=\"og:url\" content=\"https:\/\/www.piratesworld.fr\/es\/restauracion\/restaurant-les-vagues\/\" \/>\n<meta property=\"og:site_name\" content=\"Pirates World\" \/>\n<meta property=\"article:modified_time\" content=\"2024-05-23T10:22:56+00:00\" \/>\n<meta property=\"og:image\" content=\"https:\/\/www.piratesworld.fr\/wp-content\/uploads\/default.jpg\" \/>\n<meta name=\"twitter:card\" content=\"summary_large_image\" \/>\n<meta name=\"twitter:label1\" content=\"Tiempo de lectura\" \/>\n\t<meta name=\"twitter:data1\" content=\"3 minutos\" \/>\n<script type=\"application\/ld+json\" class=\"yoast-schema-graph\">{\"@context\":\"https:\/\/schema.org\",\"@graph\":[{\"@type\":\"WebPage\",\"@id\":\"https:\/\/www.piratesworld.fr\/es\/restauracion\/restaurant-les-vagues\/\",\"url\":\"https:\/\/www.piratesworld.fr\/es\/restauracion\/restaurant-les-vagues\/\",\"name\":\"Restaurante gastron\u00f3mico Les Vagues en Pirates World, Cap d 'Agde\",\"isPartOf\":{\"@id\":\"https:\/\/www.piratesworld.fr\/es\/#website\"},\"primaryImageOfPage\":{\"@id\":\"https:\/\/www.piratesworld.fr\/es\/restauracion\/restaurant-les-vagues\/#primaryimage\"},\"image\":{\"@id\":\"https:\/\/www.piratesworld.fr\/es\/restauracion\/restaurant-les-vagues\/#primaryimage\"},\"thumbnailUrl\":\"https:\/\/www.piratesworld.fr\/wp-content\/uploads\/default.jpg\",\"datePublished\":\"2023-05-18T11:15:01+00:00\",\"dateModified\":\"2024-05-23T10:22:56+00:00\",\"description\":\"Premiado por el gu\u00eda Michel\u00edn y el Gault et Millau, venga a degustar los platos gastron\u00f3micos en el restaurante Les Vagues en Pirates World\",\"breadcrumb\":{\"@id\":\"https:\/\/www.piratesworld.fr\/es\/restauracion\/restaurant-les-vagues\/#breadcrumb\"},\"inLanguage\":\"es\",\"potentialAction\":[{\"@type\":\"ReadAction\",\"target\":[\"https:\/\/www.piratesworld.fr\/es\/restauracion\/restaurant-les-vagues\/\"]}]},{\"@type\":\"ImageObject\",\"inLanguage\":\"es\",\"@id\":\"https:\/\/www.piratesworld.fr\/es\/restauracion\/restaurant-les-vagues\/#primaryimage\",\"url\":\"https:\/\/www.piratesworld.fr\/wp-content\/uploads\/default.jpg\",\"contentUrl\":\"https:\/\/www.piratesworld.fr\/wp-content\/uploads\/default.jpg\"},{\"@type\":\"BreadcrumbList\",\"@id\":\"https:\/\/www.piratesworld.fr\/es\/restauracion\/restaurant-les-vagues\/#breadcrumb\",\"itemListElement\":[{\"@type\":\"ListItem\",\"position\":1,\"name\":\"Accueil\",\"item\":\"https:\/\/www.piratesworld.fr\/es\/\"},{\"@type\":\"ListItem\",\"position\":2,\"name\":\"Restauraci\u00f3n\",\"item\":\"https:\/\/www.piratesworld.fr\/es\/restauracion\/\"},{\"@type\":\"ListItem\",\"position\":3,\"name\":\"Restaurante Les Vagues\"}]},{\"@type\":\"WebSite\",\"@id\":\"https:\/\/www.piratesworld.fr\/es\/#website\",\"url\":\"https:\/\/www.piratesworld.fr\/es\/\",\"name\":\"Pirates World\",\"description\":\"Site officiel\",\"publisher\":{\"@id\":\"https:\/\/www.piratesworld.fr\/es\/#organization\"},\"potentialAction\":[{\"@type\":\"SearchAction\",\"target\":{\"@type\":\"EntryPoint\",\"urlTemplate\":\"https:\/\/www.piratesworld.fr\/es\/?s={search_term_string}\"},\"query-input\":{\"@type\":\"PropertyValueSpecification\",\"valueRequired\":true,\"valueName\":\"search_term_string\"}}],\"inLanguage\":\"es\"},{\"@type\":\"Organization\",\"@id\":\"https:\/\/www.piratesworld.fr\/es\/#organization\",\"name\":\"Pirates World\",\"url\":\"https:\/\/www.piratesworld.fr\/es\/\",\"logo\":{\"@type\":\"ImageObject\",\"inLanguage\":\"es\",\"@id\":\"https:\/\/www.piratesworld.fr\/es\/#\/schema\/logo\/image\/\",\"url\":\"https:\/\/www.piratesworld.fr\/wp-content\/uploads\/logo-pirates-world.png\",\"contentUrl\":\"https:\/\/www.piratesworld.fr\/wp-content\/uploads\/logo-pirates-world.png\",\"width\":400,\"height\":400,\"caption\":\"Pirates World\"},\"image\":{\"@id\":\"https:\/\/www.piratesworld.fr\/es\/#\/schema\/logo\/image\/\"}}]}<\/script>\n<!-- \/ Yoast SEO plugin. -->","yoast_head_json":{"title":"Restaurante gastron\u00f3mico Les Vagues en Pirates World, Cap d 'Agde","description":"Premiado por el gu\u00eda Michel\u00edn y el Gault et Millau, venga a degustar los platos gastron\u00f3micos en el restaurante Les Vagues en Pirates World","robots":{"index":"index","follow":"follow","max-snippet":"max-snippet:-1","max-image-preview":"max-image-preview:large","max-video-preview":"max-video-preview:-1"},"canonical":"https:\/\/www.piratesworld.fr\/es\/restauracion\/restaurant-les-vagues\/","og_locale":"es_ES","og_type":"article","og_title":"Restaurante gastron\u00f3mico Les Vagues en Pirates World, Cap d 'Agde","og_description":"Premiado por el gu\u00eda Michel\u00edn y el Gault et Millau, venga a degustar los platos gastron\u00f3micos en el restaurante Les Vagues en Pirates World","og_url":"https:\/\/www.piratesworld.fr\/es\/restauracion\/restaurant-les-vagues\/","og_site_name":"Pirates World","article_modified_time":"2024-05-23T10:22:56+00:00","og_image":[{"url":"https:\/\/www.piratesworld.fr\/wp-content\/uploads\/default.jpg","type":"","width":"","height":""}],"twitter_card":"summary_large_image","twitter_misc":{"Tiempo de lectura":"3 minutos"},"schema":{"@context":"https:\/\/schema.org","@graph":[{"@type":"WebPage","@id":"https:\/\/www.piratesworld.fr\/es\/restauracion\/restaurant-les-vagues\/","url":"https:\/\/www.piratesworld.fr\/es\/restauracion\/restaurant-les-vagues\/","name":"Restaurante gastron\u00f3mico Les Vagues en Pirates World, Cap d 'Agde","isPartOf":{"@id":"https:\/\/www.piratesworld.fr\/es\/#website"},"primaryImageOfPage":{"@id":"https:\/\/www.piratesworld.fr\/es\/restauracion\/restaurant-les-vagues\/#primaryimage"},"image":{"@id":"https:\/\/www.piratesworld.fr\/es\/restauracion\/restaurant-les-vagues\/#primaryimage"},"thumbnailUrl":"https:\/\/www.piratesworld.fr\/wp-content\/uploads\/default.jpg","datePublished":"2023-05-18T11:15:01+00:00","dateModified":"2024-05-23T10:22:56+00:00","description":"Premiado por el gu\u00eda Michel\u00edn y el Gault et Millau, venga a degustar los platos gastron\u00f3micos en el restaurante Les Vagues en Pirates World","breadcrumb":{"@id":"https:\/\/www.piratesworld.fr\/es\/restauracion\/restaurant-les-vagues\/#breadcrumb"},"inLanguage":"es","potentialAction":[{"@type":"ReadAction","target":["https:\/\/www.piratesworld.fr\/es\/restauracion\/restaurant-les-vagues\/"]}]},{"@type":"ImageObject","inLanguage":"es","@id":"https:\/\/www.piratesworld.fr\/es\/restauracion\/restaurant-les-vagues\/#primaryimage","url":"https:\/\/www.piratesworld.fr\/wp-content\/uploads\/default.jpg","contentUrl":"https:\/\/www.piratesworld.fr\/wp-content\/uploads\/default.jpg"},{"@type":"BreadcrumbList","@id":"https:\/\/www.piratesworld.fr\/es\/restauracion\/restaurant-les-vagues\/#breadcrumb","itemListElement":[{"@type":"ListItem","position":1,"name":"Accueil","item":"https:\/\/www.piratesworld.fr\/es\/"},{"@type":"ListItem","position":2,"name":"Restauraci\u00f3n","item":"https:\/\/www.piratesworld.fr\/es\/restauracion\/"},{"@type":"ListItem","position":3,"name":"Restaurante Les Vagues"}]},{"@type":"WebSite","@id":"https:\/\/www.piratesworld.fr\/es\/#website","url":"https:\/\/www.piratesworld.fr\/es\/","name":"Pirates World","description":"Site officiel","publisher":{"@id":"https:\/\/www.piratesworld.fr\/es\/#organization"},"potentialAction":[{"@type":"SearchAction","target":{"@type":"EntryPoint","urlTemplate":"https:\/\/www.piratesworld.fr\/es\/?s={search_term_string}"},"query-input":{"@type":"PropertyValueSpecification","valueRequired":true,"valueName":"search_term_string"}}],"inLanguage":"es"},{"@type":"Organization","@id":"https:\/\/www.piratesworld.fr\/es\/#organization","name":"Pirates World","url":"https:\/\/www.piratesworld.fr\/es\/","logo":{"@type":"ImageObject","inLanguage":"es","@id":"https:\/\/www.piratesworld.fr\/es\/#\/schema\/logo\/image\/","url":"https:\/\/www.piratesworld.fr\/wp-content\/uploads\/logo-pirates-world.png","contentUrl":"https:\/\/www.piratesworld.fr\/wp-content\/uploads\/logo-pirates-world.png","width":400,"height":400,"caption":"Pirates World"},"image":{"@id":"https:\/\/www.piratesworld.fr\/es\/#\/schema\/logo\/image\/"}}]}},"_links":{"self":[{"href":"https:\/\/www.piratesworld.fr\/es\/wp-json\/wp\/v2\/pages\/7760","targetHints":{"allow":["GET"]}}],"collection":[{"href":"https:\/\/www.piratesworld.fr\/es\/wp-json\/wp\/v2\/pages"}],"about":[{"href":"https:\/\/www.piratesworld.fr\/es\/wp-json\/wp\/v2\/types\/page"}],"author":[{"embeddable":true,"href":"https:\/\/www.piratesworld.fr\/es\/wp-json\/wp\/v2\/users\/5"}],"replies":[{"embeddable":true,"href":"https:\/\/www.piratesworld.fr\/es\/wp-json\/wp\/v2\/comments?post=7760"}],"version-history":[{"count":2,"href":"https:\/\/www.piratesworld.fr\/es\/wp-json\/wp\/v2\/pages\/7760\/revisions"}],"predecessor-version":[{"id":11213,"href":"https:\/\/www.piratesworld.fr\/es\/wp-json\/wp\/v2\/pages\/7760\/revisions\/11213"}],"up":[{"embeddable":true,"href":"https:\/\/www.piratesworld.fr\/es\/wp-json\/wp\/v2\/pages\/7666"}],"wp:attachment":[{"href":"https:\/\/www.piratesworld.fr\/es\/wp-json\/wp\/v2\/media?parent=7760"}],"curies":[{"name":"wp","href":"https:\/\/api.w.org\/{rel}","templated":true}]}}