{"id":7815,"date":"2023-06-27T13:30:54","date_gmt":"2023-06-27T11:30:54","guid":{"rendered":"http:\/\/www.piratesworld.fr\/hebergements\/plage\/"},"modified":"2024-02-15T14:47:23","modified_gmt":"2024-02-15T13:47:23","slug":"la-playa","status":"publish","type":"page","link":"https:\/\/www.piratesworld.fr\/es\/alojamientos\/la-playa\/","title":{"rendered":"La playa"},"content":{"rendered":"\n<div class=\"wp-block-group alignfull bg-top over-y-vi is-layout-flow wp-block-group-is-layout-flow\" style=\"margin-top:0px;margin-bottom:0px\">\n<div class=\"wp-block-cover is-light is-style-no-margin border-radius-bottom titre-banner has-animation\" style=\"min-height:100vh;aspect-ratio:unset;\"><span aria-hidden=\"true\" class=\"wp-block-cover__background has-background-dim-30 has-background-dim wp-block-cover__gradient-background has-background-gradient\" style=\"background:linear-gradient(180deg,rgb(0,26,41) 13%,rgba(255,255,255,0) 100%)\"><\/span><img loading=\"lazy\" decoding=\"async\" width=\"2560\" height=\"1438\" class=\"wp-block-cover__image-background wp-image-6808\" alt=\"\" src=\"https:\/\/www.piratesworld.fr\/wp-content\/uploads\/2023-07-10-la-plage-061-scaled.jpg\" data-object-fit=\"cover\" srcset=\"https:\/\/www.piratesworld.fr\/wp-content\/uploads\/2023-07-10-la-plage-061-scaled.jpg 2560w, https:\/\/www.piratesworld.fr\/wp-content\/uploads\/2023-07-10-la-plage-061-1024x575.jpg 1024w, https:\/\/www.piratesworld.fr\/wp-content\/uploads\/2023-07-10-la-plage-061-2048x1151.jpg 2048w, https:\/\/www.piratesworld.fr\/wp-content\/uploads\/2023-07-10-la-plage-061-768x431.jpg 768w, https:\/\/www.piratesworld.fr\/wp-content\/uploads\/2023-07-10-la-plage-061-1536x863.jpg 1536w, https:\/\/www.piratesworld.fr\/wp-content\/uploads\/2023-07-10-la-plage-061-512x288.jpg 512w, https:\/\/www.piratesworld.fr\/wp-content\/uploads\/2023-07-10-la-plage-061-256x144.jpg 256w\" sizes=\"auto, (max-width: 2560px) 100vw, 2560px\" \/><div class=\"wp-block-cover__inner-container is-layout-flow wp-block-cover-is-layout-flow\">\n<div class=\"wp-block-group is-layout-constrained wp-block-group-is-layout-constrained\">\n<div class=\"wp-block-columns are-vertically-aligned-center is-layout-flex wp-container-core-columns-is-layout-ed59929e wp-block-columns-is-layout-flex\">\n<div class=\"wp-block-column is-vertically-aligned-center is-layout-flow wp-block-column-is-layout-flow\" style=\"flex-basis:65%\">\n<div class=\"wp-block-group animation--init--once animation--top is-layout-constrained wp-block-group-is-layout-constrained\">\n<h1 class=\"wp-block-heading has-text-align-left has-theme-white-color has-text-color has-proxima-nova-font-family has-h-1-font-size\" id=\"0-la-plage-\" style=\"font-style:normal;font-weight:600;letter-spacing:1px\"><strong><strong>La playa<\/strong><\/strong><\/h1>\n<\/div>\n<\/div>\n\n\n\n<div class=\"wp-block-column is-vertically-aligned-center is-hidden-resp is-layout-flow wp-block-column-is-layout-flow\" style=\"flex-basis:35%\">\n<div class=\"wp-block-group carre-info has-background is-layout-constrained wp-block-group-is-layout-constrained\" style=\"background-color:#fffffff0\">\n<div class=\"wp-block-group is-nowrap is-layout-flex wp-container-core-group-is-layout-e088cbc5 wp-block-group-is-layout-flex\">\n<figure class=\"wp-block-image size-large is-resized is-style-no-margin wp-duotone-bd9415-fff-1\"><img loading=\"lazy\" decoding=\"async\" width=\"682\" height=\"682\" src=\"https:\/\/www.piratesworld.fr\/wp-content\/uploads\/sombrilla-de-playa.svg\" alt=\"\" class=\"wp-image-4835\" style=\"object-fit:cover;width:25px;height:25px\"\/><\/figure>\n\n\n\n<p class=\"has-theme-brun-fonce-color has-text-color\">Playa de arena fina<\/p>\n<\/div>\n\n\n\n<div class=\"wp-block-group is-nowrap is-layout-flex wp-container-core-group-is-layout-e088cbc5 wp-block-group-is-layout-flex\">\n<figure class=\"wp-block-image size-large is-resized is-style-no-margin wp-duotone-bd9415-fff-2\"><img loading=\"lazy\" decoding=\"async\" width=\"682\" height=\"682\" src=\"https:\/\/www.piratesworld.fr\/wp-content\/uploads\/sombrilla-de-playa.svg\" alt=\"\" class=\"wp-image-4835\" style=\"object-fit:cover;width:25px;height:25px\"\/><\/figure>\n\n\n\n<p class=\"has-theme-brun-fonce-color has-text-color\">La m\u00e1s salvaje<\/p>\n<\/div>\n\n\n\n<div class=\"wp-block-group is-nowrap is-layout-flex wp-container-core-group-is-layout-e088cbc5 wp-block-group-is-layout-flex\">\n<figure class=\"wp-block-image size-large is-resized is-style-no-margin wp-duotone-bd9415-fff-3\"><img loading=\"lazy\" decoding=\"async\" width=\"682\" height=\"682\" src=\"https:\/\/www.piratesworld.fr\/wp-content\/uploads\/sombrilla-de-playa.svg\" alt=\"\" class=\"wp-image-4835\" style=\"object-fit:cover;width:25px;height:25px\"\/><\/figure>\n\n\n\n<p class=\"has-theme-brun-fonce-color has-text-color\">La menos conocida de los turistas<\/p>\n<\/div>\n\n\n\n<div class=\"wp-block-group is-nowrap is-layout-flex wp-container-core-group-is-layout-e088cbc5 wp-block-group-is-layout-flex\">\n<figure class=\"wp-block-image size-large is-resized is-style-no-margin wp-duotone-bd9415-fff-4\"><img loading=\"lazy\" decoding=\"async\" width=\"682\" height=\"682\" src=\"https:\/\/www.piratesworld.fr\/wp-content\/uploads\/sombrilla-de-playa.svg\" alt=\"\" class=\"wp-image-4835\" style=\"object-fit:cover;width:25px;height:25px\"\/><\/figure>\n\n\n\n<p class=\"has-theme-brun-fonce-color has-text-color\">La m\u00e1s dif\u00edcil de acceder por los turistas<\/p>\n<\/div>\n\n\n\n<div class=\"wp-block-group is-nowrap is-layout-flex wp-container-core-group-is-layout-e088cbc5 wp-block-group-is-layout-flex\">\n<figure class=\"wp-block-image size-large is-resized is-style-no-margin wp-duotone-bd9415-fff-5\"><img loading=\"lazy\" decoding=\"async\" width=\"682\" height=\"682\" src=\"https:\/\/www.piratesworld.fr\/wp-content\/uploads\/sombrilla-de-playa.svg\" alt=\"\" class=\"wp-image-4835\" style=\"object-fit:cover;width:25px;height:25px\"\/><\/figure>\n\n\n\n<p class=\"has-theme-brun-fonce-color has-text-color\">Una de las m\u00e1s amplias del Golfo del Le\u00f3n<\/p>\n<\/div>\n<\/div>\n<\/div>\n<\/div>\n<\/div>\n<\/div><\/div>\n<\/div>\n\n\n\n<div class=\"wp-block-columns has-animation is-layout-flex wp-container-core-columns-is-layout-bc0d86c9 wp-block-columns-is-layout-flex\" style=\"margin-top:50px;margin-bottom:50px\">\n<div class=\"wp-block-column animation--init--once animation--right is-layout-flow wp-block-column-is-layout-flow\">\n<figure class=\"wp-block-image aligncenter size-large is-resized wp-duotone-bd9415-fff-6\"><img loading=\"lazy\" decoding=\"async\" width=\"512\" height=\"512\" src=\"https:\/\/www.piratesworld.fr\/wp-content\/uploads\/intro.svg\" alt=\"\" class=\"wp-image-4818\" style=\"width:50px\"\/><\/figure>\n\n\n\n<h2 class=\"wp-block-heading has-text-align-center has-theme-brun-fonce-color has-text-color\" id=\"1-acc%C3%A8s-direct-%C3%A0-la-plage-\" style=\"margin-top:20px;margin-right:0px;margin-bottom:20px;margin-left:0px;font-style:normal;font-weight:700\"><strong><strong><strong>Acceso directo a la playa<\/strong><\/strong><\/strong><\/h2>\n\n\n\n<p class=\"has-text-align-center\"><strong>Las vacaciones en Pirates World, le otorgan toda la serenidad que necesita.<\/strong><\/p>\n\n\n\n<p class=\"has-text-align-center\">Si est\u00e1 buscando una playa tranquila y un lugar de lo m\u00e1s agradable, \u00a1le proponemos una cita al final del camino!<\/p>\n\n\n\n<p class=\"has-text-align-center\">Desconocida por los turistas que temen acercarse por falta de aparcamiento, esta playa es la m\u00e1s salvaje del complejo. Durante su estancia, tendr\u00e1 el lujo de descubrir una de las playas de arena fina m\u00e1s bellas de Cap d &#8216;Agde.<\/p>\n\n\n\n<p class=\"has-text-align-center\">Al final del camping, pero tambi\u00e9n a 2 minutos en autob\u00fas privado gratuito de nuestros hoteles, con acceso directo a la playa, \u00a1disfrutar\u00e1 de un verdadero remanso de paz!<\/p>\n\n\n\n<p class=\"has-text-align-center\">La Playa de la \u00abBah\u00eda de la Amistad\u00bb le ofrece una amplia extensi\u00f3n de arenas donde podr\u00e1 colocar f\u00e1cilmente su toalla.<\/p>\n\n\n\n<p class=\"has-text-align-center\">Bordeando el mar Mediterr\u00e1neo, disfrutar\u00e1 de las agradables temperaturas desde los primeros rayos de sol del mes de mayo.<\/p>\n\n\n\n<p class=\"has-text-align-center\">Proporciona una vista extraordinaria de la isla de Fort Brescou, as\u00ed como de la cordillera de los Pirineos (nevadas hasta la primavera) que se sumerge en el mar Mediterr\u00e1neo.<\/p>\n\n\n\n<p class=\"has-text-align-center\">\u00a1Se acabaron los atascos y las colas de veh\u00edculos que tanto temen los veraneantes en la carretera! \u00a1Solo tendr\u00e1 que dar unos pasos y estar\u00e1 con los pies en el agua!<\/p>\n\n\n\n<p class=\"has-text-align-center\">Le encantar\u00e1n los 3 restaurantes del hotel: el mandala beach club, la brasserie les paillottes y el restaurante gault millaut les vagues.<\/p>\n<\/div>\n<\/div>\n\n\n\n<div class=\"wp-block-cover alignfull\" style=\"margin-top:20px;margin-bottom:0px\"><span aria-hidden=\"true\" class=\"wp-block-cover__background has-theme-bleu-fonce-background-color has-background-dim-30 has-background-dim\"><\/span><img loading=\"lazy\" decoding=\"async\" width=\"1920\" height=\"501\" class=\"wp-block-cover__image-background wp-image-5850\" alt=\"\" src=\"https:\/\/www.piratesworld.fr\/wp-content\/uploads\/fond-pirate-game.jpg\" style=\"object-position:66% 0%\" data-object-fit=\"cover\" data-object-position=\"66% 0%\" srcset=\"https:\/\/www.piratesworld.fr\/wp-content\/uploads\/fond-pirate-game.jpg 1920w, https:\/\/www.piratesworld.fr\/wp-content\/uploads\/fond-pirate-game-1024x267.jpg 1024w, https:\/\/www.piratesworld.fr\/wp-content\/uploads\/fond-pirate-game-768x200.jpg 768w, https:\/\/www.piratesworld.fr\/wp-content\/uploads\/fond-pirate-game-1536x401.jpg 1536w, https:\/\/www.piratesworld.fr\/wp-content\/uploads\/fond-pirate-game-512x134.jpg 512w, https:\/\/www.piratesworld.fr\/wp-content\/uploads\/fond-pirate-game-256x67.jpg 256w\" sizes=\"auto, (max-width: 1920px) 100vw, 1920px\" \/><div class=\"wp-block-cover__inner-container is-layout-flow wp-block-cover-is-layout-flow\">\n<h2 class=\"wp-block-heading has-text-align-center has-h-2-font-size\" id=\"2-les-de-la-plage-\"><strong>Lo + en la playa<\/strong><\/h2>\n\n\n\n<div class=\"wp-block-group has-animation is-layout-constrained wp-block-group-is-layout-constrained\" style=\"margin-top:50px;margin-bottom:50px\">        <div class=\"wp-block-custom-grid plus-plages animation--init--once animation--top has-text-align-left block-grid-responsive\" style=\"--wp--custom--block-gap:50px !important; --wp--style--block-desktop-column:3;--wp--style--block-tablet-column:2;--wp--style--block-mobile-column:2;\">\n\n                <div class=\"acf-innerblocks-container\">\n\n<div class=\"wp-block-group is-layout-constrained wp-block-group-is-layout-constrained\">\n<figure class=\"wp-block-image aligncenter size-large is-resized is-style-no-margin wp-duotone-bd9415-fff-7\"><img loading=\"lazy\" decoding=\"async\" width=\"512\" height=\"512\" src=\"https:\/\/www.piratesworld.fr\/wp-content\/uploads\/olas.svg\" alt=\"\" class=\"wp-image-4840\" style=\"width:75px\"\/><\/figure>\n\n\n\n<p class=\"has-text-align-center is-style-default\" style=\"margin-top:10px;margin-right:0px;margin-bottom:0px;margin-left:0px\">\u00a1La playa m\u00e1s grande de Cap d &#8216;Agde, ideal para colocar su toalla sin invadir al vecino!<\/p>\n<\/div>\n\n\n\n<div class=\"wp-block-group is-layout-constrained wp-block-group-is-layout-constrained\">\n<figure class=\"wp-block-image aligncenter size-full is-resized is-style-no-margin wp-duotone-bd9415-fff-8\"><img loading=\"lazy\" decoding=\"async\" width=\"128\" height=\"128\" src=\"https:\/\/www.piratesworld.fr\/wp-content\/uploads\/calidad.png\" alt=\"\" class=\"wp-image-6501\" style=\"width:75px\"\/><\/figure>\n\n\n\n<p class=\"has-text-align-center is-style-default\" style=\"margin-top:10px;margin-right:0px;margin-bottom:0px;margin-left:0px\">Calidad del agua analizada regularmente<\/p>\n<\/div>\n\n\n\n<div class=\"wp-block-group is-layout-constrained wp-block-group-is-layout-constrained\">\n<figure class=\"wp-block-image aligncenter size-large is-resized is-style-no-margin wp-duotone-bd9415-fff-9\"><img loading=\"lazy\" decoding=\"async\" width=\"512\" height=\"512\" src=\"https:\/\/www.piratesworld.fr\/wp-content\/uploads\/ducha-playa.svg\" alt=\"\" class=\"wp-image-4838\" style=\"width:75px\"\/><\/figure>\n\n\n\n<p class=\"has-text-align-center is-style-default\" style=\"margin-top:10px;margin-right:0px;margin-bottom:0px;margin-left:0px\">Duchas en el lugar<\/p>\n<\/div>\n\n\n\n<div class=\"wp-block-group is-layout-constrained wp-block-group-is-layout-constrained\">\n<figure class=\"wp-block-image aligncenter size-large is-resized is-style-no-margin wp-duotone-bd9415-fff-10\"><img loading=\"lazy\" decoding=\"async\" width=\"512\" height=\"512\" src=\"https:\/\/www.piratesworld.fr\/wp-content\/uploads\/limpieza-palya.svg\" alt=\"\" class=\"wp-image-4839\" style=\"width:75px\"\/><\/figure>\n\n\n\n<p class=\"has-text-align-center is-style-default\" style=\"margin-top:10px;margin-right:0px;margin-bottom:0px;margin-left:0px\">Limpieza diaria de la playa<\/p>\n<\/div>\n\n\n\n<div class=\"wp-block-group is-layout-constrained wp-block-group-is-layout-constrained\">\n<figure class=\"wp-block-image aligncenter size-large is-resized is-style-no-margin wp-duotone-bd9415-fff-11\"><img decoding=\"async\" src=\"https:\/\/www.piratesworld.fr\/wp-content\/uploads\/bord-de-mer.svg\" alt=\"\" class=\"wp-image-4806\" style=\"width:75px\"\/><\/figure>\n\n\n\n<p class=\"has-text-align-center is-style-default\" style=\"margin-top:10px;margin-right:0px;margin-bottom:0px;margin-left:0px\">Playa con socorriste de 10:00 a 19:00, todos los d\u00edas de julio y agosto<\/p>\n<\/div>\n\n\n\n<div class=\"wp-block-group is-layout-constrained wp-block-group-is-layout-constrained\">\n<figure class=\"wp-block-image aligncenter size-large is-resized is-style-no-margin wp-duotone-bd9415-fff-12\"><img decoding=\"async\" src=\"https:\/\/www.piratesworld.fr\/wp-content\/uploads\/restaurante.svg\" alt=\"\" class=\"wp-image-4834\" style=\"width:75px\"\/><\/figure>\n\n\n\n<p class=\"has-text-align-center is-style-default\" style=\"margin-top:10px;margin-right:0px;margin-bottom:0px;margin-left:0px\">Brasserie, restaurante semi-gastron\u00f3mico (con referencia Michelin y Gault &amp; Millau), playa privada&#8230; A partir de la ascensi\u00f3n.<\/p>\n<\/div>\n\n<\/div>\n<\/div><\/div>\n<\/div><\/div>\n","protected":false},"excerpt":{"rendered":"<p>Acceso directo a la playa Las vacaciones en Pirates World, le otorgan toda la serenidad que necesita. Si est\u00e1 buscando una playa tranquila y un lugar de lo m\u00e1s agradable, \u00a1le proponemos una cita al final del camino! Desconocida por los turistas que temen acercarse por falta de aparcamiento, esta playa es la m\u00e1s salvaje [&hellip;]<\/p>\n","protected":false},"author":5,"featured_media":0,"parent":7699,"menu_order":4,"comment_status":"closed","ping_status":"closed","template":"","meta":{"_acf_changed":false,"inline_featured_image":false,"footnotes":""},"class_list":["post-7815","page","type-page","status-publish","hentry"],"acf":[],"featured_image_src":null,"yoast_head":"<!-- This site is optimized with the Yoast SEO plugin v26.7 - https:\/\/yoast.com\/wordpress\/plugins\/seo\/ -->\n<title>Las playas imprescindibles de Cap d &#039;Agde cerca de Pirates World<\/title>\n<meta name=\"description\" content=\"\u00a1Visite la playa m\u00e1s grande de Cap d &#039;Agde, cerca de Pirates World, ideal para colocar su toalla sin invadir al vecino!\" \/>\n<meta name=\"robots\" content=\"index, follow, max-snippet:-1, max-image-preview:large, max-video-preview:-1\" \/>\n<link rel=\"canonical\" href=\"https:\/\/www.piratesworld.fr\/es\/alojamientos\/la-playa\/\" \/>\n<meta property=\"og:locale\" content=\"es_ES\" \/>\n<meta property=\"og:type\" content=\"article\" \/>\n<meta property=\"og:title\" content=\"Las playas imprescindibles de Cap d &#039;Agde cerca de Pirates World\" \/>\n<meta property=\"og:description\" content=\"\u00a1Visite la playa m\u00e1s grande de Cap d &#039;Agde, cerca de Pirates World, ideal para colocar su toalla sin invadir al vecino!\" \/>\n<meta property=\"og:url\" content=\"https:\/\/www.piratesworld.fr\/es\/alojamientos\/la-playa\/\" \/>\n<meta property=\"og:site_name\" content=\"Pirates World\" \/>\n<meta property=\"article:modified_time\" content=\"2024-02-15T13:47:23+00:00\" \/>\n<meta property=\"og:image\" content=\"https:\/\/www.piratesworld.fr\/wp-content\/uploads\/2023-07-10-la-plage-061-scaled.jpg\" \/>\n<meta name=\"twitter:card\" content=\"summary_large_image\" \/>\n<meta name=\"twitter:label1\" content=\"Tiempo de lectura\" \/>\n\t<meta name=\"twitter:data1\" content=\"5 minutos\" \/>\n<script type=\"application\/ld+json\" class=\"yoast-schema-graph\">{\"@context\":\"https:\/\/schema.org\",\"@graph\":[{\"@type\":\"WebPage\",\"@id\":\"https:\/\/www.piratesworld.fr\/es\/alojamientos\/la-playa\/\",\"url\":\"https:\/\/www.piratesworld.fr\/es\/alojamientos\/la-playa\/\",\"name\":\"Las playas imprescindibles de Cap d 'Agde cerca de Pirates World\",\"isPartOf\":{\"@id\":\"https:\/\/www.piratesworld.fr\/es\/#website\"},\"primaryImageOfPage\":{\"@id\":\"https:\/\/www.piratesworld.fr\/es\/alojamientos\/la-playa\/#primaryimage\"},\"image\":{\"@id\":\"https:\/\/www.piratesworld.fr\/es\/alojamientos\/la-playa\/#primaryimage\"},\"thumbnailUrl\":\"https:\/\/www.piratesworld.fr\/wp-content\/uploads\/2023-07-10-la-plage-061-scaled.jpg\",\"datePublished\":\"2023-06-27T11:30:54+00:00\",\"dateModified\":\"2024-02-15T13:47:23+00:00\",\"description\":\"\u00a1Visite la playa m\u00e1s grande de Cap d 'Agde, cerca de Pirates World, ideal para colocar su toalla sin invadir al vecino!\",\"breadcrumb\":{\"@id\":\"https:\/\/www.piratesworld.fr\/es\/alojamientos\/la-playa\/#breadcrumb\"},\"inLanguage\":\"es\",\"potentialAction\":[{\"@type\":\"ReadAction\",\"target\":[\"https:\/\/www.piratesworld.fr\/es\/alojamientos\/la-playa\/\"]}]},{\"@type\":\"ImageObject\",\"inLanguage\":\"es\",\"@id\":\"https:\/\/www.piratesworld.fr\/es\/alojamientos\/la-playa\/#primaryimage\",\"url\":\"https:\/\/www.piratesworld.fr\/wp-content\/uploads\/2023-07-10-la-plage-061-scaled.jpg\",\"contentUrl\":\"https:\/\/www.piratesworld.fr\/wp-content\/uploads\/2023-07-10-la-plage-061-scaled.jpg\"},{\"@type\":\"BreadcrumbList\",\"@id\":\"https:\/\/www.piratesworld.fr\/es\/alojamientos\/la-playa\/#breadcrumb\",\"itemListElement\":[{\"@type\":\"ListItem\",\"position\":1,\"name\":\"Accueil\",\"item\":\"https:\/\/www.piratesworld.fr\/es\/\"},{\"@type\":\"ListItem\",\"position\":2,\"name\":\"Alojamientos\",\"item\":\"https:\/\/www.piratesworld.fr\/es\/alojamientos\/\"},{\"@type\":\"ListItem\",\"position\":3,\"name\":\"La playa\"}]},{\"@type\":\"WebSite\",\"@id\":\"https:\/\/www.piratesworld.fr\/es\/#website\",\"url\":\"https:\/\/www.piratesworld.fr\/es\/\",\"name\":\"Pirates World\",\"description\":\"Site officiel\",\"publisher\":{\"@id\":\"https:\/\/www.piratesworld.fr\/es\/#organization\"},\"potentialAction\":[{\"@type\":\"SearchAction\",\"target\":{\"@type\":\"EntryPoint\",\"urlTemplate\":\"https:\/\/www.piratesworld.fr\/es\/?s={search_term_string}\"},\"query-input\":{\"@type\":\"PropertyValueSpecification\",\"valueRequired\":true,\"valueName\":\"search_term_string\"}}],\"inLanguage\":\"es\"},{\"@type\":\"Organization\",\"@id\":\"https:\/\/www.piratesworld.fr\/es\/#organization\",\"name\":\"Pirates World\",\"url\":\"https:\/\/www.piratesworld.fr\/es\/\",\"logo\":{\"@type\":\"ImageObject\",\"inLanguage\":\"es\",\"@id\":\"https:\/\/www.piratesworld.fr\/es\/#\/schema\/logo\/image\/\",\"url\":\"https:\/\/www.piratesworld.fr\/wp-content\/uploads\/logo-pirates-world.png\",\"contentUrl\":\"https:\/\/www.piratesworld.fr\/wp-content\/uploads\/logo-pirates-world.png\",\"width\":400,\"height\":400,\"caption\":\"Pirates World\"},\"image\":{\"@id\":\"https:\/\/www.piratesworld.fr\/es\/#\/schema\/logo\/image\/\"}}]}<\/script>\n<!-- \/ Yoast SEO plugin. -->","yoast_head_json":{"title":"Las playas imprescindibles de Cap d 'Agde cerca de Pirates World","description":"\u00a1Visite la playa m\u00e1s grande de Cap d 'Agde, cerca de Pirates World, ideal para colocar su toalla sin invadir al vecino!","robots":{"index":"index","follow":"follow","max-snippet":"max-snippet:-1","max-image-preview":"max-image-preview:large","max-video-preview":"max-video-preview:-1"},"canonical":"https:\/\/www.piratesworld.fr\/es\/alojamientos\/la-playa\/","og_locale":"es_ES","og_type":"article","og_title":"Las playas imprescindibles de Cap d 'Agde cerca de Pirates World","og_description":"\u00a1Visite la playa m\u00e1s grande de Cap d 'Agde, cerca de Pirates World, ideal para colocar su toalla sin invadir al vecino!","og_url":"https:\/\/www.piratesworld.fr\/es\/alojamientos\/la-playa\/","og_site_name":"Pirates World","article_modified_time":"2024-02-15T13:47:23+00:00","og_image":[{"url":"https:\/\/www.piratesworld.fr\/wp-content\/uploads\/2023-07-10-la-plage-061-scaled.jpg","type":"","width":"","height":""}],"twitter_card":"summary_large_image","twitter_misc":{"Tiempo de lectura":"5 minutos"},"schema":{"@context":"https:\/\/schema.org","@graph":[{"@type":"WebPage","@id":"https:\/\/www.piratesworld.fr\/es\/alojamientos\/la-playa\/","url":"https:\/\/www.piratesworld.fr\/es\/alojamientos\/la-playa\/","name":"Las playas imprescindibles de Cap d 'Agde cerca de Pirates World","isPartOf":{"@id":"https:\/\/www.piratesworld.fr\/es\/#website"},"primaryImageOfPage":{"@id":"https:\/\/www.piratesworld.fr\/es\/alojamientos\/la-playa\/#primaryimage"},"image":{"@id":"https:\/\/www.piratesworld.fr\/es\/alojamientos\/la-playa\/#primaryimage"},"thumbnailUrl":"https:\/\/www.piratesworld.fr\/wp-content\/uploads\/2023-07-10-la-plage-061-scaled.jpg","datePublished":"2023-06-27T11:30:54+00:00","dateModified":"2024-02-15T13:47:23+00:00","description":"\u00a1Visite la playa m\u00e1s grande de Cap d 'Agde, cerca de Pirates World, ideal para colocar su toalla sin invadir al vecino!","breadcrumb":{"@id":"https:\/\/www.piratesworld.fr\/es\/alojamientos\/la-playa\/#breadcrumb"},"inLanguage":"es","potentialAction":[{"@type":"ReadAction","target":["https:\/\/www.piratesworld.fr\/es\/alojamientos\/la-playa\/"]}]},{"@type":"ImageObject","inLanguage":"es","@id":"https:\/\/www.piratesworld.fr\/es\/alojamientos\/la-playa\/#primaryimage","url":"https:\/\/www.piratesworld.fr\/wp-content\/uploads\/2023-07-10-la-plage-061-scaled.jpg","contentUrl":"https:\/\/www.piratesworld.fr\/wp-content\/uploads\/2023-07-10-la-plage-061-scaled.jpg"},{"@type":"BreadcrumbList","@id":"https:\/\/www.piratesworld.fr\/es\/alojamientos\/la-playa\/#breadcrumb","itemListElement":[{"@type":"ListItem","position":1,"name":"Accueil","item":"https:\/\/www.piratesworld.fr\/es\/"},{"@type":"ListItem","position":2,"name":"Alojamientos","item":"https:\/\/www.piratesworld.fr\/es\/alojamientos\/"},{"@type":"ListItem","position":3,"name":"La playa"}]},{"@type":"WebSite","@id":"https:\/\/www.piratesworld.fr\/es\/#website","url":"https:\/\/www.piratesworld.fr\/es\/","name":"Pirates World","description":"Site officiel","publisher":{"@id":"https:\/\/www.piratesworld.fr\/es\/#organization"},"potentialAction":[{"@type":"SearchAction","target":{"@type":"EntryPoint","urlTemplate":"https:\/\/www.piratesworld.fr\/es\/?s={search_term_string}"},"query-input":{"@type":"PropertyValueSpecification","valueRequired":true,"valueName":"search_term_string"}}],"inLanguage":"es"},{"@type":"Organization","@id":"https:\/\/www.piratesworld.fr\/es\/#organization","name":"Pirates World","url":"https:\/\/www.piratesworld.fr\/es\/","logo":{"@type":"ImageObject","inLanguage":"es","@id":"https:\/\/www.piratesworld.fr\/es\/#\/schema\/logo\/image\/","url":"https:\/\/www.piratesworld.fr\/wp-content\/uploads\/logo-pirates-world.png","contentUrl":"https:\/\/www.piratesworld.fr\/wp-content\/uploads\/logo-pirates-world.png","width":400,"height":400,"caption":"Pirates World"},"image":{"@id":"https:\/\/www.piratesworld.fr\/es\/#\/schema\/logo\/image\/"}}]}},"_links":{"self":[{"href":"https:\/\/www.piratesworld.fr\/es\/wp-json\/wp\/v2\/pages\/7815","targetHints":{"allow":["GET"]}}],"collection":[{"href":"https:\/\/www.piratesworld.fr\/es\/wp-json\/wp\/v2\/pages"}],"about":[{"href":"https:\/\/www.piratesworld.fr\/es\/wp-json\/wp\/v2\/types\/page"}],"author":[{"embeddable":true,"href":"https:\/\/www.piratesworld.fr\/es\/wp-json\/wp\/v2\/users\/5"}],"replies":[{"embeddable":true,"href":"https:\/\/www.piratesworld.fr\/es\/wp-json\/wp\/v2\/comments?post=7815"}],"version-history":[{"count":1,"href":"https:\/\/www.piratesworld.fr\/es\/wp-json\/wp\/v2\/pages\/7815\/revisions"}],"predecessor-version":[{"id":8218,"href":"https:\/\/www.piratesworld.fr\/es\/wp-json\/wp\/v2\/pages\/7815\/revisions\/8218"}],"up":[{"embeddable":true,"href":"https:\/\/www.piratesworld.fr\/es\/wp-json\/wp\/v2\/pages\/7699"}],"wp:attachment":[{"href":"https:\/\/www.piratesworld.fr\/es\/wp-json\/wp\/v2\/media?parent=7815"}],"curies":[{"name":"wp","href":"https:\/\/api.w.org\/{rel}","templated":true}]}}